{"id":1230,"date":"2026-01-25T20:35:58","date_gmt":"2026-01-25T18:35:58","guid":{"rendered":"https:\/\/www.transtoyou.com\/da\/product\/grazax\/"},"modified":"2026-02-18T16:46:08","modified_gmt":"2026-02-18T14:46:08","slug":"grazax","status":"publish","type":"product","link":"https:\/\/www.transtoyou.com\/da\/product\/grazax\/","title":{"rendered":"Grazax"},"content":{"rendered":"<p>Grazax er en sublingual immunterapi (SLIT) tablet designet til at behandle gr\u00e6s pollen allergier ved gradvist at desensibilisere immunsystemet over for gr\u00e6s pollen allergener. Den indeholder et standard allergenekstrakt fra Timothy gr\u00e6s pollen, som hj\u00e6lper med at reducere sv\u00e6rhedsgraden af allergiske reaktioner over tid.<\/p>\n<p>Grazax ordineres typisk til personer med sv\u00e6re gr\u00e6s pollen allergier, der betydeligt p\u00e5virker deres livskvalitet. Den tages \u00e9n gang dagligt, startende flere m\u00e5neder f\u00f8r og forts\u00e6tter gennem gr\u00e6s pollen s\u00e6sonen for optimal effektivitet.<\/p>\n<p>Behandlingen virker ved at uds\u00e6tte immunsystemet for sm\u00e5, kontrollerede doser af gr\u00e6s pollen allergener, hvilket reducerer kroppens f\u00f8lsomhed og giver langvarig lindring. Grazax er mest effektiv, n\u00e5r den bruges som en del af en omfattende allergi h\u00e5ndteringsplan, der inkluderer at undg\u00e5 allergener og bruge andre medikamenter efter behov.<\/p>\n<p>Almindelige bivirkninger inkluderer mild kl\u00f8e eller h\u00e6velse i munden, irritation i halsen eller gastrointestinalt ubehag, som normalt forsvinder, n\u00e5r kroppen tilpasser sig behandlingen.<\/p>\n","protected":false},"excerpt":{"rendered":"<ul>\n<li>Reducerer symptomer p\u00e5 gr\u00e6spollenallergi<\/li>\n<li>Desensibiliserer immunsystemet<\/li>\n<li>Praktisk engangs sublingual tablet dagligt<\/li>\n<\/ul>\n","protected":false},"featured_media":1232,"comment_status":"open","ping_status":"closed","template":"","meta":[],"product_brand":[],"product_cat":[76],"product_tag":[],"expert":[19],"class_list":{"0":"post-1230","1":"product","2":"type-product","3":"status-publish","4":"has-post-thumbnail","6":"product_cat-allergi-og-hofeberlindring","7":"expert-dr-j-vazquez","9":"first","10":"instock","11":"shipping-taxable","12":"product-type-variable"},"yoast_head":"<!-- This site is optimized with the Yoast SEO plugin v27.0 - https:\/\/yoast.com\/product\/yoast-seo-wordpress\/ -->\n<title>Grazax | Allergi Lindring &amp; Immunst\u00f8tte - Transtoyou<\/title>\n<meta name=\"description\" content=\"Opdag Grazax, en SLIT-tablet til lindring af gr\u00e6s pollenallergi. Forbedr dit liv med langvarig desensibilisering. K\u00f8b nu hos Transtoyou.\" \/>\n<meta name=\"robots\" content=\"noindex, follow, max-snippet:-1, max-image-preview:large, max-video-preview:-1\" \/>\n<meta property=\"og:locale\" content=\"da_DK\" \/>\n<meta property=\"og:type\" content=\"article\" \/>\n<meta property=\"og:title\" content=\"Grazax | Allergi Lindring &amp; Immunst\u00f8tte - Transtoyou\" \/>\n<meta property=\"og:description\" content=\"Opdag Grazax, en SLIT-tablet til lindring af gr\u00e6s pollenallergi. Forbedr dit liv med langvarig desensibilisering. K\u00f8b nu hos Transtoyou.\" \/>\n<meta property=\"og:url\" content=\"https:\/\/www.transtoyou.com\/da\/product\/grazax\/\" \/>\n<meta property=\"og:site_name\" content=\"Transtoyou - DA\" \/>\n<meta property=\"article:modified_time\" content=\"2026-02-18T14:46:08+00:00\" \/>\n<meta name=\"twitter:card\" content=\"summary_large_image\" \/>\n<meta name=\"twitter:label1\" content=\"Estimeret l\u00e6setid\" \/>\n\t<meta name=\"twitter:data1\" content=\"1 minut\" \/>\n<script type=\"application\/ld+json\" class=\"yoast-schema-graph\">{\"@context\":\"https:\/\/schema.org\",\"@graph\":[{\"@type\":\"WebPage\",\"@id\":\"https:\/\/www.transtoyou.com\/da\/product\/grazax\/\",\"url\":\"https:\/\/www.transtoyou.com\/da\/product\/grazax\/\",\"name\":\"Grazax | Allergi Lindring & Immunst\u00f8tte - Transtoyou\",\"isPartOf\":{\"@id\":\"https:\/\/www.transtoyou.com\/da\/#website\"},\"primaryImageOfPage\":{\"@id\":\"https:\/\/www.transtoyou.com\/da\/product\/grazax\/#primaryimage\"},\"image\":{\"@id\":\"https:\/\/www.transtoyou.com\/da\/product\/grazax\/#primaryimage\"},\"thumbnailUrl\":\"https:\/\/www.transtoyou.com\/da\/wp-content\/uploads\/sites\/6\/2026\/01\/tty-no-product-image-157.webp\",\"datePublished\":\"2026-01-25T18:35:58+00:00\",\"dateModified\":\"2026-02-18T14:46:08+00:00\",\"description\":\"Opdag Grazax, en SLIT-tablet til lindring af gr\u00e6s pollenallergi. Forbedr dit liv med langvarig desensibilisering. K\u00f8b nu hos Transtoyou.\",\"breadcrumb\":{\"@id\":\"https:\/\/www.transtoyou.com\/da\/product\/grazax\/#breadcrumb\"},\"inLanguage\":\"da-DK\",\"potentialAction\":[{\"@type\":\"ReadAction\",\"target\":[\"https:\/\/www.transtoyou.com\/da\/product\/grazax\/\"]}]},{\"@type\":\"ImageObject\",\"inLanguage\":\"da-DK\",\"@id\":\"https:\/\/www.transtoyou.com\/da\/product\/grazax\/#primaryimage\",\"url\":\"https:\/\/www.transtoyou.com\/da\/wp-content\/uploads\/sites\/6\/2026\/01\/tty-no-product-image-157.webp\",\"contentUrl\":\"https:\/\/www.transtoyou.com\/da\/wp-content\/uploads\/sites\/6\/2026\/01\/tty-no-product-image-157.webp\",\"width\":1000,\"height\":1000,\"caption\":\"Standard produktbillede\"},{\"@type\":\"WebSite\",\"@id\":\"https:\/\/www.transtoyou.com\/da\/#website\",\"url\":\"https:\/\/www.transtoyou.com\/da\/\",\"name\":\"Transtoyou - DA\",\"description\":\"\",\"publisher\":{\"@id\":\"https:\/\/www.transtoyou.com\/da\/#organization\"},\"potentialAction\":[{\"@type\":\"SearchAction\",\"target\":{\"@type\":\"EntryPoint\",\"urlTemplate\":\"https:\/\/www.transtoyou.com\/da\/?s={search_term_string}\"},\"query-input\":{\"@type\":\"PropertyValueSpecification\",\"valueRequired\":true,\"valueName\":\"search_term_string\"}}],\"inLanguage\":\"da-DK\"},{\"@type\":\"Organization\",\"@id\":\"https:\/\/www.transtoyou.com\/da\/#organization\",\"name\":\"Transtoyou - DA\",\"url\":\"https:\/\/www.transtoyou.com\/da\/\",\"logo\":{\"@type\":\"ImageObject\",\"inLanguage\":\"da-DK\",\"@id\":\"https:\/\/www.transtoyou.com\/da\/#\/schema\/logo\/image\/\",\"url\":\"https:\/\/www.transtoyou.com\/da\/wp-content\/uploads\/sites\/6\/2026\/01\/logo-tty-menu-bar-300x87-1.webp\",\"contentUrl\":\"https:\/\/www.transtoyou.com\/da\/wp-content\/uploads\/sites\/6\/2026\/01\/logo-tty-menu-bar-300x87-1.webp\",\"width\":300,\"height\":87,\"caption\":\"Transtoyou - DA\"},\"image\":{\"@id\":\"https:\/\/www.transtoyou.com\/da\/#\/schema\/logo\/image\/\"}}]}<\/script>\n<!-- \/ Yoast SEO plugin. -->","yoast_head_json":{"title":"Grazax | Allergi Lindring & Immunst\u00f8tte - Transtoyou","description":"Opdag Grazax, en SLIT-tablet til lindring af gr\u00e6s pollenallergi. Forbedr dit liv med langvarig desensibilisering. K\u00f8b nu hos Transtoyou.","robots":{"index":"noindex","follow":"follow","max-snippet":"max-snippet:-1","max-image-preview":"max-image-preview:large","max-video-preview":"max-video-preview:-1"},"og_locale":"da_DK","og_type":"article","og_title":"Grazax | Allergi Lindring & Immunst\u00f8tte - Transtoyou","og_description":"Opdag Grazax, en SLIT-tablet til lindring af gr\u00e6s pollenallergi. Forbedr dit liv med langvarig desensibilisering. K\u00f8b nu hos Transtoyou.","og_url":"https:\/\/www.transtoyou.com\/da\/product\/grazax\/","og_site_name":"Transtoyou - DA","article_modified_time":"2026-02-18T14:46:08+00:00","twitter_card":"summary_large_image","twitter_misc":{"Estimeret l\u00e6setid":"1 minut"},"schema":{"@context":"https:\/\/schema.org","@graph":[{"@type":"WebPage","@id":"https:\/\/www.transtoyou.com\/da\/product\/grazax\/","url":"https:\/\/www.transtoyou.com\/da\/product\/grazax\/","name":"Grazax | Allergi Lindring & Immunst\u00f8tte - Transtoyou","isPartOf":{"@id":"https:\/\/www.transtoyou.com\/da\/#website"},"primaryImageOfPage":{"@id":"https:\/\/www.transtoyou.com\/da\/product\/grazax\/#primaryimage"},"image":{"@id":"https:\/\/www.transtoyou.com\/da\/product\/grazax\/#primaryimage"},"thumbnailUrl":"https:\/\/www.transtoyou.com\/da\/wp-content\/uploads\/sites\/6\/2026\/01\/tty-no-product-image-157.webp","datePublished":"2026-01-25T18:35:58+00:00","dateModified":"2026-02-18T14:46:08+00:00","description":"Opdag Grazax, en SLIT-tablet til lindring af gr\u00e6s pollenallergi. Forbedr dit liv med langvarig desensibilisering. K\u00f8b nu hos Transtoyou.","breadcrumb":{"@id":"https:\/\/www.transtoyou.com\/da\/product\/grazax\/#breadcrumb"},"inLanguage":"da-DK","potentialAction":[{"@type":"ReadAction","target":["https:\/\/www.transtoyou.com\/da\/product\/grazax\/"]}]},{"@type":"ImageObject","inLanguage":"da-DK","@id":"https:\/\/www.transtoyou.com\/da\/product\/grazax\/#primaryimage","url":"https:\/\/www.transtoyou.com\/da\/wp-content\/uploads\/sites\/6\/2026\/01\/tty-no-product-image-157.webp","contentUrl":"https:\/\/www.transtoyou.com\/da\/wp-content\/uploads\/sites\/6\/2026\/01\/tty-no-product-image-157.webp","width":1000,"height":1000,"caption":"Standard produktbillede"},{"@type":"WebSite","@id":"https:\/\/www.transtoyou.com\/da\/#website","url":"https:\/\/www.transtoyou.com\/da\/","name":"Transtoyou - DA","description":"","publisher":{"@id":"https:\/\/www.transtoyou.com\/da\/#organization"},"potentialAction":[{"@type":"SearchAction","target":{"@type":"EntryPoint","urlTemplate":"https:\/\/www.transtoyou.com\/da\/?s={search_term_string}"},"query-input":{"@type":"PropertyValueSpecification","valueRequired":true,"valueName":"search_term_string"}}],"inLanguage":"da-DK"},{"@type":"Organization","@id":"https:\/\/www.transtoyou.com\/da\/#organization","name":"Transtoyou - DA","url":"https:\/\/www.transtoyou.com\/da\/","logo":{"@type":"ImageObject","inLanguage":"da-DK","@id":"https:\/\/www.transtoyou.com\/da\/#\/schema\/logo\/image\/","url":"https:\/\/www.transtoyou.com\/da\/wp-content\/uploads\/sites\/6\/2026\/01\/logo-tty-menu-bar-300x87-1.webp","contentUrl":"https:\/\/www.transtoyou.com\/da\/wp-content\/uploads\/sites\/6\/2026\/01\/logo-tty-menu-bar-300x87-1.webp","width":300,"height":87,"caption":"Transtoyou - DA"},"image":{"@id":"https:\/\/www.transtoyou.com\/da\/#\/schema\/logo\/image\/"}}]}},"_links":{"self":[{"href":"https:\/\/www.transtoyou.com\/da\/wp-json\/wp\/v2\/product\/1230","targetHints":{"allow":["GET"]}}],"collection":[{"href":"https:\/\/www.transtoyou.com\/da\/wp-json\/wp\/v2\/product"}],"about":[{"href":"https:\/\/www.transtoyou.com\/da\/wp-json\/wp\/v2\/types\/product"}],"replies":[{"embeddable":true,"href":"https:\/\/www.transtoyou.com\/da\/wp-json\/wp\/v2\/comments?post=1230"}],"wp:featuredmedia":[{"embeddable":true,"href":"https:\/\/www.transtoyou.com\/da\/wp-json\/wp\/v2\/media\/1232"}],"wp:attachment":[{"href":"https:\/\/www.transtoyou.com\/da\/wp-json\/wp\/v2\/media?parent=1230"}],"wp:term":[{"taxonomy":"product_brand","embeddable":true,"href":"https:\/\/www.transtoyou.com\/da\/wp-json\/wp\/v2\/product_brand?post=1230"},{"taxonomy":"product_cat","embeddable":true,"href":"https:\/\/www.transtoyou.com\/da\/wp-json\/wp\/v2\/product_cat?post=1230"},{"taxonomy":"product_tag","embeddable":true,"href":"https:\/\/www.transtoyou.com\/da\/wp-json\/wp\/v2\/product_tag?post=1230"},{"taxonomy":"expert","embeddable":true,"href":"https:\/\/www.transtoyou.com\/da\/wp-json\/wp\/v2\/expert?post=1230"}],"curies":[{"name":"wp","href":"https:\/\/api.w.org\/{rel}","templated":true}]}}