{"id":1233,"date":"2026-01-25T20:53:20","date_gmt":"2026-01-25T18:53:20","guid":{"rendered":"https:\/\/www.transtoyou.com\/da\/product\/promethazine\/"},"modified":"2026-03-01T16:18:29","modified_gmt":"2026-03-01T14:18:29","slug":"promethazin","status":"publish","type":"product","link":"https:\/\/www.transtoyou.com\/da\/product\/promethazin\/","title":{"rendered":"Promethazin"},"content":{"rendered":"<p>Promethazin er et f\u00f8rste generations antihistamin, der bruges til at hj\u00e6lpe med at h\u00e5ndtere symptomer p\u00e5 allergier og h\u00f8feber, herunder nysen, l\u00f8bende n\u00e6se, kl\u00f8ende eller vandige \u00f8jne og hudreaktioner som n\u00e6ldefeber eller kl\u00f8e. Det virker ved at blokere virkningerne af histamin, et kemikalie der frigives under allergiske reaktioner, som for\u00e5rsager bet\u00e6ndelse og irritation i kroppen.<\/p>\n<p>Denne medicin er s\u00e6rligt nyttig for personer, der oplever moderate til sv\u00e6re allergiske reaktioner, der p\u00e5virker deres livskvalitet eller s\u00f8vn. I mods\u00e6tning til nyere antihistaminer har promethazin en beroligende effekt, hvilket g\u00f8r det til en nyttig mulighed for dem, hvis allergisymptomer forstyrrer s\u00f8vnen. Det ordineres ogs\u00e5 ofte, n\u00e5r allergier ledsages af hudproblemer som udsl\u00e6t eller sv\u00e6r kl\u00f8e.<\/p>\n<p>Promethazin tages normalt i tabletform en eller to gange om dagen, afh\u00e6ngigt af sv\u00e6rhedsgraden af symptomerne. P\u00e5 grund af sin beroligende effekt tages det ofte om aftenen eller f\u00f8r sengetid. Den beroligende effekt lindrer ikke kun allergisymptomer, men hj\u00e6lper ogs\u00e5 kroppen med at hvile, hvilket g\u00f8r det s\u00e6rligt velegnet til natten.<\/p>\n<p>Effekterne begynder typisk inden for 20 til 60 minutter efter indtagelse af en dosis og kan vare i flere timer. Nogle mennesker kan opleve d\u00f8sighed, svimmelhed eller t\u00f8r mund, is\u00e6r i de f\u00f8rste par dage af brugen. Disse bivirkninger aftager ofte, efterh\u00e5nden som kroppen tilpasser sig. Det er vigtigt ikke at k\u00f8re bil eller betjene maskiner efter at have taget promethazin, indtil du ved, hvordan det p\u00e5virker dig.<\/p>\n","protected":false},"excerpt":{"rendered":"<ul>\n<li>Giver lindring fra allergi og kvalme<\/li>\n<li>Hj\u00e6lper med at h\u00e5ndtere k\u00f8resyge<\/li>\n<li>Kan hj\u00e6lpe med kortvarige s\u00f8vnproblemer<\/li>\n<\/ul>\n","protected":false},"featured_media":1235,"comment_status":"open","ping_status":"closed","template":"","meta":[],"product_brand":[],"product_cat":[76],"product_tag":[],"expert":[19],"class_list":{"0":"post-1233","1":"product","2":"type-product","3":"status-publish","4":"has-post-thumbnail","6":"product_cat-allergi-og-hofeberlindring","7":"expert-dr-j-vazquez","9":"first","10":"instock","11":"shipping-taxable","12":"product-type-variable"},"yoast_head":"<!-- This site is optimized with the Yoast SEO plugin v27.0 - https:\/\/yoast.com\/product\/yoast-seo-wordpress\/ -->\n<title>Promethazin | Lindre allergisymptomer hurtigt - Transtoyou<\/title>\n<meta name=\"description\" content=\"Promethazin, et f\u00f8rste generations antihistamin til lindring af allergi og bedre s\u00f8vn. Lindre symptomer, shop nu hos Transtoyou. Sikkert og effektivt.\" \/>\n<meta name=\"robots\" content=\"noindex, follow, max-snippet:-1, max-image-preview:large, max-video-preview:-1\" \/>\n<meta property=\"og:locale\" content=\"da_DK\" \/>\n<meta property=\"og:type\" content=\"article\" \/>\n<meta property=\"og:title\" content=\"Promethazin | Lindre allergisymptomer hurtigt - Transtoyou\" \/>\n<meta property=\"og:description\" content=\"Promethazin, et f\u00f8rste generations antihistamin til lindring af allergi og bedre s\u00f8vn. Lindre symptomer, shop nu hos Transtoyou. Sikkert og effektivt.\" \/>\n<meta property=\"og:url\" content=\"https:\/\/www.transtoyou.com\/da\/product\/promethazine\/\" \/>\n<meta property=\"og:site_name\" content=\"Transtoyou - DA\" \/>\n<meta property=\"article:modified_time\" content=\"2026-03-01T14:18:29+00:00\" \/>\n<meta name=\"twitter:card\" content=\"summary_large_image\" \/>\n<meta name=\"twitter:label1\" content=\"Estimeret l\u00e6setid\" \/>\n\t<meta name=\"twitter:data1\" content=\"1 minut\" \/>\n<script type=\"application\/ld+json\" class=\"yoast-schema-graph\">{\"@context\":\"https:\/\/schema.org\",\"@graph\":[{\"@type\":\"WebPage\",\"@id\":\"https:\/\/www.transtoyou.com\/da\/product\/promethazine\/\",\"url\":\"https:\/\/www.transtoyou.com\/da\/product\/promethazine\/\",\"name\":\"Promethazin | Lindre allergisymptomer hurtigt - Transtoyou\",\"isPartOf\":{\"@id\":\"https:\/\/www.transtoyou.com\/da\/#website\"},\"primaryImageOfPage\":{\"@id\":\"https:\/\/www.transtoyou.com\/da\/product\/promethazine\/#primaryimage\"},\"image\":{\"@id\":\"https:\/\/www.transtoyou.com\/da\/product\/promethazine\/#primaryimage\"},\"thumbnailUrl\":\"https:\/\/www.transtoyou.com\/da\/wp-content\/uploads\/sites\/6\/2026\/01\/tty-no-product-image-158.webp\",\"datePublished\":\"2026-01-25T18:53:20+00:00\",\"dateModified\":\"2026-03-01T14:18:29+00:00\",\"description\":\"Promethazin, et f\u00f8rste generations antihistamin til lindring af allergi og bedre s\u00f8vn. Lindre symptomer, shop nu hos Transtoyou. Sikkert og effektivt.\",\"breadcrumb\":{\"@id\":\"https:\/\/www.transtoyou.com\/da\/product\/promethazine\/#breadcrumb\"},\"inLanguage\":\"da-DK\",\"potentialAction\":[{\"@type\":\"ReadAction\",\"target\":[\"https:\/\/www.transtoyou.com\/da\/product\/promethazine\/\"]}]},{\"@type\":\"ImageObject\",\"inLanguage\":\"da-DK\",\"@id\":\"https:\/\/www.transtoyou.com\/da\/product\/promethazine\/#primaryimage\",\"url\":\"https:\/\/www.transtoyou.com\/da\/wp-content\/uploads\/sites\/6\/2026\/01\/tty-no-product-image-158.webp\",\"contentUrl\":\"https:\/\/www.transtoyou.com\/da\/wp-content\/uploads\/sites\/6\/2026\/01\/tty-no-product-image-158.webp\",\"width\":1000,\"height\":1000,\"caption\":\"Standard produktbillede\"},{\"@type\":\"WebSite\",\"@id\":\"https:\/\/www.transtoyou.com\/da\/#website\",\"url\":\"https:\/\/www.transtoyou.com\/da\/\",\"name\":\"Transtoyou - DA\",\"description\":\"\",\"publisher\":{\"@id\":\"https:\/\/www.transtoyou.com\/da\/#organization\"},\"potentialAction\":[{\"@type\":\"SearchAction\",\"target\":{\"@type\":\"EntryPoint\",\"urlTemplate\":\"https:\/\/www.transtoyou.com\/da\/?s={search_term_string}\"},\"query-input\":{\"@type\":\"PropertyValueSpecification\",\"valueRequired\":true,\"valueName\":\"search_term_string\"}}],\"inLanguage\":\"da-DK\"},{\"@type\":\"Organization\",\"@id\":\"https:\/\/www.transtoyou.com\/da\/#organization\",\"name\":\"Transtoyou - DA\",\"url\":\"https:\/\/www.transtoyou.com\/da\/\",\"logo\":{\"@type\":\"ImageObject\",\"inLanguage\":\"da-DK\",\"@id\":\"https:\/\/www.transtoyou.com\/da\/#\/schema\/logo\/image\/\",\"url\":\"https:\/\/www.transtoyou.com\/da\/wp-content\/uploads\/sites\/6\/2026\/01\/logo-tty-menu-bar-300x87-1.webp\",\"contentUrl\":\"https:\/\/www.transtoyou.com\/da\/wp-content\/uploads\/sites\/6\/2026\/01\/logo-tty-menu-bar-300x87-1.webp\",\"width\":300,\"height\":87,\"caption\":\"Transtoyou - DA\"},\"image\":{\"@id\":\"https:\/\/www.transtoyou.com\/da\/#\/schema\/logo\/image\/\"}}]}<\/script>\n<!-- \/ Yoast SEO plugin. -->","yoast_head_json":{"title":"Promethazin | Lindre allergisymptomer hurtigt - Transtoyou","description":"Promethazin, et f\u00f8rste generations antihistamin til lindring af allergi og bedre s\u00f8vn. Lindre symptomer, shop nu hos Transtoyou. Sikkert og effektivt.","robots":{"index":"noindex","follow":"follow","max-snippet":"max-snippet:-1","max-image-preview":"max-image-preview:large","max-video-preview":"max-video-preview:-1"},"og_locale":"da_DK","og_type":"article","og_title":"Promethazin | Lindre allergisymptomer hurtigt - Transtoyou","og_description":"Promethazin, et f\u00f8rste generations antihistamin til lindring af allergi og bedre s\u00f8vn. Lindre symptomer, shop nu hos Transtoyou. Sikkert og effektivt.","og_url":"https:\/\/www.transtoyou.com\/da\/product\/promethazine\/","og_site_name":"Transtoyou - DA","article_modified_time":"2026-03-01T14:18:29+00:00","twitter_card":"summary_large_image","twitter_misc":{"Estimeret l\u00e6setid":"1 minut"},"schema":{"@context":"https:\/\/schema.org","@graph":[{"@type":"WebPage","@id":"https:\/\/www.transtoyou.com\/da\/product\/promethazine\/","url":"https:\/\/www.transtoyou.com\/da\/product\/promethazine\/","name":"Promethazin | Lindre allergisymptomer hurtigt - Transtoyou","isPartOf":{"@id":"https:\/\/www.transtoyou.com\/da\/#website"},"primaryImageOfPage":{"@id":"https:\/\/www.transtoyou.com\/da\/product\/promethazine\/#primaryimage"},"image":{"@id":"https:\/\/www.transtoyou.com\/da\/product\/promethazine\/#primaryimage"},"thumbnailUrl":"https:\/\/www.transtoyou.com\/da\/wp-content\/uploads\/sites\/6\/2026\/01\/tty-no-product-image-158.webp","datePublished":"2026-01-25T18:53:20+00:00","dateModified":"2026-03-01T14:18:29+00:00","description":"Promethazin, et f\u00f8rste generations antihistamin til lindring af allergi og bedre s\u00f8vn. Lindre symptomer, shop nu hos Transtoyou. Sikkert og effektivt.","breadcrumb":{"@id":"https:\/\/www.transtoyou.com\/da\/product\/promethazine\/#breadcrumb"},"inLanguage":"da-DK","potentialAction":[{"@type":"ReadAction","target":["https:\/\/www.transtoyou.com\/da\/product\/promethazine\/"]}]},{"@type":"ImageObject","inLanguage":"da-DK","@id":"https:\/\/www.transtoyou.com\/da\/product\/promethazine\/#primaryimage","url":"https:\/\/www.transtoyou.com\/da\/wp-content\/uploads\/sites\/6\/2026\/01\/tty-no-product-image-158.webp","contentUrl":"https:\/\/www.transtoyou.com\/da\/wp-content\/uploads\/sites\/6\/2026\/01\/tty-no-product-image-158.webp","width":1000,"height":1000,"caption":"Standard produktbillede"},{"@type":"WebSite","@id":"https:\/\/www.transtoyou.com\/da\/#website","url":"https:\/\/www.transtoyou.com\/da\/","name":"Transtoyou - DA","description":"","publisher":{"@id":"https:\/\/www.transtoyou.com\/da\/#organization"},"potentialAction":[{"@type":"SearchAction","target":{"@type":"EntryPoint","urlTemplate":"https:\/\/www.transtoyou.com\/da\/?s={search_term_string}"},"query-input":{"@type":"PropertyValueSpecification","valueRequired":true,"valueName":"search_term_string"}}],"inLanguage":"da-DK"},{"@type":"Organization","@id":"https:\/\/www.transtoyou.com\/da\/#organization","name":"Transtoyou - DA","url":"https:\/\/www.transtoyou.com\/da\/","logo":{"@type":"ImageObject","inLanguage":"da-DK","@id":"https:\/\/www.transtoyou.com\/da\/#\/schema\/logo\/image\/","url":"https:\/\/www.transtoyou.com\/da\/wp-content\/uploads\/sites\/6\/2026\/01\/logo-tty-menu-bar-300x87-1.webp","contentUrl":"https:\/\/www.transtoyou.com\/da\/wp-content\/uploads\/sites\/6\/2026\/01\/logo-tty-menu-bar-300x87-1.webp","width":300,"height":87,"caption":"Transtoyou - DA"},"image":{"@id":"https:\/\/www.transtoyou.com\/da\/#\/schema\/logo\/image\/"}}]}},"_links":{"self":[{"href":"https:\/\/www.transtoyou.com\/da\/wp-json\/wp\/v2\/product\/1233","targetHints":{"allow":["GET"]}}],"collection":[{"href":"https:\/\/www.transtoyou.com\/da\/wp-json\/wp\/v2\/product"}],"about":[{"href":"https:\/\/www.transtoyou.com\/da\/wp-json\/wp\/v2\/types\/product"}],"replies":[{"embeddable":true,"href":"https:\/\/www.transtoyou.com\/da\/wp-json\/wp\/v2\/comments?post=1233"}],"wp:featuredmedia":[{"embeddable":true,"href":"https:\/\/www.transtoyou.com\/da\/wp-json\/wp\/v2\/media\/1235"}],"wp:attachment":[{"href":"https:\/\/www.transtoyou.com\/da\/wp-json\/wp\/v2\/media?parent=1233"}],"wp:term":[{"taxonomy":"product_brand","embeddable":true,"href":"https:\/\/www.transtoyou.com\/da\/wp-json\/wp\/v2\/product_brand?post=1233"},{"taxonomy":"product_cat","embeddable":true,"href":"https:\/\/www.transtoyou.com\/da\/wp-json\/wp\/v2\/product_cat?post=1233"},{"taxonomy":"product_tag","embeddable":true,"href":"https:\/\/www.transtoyou.com\/da\/wp-json\/wp\/v2\/product_tag?post=1233"},{"taxonomy":"expert","embeddable":true,"href":"https:\/\/www.transtoyou.com\/da\/wp-json\/wp\/v2\/expert?post=1233"}],"curies":[{"name":"wp","href":"https:\/\/api.w.org\/{rel}","templated":true}]}}