{"id":1248,"date":"2026-01-25T22:21:33","date_gmt":"2026-01-25T20:21:33","guid":{"rendered":"https:\/\/www.transtoyou.com\/da\/product\/isotretinoin\/"},"modified":"2026-02-26T11:52:07","modified_gmt":"2026-02-26T09:52:07","slug":"isotretinoin","status":"publish","type":"product","link":"https:\/\/www.transtoyou.com\/da\/product\/isotretinoin\/","title":{"rendered":"Isotretinoin"},"content":{"rendered":"<p>Isotretinoin er et l\u00e6gemiddel, der bruges til at behandle meget alvorlig acne, is\u00e6r den type, der for\u00e5rsager dybe, smertefulde knopper (som cyster eller knuder) og ikke bliver bedre med cremer eller antibiotika. Det tages som en pille og overvejes normalt, n\u00e5r andre behandlinger ikke har virket. Den aktive ingrediens stammer fra vitamin A og m\u00e5lretter de grundl\u00e6ggende \u00e5rsager til acne.<\/p>\n<p>Det virker ved at mindske hudens talgkirtler og reducere, hvor meget olie (talg) de producerer. For meget olie kan tilstoppe porerne og f\u00f8re til udbrud. Isotretinoin hj\u00e6lper ogs\u00e5 med at forhindre d\u00f8de hudceller i at ophobe sig inde i porerne og s\u00e6nker antallet af acne-fremkaldende bakterier p\u00e5 huden. Fordi det virker p\u00e5 flere \u00e5rsager p\u00e5 \u00e9n gang, kan det f\u00f8re til klarere hud over tid, og det kan ogs\u00e5 hj\u00e6lpe med at forbedre ar.<\/p>\n<p>En typisk behandling varer mellem fire og seks m\u00e5neder. Mange mennesker bem\u00e6rker, at deres hud gradvist forbedres i l\u00f8bet af denne tid. Dog kan isotretinoin for\u00e5rsage bivirkninger. De mest almindelige er t\u00f8rre l\u00e6ber, t\u00f8r hud og f\u00f8lsomhed over for sollys. Nogle mennesker kan ogs\u00e5 opleve n\u00e6seblod, ledsmerter eller hum\u00f8rsvingninger. Fordi det ogs\u00e5 kan p\u00e5virke leveren og kolesterolniveauerne, er regelm\u00e6ssige blodpr\u00f8ver normalt n\u00f8dvendige eller st\u00e6rkt anbefalet under behandlingen.<\/p>\n<p>En af de mest alvorlige risici er, at isotretinoin kan for\u00e5rsage fosterskader, hvis det tages under graviditet. Af denne grund skal personer, der kan blive gravide, bruge p\u00e5lidelig pr\u00e6vention og tage regelm\u00e6ssige graviditetstest f\u00f8r og under behandlingen. Isotretinoin ordineres kun under medicinsk overv\u00e5gning p\u00e5 grund af disse mulige bivirkninger og risici.<\/p>\n","protected":false},"excerpt":{"rendered":"<ul>\n<li>Potent retinoid til sv\u00e6r, behandlingsresistent akne<\/li>\n<li>Reducerer talgproduktion og normaliserer hudcellernes oms\u00e6tning<\/li>\n<li>Giver varig forbedring af hudens klarhed og tekstur<\/li>\n<\/ul>\n","protected":false},"featured_media":1250,"comment_status":"open","ping_status":"closed","template":"","meta":[],"product_brand":[],"product_cat":[73],"product_tag":[],"expert":[21],"class_list":{"0":"post-1248","1":"product","2":"type-product","3":"status-publish","4":"has-post-thumbnail","6":"product_cat-akne","7":"expert-dr-m-sharoyko","9":"first","10":"instock","11":"shipping-taxable","12":"product-type-variable"},"yoast_head":"<!-- This site is optimized with the Yoast SEO plugin v27.0 - https:\/\/yoast.com\/product\/yoast-seo-wordpress\/ -->\n<title>Isotretinoin | M\u00e5lrettet Acne Behandling - Transtoyou<\/title>\n<meta name=\"description\" content=\"Isotretinoin, en effektiv l\u00f8sning mod acne, reducerer olieproduktionen og bek\u00e6mper smertefulde knopper. F\u00e5 klarere hud nu hos Transtoyou.\" \/>\n<meta name=\"robots\" content=\"noindex, follow, max-snippet:-1, max-image-preview:large, max-video-preview:-1\" \/>\n<meta property=\"og:locale\" content=\"da_DK\" \/>\n<meta property=\"og:type\" content=\"article\" \/>\n<meta property=\"og:title\" content=\"Isotretinoin | M\u00e5lrettet Acne Behandling - Transtoyou\" \/>\n<meta property=\"og:description\" content=\"Isotretinoin, en effektiv l\u00f8sning mod acne, reducerer olieproduktionen og bek\u00e6mper smertefulde knopper. F\u00e5 klarere hud nu hos Transtoyou.\" \/>\n<meta property=\"og:url\" content=\"https:\/\/www.transtoyou.com\/da\/product\/isotretinoin\/\" \/>\n<meta property=\"og:site_name\" content=\"Transtoyou - DA\" \/>\n<meta property=\"article:modified_time\" content=\"2026-02-26T09:52:07+00:00\" \/>\n<meta name=\"twitter:card\" content=\"summary_large_image\" \/>\n<meta name=\"twitter:label1\" content=\"Estimeret l\u00e6setid\" \/>\n\t<meta name=\"twitter:data1\" content=\"1 minut\" \/>\n<script type=\"application\/ld+json\" class=\"yoast-schema-graph\">{\"@context\":\"https:\/\/schema.org\",\"@graph\":[{\"@type\":\"WebPage\",\"@id\":\"https:\/\/www.transtoyou.com\/da\/product\/isotretinoin\/\",\"url\":\"https:\/\/www.transtoyou.com\/da\/product\/isotretinoin\/\",\"name\":\"Isotretinoin | M\u00e5lrettet Acne Behandling - Transtoyou\",\"isPartOf\":{\"@id\":\"https:\/\/www.transtoyou.com\/da\/#website\"},\"primaryImageOfPage\":{\"@id\":\"https:\/\/www.transtoyou.com\/da\/product\/isotretinoin\/#primaryimage\"},\"image\":{\"@id\":\"https:\/\/www.transtoyou.com\/da\/product\/isotretinoin\/#primaryimage\"},\"thumbnailUrl\":\"https:\/\/www.transtoyou.com\/da\/wp-content\/uploads\/sites\/6\/2026\/01\/tty-no-product-image-163.webp\",\"datePublished\":\"2026-01-25T20:21:33+00:00\",\"dateModified\":\"2026-02-26T09:52:07+00:00\",\"description\":\"Isotretinoin, en effektiv l\u00f8sning mod acne, reducerer olieproduktionen og bek\u00e6mper smertefulde knopper. F\u00e5 klarere hud nu hos Transtoyou.\",\"breadcrumb\":{\"@id\":\"https:\/\/www.transtoyou.com\/da\/product\/isotretinoin\/#breadcrumb\"},\"inLanguage\":\"da-DK\",\"potentialAction\":[{\"@type\":\"ReadAction\",\"target\":[\"https:\/\/www.transtoyou.com\/da\/product\/isotretinoin\/\"]}]},{\"@type\":\"ImageObject\",\"inLanguage\":\"da-DK\",\"@id\":\"https:\/\/www.transtoyou.com\/da\/product\/isotretinoin\/#primaryimage\",\"url\":\"https:\/\/www.transtoyou.com\/da\/wp-content\/uploads\/sites\/6\/2026\/01\/tty-no-product-image-163.webp\",\"contentUrl\":\"https:\/\/www.transtoyou.com\/da\/wp-content\/uploads\/sites\/6\/2026\/01\/tty-no-product-image-163.webp\",\"width\":1000,\"height\":1000,\"caption\":\"Standard produktbillede\"},{\"@type\":\"WebSite\",\"@id\":\"https:\/\/www.transtoyou.com\/da\/#website\",\"url\":\"https:\/\/www.transtoyou.com\/da\/\",\"name\":\"Transtoyou - DA\",\"description\":\"\",\"publisher\":{\"@id\":\"https:\/\/www.transtoyou.com\/da\/#organization\"},\"potentialAction\":[{\"@type\":\"SearchAction\",\"target\":{\"@type\":\"EntryPoint\",\"urlTemplate\":\"https:\/\/www.transtoyou.com\/da\/?s={search_term_string}\"},\"query-input\":{\"@type\":\"PropertyValueSpecification\",\"valueRequired\":true,\"valueName\":\"search_term_string\"}}],\"inLanguage\":\"da-DK\"},{\"@type\":\"Organization\",\"@id\":\"https:\/\/www.transtoyou.com\/da\/#organization\",\"name\":\"Transtoyou - DA\",\"url\":\"https:\/\/www.transtoyou.com\/da\/\",\"logo\":{\"@type\":\"ImageObject\",\"inLanguage\":\"da-DK\",\"@id\":\"https:\/\/www.transtoyou.com\/da\/#\/schema\/logo\/image\/\",\"url\":\"https:\/\/www.transtoyou.com\/da\/wp-content\/uploads\/sites\/6\/2026\/01\/logo-tty-menu-bar-300x87-1.webp\",\"contentUrl\":\"https:\/\/www.transtoyou.com\/da\/wp-content\/uploads\/sites\/6\/2026\/01\/logo-tty-menu-bar-300x87-1.webp\",\"width\":300,\"height\":87,\"caption\":\"Transtoyou - DA\"},\"image\":{\"@id\":\"https:\/\/www.transtoyou.com\/da\/#\/schema\/logo\/image\/\"}}]}<\/script>\n<!-- \/ Yoast SEO plugin. -->","yoast_head_json":{"title":"Isotretinoin | M\u00e5lrettet Acne Behandling - Transtoyou","description":"Isotretinoin, en effektiv l\u00f8sning mod acne, reducerer olieproduktionen og bek\u00e6mper smertefulde knopper. F\u00e5 klarere hud nu hos Transtoyou.","robots":{"index":"noindex","follow":"follow","max-snippet":"max-snippet:-1","max-image-preview":"max-image-preview:large","max-video-preview":"max-video-preview:-1"},"og_locale":"da_DK","og_type":"article","og_title":"Isotretinoin | M\u00e5lrettet Acne Behandling - Transtoyou","og_description":"Isotretinoin, en effektiv l\u00f8sning mod acne, reducerer olieproduktionen og bek\u00e6mper smertefulde knopper. F\u00e5 klarere hud nu hos Transtoyou.","og_url":"https:\/\/www.transtoyou.com\/da\/product\/isotretinoin\/","og_site_name":"Transtoyou - DA","article_modified_time":"2026-02-26T09:52:07+00:00","twitter_card":"summary_large_image","twitter_misc":{"Estimeret l\u00e6setid":"1 minut"},"schema":{"@context":"https:\/\/schema.org","@graph":[{"@type":"WebPage","@id":"https:\/\/www.transtoyou.com\/da\/product\/isotretinoin\/","url":"https:\/\/www.transtoyou.com\/da\/product\/isotretinoin\/","name":"Isotretinoin | M\u00e5lrettet Acne Behandling - Transtoyou","isPartOf":{"@id":"https:\/\/www.transtoyou.com\/da\/#website"},"primaryImageOfPage":{"@id":"https:\/\/www.transtoyou.com\/da\/product\/isotretinoin\/#primaryimage"},"image":{"@id":"https:\/\/www.transtoyou.com\/da\/product\/isotretinoin\/#primaryimage"},"thumbnailUrl":"https:\/\/www.transtoyou.com\/da\/wp-content\/uploads\/sites\/6\/2026\/01\/tty-no-product-image-163.webp","datePublished":"2026-01-25T20:21:33+00:00","dateModified":"2026-02-26T09:52:07+00:00","description":"Isotretinoin, en effektiv l\u00f8sning mod acne, reducerer olieproduktionen og bek\u00e6mper smertefulde knopper. F\u00e5 klarere hud nu hos Transtoyou.","breadcrumb":{"@id":"https:\/\/www.transtoyou.com\/da\/product\/isotretinoin\/#breadcrumb"},"inLanguage":"da-DK","potentialAction":[{"@type":"ReadAction","target":["https:\/\/www.transtoyou.com\/da\/product\/isotretinoin\/"]}]},{"@type":"ImageObject","inLanguage":"da-DK","@id":"https:\/\/www.transtoyou.com\/da\/product\/isotretinoin\/#primaryimage","url":"https:\/\/www.transtoyou.com\/da\/wp-content\/uploads\/sites\/6\/2026\/01\/tty-no-product-image-163.webp","contentUrl":"https:\/\/www.transtoyou.com\/da\/wp-content\/uploads\/sites\/6\/2026\/01\/tty-no-product-image-163.webp","width":1000,"height":1000,"caption":"Standard produktbillede"},{"@type":"WebSite","@id":"https:\/\/www.transtoyou.com\/da\/#website","url":"https:\/\/www.transtoyou.com\/da\/","name":"Transtoyou - DA","description":"","publisher":{"@id":"https:\/\/www.transtoyou.com\/da\/#organization"},"potentialAction":[{"@type":"SearchAction","target":{"@type":"EntryPoint","urlTemplate":"https:\/\/www.transtoyou.com\/da\/?s={search_term_string}"},"query-input":{"@type":"PropertyValueSpecification","valueRequired":true,"valueName":"search_term_string"}}],"inLanguage":"da-DK"},{"@type":"Organization","@id":"https:\/\/www.transtoyou.com\/da\/#organization","name":"Transtoyou - DA","url":"https:\/\/www.transtoyou.com\/da\/","logo":{"@type":"ImageObject","inLanguage":"da-DK","@id":"https:\/\/www.transtoyou.com\/da\/#\/schema\/logo\/image\/","url":"https:\/\/www.transtoyou.com\/da\/wp-content\/uploads\/sites\/6\/2026\/01\/logo-tty-menu-bar-300x87-1.webp","contentUrl":"https:\/\/www.transtoyou.com\/da\/wp-content\/uploads\/sites\/6\/2026\/01\/logo-tty-menu-bar-300x87-1.webp","width":300,"height":87,"caption":"Transtoyou - DA"},"image":{"@id":"https:\/\/www.transtoyou.com\/da\/#\/schema\/logo\/image\/"}}]}},"_links":{"self":[{"href":"https:\/\/www.transtoyou.com\/da\/wp-json\/wp\/v2\/product\/1248","targetHints":{"allow":["GET"]}}],"collection":[{"href":"https:\/\/www.transtoyou.com\/da\/wp-json\/wp\/v2\/product"}],"about":[{"href":"https:\/\/www.transtoyou.com\/da\/wp-json\/wp\/v2\/types\/product"}],"replies":[{"embeddable":true,"href":"https:\/\/www.transtoyou.com\/da\/wp-json\/wp\/v2\/comments?post=1248"}],"wp:featuredmedia":[{"embeddable":true,"href":"https:\/\/www.transtoyou.com\/da\/wp-json\/wp\/v2\/media\/1250"}],"wp:attachment":[{"href":"https:\/\/www.transtoyou.com\/da\/wp-json\/wp\/v2\/media?parent=1248"}],"wp:term":[{"taxonomy":"product_brand","embeddable":true,"href":"https:\/\/www.transtoyou.com\/da\/wp-json\/wp\/v2\/product_brand?post=1248"},{"taxonomy":"product_cat","embeddable":true,"href":"https:\/\/www.transtoyou.com\/da\/wp-json\/wp\/v2\/product_cat?post=1248"},{"taxonomy":"product_tag","embeddable":true,"href":"https:\/\/www.transtoyou.com\/da\/wp-json\/wp\/v2\/product_tag?post=1248"},{"taxonomy":"expert","embeddable":true,"href":"https:\/\/www.transtoyou.com\/da\/wp-json\/wp\/v2\/expert?post=1248"}],"curies":[{"name":"wp","href":"https:\/\/api.w.org\/{rel}","templated":true}]}}