{"id":1251,"date":"2026-01-25T22:40:46","date_gmt":"2026-01-25T20:40:46","guid":{"rendered":"https:\/\/www.transtoyou.com\/da\/product\/diane-35-dianette\/"},"modified":"2026-01-25T22:41:51","modified_gmt":"2026-01-25T20:41:51","slug":"diane-35-dianette","status":"publish","type":"product","link":"https:\/\/www.transtoyou.com\/da\/product\/diane-35-dianette\/","title":{"rendered":"Diane 35 (Dianette)"},"content":{"rendered":"<p>Diane 35 (ogs\u00e5 kendt som Dianette) er et kombineret p-pille, der indeholder b\u00e5de et \u00f8strogen (ethinylestradiol) og et anti-androgenisk gestagen (cyproteronacetat). Det ordineres ofte ikke kun til pr\u00e6vention, men ogs\u00e5 til at behandle androgenrelaterede tilstande som akne, overdreven ansigts- eller kropsbeh\u00e5ring (hirsutisme) og visse tegn p\u00e5 hyperandrogenisme. Ved at undertrykke virkningerne af androgener hj\u00e6lper Diane 35 med at reducere talgproduktionen og mindske urenheder, samtidig med at det hj\u00e6lper med at regulere menstruationscykler.<\/p>\n<p>Brugt korrekt kan Diane 35 betydeligt forbedre udseendet af akne-udsat hud, hvilket nogle gange g\u00f8r det til et foretrukket pr\u00e6ventionsmiddel for personer, der \u00f8nsker b\u00e5de pr\u00e6vention og en m\u00e5lrettet tilgang til akne. Kombinationen af \u00f8strogen og cyproteronacetat virker p\u00e5 flere punkter, herunder undertrykkelse af \u00e6gl\u00f8sning, \u00e6ndring af livmoderslimhinden og fortykkelse af livmoderhalsslim. Disse effekter mindsker sandsynligheden for graviditet, samtidig med at de reducerer androgeniske virkninger, der forv\u00e6rrer akne eller u\u00f8nsket h\u00e5rv\u00e6kst.<\/p>\n<p>Diane 35 tages \u00e9n gang dagligt i 21 dage, efterfulgt af en 7-dages pause, hvor der normalt opst\u00e5r en tilbagetr\u00e6kningsbl\u00f8dning. Det anbefales ikke til langvarig pr\u00e6vention, medmindre det specifikt ordineres til tilstande som akne eller hirsutisme.<\/p>\n","protected":false},"excerpt":{"rendered":"<ul>\n<li>Antikonceptiv plus anti-androgen fordele<\/li>\n<li>Reducerer acne og u\u00f8nsket h\u00e5r<\/li>\n<li>Kombinerer \u00f8strogen og cyproteronacetat<\/li>\n<\/ul>\n","protected":false},"featured_media":1253,"comment_status":"open","ping_status":"closed","template":"","meta":[],"product_brand":[],"product_cat":[73,112,137,94],"product_tag":[],"expert":[21],"class_list":{"0":"post-1251","1":"product","2":"type-product","3":"status-publish","4":"has-post-thumbnail","6":"product_cat-akne","7":"product_cat-endometriose","8":"product_cat-hirsutisme-ansigtshar","9":"product_cat-kombinationspille","10":"expert-dr-m-sharoyko","12":"first","13":"instock","14":"shipping-taxable","15":"product-type-variable"},"yoast_head":"<!-- This site is optimized with the Yoast SEO plugin v27.0 - https:\/\/yoast.com\/product\/yoast-seo-wordpress\/ -->\n<title>Diane 35 (Dianette) | Acne &amp; P-pille - Transtoyou<\/title>\n<meta name=\"description\" content=\"Diane 35 (Dianette) tilg\u00e6ngelig hos Transtoyou, bek\u00e6mper akne og u\u00f8nsket h\u00e5r, regulerer cykler med kombinerede pr\u00e6ventionsfordele.\" \/>\n<meta name=\"robots\" content=\"noindex, follow, max-snippet:-1, max-image-preview:large, max-video-preview:-1\" \/>\n<meta property=\"og:locale\" content=\"da_DK\" \/>\n<meta property=\"og:type\" content=\"article\" \/>\n<meta property=\"og:title\" content=\"Diane 35 (Dianette) | Acne &amp; P-pille - Transtoyou\" \/>\n<meta property=\"og:description\" content=\"Diane 35 (Dianette) tilg\u00e6ngelig hos Transtoyou, bek\u00e6mper akne og u\u00f8nsket h\u00e5r, regulerer cykler med kombinerede pr\u00e6ventionsfordele.\" \/>\n<meta property=\"og:url\" content=\"https:\/\/www.transtoyou.com\/da\/product\/diane-35-dianette\/\" \/>\n<meta property=\"og:site_name\" content=\"Transtoyou - DA\" \/>\n<meta property=\"article:modified_time\" content=\"2026-01-25T20:41:51+00:00\" \/>\n<meta name=\"twitter:card\" content=\"summary_large_image\" \/>\n<meta name=\"twitter:label1\" content=\"Estimeret l\u00e6setid\" \/>\n\t<meta name=\"twitter:data1\" content=\"1 minut\" \/>\n<script type=\"application\/ld+json\" class=\"yoast-schema-graph\">{\"@context\":\"https:\/\/schema.org\",\"@graph\":[{\"@type\":\"WebPage\",\"@id\":\"https:\/\/www.transtoyou.com\/da\/product\/diane-35-dianette\/\",\"url\":\"https:\/\/www.transtoyou.com\/da\/product\/diane-35-dianette\/\",\"name\":\"Diane 35 (Dianette) | Acne & P-pille - Transtoyou\",\"isPartOf\":{\"@id\":\"https:\/\/www.transtoyou.com\/da\/#website\"},\"primaryImageOfPage\":{\"@id\":\"https:\/\/www.transtoyou.com\/da\/product\/diane-35-dianette\/#primaryimage\"},\"image\":{\"@id\":\"https:\/\/www.transtoyou.com\/da\/product\/diane-35-dianette\/#primaryimage\"},\"thumbnailUrl\":\"https:\/\/www.transtoyou.com\/da\/wp-content\/uploads\/sites\/6\/2026\/01\/tty-no-product-image-164.webp\",\"datePublished\":\"2026-01-25T20:40:46+00:00\",\"dateModified\":\"2026-01-25T20:41:51+00:00\",\"description\":\"Diane 35 (Dianette) tilg\u00e6ngelig hos Transtoyou, bek\u00e6mper akne og u\u00f8nsket h\u00e5r, regulerer cykler med kombinerede pr\u00e6ventionsfordele.\",\"breadcrumb\":{\"@id\":\"https:\/\/www.transtoyou.com\/da\/product\/diane-35-dianette\/#breadcrumb\"},\"inLanguage\":\"da-DK\",\"potentialAction\":[{\"@type\":\"ReadAction\",\"target\":[\"https:\/\/www.transtoyou.com\/da\/product\/diane-35-dianette\/\"]}]},{\"@type\":\"ImageObject\",\"inLanguage\":\"da-DK\",\"@id\":\"https:\/\/www.transtoyou.com\/da\/product\/diane-35-dianette\/#primaryimage\",\"url\":\"https:\/\/www.transtoyou.com\/da\/wp-content\/uploads\/sites\/6\/2026\/01\/tty-no-product-image-164.webp\",\"contentUrl\":\"https:\/\/www.transtoyou.com\/da\/wp-content\/uploads\/sites\/6\/2026\/01\/tty-no-product-image-164.webp\",\"width\":1000,\"height\":1000,\"caption\":\"Standard produktbillede\"},{\"@type\":\"WebSite\",\"@id\":\"https:\/\/www.transtoyou.com\/da\/#website\",\"url\":\"https:\/\/www.transtoyou.com\/da\/\",\"name\":\"Transtoyou - DA\",\"description\":\"\",\"publisher\":{\"@id\":\"https:\/\/www.transtoyou.com\/da\/#organization\"},\"potentialAction\":[{\"@type\":\"SearchAction\",\"target\":{\"@type\":\"EntryPoint\",\"urlTemplate\":\"https:\/\/www.transtoyou.com\/da\/?s={search_term_string}\"},\"query-input\":{\"@type\":\"PropertyValueSpecification\",\"valueRequired\":true,\"valueName\":\"search_term_string\"}}],\"inLanguage\":\"da-DK\"},{\"@type\":\"Organization\",\"@id\":\"https:\/\/www.transtoyou.com\/da\/#organization\",\"name\":\"Transtoyou - DA\",\"url\":\"https:\/\/www.transtoyou.com\/da\/\",\"logo\":{\"@type\":\"ImageObject\",\"inLanguage\":\"da-DK\",\"@id\":\"https:\/\/www.transtoyou.com\/da\/#\/schema\/logo\/image\/\",\"url\":\"https:\/\/www.transtoyou.com\/da\/wp-content\/uploads\/sites\/6\/2026\/01\/logo-tty-menu-bar-300x87-1.webp\",\"contentUrl\":\"https:\/\/www.transtoyou.com\/da\/wp-content\/uploads\/sites\/6\/2026\/01\/logo-tty-menu-bar-300x87-1.webp\",\"width\":300,\"height\":87,\"caption\":\"Transtoyou - DA\"},\"image\":{\"@id\":\"https:\/\/www.transtoyou.com\/da\/#\/schema\/logo\/image\/\"}}]}<\/script>\n<!-- \/ Yoast SEO plugin. -->","yoast_head_json":{"title":"Diane 35 (Dianette) | Acne & P-pille - Transtoyou","description":"Diane 35 (Dianette) tilg\u00e6ngelig hos Transtoyou, bek\u00e6mper akne og u\u00f8nsket h\u00e5r, regulerer cykler med kombinerede pr\u00e6ventionsfordele.","robots":{"index":"noindex","follow":"follow","max-snippet":"max-snippet:-1","max-image-preview":"max-image-preview:large","max-video-preview":"max-video-preview:-1"},"og_locale":"da_DK","og_type":"article","og_title":"Diane 35 (Dianette) | Acne & P-pille - Transtoyou","og_description":"Diane 35 (Dianette) tilg\u00e6ngelig hos Transtoyou, bek\u00e6mper akne og u\u00f8nsket h\u00e5r, regulerer cykler med kombinerede pr\u00e6ventionsfordele.","og_url":"https:\/\/www.transtoyou.com\/da\/product\/diane-35-dianette\/","og_site_name":"Transtoyou - DA","article_modified_time":"2026-01-25T20:41:51+00:00","twitter_card":"summary_large_image","twitter_misc":{"Estimeret l\u00e6setid":"1 minut"},"schema":{"@context":"https:\/\/schema.org","@graph":[{"@type":"WebPage","@id":"https:\/\/www.transtoyou.com\/da\/product\/diane-35-dianette\/","url":"https:\/\/www.transtoyou.com\/da\/product\/diane-35-dianette\/","name":"Diane 35 (Dianette) | Acne & P-pille - Transtoyou","isPartOf":{"@id":"https:\/\/www.transtoyou.com\/da\/#website"},"primaryImageOfPage":{"@id":"https:\/\/www.transtoyou.com\/da\/product\/diane-35-dianette\/#primaryimage"},"image":{"@id":"https:\/\/www.transtoyou.com\/da\/product\/diane-35-dianette\/#primaryimage"},"thumbnailUrl":"https:\/\/www.transtoyou.com\/da\/wp-content\/uploads\/sites\/6\/2026\/01\/tty-no-product-image-164.webp","datePublished":"2026-01-25T20:40:46+00:00","dateModified":"2026-01-25T20:41:51+00:00","description":"Diane 35 (Dianette) tilg\u00e6ngelig hos Transtoyou, bek\u00e6mper akne og u\u00f8nsket h\u00e5r, regulerer cykler med kombinerede pr\u00e6ventionsfordele.","breadcrumb":{"@id":"https:\/\/www.transtoyou.com\/da\/product\/diane-35-dianette\/#breadcrumb"},"inLanguage":"da-DK","potentialAction":[{"@type":"ReadAction","target":["https:\/\/www.transtoyou.com\/da\/product\/diane-35-dianette\/"]}]},{"@type":"ImageObject","inLanguage":"da-DK","@id":"https:\/\/www.transtoyou.com\/da\/product\/diane-35-dianette\/#primaryimage","url":"https:\/\/www.transtoyou.com\/da\/wp-content\/uploads\/sites\/6\/2026\/01\/tty-no-product-image-164.webp","contentUrl":"https:\/\/www.transtoyou.com\/da\/wp-content\/uploads\/sites\/6\/2026\/01\/tty-no-product-image-164.webp","width":1000,"height":1000,"caption":"Standard produktbillede"},{"@type":"WebSite","@id":"https:\/\/www.transtoyou.com\/da\/#website","url":"https:\/\/www.transtoyou.com\/da\/","name":"Transtoyou - DA","description":"","publisher":{"@id":"https:\/\/www.transtoyou.com\/da\/#organization"},"potentialAction":[{"@type":"SearchAction","target":{"@type":"EntryPoint","urlTemplate":"https:\/\/www.transtoyou.com\/da\/?s={search_term_string}"},"query-input":{"@type":"PropertyValueSpecification","valueRequired":true,"valueName":"search_term_string"}}],"inLanguage":"da-DK"},{"@type":"Organization","@id":"https:\/\/www.transtoyou.com\/da\/#organization","name":"Transtoyou - DA","url":"https:\/\/www.transtoyou.com\/da\/","logo":{"@type":"ImageObject","inLanguage":"da-DK","@id":"https:\/\/www.transtoyou.com\/da\/#\/schema\/logo\/image\/","url":"https:\/\/www.transtoyou.com\/da\/wp-content\/uploads\/sites\/6\/2026\/01\/logo-tty-menu-bar-300x87-1.webp","contentUrl":"https:\/\/www.transtoyou.com\/da\/wp-content\/uploads\/sites\/6\/2026\/01\/logo-tty-menu-bar-300x87-1.webp","width":300,"height":87,"caption":"Transtoyou - DA"},"image":{"@id":"https:\/\/www.transtoyou.com\/da\/#\/schema\/logo\/image\/"}}]}},"_links":{"self":[{"href":"https:\/\/www.transtoyou.com\/da\/wp-json\/wp\/v2\/product\/1251","targetHints":{"allow":["GET"]}}],"collection":[{"href":"https:\/\/www.transtoyou.com\/da\/wp-json\/wp\/v2\/product"}],"about":[{"href":"https:\/\/www.transtoyou.com\/da\/wp-json\/wp\/v2\/types\/product"}],"replies":[{"embeddable":true,"href":"https:\/\/www.transtoyou.com\/da\/wp-json\/wp\/v2\/comments?post=1251"}],"wp:featuredmedia":[{"embeddable":true,"href":"https:\/\/www.transtoyou.com\/da\/wp-json\/wp\/v2\/media\/1253"}],"wp:attachment":[{"href":"https:\/\/www.transtoyou.com\/da\/wp-json\/wp\/v2\/media?parent=1251"}],"wp:term":[{"taxonomy":"product_brand","embeddable":true,"href":"https:\/\/www.transtoyou.com\/da\/wp-json\/wp\/v2\/product_brand?post=1251"},{"taxonomy":"product_cat","embeddable":true,"href":"https:\/\/www.transtoyou.com\/da\/wp-json\/wp\/v2\/product_cat?post=1251"},{"taxonomy":"product_tag","embeddable":true,"href":"https:\/\/www.transtoyou.com\/da\/wp-json\/wp\/v2\/product_tag?post=1251"},{"taxonomy":"expert","embeddable":true,"href":"https:\/\/www.transtoyou.com\/da\/wp-json\/wp\/v2\/expert?post=1251"}],"curies":[{"name":"wp","href":"https:\/\/api.w.org\/{rel}","templated":true}]}}