{"id":1263,"date":"2026-01-25T23:51:43","date_gmt":"2026-01-25T21:51:43","guid":{"rendered":"https:\/\/www.transtoyou.com\/da\/product\/torasemide\/"},"modified":"2026-03-06T15:34:38","modified_gmt":"2026-03-06T13:34:38","slug":"torasemid","status":"publish","type":"product","link":"https:\/\/www.transtoyou.com\/da\/product\/torasemid\/","title":{"rendered":"Torasemid"},"content":{"rendered":"<p>Torasemid er et l\u00e6gemiddel, der prim\u00e6rt bruges til at behandle v\u00e6skeophobning (ogs\u00e5 kaldet \u00f8dem) og forh\u00f8jet blodtryk. Det hj\u00e6lper din krop med at slippe af med overskydende vand og salt gennem urin. Dette reducerer h\u00e6velse og aflaster dit hjerte.<\/p>\n<p>Torasemid virker i en del af nyrerne, der normalt genoptager vand og salt tilbage i kroppen. Ved at blokere denne proces hj\u00e6lper l\u00e6gemidlet dig med at udskille mere salt og v\u00e6ske i din urin. Som et resultat falder v\u00e6skeopbygningen i din krop. I mods\u00e6tning til nogle andre vandpiller fungerer Torasemid stadig godt, selvom dine nyrer ikke fungerer perfekt.<\/p>\n<p>L\u00e6ger ordinerer Torasemid til personer, der holder p\u00e5 for meget v\u00e6ske p\u00e5 grund af hjertesvigt, nyreproblemer eller leversygdom. Det bruges ogs\u00e5 til at s\u00e6nke forh\u00f8jet blodtryk, enten alene eller sammen med andre l\u00e6gemidler. For personer med hjertesvigt kan Torasemid hj\u00e6lpe med symptomer som \u00e5nden\u00f8d og kan reducere behovet for hospitalsbes\u00f8g, nogle gange mere effektivt end \u00e6ldre diuretika som furosemid.<\/p>\n<p>Ved at hj\u00e6lpe din krop med at slippe af med overskydende v\u00e6ske reducerer Torasemid h\u00e6velse i benene, maven eller lungerne. Dit blodtryk kan falde, fordi der er mindre v\u00e6ske i din blodstr\u00f8m, hvilket ogs\u00e5 g\u00f8r det lettere for dit hjerte at pumpe. Over tid kan det st\u00f8tte hjertehelsen ved at s\u00e6nke virkningen af visse hormoner, der kan stive hjertet.<\/p>\n<p>Torasemid har flere fordele, og du skal normalt kun tage det \u00e9n gang om dagen. Det virker l\u00e6ngere end lignende l\u00e6gemidler, og det for\u00e5rsager mindre kaliumtab sammenlignet med nogle andre vandpiller. Det er ofte et godt valg for personer med nedsat nyrefunktion. De fleste t\u00e5ler det godt. Bivirkninger som mild svimmelhed eller sm\u00e5 \u00e6ndringer i salt niveauer i blodet kan forekomme, men de betyder sj\u00e6ldent, at du skal stoppe med at bruge medicinen.<\/p>\n","protected":false},"excerpt":{"rendered":"<ul>\n<li>Reducerer effektivt v\u00e6skeretention<\/li>\n<li>Hj\u00e6lper med at kontrollere forh\u00f8jet blodtryk<\/li>\n<li>Engangs-daglig, langvarig lindring<\/li>\n<\/ul>\n","protected":false},"featured_media":1265,"comment_status":"open","ping_status":"closed","template":"","meta":[],"product_brand":[],"product_cat":[136],"product_tag":[],"expert":[18],"class_list":{"0":"post-1263","1":"product","2":"type-product","3":"status-publish","4":"has-post-thumbnail","6":"product_cat-hojt-blodtryk","7":"expert-dr-g-varbanov","9":"first","10":"instock","11":"shipping-taxable","12":"product-type-variable"},"yoast_head":"<!-- This site is optimized with the Yoast SEO plugin v27.0 - https:\/\/yoast.com\/product\/yoast-seo-wordpress\/ -->\n<title>Torasemid | Effektiv v\u00e6skeaflastning - Transtoyou<\/title>\n<meta name=\"description\" content=\"Torasemid tilg\u00e6ngelig hos Transtoyou, effektiv mod v\u00e6skeretention og forh\u00f8jet blodtryk. Udforsk fordelene og k\u00f8b nu for bedre sundhed.\" \/>\n<meta name=\"robots\" content=\"noindex, follow, max-snippet:-1, max-image-preview:large, max-video-preview:-1\" \/>\n<meta property=\"og:locale\" content=\"da_DK\" \/>\n<meta property=\"og:type\" content=\"article\" \/>\n<meta property=\"og:title\" content=\"Torasemid | Effektiv v\u00e6skeaflastning - Transtoyou\" \/>\n<meta property=\"og:description\" content=\"Torasemid tilg\u00e6ngelig hos Transtoyou, effektiv mod v\u00e6skeretention og forh\u00f8jet blodtryk. Udforsk fordelene og k\u00f8b nu for bedre sundhed.\" \/>\n<meta property=\"og:url\" content=\"https:\/\/www.transtoyou.com\/da\/product\/torasemide\/\" \/>\n<meta property=\"og:site_name\" content=\"Transtoyou - DA\" \/>\n<meta property=\"article:modified_time\" content=\"2026-03-06T13:34:38+00:00\" \/>\n<meta name=\"twitter:card\" content=\"summary_large_image\" \/>\n<meta name=\"twitter:label1\" content=\"Estimeret l\u00e6setid\" \/>\n\t<meta name=\"twitter:data1\" content=\"2 minutter\" \/>\n<script type=\"application\/ld+json\" class=\"yoast-schema-graph\">{\"@context\":\"https:\/\/schema.org\",\"@graph\":[{\"@type\":\"WebPage\",\"@id\":\"https:\/\/www.transtoyou.com\/da\/product\/torasemide\/\",\"url\":\"https:\/\/www.transtoyou.com\/da\/product\/torasemide\/\",\"name\":\"Torasemid | Effektiv v\u00e6skeaflastning - Transtoyou\",\"isPartOf\":{\"@id\":\"https:\/\/www.transtoyou.com\/da\/#website\"},\"primaryImageOfPage\":{\"@id\":\"https:\/\/www.transtoyou.com\/da\/product\/torasemide\/#primaryimage\"},\"image\":{\"@id\":\"https:\/\/www.transtoyou.com\/da\/product\/torasemide\/#primaryimage\"},\"thumbnailUrl\":\"https:\/\/www.transtoyou.com\/da\/wp-content\/uploads\/sites\/6\/2026\/01\/tty-no-product-image-168.webp\",\"datePublished\":\"2026-01-25T21:51:43+00:00\",\"dateModified\":\"2026-03-06T13:34:38+00:00\",\"description\":\"Torasemid tilg\u00e6ngelig hos Transtoyou, effektiv mod v\u00e6skeretention og forh\u00f8jet blodtryk. Udforsk fordelene og k\u00f8b nu for bedre sundhed.\",\"breadcrumb\":{\"@id\":\"https:\/\/www.transtoyou.com\/da\/product\/torasemide\/#breadcrumb\"},\"inLanguage\":\"da-DK\",\"potentialAction\":[{\"@type\":\"ReadAction\",\"target\":[\"https:\/\/www.transtoyou.com\/da\/product\/torasemide\/\"]}]},{\"@type\":\"ImageObject\",\"inLanguage\":\"da-DK\",\"@id\":\"https:\/\/www.transtoyou.com\/da\/product\/torasemide\/#primaryimage\",\"url\":\"https:\/\/www.transtoyou.com\/da\/wp-content\/uploads\/sites\/6\/2026\/01\/tty-no-product-image-168.webp\",\"contentUrl\":\"https:\/\/www.transtoyou.com\/da\/wp-content\/uploads\/sites\/6\/2026\/01\/tty-no-product-image-168.webp\",\"width\":1000,\"height\":1000,\"caption\":\"Standard produktbillede\"},{\"@type\":\"WebSite\",\"@id\":\"https:\/\/www.transtoyou.com\/da\/#website\",\"url\":\"https:\/\/www.transtoyou.com\/da\/\",\"name\":\"Transtoyou - DA\",\"description\":\"\",\"publisher\":{\"@id\":\"https:\/\/www.transtoyou.com\/da\/#organization\"},\"potentialAction\":[{\"@type\":\"SearchAction\",\"target\":{\"@type\":\"EntryPoint\",\"urlTemplate\":\"https:\/\/www.transtoyou.com\/da\/?s={search_term_string}\"},\"query-input\":{\"@type\":\"PropertyValueSpecification\",\"valueRequired\":true,\"valueName\":\"search_term_string\"}}],\"inLanguage\":\"da-DK\"},{\"@type\":\"Organization\",\"@id\":\"https:\/\/www.transtoyou.com\/da\/#organization\",\"name\":\"Transtoyou - DA\",\"url\":\"https:\/\/www.transtoyou.com\/da\/\",\"logo\":{\"@type\":\"ImageObject\",\"inLanguage\":\"da-DK\",\"@id\":\"https:\/\/www.transtoyou.com\/da\/#\/schema\/logo\/image\/\",\"url\":\"https:\/\/www.transtoyou.com\/da\/wp-content\/uploads\/sites\/6\/2026\/01\/logo-tty-menu-bar-300x87-1.webp\",\"contentUrl\":\"https:\/\/www.transtoyou.com\/da\/wp-content\/uploads\/sites\/6\/2026\/01\/logo-tty-menu-bar-300x87-1.webp\",\"width\":300,\"height\":87,\"caption\":\"Transtoyou - DA\"},\"image\":{\"@id\":\"https:\/\/www.transtoyou.com\/da\/#\/schema\/logo\/image\/\"}}]}<\/script>\n<!-- \/ Yoast SEO plugin. -->","yoast_head_json":{"title":"Torasemid | Effektiv v\u00e6skeaflastning - Transtoyou","description":"Torasemid tilg\u00e6ngelig hos Transtoyou, effektiv mod v\u00e6skeretention og forh\u00f8jet blodtryk. Udforsk fordelene og k\u00f8b nu for bedre sundhed.","robots":{"index":"noindex","follow":"follow","max-snippet":"max-snippet:-1","max-image-preview":"max-image-preview:large","max-video-preview":"max-video-preview:-1"},"og_locale":"da_DK","og_type":"article","og_title":"Torasemid | Effektiv v\u00e6skeaflastning - Transtoyou","og_description":"Torasemid tilg\u00e6ngelig hos Transtoyou, effektiv mod v\u00e6skeretention og forh\u00f8jet blodtryk. Udforsk fordelene og k\u00f8b nu for bedre sundhed.","og_url":"https:\/\/www.transtoyou.com\/da\/product\/torasemide\/","og_site_name":"Transtoyou - DA","article_modified_time":"2026-03-06T13:34:38+00:00","twitter_card":"summary_large_image","twitter_misc":{"Estimeret l\u00e6setid":"2 minutter"},"schema":{"@context":"https:\/\/schema.org","@graph":[{"@type":"WebPage","@id":"https:\/\/www.transtoyou.com\/da\/product\/torasemide\/","url":"https:\/\/www.transtoyou.com\/da\/product\/torasemide\/","name":"Torasemid | Effektiv v\u00e6skeaflastning - Transtoyou","isPartOf":{"@id":"https:\/\/www.transtoyou.com\/da\/#website"},"primaryImageOfPage":{"@id":"https:\/\/www.transtoyou.com\/da\/product\/torasemide\/#primaryimage"},"image":{"@id":"https:\/\/www.transtoyou.com\/da\/product\/torasemide\/#primaryimage"},"thumbnailUrl":"https:\/\/www.transtoyou.com\/da\/wp-content\/uploads\/sites\/6\/2026\/01\/tty-no-product-image-168.webp","datePublished":"2026-01-25T21:51:43+00:00","dateModified":"2026-03-06T13:34:38+00:00","description":"Torasemid tilg\u00e6ngelig hos Transtoyou, effektiv mod v\u00e6skeretention og forh\u00f8jet blodtryk. Udforsk fordelene og k\u00f8b nu for bedre sundhed.","breadcrumb":{"@id":"https:\/\/www.transtoyou.com\/da\/product\/torasemide\/#breadcrumb"},"inLanguage":"da-DK","potentialAction":[{"@type":"ReadAction","target":["https:\/\/www.transtoyou.com\/da\/product\/torasemide\/"]}]},{"@type":"ImageObject","inLanguage":"da-DK","@id":"https:\/\/www.transtoyou.com\/da\/product\/torasemide\/#primaryimage","url":"https:\/\/www.transtoyou.com\/da\/wp-content\/uploads\/sites\/6\/2026\/01\/tty-no-product-image-168.webp","contentUrl":"https:\/\/www.transtoyou.com\/da\/wp-content\/uploads\/sites\/6\/2026\/01\/tty-no-product-image-168.webp","width":1000,"height":1000,"caption":"Standard produktbillede"},{"@type":"WebSite","@id":"https:\/\/www.transtoyou.com\/da\/#website","url":"https:\/\/www.transtoyou.com\/da\/","name":"Transtoyou - DA","description":"","publisher":{"@id":"https:\/\/www.transtoyou.com\/da\/#organization"},"potentialAction":[{"@type":"SearchAction","target":{"@type":"EntryPoint","urlTemplate":"https:\/\/www.transtoyou.com\/da\/?s={search_term_string}"},"query-input":{"@type":"PropertyValueSpecification","valueRequired":true,"valueName":"search_term_string"}}],"inLanguage":"da-DK"},{"@type":"Organization","@id":"https:\/\/www.transtoyou.com\/da\/#organization","name":"Transtoyou - DA","url":"https:\/\/www.transtoyou.com\/da\/","logo":{"@type":"ImageObject","inLanguage":"da-DK","@id":"https:\/\/www.transtoyou.com\/da\/#\/schema\/logo\/image\/","url":"https:\/\/www.transtoyou.com\/da\/wp-content\/uploads\/sites\/6\/2026\/01\/logo-tty-menu-bar-300x87-1.webp","contentUrl":"https:\/\/www.transtoyou.com\/da\/wp-content\/uploads\/sites\/6\/2026\/01\/logo-tty-menu-bar-300x87-1.webp","width":300,"height":87,"caption":"Transtoyou - DA"},"image":{"@id":"https:\/\/www.transtoyou.com\/da\/#\/schema\/logo\/image\/"}}]}},"_links":{"self":[{"href":"https:\/\/www.transtoyou.com\/da\/wp-json\/wp\/v2\/product\/1263","targetHints":{"allow":["GET"]}}],"collection":[{"href":"https:\/\/www.transtoyou.com\/da\/wp-json\/wp\/v2\/product"}],"about":[{"href":"https:\/\/www.transtoyou.com\/da\/wp-json\/wp\/v2\/types\/product"}],"replies":[{"embeddable":true,"href":"https:\/\/www.transtoyou.com\/da\/wp-json\/wp\/v2\/comments?post=1263"}],"wp:featuredmedia":[{"embeddable":true,"href":"https:\/\/www.transtoyou.com\/da\/wp-json\/wp\/v2\/media\/1265"}],"wp:attachment":[{"href":"https:\/\/www.transtoyou.com\/da\/wp-json\/wp\/v2\/media?parent=1263"}],"wp:term":[{"taxonomy":"product_brand","embeddable":true,"href":"https:\/\/www.transtoyou.com\/da\/wp-json\/wp\/v2\/product_brand?post=1263"},{"taxonomy":"product_cat","embeddable":true,"href":"https:\/\/www.transtoyou.com\/da\/wp-json\/wp\/v2\/product_cat?post=1263"},{"taxonomy":"product_tag","embeddable":true,"href":"https:\/\/www.transtoyou.com\/da\/wp-json\/wp\/v2\/product_tag?post=1263"},{"taxonomy":"expert","embeddable":true,"href":"https:\/\/www.transtoyou.com\/da\/wp-json\/wp\/v2\/expert?post=1263"}],"curies":[{"name":"wp","href":"https:\/\/api.w.org\/{rel}","templated":true}]}}