{"id":1269,"date":"2026-01-26T00:25:36","date_gmt":"2026-01-25T22:25:36","guid":{"rendered":"https:\/\/www.transtoyou.com\/da\/product\/condyline-condylox\/"},"modified":"2026-01-26T00:26:24","modified_gmt":"2026-01-25T22:26:24","slug":"condyline-condylox","status":"publish","type":"product","link":"https:\/\/www.transtoyou.com\/da\/product\/condyline-condylox\/","title":{"rendered":"Condyline (Condylox)"},"content":{"rendered":"<p>Condyline indeholder podophyllotoxin, en planteafledt forbindelse, der fungerer som et cytotoksisk middel (dr\u00e6ber u\u00f8nskede celler). Det virker ved at h\u00e6mme celledeling og DNA-syntese (stopper vorte celler fra at vokse og formere sig). Podophyllotoxin binder sig til et protein kaldet tubulin, hvilket forhindrer dannelsen af mikrotubuli, som f\u00e5r vorte celler til at d\u00f8.<\/p>\n<p>Denne medicin bruges til at behandle genitalvorter p\u00e5 de ydre k\u00f8nsorganer. Det hj\u00e6lper kroppen med at slippe af med vorter over tid ved kun at angribe den unormale hud, ikke den sunde omgivende hud.<\/p>\n<p>Condyline p\u00e5f\u00f8res direkte p\u00e5 vorter, normalt to gange om dagen i tre dage, efterfulgt af en pause p\u00e5 fire dage. Denne en-uges cyklus kan gentages i op til fire uger, afh\u00e6ngigt af hvor godt vorter reagerer.<\/p>\n<p>Den st\u00f8rste fordel ved Condyline er, at det er en ikke-invasiv behandling (ingen kirurgi eller nedfrysning kr\u00e6ves). Det er enkelt at bruge derhjemme, men skal p\u00e5f\u00f8res meget forsigtigt, da det kan for\u00e5rsage hudirritation eller s\u00e5r, hvis der bruges for meget, eller hvis det p\u00e5f\u00f8res sund hud.<\/p>\n<p>Ved at stoppe vorte celler fra at vokse og hj\u00e6lpe dem med at nedbrydes, st\u00f8tter Condyline din krop i at fjerne HPV-relaterede hudl\u00e6sioner.<\/p>\n","protected":false},"excerpt":{"rendered":"<ul>\n<li>Retter sig mod genitalvortev\u00e6v<\/li>\n<li>Stopper v\u00e6ksten af vorte-celler<\/li>\n<li>Til kortvarig lokal behandling<\/li>\n<\/ul>\n","protected":false},"featured_media":1270,"comment_status":"open","ping_status":"closed","template":"","meta":[],"product_brand":[],"product_cat":[124,176],"product_tag":[],"expert":[17],"class_list":{"0":"post-1269","1":"product","2":"type-product","3":"status-publish","4":"has-post-thumbnail","6":"product_cat-konsvorter","7":"product_cat-vorter","8":"expert-dr-c-munoz-parada","10":"first","11":"instock","12":"shipping-taxable","13":"product-type-simple"},"yoast_head":"<!-- This site is optimized with the Yoast SEO plugin v27.0 - https:\/\/yoast.com\/product\/yoast-seo-wordpress\/ -->\n<title>Condyline (Condylox) - Effektiv Vortebehandling | Transtoyou<\/title>\n<meta name=\"description\" content=\"Condyline (Condylox) mod k\u00f8nsvorter. Bestil online hos Transtoyou. Effektiv, nem hjemmebrug. Start behandling i dag, f\u00e5 den nu.\" \/>\n<meta name=\"robots\" content=\"noindex, follow, max-snippet:-1, max-image-preview:large, max-video-preview:-1\" \/>\n<meta property=\"og:locale\" content=\"da_DK\" \/>\n<meta property=\"og:type\" content=\"article\" \/>\n<meta property=\"og:title\" content=\"Condyline (Condylox) - Effektiv Vortebehandling | Transtoyou\" \/>\n<meta property=\"og:description\" content=\"Condyline (Condylox) mod k\u00f8nsvorter. Bestil online hos Transtoyou. Effektiv, nem hjemmebrug. Start behandling i dag, f\u00e5 den nu.\" \/>\n<meta property=\"og:url\" content=\"https:\/\/www.transtoyou.com\/da\/product\/condyline-condylox\/\" \/>\n<meta property=\"og:site_name\" content=\"Transtoyou - DA\" \/>\n<meta property=\"article:modified_time\" content=\"2026-01-25T22:26:24+00:00\" \/>\n<meta name=\"twitter:card\" content=\"summary_large_image\" \/>\n<meta name=\"twitter:label1\" content=\"Estimeret l\u00e6setid\" \/>\n\t<meta name=\"twitter:data1\" content=\"1 minut\" \/>\n<script type=\"application\/ld+json\" class=\"yoast-schema-graph\">{\"@context\":\"https:\/\/schema.org\",\"@graph\":[{\"@type\":\"WebPage\",\"@id\":\"https:\/\/www.transtoyou.com\/da\/product\/condyline-condylox\/\",\"url\":\"https:\/\/www.transtoyou.com\/da\/product\/condyline-condylox\/\",\"name\":\"Condyline (Condylox) - Effektiv Vortebehandling | Transtoyou\",\"isPartOf\":{\"@id\":\"https:\/\/www.transtoyou.com\/da\/#website\"},\"primaryImageOfPage\":{\"@id\":\"https:\/\/www.transtoyou.com\/da\/product\/condyline-condylox\/#primaryimage\"},\"image\":{\"@id\":\"https:\/\/www.transtoyou.com\/da\/product\/condyline-condylox\/#primaryimage\"},\"thumbnailUrl\":\"https:\/\/www.transtoyou.com\/da\/wp-content\/uploads\/sites\/6\/2026\/01\/tty-no-product-image-170.webp\",\"datePublished\":\"2026-01-25T22:25:36+00:00\",\"dateModified\":\"2026-01-25T22:26:24+00:00\",\"description\":\"Condyline (Condylox) mod k\u00f8nsvorter. Bestil online hos Transtoyou. Effektiv, nem hjemmebrug. Start behandling i dag, f\u00e5 den nu.\",\"breadcrumb\":{\"@id\":\"https:\/\/www.transtoyou.com\/da\/product\/condyline-condylox\/#breadcrumb\"},\"inLanguage\":\"da-DK\",\"potentialAction\":[{\"@type\":\"ReadAction\",\"target\":[\"https:\/\/www.transtoyou.com\/da\/product\/condyline-condylox\/\"]}]},{\"@type\":\"ImageObject\",\"inLanguage\":\"da-DK\",\"@id\":\"https:\/\/www.transtoyou.com\/da\/product\/condyline-condylox\/#primaryimage\",\"url\":\"https:\/\/www.transtoyou.com\/da\/wp-content\/uploads\/sites\/6\/2026\/01\/tty-no-product-image-170.webp\",\"contentUrl\":\"https:\/\/www.transtoyou.com\/da\/wp-content\/uploads\/sites\/6\/2026\/01\/tty-no-product-image-170.webp\",\"width\":1000,\"height\":1000,\"caption\":\"Standard produktbillede\"},{\"@type\":\"WebSite\",\"@id\":\"https:\/\/www.transtoyou.com\/da\/#website\",\"url\":\"https:\/\/www.transtoyou.com\/da\/\",\"name\":\"Transtoyou - DA\",\"description\":\"\",\"publisher\":{\"@id\":\"https:\/\/www.transtoyou.com\/da\/#organization\"},\"potentialAction\":[{\"@type\":\"SearchAction\",\"target\":{\"@type\":\"EntryPoint\",\"urlTemplate\":\"https:\/\/www.transtoyou.com\/da\/?s={search_term_string}\"},\"query-input\":{\"@type\":\"PropertyValueSpecification\",\"valueRequired\":true,\"valueName\":\"search_term_string\"}}],\"inLanguage\":\"da-DK\"},{\"@type\":\"Organization\",\"@id\":\"https:\/\/www.transtoyou.com\/da\/#organization\",\"name\":\"Transtoyou - DA\",\"url\":\"https:\/\/www.transtoyou.com\/da\/\",\"logo\":{\"@type\":\"ImageObject\",\"inLanguage\":\"da-DK\",\"@id\":\"https:\/\/www.transtoyou.com\/da\/#\/schema\/logo\/image\/\",\"url\":\"https:\/\/www.transtoyou.com\/da\/wp-content\/uploads\/sites\/6\/2026\/01\/logo-tty-menu-bar-300x87-1.webp\",\"contentUrl\":\"https:\/\/www.transtoyou.com\/da\/wp-content\/uploads\/sites\/6\/2026\/01\/logo-tty-menu-bar-300x87-1.webp\",\"width\":300,\"height\":87,\"caption\":\"Transtoyou - DA\"},\"image\":{\"@id\":\"https:\/\/www.transtoyou.com\/da\/#\/schema\/logo\/image\/\"}}]}<\/script>\n<!-- \/ Yoast SEO plugin. -->","yoast_head_json":{"title":"Condyline (Condylox) - Effektiv Vortebehandling | Transtoyou","description":"Condyline (Condylox) mod k\u00f8nsvorter. Bestil online hos Transtoyou. Effektiv, nem hjemmebrug. Start behandling i dag, f\u00e5 den nu.","robots":{"index":"noindex","follow":"follow","max-snippet":"max-snippet:-1","max-image-preview":"max-image-preview:large","max-video-preview":"max-video-preview:-1"},"og_locale":"da_DK","og_type":"article","og_title":"Condyline (Condylox) - Effektiv Vortebehandling | Transtoyou","og_description":"Condyline (Condylox) mod k\u00f8nsvorter. Bestil online hos Transtoyou. Effektiv, nem hjemmebrug. Start behandling i dag, f\u00e5 den nu.","og_url":"https:\/\/www.transtoyou.com\/da\/product\/condyline-condylox\/","og_site_name":"Transtoyou - DA","article_modified_time":"2026-01-25T22:26:24+00:00","twitter_card":"summary_large_image","twitter_misc":{"Estimeret l\u00e6setid":"1 minut"},"schema":{"@context":"https:\/\/schema.org","@graph":[{"@type":"WebPage","@id":"https:\/\/www.transtoyou.com\/da\/product\/condyline-condylox\/","url":"https:\/\/www.transtoyou.com\/da\/product\/condyline-condylox\/","name":"Condyline (Condylox) - Effektiv Vortebehandling | Transtoyou","isPartOf":{"@id":"https:\/\/www.transtoyou.com\/da\/#website"},"primaryImageOfPage":{"@id":"https:\/\/www.transtoyou.com\/da\/product\/condyline-condylox\/#primaryimage"},"image":{"@id":"https:\/\/www.transtoyou.com\/da\/product\/condyline-condylox\/#primaryimage"},"thumbnailUrl":"https:\/\/www.transtoyou.com\/da\/wp-content\/uploads\/sites\/6\/2026\/01\/tty-no-product-image-170.webp","datePublished":"2026-01-25T22:25:36+00:00","dateModified":"2026-01-25T22:26:24+00:00","description":"Condyline (Condylox) mod k\u00f8nsvorter. Bestil online hos Transtoyou. Effektiv, nem hjemmebrug. Start behandling i dag, f\u00e5 den nu.","breadcrumb":{"@id":"https:\/\/www.transtoyou.com\/da\/product\/condyline-condylox\/#breadcrumb"},"inLanguage":"da-DK","potentialAction":[{"@type":"ReadAction","target":["https:\/\/www.transtoyou.com\/da\/product\/condyline-condylox\/"]}]},{"@type":"ImageObject","inLanguage":"da-DK","@id":"https:\/\/www.transtoyou.com\/da\/product\/condyline-condylox\/#primaryimage","url":"https:\/\/www.transtoyou.com\/da\/wp-content\/uploads\/sites\/6\/2026\/01\/tty-no-product-image-170.webp","contentUrl":"https:\/\/www.transtoyou.com\/da\/wp-content\/uploads\/sites\/6\/2026\/01\/tty-no-product-image-170.webp","width":1000,"height":1000,"caption":"Standard produktbillede"},{"@type":"WebSite","@id":"https:\/\/www.transtoyou.com\/da\/#website","url":"https:\/\/www.transtoyou.com\/da\/","name":"Transtoyou - DA","description":"","publisher":{"@id":"https:\/\/www.transtoyou.com\/da\/#organization"},"potentialAction":[{"@type":"SearchAction","target":{"@type":"EntryPoint","urlTemplate":"https:\/\/www.transtoyou.com\/da\/?s={search_term_string}"},"query-input":{"@type":"PropertyValueSpecification","valueRequired":true,"valueName":"search_term_string"}}],"inLanguage":"da-DK"},{"@type":"Organization","@id":"https:\/\/www.transtoyou.com\/da\/#organization","name":"Transtoyou - DA","url":"https:\/\/www.transtoyou.com\/da\/","logo":{"@type":"ImageObject","inLanguage":"da-DK","@id":"https:\/\/www.transtoyou.com\/da\/#\/schema\/logo\/image\/","url":"https:\/\/www.transtoyou.com\/da\/wp-content\/uploads\/sites\/6\/2026\/01\/logo-tty-menu-bar-300x87-1.webp","contentUrl":"https:\/\/www.transtoyou.com\/da\/wp-content\/uploads\/sites\/6\/2026\/01\/logo-tty-menu-bar-300x87-1.webp","width":300,"height":87,"caption":"Transtoyou - DA"},"image":{"@id":"https:\/\/www.transtoyou.com\/da\/#\/schema\/logo\/image\/"}}]}},"_links":{"self":[{"href":"https:\/\/www.transtoyou.com\/da\/wp-json\/wp\/v2\/product\/1269","targetHints":{"allow":["GET"]}}],"collection":[{"href":"https:\/\/www.transtoyou.com\/da\/wp-json\/wp\/v2\/product"}],"about":[{"href":"https:\/\/www.transtoyou.com\/da\/wp-json\/wp\/v2\/types\/product"}],"replies":[{"embeddable":true,"href":"https:\/\/www.transtoyou.com\/da\/wp-json\/wp\/v2\/comments?post=1269"}],"wp:featuredmedia":[{"embeddable":true,"href":"https:\/\/www.transtoyou.com\/da\/wp-json\/wp\/v2\/media\/1270"}],"wp:attachment":[{"href":"https:\/\/www.transtoyou.com\/da\/wp-json\/wp\/v2\/media?parent=1269"}],"wp:term":[{"taxonomy":"product_brand","embeddable":true,"href":"https:\/\/www.transtoyou.com\/da\/wp-json\/wp\/v2\/product_brand?post=1269"},{"taxonomy":"product_cat","embeddable":true,"href":"https:\/\/www.transtoyou.com\/da\/wp-json\/wp\/v2\/product_cat?post=1269"},{"taxonomy":"product_tag","embeddable":true,"href":"https:\/\/www.transtoyou.com\/da\/wp-json\/wp\/v2\/product_tag?post=1269"},{"taxonomy":"expert","embeddable":true,"href":"https:\/\/www.transtoyou.com\/da\/wp-json\/wp\/v2\/expert?post=1269"}],"curies":[{"name":"wp","href":"https:\/\/api.w.org\/{rel}","templated":true}]}}