{"id":1277,"date":"2026-01-26T01:13:04","date_gmt":"2026-01-25T23:13:04","guid":{"rendered":"https:\/\/www.transtoyou.com\/da\/product\/azithromycin\/"},"modified":"2026-02-09T15:55:51","modified_gmt":"2026-02-09T13:55:51","slug":"azithromycin","status":"publish","type":"product","link":"https:\/\/www.transtoyou.com\/da\/product\/azithromycin\/","title":{"rendered":"Azithromycin"},"content":{"rendered":"<p>Azithromycin er et bredspektret makrolidantibiotikum, der ofte ordineres til behandling af en bred vifte af bakterielle infektioner. Det virker ved at h\u00e6mme bakteriel proteinsyntese, hvilket stopper v\u00e6ksten af de bakterier, der for\u00e5rsager infektioner. Denne medicin er effektiv mod b\u00e5de Gram-positive og visse Gram-negative bakterier, hvilket g\u00f8r det til en alsidig mulighed for mange tilstande.<\/p>\n<p>Azithromycin bruges ofte til at behandle luftvejsinfektioner (s\u00e5som bronkitis, lungebet\u00e6ndelse og bihulebet\u00e6ndelse), hud- og bl\u00f8ddelsinfektioner, visse \u00f8reinfektioner og seksuelt overf\u00f8rte infektioner som klamydia. Dets lange halveringstid muligg\u00f8r engangsdosering dagligt og kortere behandlingsvarigheder sammenlignet med andre antibiotika, hvilket kan forbedre patientens overholdelse.<\/p>\n<p>En af de vigtigste fordele ved Azithromycin er dets evne til at koncentrere sig i inficerede v\u00e6v, hvor det forts\u00e6tter med at ud\u00f8ve sine antibakterielle virkninger, selv efter den sidste dosis. Det tolereres generelt godt, med en lavere risiko for gastrointestinal bivirkninger end andre antibiotika i sin klasse. Det b\u00f8r dog kun bruges til bakterielle infektioner og ikke til virale sygdomme som fork\u00f8lelse eller influenza.<\/p>\n<p>Sundhedsudbydere kan foretr\u00e6kke Azithromycin til patienter, der er allergiske over for penicillin, eller til infektioner for\u00e5rsaget af atypiske organismer. Det er vigtigt at fuldf\u00f8re hele behandlingsforl\u00f8bet, selvom symptomerne forbedres, for at forhindre bakteriel resistens.<\/p>\n","protected":false},"excerpt":{"rendered":"<ul>\n<li>Behandler et bredt spektrum af bakterielle infektioner.<\/li>\n<li>Praktisk engang-daglig dosering.<\/li>\n<li>Effektiv mod luftvejs-, hud-, \u00f8re- og seksuelt overf\u00f8rte infektioner.<\/li>\n<\/ul>\n","protected":false},"featured_media":1279,"comment_status":"open","ping_status":"closed","template":"","meta":[],"product_brand":[],"product_cat":[79,125,90],"product_tag":[],"expert":[16],"class_list":{"0":"post-1277","1":"product","2":"type-product","3":"status-publish","4":"has-post-thumbnail","6":"product_cat-antibiotika-infektion","7":"product_cat-gonore","8":"product_cat-klamydia","9":"expert-dr-c-alexandru","11":"first","12":"instock","13":"shipping-taxable","14":"product-type-variable"},"yoast_head":"<!-- This site is optimized with the Yoast SEO plugin v27.0 - https:\/\/yoast.com\/product\/yoast-seo-wordpress\/ -->\n<title>Azithromycin | Alsidig Behandling af Infektioner - Transtoyou<\/title>\n<meta name=\"description\" content=\"Azithromycin, et alsidigt antibiotikum mod bakterielle infektioner, tilg\u00e6ngeligt hos Transtoyou. Bestil online i dag for hurtige sundhedsl\u00f8sninger.\" \/>\n<meta name=\"robots\" content=\"noindex, follow, max-snippet:-1, max-image-preview:large, max-video-preview:-1\" \/>\n<meta property=\"og:locale\" content=\"da_DK\" \/>\n<meta property=\"og:type\" content=\"article\" \/>\n<meta property=\"og:title\" content=\"Azithromycin | Alsidig Behandling af Infektioner - Transtoyou\" \/>\n<meta property=\"og:description\" content=\"Azithromycin, et alsidigt antibiotikum mod bakterielle infektioner, tilg\u00e6ngeligt hos Transtoyou. Bestil online i dag for hurtige sundhedsl\u00f8sninger.\" \/>\n<meta property=\"og:url\" content=\"https:\/\/www.transtoyou.com\/da\/product\/azithromycin\/\" \/>\n<meta property=\"og:site_name\" content=\"Transtoyou - DA\" \/>\n<meta property=\"article:modified_time\" content=\"2026-02-09T13:55:51+00:00\" \/>\n<meta name=\"twitter:card\" content=\"summary_large_image\" \/>\n<meta name=\"twitter:label1\" content=\"Estimeret l\u00e6setid\" \/>\n\t<meta name=\"twitter:data1\" content=\"1 minut\" \/>\n<script type=\"application\/ld+json\" class=\"yoast-schema-graph\">{\"@context\":\"https:\/\/schema.org\",\"@graph\":[{\"@type\":\"WebPage\",\"@id\":\"https:\/\/www.transtoyou.com\/da\/product\/azithromycin\/\",\"url\":\"https:\/\/www.transtoyou.com\/da\/product\/azithromycin\/\",\"name\":\"Azithromycin | Alsidig Behandling af Infektioner - Transtoyou\",\"isPartOf\":{\"@id\":\"https:\/\/www.transtoyou.com\/da\/#website\"},\"primaryImageOfPage\":{\"@id\":\"https:\/\/www.transtoyou.com\/da\/product\/azithromycin\/#primaryimage\"},\"image\":{\"@id\":\"https:\/\/www.transtoyou.com\/da\/product\/azithromycin\/#primaryimage\"},\"thumbnailUrl\":\"https:\/\/www.transtoyou.com\/da\/wp-content\/uploads\/sites\/6\/2026\/01\/tty-no-product-image-173.webp\",\"datePublished\":\"2026-01-25T23:13:04+00:00\",\"dateModified\":\"2026-02-09T13:55:51+00:00\",\"description\":\"Azithromycin, et alsidigt antibiotikum mod bakterielle infektioner, tilg\u00e6ngeligt hos Transtoyou. Bestil online i dag for hurtige sundhedsl\u00f8sninger.\",\"breadcrumb\":{\"@id\":\"https:\/\/www.transtoyou.com\/da\/product\/azithromycin\/#breadcrumb\"},\"inLanguage\":\"da-DK\",\"potentialAction\":[{\"@type\":\"ReadAction\",\"target\":[\"https:\/\/www.transtoyou.com\/da\/product\/azithromycin\/\"]}]},{\"@type\":\"ImageObject\",\"inLanguage\":\"da-DK\",\"@id\":\"https:\/\/www.transtoyou.com\/da\/product\/azithromycin\/#primaryimage\",\"url\":\"https:\/\/www.transtoyou.com\/da\/wp-content\/uploads\/sites\/6\/2026\/01\/tty-no-product-image-173.webp\",\"contentUrl\":\"https:\/\/www.transtoyou.com\/da\/wp-content\/uploads\/sites\/6\/2026\/01\/tty-no-product-image-173.webp\",\"width\":1000,\"height\":1000,\"caption\":\"Standard produktbillede\"},{\"@type\":\"WebSite\",\"@id\":\"https:\/\/www.transtoyou.com\/da\/#website\",\"url\":\"https:\/\/www.transtoyou.com\/da\/\",\"name\":\"Transtoyou - DA\",\"description\":\"\",\"publisher\":{\"@id\":\"https:\/\/www.transtoyou.com\/da\/#organization\"},\"potentialAction\":[{\"@type\":\"SearchAction\",\"target\":{\"@type\":\"EntryPoint\",\"urlTemplate\":\"https:\/\/www.transtoyou.com\/da\/?s={search_term_string}\"},\"query-input\":{\"@type\":\"PropertyValueSpecification\",\"valueRequired\":true,\"valueName\":\"search_term_string\"}}],\"inLanguage\":\"da-DK\"},{\"@type\":\"Organization\",\"@id\":\"https:\/\/www.transtoyou.com\/da\/#organization\",\"name\":\"Transtoyou - DA\",\"url\":\"https:\/\/www.transtoyou.com\/da\/\",\"logo\":{\"@type\":\"ImageObject\",\"inLanguage\":\"da-DK\",\"@id\":\"https:\/\/www.transtoyou.com\/da\/#\/schema\/logo\/image\/\",\"url\":\"https:\/\/www.transtoyou.com\/da\/wp-content\/uploads\/sites\/6\/2026\/01\/logo-tty-menu-bar-300x87-1.webp\",\"contentUrl\":\"https:\/\/www.transtoyou.com\/da\/wp-content\/uploads\/sites\/6\/2026\/01\/logo-tty-menu-bar-300x87-1.webp\",\"width\":300,\"height\":87,\"caption\":\"Transtoyou - DA\"},\"image\":{\"@id\":\"https:\/\/www.transtoyou.com\/da\/#\/schema\/logo\/image\/\"}}]}<\/script>\n<!-- \/ Yoast SEO plugin. -->","yoast_head_json":{"title":"Azithromycin | Alsidig Behandling af Infektioner - Transtoyou","description":"Azithromycin, et alsidigt antibiotikum mod bakterielle infektioner, tilg\u00e6ngeligt hos Transtoyou. Bestil online i dag for hurtige sundhedsl\u00f8sninger.","robots":{"index":"noindex","follow":"follow","max-snippet":"max-snippet:-1","max-image-preview":"max-image-preview:large","max-video-preview":"max-video-preview:-1"},"og_locale":"da_DK","og_type":"article","og_title":"Azithromycin | Alsidig Behandling af Infektioner - Transtoyou","og_description":"Azithromycin, et alsidigt antibiotikum mod bakterielle infektioner, tilg\u00e6ngeligt hos Transtoyou. Bestil online i dag for hurtige sundhedsl\u00f8sninger.","og_url":"https:\/\/www.transtoyou.com\/da\/product\/azithromycin\/","og_site_name":"Transtoyou - DA","article_modified_time":"2026-02-09T13:55:51+00:00","twitter_card":"summary_large_image","twitter_misc":{"Estimeret l\u00e6setid":"1 minut"},"schema":{"@context":"https:\/\/schema.org","@graph":[{"@type":"WebPage","@id":"https:\/\/www.transtoyou.com\/da\/product\/azithromycin\/","url":"https:\/\/www.transtoyou.com\/da\/product\/azithromycin\/","name":"Azithromycin | Alsidig Behandling af Infektioner - Transtoyou","isPartOf":{"@id":"https:\/\/www.transtoyou.com\/da\/#website"},"primaryImageOfPage":{"@id":"https:\/\/www.transtoyou.com\/da\/product\/azithromycin\/#primaryimage"},"image":{"@id":"https:\/\/www.transtoyou.com\/da\/product\/azithromycin\/#primaryimage"},"thumbnailUrl":"https:\/\/www.transtoyou.com\/da\/wp-content\/uploads\/sites\/6\/2026\/01\/tty-no-product-image-173.webp","datePublished":"2026-01-25T23:13:04+00:00","dateModified":"2026-02-09T13:55:51+00:00","description":"Azithromycin, et alsidigt antibiotikum mod bakterielle infektioner, tilg\u00e6ngeligt hos Transtoyou. Bestil online i dag for hurtige sundhedsl\u00f8sninger.","breadcrumb":{"@id":"https:\/\/www.transtoyou.com\/da\/product\/azithromycin\/#breadcrumb"},"inLanguage":"da-DK","potentialAction":[{"@type":"ReadAction","target":["https:\/\/www.transtoyou.com\/da\/product\/azithromycin\/"]}]},{"@type":"ImageObject","inLanguage":"da-DK","@id":"https:\/\/www.transtoyou.com\/da\/product\/azithromycin\/#primaryimage","url":"https:\/\/www.transtoyou.com\/da\/wp-content\/uploads\/sites\/6\/2026\/01\/tty-no-product-image-173.webp","contentUrl":"https:\/\/www.transtoyou.com\/da\/wp-content\/uploads\/sites\/6\/2026\/01\/tty-no-product-image-173.webp","width":1000,"height":1000,"caption":"Standard produktbillede"},{"@type":"WebSite","@id":"https:\/\/www.transtoyou.com\/da\/#website","url":"https:\/\/www.transtoyou.com\/da\/","name":"Transtoyou - DA","description":"","publisher":{"@id":"https:\/\/www.transtoyou.com\/da\/#organization"},"potentialAction":[{"@type":"SearchAction","target":{"@type":"EntryPoint","urlTemplate":"https:\/\/www.transtoyou.com\/da\/?s={search_term_string}"},"query-input":{"@type":"PropertyValueSpecification","valueRequired":true,"valueName":"search_term_string"}}],"inLanguage":"da-DK"},{"@type":"Organization","@id":"https:\/\/www.transtoyou.com\/da\/#organization","name":"Transtoyou - DA","url":"https:\/\/www.transtoyou.com\/da\/","logo":{"@type":"ImageObject","inLanguage":"da-DK","@id":"https:\/\/www.transtoyou.com\/da\/#\/schema\/logo\/image\/","url":"https:\/\/www.transtoyou.com\/da\/wp-content\/uploads\/sites\/6\/2026\/01\/logo-tty-menu-bar-300x87-1.webp","contentUrl":"https:\/\/www.transtoyou.com\/da\/wp-content\/uploads\/sites\/6\/2026\/01\/logo-tty-menu-bar-300x87-1.webp","width":300,"height":87,"caption":"Transtoyou - DA"},"image":{"@id":"https:\/\/www.transtoyou.com\/da\/#\/schema\/logo\/image\/"}}]}},"_links":{"self":[{"href":"https:\/\/www.transtoyou.com\/da\/wp-json\/wp\/v2\/product\/1277","targetHints":{"allow":["GET"]}}],"collection":[{"href":"https:\/\/www.transtoyou.com\/da\/wp-json\/wp\/v2\/product"}],"about":[{"href":"https:\/\/www.transtoyou.com\/da\/wp-json\/wp\/v2\/types\/product"}],"replies":[{"embeddable":true,"href":"https:\/\/www.transtoyou.com\/da\/wp-json\/wp\/v2\/comments?post=1277"}],"wp:featuredmedia":[{"embeddable":true,"href":"https:\/\/www.transtoyou.com\/da\/wp-json\/wp\/v2\/media\/1279"}],"wp:attachment":[{"href":"https:\/\/www.transtoyou.com\/da\/wp-json\/wp\/v2\/media?parent=1277"}],"wp:term":[{"taxonomy":"product_brand","embeddable":true,"href":"https:\/\/www.transtoyou.com\/da\/wp-json\/wp\/v2\/product_brand?post=1277"},{"taxonomy":"product_cat","embeddable":true,"href":"https:\/\/www.transtoyou.com\/da\/wp-json\/wp\/v2\/product_cat?post=1277"},{"taxonomy":"product_tag","embeddable":true,"href":"https:\/\/www.transtoyou.com\/da\/wp-json\/wp\/v2\/product_tag?post=1277"},{"taxonomy":"expert","embeddable":true,"href":"https:\/\/www.transtoyou.com\/da\/wp-json\/wp\/v2\/expert?post=1277"}],"curies":[{"name":"wp","href":"https:\/\/api.w.org\/{rel}","templated":true}]}}