{"id":1285,"date":"2026-01-26T02:06:41","date_gmt":"2026-01-26T00:06:41","guid":{"rendered":"https:\/\/www.transtoyou.com\/da\/product\/campral\/"},"modified":"2026-02-09T17:54:11","modified_gmt":"2026-02-09T15:54:11","slug":"campral","status":"publish","type":"product","link":"https:\/\/www.transtoyou.com\/da\/product\/campral\/","title":{"rendered":"Campral"},"content":{"rendered":"<p>Campral (Acamprosate) er en medicin designet til at st\u00f8tte personer, der er i bedring fra alkoholafh\u00e6ngighed. Det hj\u00e6lper med at reducere trang og underst\u00f8tter langvarig afholdenhed ved at stabilisere neurotransmitteraktiviteten i hjernen. Kronisk alkoholforbrug forstyrrer balancen mellem excitatoriske og inhibitoriske neurotransmittere, hvilket f\u00f8rer til afh\u00e6ngighed og abstinenssymptomer. Campral virker ved at modulere glutamat- og GABA-aktivitet, hvilket hj\u00e6lper hjernen med at genvinde sin naturlige balance.<\/p>\n<p>I mods\u00e6tning til medicin, der for\u00e5rsager ubehagelige bivirkninger, n\u00e5r alkohol indtages, g\u00f8r Campral ikke drikning ubehageligt. I stedet reducerer det det psykologiske \u00f8nske om at drikke, hvilket g\u00f8r det lettere for personer at opretholde \u00e6druelighed. Det er mest effektivt, n\u00e5r det bruges sammen med r\u00e5dgivning eller terapi som en del af et omfattende behandlingsprogram.<\/p>\n<p>Ved at mindske alkoholtrang hj\u00e6lper Campral med at forhindre tilbagefald og underst\u00f8tter langvarig bedring. Det er ikke vanedannende og giver ikke abstinenssymptomer, n\u00e5r det stoppes. Medicinen tolereres generelt godt, med de mest almindelige bivirkninger som milde gastrointestinalproblemer som diarr\u00e9, kvalme eller mavesmerter. Disse forsvinder typisk over tid, efterh\u00e5nden som kroppen tilpasser sig.<\/p>\n<p>Campral er s\u00e6rligt gavnligt for personer, der allerede har gennemf\u00f8rt den indledende afgiftning og er forpligtet til at opretholde afholdenhed. Studier har vist, at det \u00f8ger chancerne for langvarig \u00e6druelighed, n\u00e5r det tages som foreskrevet. Selvom det ikke virker for alle, er dem, der f\u00f8lger deres behandlingsplan og modtager psykologisk st\u00f8tte, mere tilb\u00f8jelige til at f\u00e5 gavn af det.<\/p>\n","protected":false},"excerpt":{"rendered":"<ul>\n<li>Reducerer trang og st\u00f8tter langvarig \u00e6druelighed<\/li>\n<li>Genopretter hjernebalancen efter alkoholbrug<\/li>\n<li>Ikke vanedannende og generelt godt tolereret<\/li>\n<\/ul>\n","protected":false},"featured_media":1287,"comment_status":"open","ping_status":"closed","template":"","meta":[],"product_brand":[],"product_cat":[74],"product_tag":[],"expert":[16],"class_list":{"0":"post-1285","1":"product","2":"type-product","3":"status-publish","4":"has-post-thumbnail","6":"product_cat-alkoholgenopretning-hjaelpemidler","7":"expert-dr-c-alexandru","9":"first","10":"instock","11":"shipping-taxable","12":"product-type-variable"},"yoast_head":"<!-- This site is optimized with the Yoast SEO plugin v27.0 - https:\/\/yoast.com\/product\/yoast-seo-wordpress\/ -->\n<title>Campral | St\u00f8tte til at forblive alkoholfri - Transtoyou - DA<\/title>\n<meta name=\"description\" content=\"Campral reducerer alkoholtrang og st\u00f8tter recovery. Ikke vanedannende og godt tolereret, hj\u00e6lper det med langvarig \u00e6druelighed. F\u00e5 det hos Transtoyou.\" \/>\n<meta name=\"robots\" content=\"noindex, follow, max-snippet:-1, max-image-preview:large, max-video-preview:-1\" \/>\n<meta property=\"og:locale\" content=\"da_DK\" \/>\n<meta property=\"og:type\" content=\"article\" \/>\n<meta property=\"og:title\" content=\"Campral | St\u00f8tte til at forblive alkoholfri - Transtoyou - DA\" \/>\n<meta property=\"og:description\" content=\"Campral reducerer alkoholtrang og st\u00f8tter recovery. Ikke vanedannende og godt tolereret, hj\u00e6lper det med langvarig \u00e6druelighed. F\u00e5 det hos Transtoyou.\" \/>\n<meta property=\"og:url\" content=\"https:\/\/www.transtoyou.com\/da\/product\/campral\/\" \/>\n<meta property=\"og:site_name\" content=\"Transtoyou - DA\" \/>\n<meta property=\"article:modified_time\" content=\"2026-02-09T15:54:11+00:00\" \/>\n<meta name=\"twitter:card\" content=\"summary_large_image\" \/>\n<meta name=\"twitter:label1\" content=\"Estimeret l\u00e6setid\" \/>\n\t<meta name=\"twitter:data1\" content=\"1 minut\" \/>\n<script type=\"application\/ld+json\" class=\"yoast-schema-graph\">{\"@context\":\"https:\/\/schema.org\",\"@graph\":[{\"@type\":\"WebPage\",\"@id\":\"https:\/\/www.transtoyou.com\/da\/product\/campral\/\",\"url\":\"https:\/\/www.transtoyou.com\/da\/product\/campral\/\",\"name\":\"Campral | St\u00f8tte til at forblive alkoholfri - Transtoyou - DA\",\"isPartOf\":{\"@id\":\"https:\/\/www.transtoyou.com\/da\/#website\"},\"primaryImageOfPage\":{\"@id\":\"https:\/\/www.transtoyou.com\/da\/product\/campral\/#primaryimage\"},\"image\":{\"@id\":\"https:\/\/www.transtoyou.com\/da\/product\/campral\/#primaryimage\"},\"thumbnailUrl\":\"https:\/\/www.transtoyou.com\/da\/wp-content\/uploads\/sites\/6\/2026\/01\/tty-no-product-image-176.webp\",\"datePublished\":\"2026-01-26T00:06:41+00:00\",\"dateModified\":\"2026-02-09T15:54:11+00:00\",\"description\":\"Campral reducerer alkoholtrang og st\u00f8tter recovery. Ikke vanedannende og godt tolereret, hj\u00e6lper det med langvarig \u00e6druelighed. F\u00e5 det hos Transtoyou.\",\"breadcrumb\":{\"@id\":\"https:\/\/www.transtoyou.com\/da\/product\/campral\/#breadcrumb\"},\"inLanguage\":\"da-DK\",\"potentialAction\":[{\"@type\":\"ReadAction\",\"target\":[\"https:\/\/www.transtoyou.com\/da\/product\/campral\/\"]}]},{\"@type\":\"ImageObject\",\"inLanguage\":\"da-DK\",\"@id\":\"https:\/\/www.transtoyou.com\/da\/product\/campral\/#primaryimage\",\"url\":\"https:\/\/www.transtoyou.com\/da\/wp-content\/uploads\/sites\/6\/2026\/01\/tty-no-product-image-176.webp\",\"contentUrl\":\"https:\/\/www.transtoyou.com\/da\/wp-content\/uploads\/sites\/6\/2026\/01\/tty-no-product-image-176.webp\",\"width\":1000,\"height\":1000,\"caption\":\"Standard produktbillede\"},{\"@type\":\"WebSite\",\"@id\":\"https:\/\/www.transtoyou.com\/da\/#website\",\"url\":\"https:\/\/www.transtoyou.com\/da\/\",\"name\":\"Transtoyou - DA\",\"description\":\"\",\"publisher\":{\"@id\":\"https:\/\/www.transtoyou.com\/da\/#organization\"},\"potentialAction\":[{\"@type\":\"SearchAction\",\"target\":{\"@type\":\"EntryPoint\",\"urlTemplate\":\"https:\/\/www.transtoyou.com\/da\/?s={search_term_string}\"},\"query-input\":{\"@type\":\"PropertyValueSpecification\",\"valueRequired\":true,\"valueName\":\"search_term_string\"}}],\"inLanguage\":\"da-DK\"},{\"@type\":\"Organization\",\"@id\":\"https:\/\/www.transtoyou.com\/da\/#organization\",\"name\":\"Transtoyou - DA\",\"url\":\"https:\/\/www.transtoyou.com\/da\/\",\"logo\":{\"@type\":\"ImageObject\",\"inLanguage\":\"da-DK\",\"@id\":\"https:\/\/www.transtoyou.com\/da\/#\/schema\/logo\/image\/\",\"url\":\"https:\/\/www.transtoyou.com\/da\/wp-content\/uploads\/sites\/6\/2026\/01\/logo-tty-menu-bar-300x87-1.webp\",\"contentUrl\":\"https:\/\/www.transtoyou.com\/da\/wp-content\/uploads\/sites\/6\/2026\/01\/logo-tty-menu-bar-300x87-1.webp\",\"width\":300,\"height\":87,\"caption\":\"Transtoyou - DA\"},\"image\":{\"@id\":\"https:\/\/www.transtoyou.com\/da\/#\/schema\/logo\/image\/\"}}]}<\/script>\n<!-- \/ Yoast SEO plugin. -->","yoast_head_json":{"title":"Campral | St\u00f8tte til at forblive alkoholfri - Transtoyou - DA","description":"Campral reducerer alkoholtrang og st\u00f8tter recovery. Ikke vanedannende og godt tolereret, hj\u00e6lper det med langvarig \u00e6druelighed. F\u00e5 det hos Transtoyou.","robots":{"index":"noindex","follow":"follow","max-snippet":"max-snippet:-1","max-image-preview":"max-image-preview:large","max-video-preview":"max-video-preview:-1"},"og_locale":"da_DK","og_type":"article","og_title":"Campral | St\u00f8tte til at forblive alkoholfri - Transtoyou - DA","og_description":"Campral reducerer alkoholtrang og st\u00f8tter recovery. Ikke vanedannende og godt tolereret, hj\u00e6lper det med langvarig \u00e6druelighed. F\u00e5 det hos Transtoyou.","og_url":"https:\/\/www.transtoyou.com\/da\/product\/campral\/","og_site_name":"Transtoyou - DA","article_modified_time":"2026-02-09T15:54:11+00:00","twitter_card":"summary_large_image","twitter_misc":{"Estimeret l\u00e6setid":"1 minut"},"schema":{"@context":"https:\/\/schema.org","@graph":[{"@type":"WebPage","@id":"https:\/\/www.transtoyou.com\/da\/product\/campral\/","url":"https:\/\/www.transtoyou.com\/da\/product\/campral\/","name":"Campral | St\u00f8tte til at forblive alkoholfri - Transtoyou - DA","isPartOf":{"@id":"https:\/\/www.transtoyou.com\/da\/#website"},"primaryImageOfPage":{"@id":"https:\/\/www.transtoyou.com\/da\/product\/campral\/#primaryimage"},"image":{"@id":"https:\/\/www.transtoyou.com\/da\/product\/campral\/#primaryimage"},"thumbnailUrl":"https:\/\/www.transtoyou.com\/da\/wp-content\/uploads\/sites\/6\/2026\/01\/tty-no-product-image-176.webp","datePublished":"2026-01-26T00:06:41+00:00","dateModified":"2026-02-09T15:54:11+00:00","description":"Campral reducerer alkoholtrang og st\u00f8tter recovery. Ikke vanedannende og godt tolereret, hj\u00e6lper det med langvarig \u00e6druelighed. F\u00e5 det hos Transtoyou.","breadcrumb":{"@id":"https:\/\/www.transtoyou.com\/da\/product\/campral\/#breadcrumb"},"inLanguage":"da-DK","potentialAction":[{"@type":"ReadAction","target":["https:\/\/www.transtoyou.com\/da\/product\/campral\/"]}]},{"@type":"ImageObject","inLanguage":"da-DK","@id":"https:\/\/www.transtoyou.com\/da\/product\/campral\/#primaryimage","url":"https:\/\/www.transtoyou.com\/da\/wp-content\/uploads\/sites\/6\/2026\/01\/tty-no-product-image-176.webp","contentUrl":"https:\/\/www.transtoyou.com\/da\/wp-content\/uploads\/sites\/6\/2026\/01\/tty-no-product-image-176.webp","width":1000,"height":1000,"caption":"Standard produktbillede"},{"@type":"WebSite","@id":"https:\/\/www.transtoyou.com\/da\/#website","url":"https:\/\/www.transtoyou.com\/da\/","name":"Transtoyou - DA","description":"","publisher":{"@id":"https:\/\/www.transtoyou.com\/da\/#organization"},"potentialAction":[{"@type":"SearchAction","target":{"@type":"EntryPoint","urlTemplate":"https:\/\/www.transtoyou.com\/da\/?s={search_term_string}"},"query-input":{"@type":"PropertyValueSpecification","valueRequired":true,"valueName":"search_term_string"}}],"inLanguage":"da-DK"},{"@type":"Organization","@id":"https:\/\/www.transtoyou.com\/da\/#organization","name":"Transtoyou - DA","url":"https:\/\/www.transtoyou.com\/da\/","logo":{"@type":"ImageObject","inLanguage":"da-DK","@id":"https:\/\/www.transtoyou.com\/da\/#\/schema\/logo\/image\/","url":"https:\/\/www.transtoyou.com\/da\/wp-content\/uploads\/sites\/6\/2026\/01\/logo-tty-menu-bar-300x87-1.webp","contentUrl":"https:\/\/www.transtoyou.com\/da\/wp-content\/uploads\/sites\/6\/2026\/01\/logo-tty-menu-bar-300x87-1.webp","width":300,"height":87,"caption":"Transtoyou - DA"},"image":{"@id":"https:\/\/www.transtoyou.com\/da\/#\/schema\/logo\/image\/"}}]}},"_links":{"self":[{"href":"https:\/\/www.transtoyou.com\/da\/wp-json\/wp\/v2\/product\/1285","targetHints":{"allow":["GET"]}}],"collection":[{"href":"https:\/\/www.transtoyou.com\/da\/wp-json\/wp\/v2\/product"}],"about":[{"href":"https:\/\/www.transtoyou.com\/da\/wp-json\/wp\/v2\/types\/product"}],"replies":[{"embeddable":true,"href":"https:\/\/www.transtoyou.com\/da\/wp-json\/wp\/v2\/comments?post=1285"}],"wp:featuredmedia":[{"embeddable":true,"href":"https:\/\/www.transtoyou.com\/da\/wp-json\/wp\/v2\/media\/1287"}],"wp:attachment":[{"href":"https:\/\/www.transtoyou.com\/da\/wp-json\/wp\/v2\/media?parent=1285"}],"wp:term":[{"taxonomy":"product_brand","embeddable":true,"href":"https:\/\/www.transtoyou.com\/da\/wp-json\/wp\/v2\/product_brand?post=1285"},{"taxonomy":"product_cat","embeddable":true,"href":"https:\/\/www.transtoyou.com\/da\/wp-json\/wp\/v2\/product_cat?post=1285"},{"taxonomy":"product_tag","embeddable":true,"href":"https:\/\/www.transtoyou.com\/da\/wp-json\/wp\/v2\/product_tag?post=1285"},{"taxonomy":"expert","embeddable":true,"href":"https:\/\/www.transtoyou.com\/da\/wp-json\/wp\/v2\/expert?post=1285"}],"curies":[{"name":"wp","href":"https:\/\/api.w.org\/{rel}","templated":true}]}}