{"id":1288,"date":"2026-01-26T02:28:02","date_gmt":"2026-01-26T00:28:02","guid":{"rendered":"https:\/\/www.transtoyou.com\/da\/product\/allergospasmin-n\/"},"modified":"2026-01-26T02:29:11","modified_gmt":"2026-01-26T00:29:11","slug":"allergospasmin-n","status":"publish","type":"product","link":"https:\/\/www.transtoyou.com\/da\/product\/allergospasmin-n\/","title":{"rendered":"Allergospasmin N"},"content":{"rendered":"<p>At tr\u00e6kke vejret er let for de fleste, men for dem, der k\u00e6mper med astma og allergiske bronchospasmer, kan hvert \u00e5ndedrag f\u00f8les som en kamp. Det er her, Allergospasmin N kommer ind som en betroet f\u00f8lgesvend i kampen mod \u00e5ndedr\u00e6tsbesv\u00e6r.<\/p>\n<p>Designet til at lindre bronchial sammentr\u00e6kning og forbedre luftstr\u00f8mmen, virker Allergospasmin N hurtigt ved at slappe af de glatte muskler i luftvejene, hvilket letter vejrtr\u00e6kningsvanskeligheder for\u00e5rsaget af astma, allergier eller andre respiratoriske tilstande. Med en omhyggeligt formuleret blanding af bronkodilatatorer og antihistaminer hj\u00e6lper denne medicin med at \u00e5bne luftveje, reducere bet\u00e6ndelse og kontrollere allergiske reaktioner, der udl\u00f8ser \u00e5ndedr\u00e6tsbesv\u00e6r.<\/p>\n<p>Uanset om det er et uventet astmaanfald eller allergiudl\u00f8st hv\u00e6sen, giver Allergospasmin N hurtig og effektiv lindring. Det fungerer bedst som en del af en struktureret behandlingsplan og tilbyder st\u00f8tte til b\u00e5de akutte og kroniske respiratoriske tilstande.<\/p>\n<p>I mods\u00e6tning til nogle medicin, der kun adresserer \u00e9t aspekt af \u00e5ndedr\u00e6tsbesv\u00e6r, tilbyder Allergospasmin N en omfattende tilgang ved at m\u00e5lrette b\u00e5de muskelkontraktion og allergiske reaktioner. Ved at hj\u00e6lpe individer med at genvinde kontrollen over deres vejrtr\u00e6kning, giver det dem mulighed for at leve aktive, ubegr\u00e6nsede liv.<\/p>\n<p>Selvom denne medicin er meget effektiv, b\u00f8r den altid tages under vejledning af en sundhedsprofessionel. Nogle personer kan opleve milde bivirkninger som svimmelhed, t\u00f8r mund eller mild gastrointestinal ubehag, som typisk aftager over tid.<\/p>\n","protected":false},"excerpt":{"rendered":"<ul>\n<li>Giver lindring fra astma og allergiske bronkospasmer.<\/li>\n<li>Hj\u00e6lper med at \u00e5bne luftvejene og forbedre vejrtr\u00e6kningen.<\/li>\n<li>Hurtigvirkende st\u00f8tte til respiratorisk n\u00f8d.<\/li>\n<\/ul>\n","protected":false},"featured_media":1290,"comment_status":"open","ping_status":"closed","template":"","meta":[],"product_brand":[],"product_cat":[80],"product_tag":[],"expert":[16],"class_list":{"0":"post-1288","1":"product","2":"type-product","3":"status-publish","4":"has-post-thumbnail","6":"product_cat-astma","7":"expert-dr-c-alexandru","9":"first","10":"instock","11":"shipping-taxable","12":"product-type-variable"},"yoast_head":"<!-- This site is optimized with the Yoast SEO plugin v27.0 - https:\/\/yoast.com\/product\/yoast-seo-wordpress\/ -->\n<title>Allergospasmin N | \u00c5ndedr\u00e6tsst\u00f8tte gjort nemt - Transtoyou - DA<\/title>\n<meta name=\"description\" content=\"Allergospasmin N lindrer hurtigt astma- og allergisymptomer og forbedrer luftstr\u00f8mmen. Shop nu for effektiv lindring af \u00e5ndedr\u00e6tsbesv\u00e6r.\" \/>\n<meta name=\"robots\" content=\"noindex, follow, max-snippet:-1, max-image-preview:large, max-video-preview:-1\" \/>\n<meta property=\"og:locale\" content=\"da_DK\" \/>\n<meta property=\"og:type\" content=\"article\" \/>\n<meta property=\"og:title\" content=\"Allergospasmin N | \u00c5ndedr\u00e6tsst\u00f8tte gjort nemt - Transtoyou - DA\" \/>\n<meta property=\"og:description\" content=\"Allergospasmin N lindrer hurtigt astma- og allergisymptomer og forbedrer luftstr\u00f8mmen. Shop nu for effektiv lindring af \u00e5ndedr\u00e6tsbesv\u00e6r.\" \/>\n<meta property=\"og:url\" content=\"https:\/\/www.transtoyou.com\/da\/product\/allergospasmin-n\/\" \/>\n<meta property=\"og:site_name\" content=\"Transtoyou - DA\" \/>\n<meta property=\"article:modified_time\" content=\"2026-01-26T00:29:11+00:00\" \/>\n<meta name=\"twitter:card\" content=\"summary_large_image\" \/>\n<meta name=\"twitter:label1\" content=\"Estimeret l\u00e6setid\" \/>\n\t<meta name=\"twitter:data1\" content=\"1 minut\" \/>\n<script type=\"application\/ld+json\" class=\"yoast-schema-graph\">{\"@context\":\"https:\/\/schema.org\",\"@graph\":[{\"@type\":\"WebPage\",\"@id\":\"https:\/\/www.transtoyou.com\/da\/product\/allergospasmin-n\/\",\"url\":\"https:\/\/www.transtoyou.com\/da\/product\/allergospasmin-n\/\",\"name\":\"Allergospasmin N | \u00c5ndedr\u00e6tsst\u00f8tte gjort nemt - Transtoyou - DA\",\"isPartOf\":{\"@id\":\"https:\/\/www.transtoyou.com\/da\/#website\"},\"primaryImageOfPage\":{\"@id\":\"https:\/\/www.transtoyou.com\/da\/product\/allergospasmin-n\/#primaryimage\"},\"image\":{\"@id\":\"https:\/\/www.transtoyou.com\/da\/product\/allergospasmin-n\/#primaryimage\"},\"thumbnailUrl\":\"https:\/\/www.transtoyou.com\/da\/wp-content\/uploads\/sites\/6\/2026\/01\/tty-no-product-image-177.webp\",\"datePublished\":\"2026-01-26T00:28:02+00:00\",\"dateModified\":\"2026-01-26T00:29:11+00:00\",\"description\":\"Allergospasmin N lindrer hurtigt astma- og allergisymptomer og forbedrer luftstr\u00f8mmen. Shop nu for effektiv lindring af \u00e5ndedr\u00e6tsbesv\u00e6r.\",\"breadcrumb\":{\"@id\":\"https:\/\/www.transtoyou.com\/da\/product\/allergospasmin-n\/#breadcrumb\"},\"inLanguage\":\"da-DK\",\"potentialAction\":[{\"@type\":\"ReadAction\",\"target\":[\"https:\/\/www.transtoyou.com\/da\/product\/allergospasmin-n\/\"]}]},{\"@type\":\"ImageObject\",\"inLanguage\":\"da-DK\",\"@id\":\"https:\/\/www.transtoyou.com\/da\/product\/allergospasmin-n\/#primaryimage\",\"url\":\"https:\/\/www.transtoyou.com\/da\/wp-content\/uploads\/sites\/6\/2026\/01\/tty-no-product-image-177.webp\",\"contentUrl\":\"https:\/\/www.transtoyou.com\/da\/wp-content\/uploads\/sites\/6\/2026\/01\/tty-no-product-image-177.webp\",\"width\":1000,\"height\":1000,\"caption\":\"Standard produktbillede\"},{\"@type\":\"WebSite\",\"@id\":\"https:\/\/www.transtoyou.com\/da\/#website\",\"url\":\"https:\/\/www.transtoyou.com\/da\/\",\"name\":\"Transtoyou - DA\",\"description\":\"\",\"publisher\":{\"@id\":\"https:\/\/www.transtoyou.com\/da\/#organization\"},\"potentialAction\":[{\"@type\":\"SearchAction\",\"target\":{\"@type\":\"EntryPoint\",\"urlTemplate\":\"https:\/\/www.transtoyou.com\/da\/?s={search_term_string}\"},\"query-input\":{\"@type\":\"PropertyValueSpecification\",\"valueRequired\":true,\"valueName\":\"search_term_string\"}}],\"inLanguage\":\"da-DK\"},{\"@type\":\"Organization\",\"@id\":\"https:\/\/www.transtoyou.com\/da\/#organization\",\"name\":\"Transtoyou - DA\",\"url\":\"https:\/\/www.transtoyou.com\/da\/\",\"logo\":{\"@type\":\"ImageObject\",\"inLanguage\":\"da-DK\",\"@id\":\"https:\/\/www.transtoyou.com\/da\/#\/schema\/logo\/image\/\",\"url\":\"https:\/\/www.transtoyou.com\/da\/wp-content\/uploads\/sites\/6\/2026\/01\/logo-tty-menu-bar-300x87-1.webp\",\"contentUrl\":\"https:\/\/www.transtoyou.com\/da\/wp-content\/uploads\/sites\/6\/2026\/01\/logo-tty-menu-bar-300x87-1.webp\",\"width\":300,\"height\":87,\"caption\":\"Transtoyou - DA\"},\"image\":{\"@id\":\"https:\/\/www.transtoyou.com\/da\/#\/schema\/logo\/image\/\"}}]}<\/script>\n<!-- \/ Yoast SEO plugin. -->","yoast_head_json":{"title":"Allergospasmin N | \u00c5ndedr\u00e6tsst\u00f8tte gjort nemt - Transtoyou - DA","description":"Allergospasmin N lindrer hurtigt astma- og allergisymptomer og forbedrer luftstr\u00f8mmen. Shop nu for effektiv lindring af \u00e5ndedr\u00e6tsbesv\u00e6r.","robots":{"index":"noindex","follow":"follow","max-snippet":"max-snippet:-1","max-image-preview":"max-image-preview:large","max-video-preview":"max-video-preview:-1"},"og_locale":"da_DK","og_type":"article","og_title":"Allergospasmin N | \u00c5ndedr\u00e6tsst\u00f8tte gjort nemt - Transtoyou - DA","og_description":"Allergospasmin N lindrer hurtigt astma- og allergisymptomer og forbedrer luftstr\u00f8mmen. Shop nu for effektiv lindring af \u00e5ndedr\u00e6tsbesv\u00e6r.","og_url":"https:\/\/www.transtoyou.com\/da\/product\/allergospasmin-n\/","og_site_name":"Transtoyou - DA","article_modified_time":"2026-01-26T00:29:11+00:00","twitter_card":"summary_large_image","twitter_misc":{"Estimeret l\u00e6setid":"1 minut"},"schema":{"@context":"https:\/\/schema.org","@graph":[{"@type":"WebPage","@id":"https:\/\/www.transtoyou.com\/da\/product\/allergospasmin-n\/","url":"https:\/\/www.transtoyou.com\/da\/product\/allergospasmin-n\/","name":"Allergospasmin N | \u00c5ndedr\u00e6tsst\u00f8tte gjort nemt - Transtoyou - DA","isPartOf":{"@id":"https:\/\/www.transtoyou.com\/da\/#website"},"primaryImageOfPage":{"@id":"https:\/\/www.transtoyou.com\/da\/product\/allergospasmin-n\/#primaryimage"},"image":{"@id":"https:\/\/www.transtoyou.com\/da\/product\/allergospasmin-n\/#primaryimage"},"thumbnailUrl":"https:\/\/www.transtoyou.com\/da\/wp-content\/uploads\/sites\/6\/2026\/01\/tty-no-product-image-177.webp","datePublished":"2026-01-26T00:28:02+00:00","dateModified":"2026-01-26T00:29:11+00:00","description":"Allergospasmin N lindrer hurtigt astma- og allergisymptomer og forbedrer luftstr\u00f8mmen. Shop nu for effektiv lindring af \u00e5ndedr\u00e6tsbesv\u00e6r.","breadcrumb":{"@id":"https:\/\/www.transtoyou.com\/da\/product\/allergospasmin-n\/#breadcrumb"},"inLanguage":"da-DK","potentialAction":[{"@type":"ReadAction","target":["https:\/\/www.transtoyou.com\/da\/product\/allergospasmin-n\/"]}]},{"@type":"ImageObject","inLanguage":"da-DK","@id":"https:\/\/www.transtoyou.com\/da\/product\/allergospasmin-n\/#primaryimage","url":"https:\/\/www.transtoyou.com\/da\/wp-content\/uploads\/sites\/6\/2026\/01\/tty-no-product-image-177.webp","contentUrl":"https:\/\/www.transtoyou.com\/da\/wp-content\/uploads\/sites\/6\/2026\/01\/tty-no-product-image-177.webp","width":1000,"height":1000,"caption":"Standard produktbillede"},{"@type":"WebSite","@id":"https:\/\/www.transtoyou.com\/da\/#website","url":"https:\/\/www.transtoyou.com\/da\/","name":"Transtoyou - DA","description":"","publisher":{"@id":"https:\/\/www.transtoyou.com\/da\/#organization"},"potentialAction":[{"@type":"SearchAction","target":{"@type":"EntryPoint","urlTemplate":"https:\/\/www.transtoyou.com\/da\/?s={search_term_string}"},"query-input":{"@type":"PropertyValueSpecification","valueRequired":true,"valueName":"search_term_string"}}],"inLanguage":"da-DK"},{"@type":"Organization","@id":"https:\/\/www.transtoyou.com\/da\/#organization","name":"Transtoyou - DA","url":"https:\/\/www.transtoyou.com\/da\/","logo":{"@type":"ImageObject","inLanguage":"da-DK","@id":"https:\/\/www.transtoyou.com\/da\/#\/schema\/logo\/image\/","url":"https:\/\/www.transtoyou.com\/da\/wp-content\/uploads\/sites\/6\/2026\/01\/logo-tty-menu-bar-300x87-1.webp","contentUrl":"https:\/\/www.transtoyou.com\/da\/wp-content\/uploads\/sites\/6\/2026\/01\/logo-tty-menu-bar-300x87-1.webp","width":300,"height":87,"caption":"Transtoyou - DA"},"image":{"@id":"https:\/\/www.transtoyou.com\/da\/#\/schema\/logo\/image\/"}}]}},"_links":{"self":[{"href":"https:\/\/www.transtoyou.com\/da\/wp-json\/wp\/v2\/product\/1288","targetHints":{"allow":["GET"]}}],"collection":[{"href":"https:\/\/www.transtoyou.com\/da\/wp-json\/wp\/v2\/product"}],"about":[{"href":"https:\/\/www.transtoyou.com\/da\/wp-json\/wp\/v2\/types\/product"}],"replies":[{"embeddable":true,"href":"https:\/\/www.transtoyou.com\/da\/wp-json\/wp\/v2\/comments?post=1288"}],"wp:featuredmedia":[{"embeddable":true,"href":"https:\/\/www.transtoyou.com\/da\/wp-json\/wp\/v2\/media\/1290"}],"wp:attachment":[{"href":"https:\/\/www.transtoyou.com\/da\/wp-json\/wp\/v2\/media?parent=1288"}],"wp:term":[{"taxonomy":"product_brand","embeddable":true,"href":"https:\/\/www.transtoyou.com\/da\/wp-json\/wp\/v2\/product_brand?post=1288"},{"taxonomy":"product_cat","embeddable":true,"href":"https:\/\/www.transtoyou.com\/da\/wp-json\/wp\/v2\/product_cat?post=1288"},{"taxonomy":"product_tag","embeddable":true,"href":"https:\/\/www.transtoyou.com\/da\/wp-json\/wp\/v2\/product_tag?post=1288"},{"taxonomy":"expert","embeddable":true,"href":"https:\/\/www.transtoyou.com\/da\/wp-json\/wp\/v2\/expert?post=1288"}],"curies":[{"name":"wp","href":"https:\/\/api.w.org\/{rel}","templated":true}]}}