{"id":1291,"date":"2026-01-26T02:46:20","date_gmt":"2026-01-26T00:46:20","guid":{"rendered":"https:\/\/www.transtoyou.com\/da\/product\/ventolin\/"},"modified":"2026-03-07T15:58:25","modified_gmt":"2026-03-07T13:58:25","slug":"ventolin","status":"publish","type":"product","link":"https:\/\/www.transtoyou.com\/da\/product\/ventolin\/","title":{"rendered":"Ventolin"},"content":{"rendered":"<p>Ventolin er en hurtigtvirkende bronkodilator, der indeholder det aktive stof salbutamol, som hj\u00e6lper med at slappe af i musklerne i luftvejene og forbedrer luftstr\u00f8mmen til lungerne. Det bruges ofte som en redningsinhalator til at lindre akutte astmasymptomer, herunder hv\u00e6sende vejrtr\u00e6kning, \u00e5nden\u00f8d og trykken for brystet. Ventolin virker ved at stimulere beta-2-receptorerne i den bronchiale glatte muskulatur, hvilket f\u00f8rer til udvidelse af luftvejene og dermed letter vejrtr\u00e6kningen.<\/p>\n<p>Ventolin ordineres prim\u00e6rt til behandling af astma og KOL (Kronisk Obstruktiv Lungesygdom) og giver hurtig lindring under et astmaanfald eller en forv\u00e6rring af respiratoriske symptomer. Det kan ogs\u00e5 bruges til at forebygge tr\u00e6ningsinduceret bronkospasme (\u00e5nden\u00f8d eller hv\u00e6sende vejrtr\u00e6kning udl\u00f8st af fysisk aktivitet). Som en korttidsvirkende bronkodilator giver det hurtig lindring, men adresserer ikke den underliggende inflammation ved astma eller KOL, som kan kr\u00e6ve yderligere langvarig medicinsk behandling.<\/p>\n<p>Ventolin administreres typisk via en inhalator, hvilket g\u00f8r det nemt at have med og bruge under et astmaanfald eller f\u00f8r tr\u00e6ning. N\u00e5r det bruges korrekt, kan det give betydelig lindring fra vejrtr\u00e6kningsbesv\u00e6r. Det er dog vigtigt at f\u00f8lge den ordinerede dosis og ikke overbruge det, da overdreven afh\u00e6ngighed af korttidsvirkende medicin som Ventolin kan indikere utilstr\u00e6kkelig astmakontrol, og langsigtede behandlingsstrategier b\u00f8r dr\u00f8ftes med en sundhedsudbyder.<\/p>\n","protected":false},"excerpt":{"rendered":"<ul>\n<li>Hurtig lindring af astma og KOL<\/li>\n<li>Forebygger anstrengelsesudl\u00f8st bronkospasme<\/li>\n<li>Praktisk inhalatorform til hurtig brug<\/li>\n<\/ul>\n","protected":false},"featured_media":1293,"comment_status":"open","ping_status":"closed","template":"","meta":[],"product_brand":[],"product_cat":[80,98],"product_tag":[],"expert":[19],"class_list":{"0":"post-1291","1":"product","2":"type-product","3":"status-publish","4":"has-post-thumbnail","6":"product_cat-astma","7":"product_cat-kol","8":"expert-dr-j-vazquez","10":"first","11":"instock","12":"shipping-taxable","13":"product-type-variable"},"yoast_head":"<!-- This site is optimized with the Yoast SEO plugin v27.0 - https:\/\/yoast.com\/product\/yoast-seo-wordpress\/ -->\n<title>Ventolin | Hurtig lindring af astma og vejrtr\u00e6kningsproblemer - Transtoyou - DA<\/title>\n<meta name=\"description\" content=\"Ventolin inhalator lindrer hurtigt astmasymptomer og stram brystkasse. F\u00e5 din recept online\u2014hurtigt, sikkert og diskret leveret til din d\u00f8r.\" \/>\n<meta name=\"robots\" content=\"noindex, follow, max-snippet:-1, max-image-preview:large, max-video-preview:-1\" \/>\n<meta property=\"og:locale\" content=\"da_DK\" \/>\n<meta property=\"og:type\" content=\"article\" \/>\n<meta property=\"og:title\" content=\"Ventolin | Hurtig lindring af astma og vejrtr\u00e6kningsproblemer - Transtoyou - DA\" \/>\n<meta property=\"og:description\" content=\"Ventolin inhalator lindrer hurtigt astmasymptomer og stram brystkasse. F\u00e5 din recept online\u2014hurtigt, sikkert og diskret leveret til din d\u00f8r.\" \/>\n<meta property=\"og:url\" content=\"https:\/\/www.transtoyou.com\/da\/product\/ventolin\/\" \/>\n<meta property=\"og:site_name\" content=\"Transtoyou - DA\" \/>\n<meta property=\"article:modified_time\" content=\"2026-03-07T13:58:25+00:00\" \/>\n<meta name=\"twitter:card\" content=\"summary_large_image\" \/>\n<meta name=\"twitter:label1\" content=\"Estimeret l\u00e6setid\" \/>\n\t<meta name=\"twitter:data1\" content=\"1 minut\" \/>\n<script type=\"application\/ld+json\" class=\"yoast-schema-graph\">{\"@context\":\"https:\/\/schema.org\",\"@graph\":[{\"@type\":\"WebPage\",\"@id\":\"https:\/\/www.transtoyou.com\/da\/product\/ventolin\/\",\"url\":\"https:\/\/www.transtoyou.com\/da\/product\/ventolin\/\",\"name\":\"Ventolin | Hurtig lindring af astma og vejrtr\u00e6kningsproblemer - Transtoyou - DA\",\"isPartOf\":{\"@id\":\"https:\/\/www.transtoyou.com\/da\/#website\"},\"primaryImageOfPage\":{\"@id\":\"https:\/\/www.transtoyou.com\/da\/product\/ventolin\/#primaryimage\"},\"image\":{\"@id\":\"https:\/\/www.transtoyou.com\/da\/product\/ventolin\/#primaryimage\"},\"thumbnailUrl\":\"https:\/\/www.transtoyou.com\/da\/wp-content\/uploads\/sites\/6\/2026\/01\/tty-no-product-image-178.webp\",\"datePublished\":\"2026-01-26T00:46:20+00:00\",\"dateModified\":\"2026-03-07T13:58:25+00:00\",\"description\":\"Ventolin inhalator lindrer hurtigt astmasymptomer og stram brystkasse. F\u00e5 din recept online\u2014hurtigt, sikkert og diskret leveret til din d\u00f8r.\",\"breadcrumb\":{\"@id\":\"https:\/\/www.transtoyou.com\/da\/product\/ventolin\/#breadcrumb\"},\"inLanguage\":\"da-DK\",\"potentialAction\":[{\"@type\":\"ReadAction\",\"target\":[\"https:\/\/www.transtoyou.com\/da\/product\/ventolin\/\"]}]},{\"@type\":\"ImageObject\",\"inLanguage\":\"da-DK\",\"@id\":\"https:\/\/www.transtoyou.com\/da\/product\/ventolin\/#primaryimage\",\"url\":\"https:\/\/www.transtoyou.com\/da\/wp-content\/uploads\/sites\/6\/2026\/01\/tty-no-product-image-178.webp\",\"contentUrl\":\"https:\/\/www.transtoyou.com\/da\/wp-content\/uploads\/sites\/6\/2026\/01\/tty-no-product-image-178.webp\",\"width\":1000,\"height\":1000,\"caption\":\"Standard produktbillede\"},{\"@type\":\"WebSite\",\"@id\":\"https:\/\/www.transtoyou.com\/da\/#website\",\"url\":\"https:\/\/www.transtoyou.com\/da\/\",\"name\":\"Transtoyou - DA\",\"description\":\"\",\"publisher\":{\"@id\":\"https:\/\/www.transtoyou.com\/da\/#organization\"},\"potentialAction\":[{\"@type\":\"SearchAction\",\"target\":{\"@type\":\"EntryPoint\",\"urlTemplate\":\"https:\/\/www.transtoyou.com\/da\/?s={search_term_string}\"},\"query-input\":{\"@type\":\"PropertyValueSpecification\",\"valueRequired\":true,\"valueName\":\"search_term_string\"}}],\"inLanguage\":\"da-DK\"},{\"@type\":\"Organization\",\"@id\":\"https:\/\/www.transtoyou.com\/da\/#organization\",\"name\":\"Transtoyou - DA\",\"url\":\"https:\/\/www.transtoyou.com\/da\/\",\"logo\":{\"@type\":\"ImageObject\",\"inLanguage\":\"da-DK\",\"@id\":\"https:\/\/www.transtoyou.com\/da\/#\/schema\/logo\/image\/\",\"url\":\"https:\/\/www.transtoyou.com\/da\/wp-content\/uploads\/sites\/6\/2026\/01\/logo-tty-menu-bar-300x87-1.webp\",\"contentUrl\":\"https:\/\/www.transtoyou.com\/da\/wp-content\/uploads\/sites\/6\/2026\/01\/logo-tty-menu-bar-300x87-1.webp\",\"width\":300,\"height\":87,\"caption\":\"Transtoyou - DA\"},\"image\":{\"@id\":\"https:\/\/www.transtoyou.com\/da\/#\/schema\/logo\/image\/\"}}]}<\/script>\n<!-- \/ Yoast SEO plugin. -->","yoast_head_json":{"title":"Ventolin | Hurtig lindring af astma og vejrtr\u00e6kningsproblemer - Transtoyou - DA","description":"Ventolin inhalator lindrer hurtigt astmasymptomer og stram brystkasse. F\u00e5 din recept online\u2014hurtigt, sikkert og diskret leveret til din d\u00f8r.","robots":{"index":"noindex","follow":"follow","max-snippet":"max-snippet:-1","max-image-preview":"max-image-preview:large","max-video-preview":"max-video-preview:-1"},"og_locale":"da_DK","og_type":"article","og_title":"Ventolin | Hurtig lindring af astma og vejrtr\u00e6kningsproblemer - Transtoyou - DA","og_description":"Ventolin inhalator lindrer hurtigt astmasymptomer og stram brystkasse. F\u00e5 din recept online\u2014hurtigt, sikkert og diskret leveret til din d\u00f8r.","og_url":"https:\/\/www.transtoyou.com\/da\/product\/ventolin\/","og_site_name":"Transtoyou - DA","article_modified_time":"2026-03-07T13:58:25+00:00","twitter_card":"summary_large_image","twitter_misc":{"Estimeret l\u00e6setid":"1 minut"},"schema":{"@context":"https:\/\/schema.org","@graph":[{"@type":"WebPage","@id":"https:\/\/www.transtoyou.com\/da\/product\/ventolin\/","url":"https:\/\/www.transtoyou.com\/da\/product\/ventolin\/","name":"Ventolin | Hurtig lindring af astma og vejrtr\u00e6kningsproblemer - Transtoyou - DA","isPartOf":{"@id":"https:\/\/www.transtoyou.com\/da\/#website"},"primaryImageOfPage":{"@id":"https:\/\/www.transtoyou.com\/da\/product\/ventolin\/#primaryimage"},"image":{"@id":"https:\/\/www.transtoyou.com\/da\/product\/ventolin\/#primaryimage"},"thumbnailUrl":"https:\/\/www.transtoyou.com\/da\/wp-content\/uploads\/sites\/6\/2026\/01\/tty-no-product-image-178.webp","datePublished":"2026-01-26T00:46:20+00:00","dateModified":"2026-03-07T13:58:25+00:00","description":"Ventolin inhalator lindrer hurtigt astmasymptomer og stram brystkasse. F\u00e5 din recept online\u2014hurtigt, sikkert og diskret leveret til din d\u00f8r.","breadcrumb":{"@id":"https:\/\/www.transtoyou.com\/da\/product\/ventolin\/#breadcrumb"},"inLanguage":"da-DK","potentialAction":[{"@type":"ReadAction","target":["https:\/\/www.transtoyou.com\/da\/product\/ventolin\/"]}]},{"@type":"ImageObject","inLanguage":"da-DK","@id":"https:\/\/www.transtoyou.com\/da\/product\/ventolin\/#primaryimage","url":"https:\/\/www.transtoyou.com\/da\/wp-content\/uploads\/sites\/6\/2026\/01\/tty-no-product-image-178.webp","contentUrl":"https:\/\/www.transtoyou.com\/da\/wp-content\/uploads\/sites\/6\/2026\/01\/tty-no-product-image-178.webp","width":1000,"height":1000,"caption":"Standard produktbillede"},{"@type":"WebSite","@id":"https:\/\/www.transtoyou.com\/da\/#website","url":"https:\/\/www.transtoyou.com\/da\/","name":"Transtoyou - DA","description":"","publisher":{"@id":"https:\/\/www.transtoyou.com\/da\/#organization"},"potentialAction":[{"@type":"SearchAction","target":{"@type":"EntryPoint","urlTemplate":"https:\/\/www.transtoyou.com\/da\/?s={search_term_string}"},"query-input":{"@type":"PropertyValueSpecification","valueRequired":true,"valueName":"search_term_string"}}],"inLanguage":"da-DK"},{"@type":"Organization","@id":"https:\/\/www.transtoyou.com\/da\/#organization","name":"Transtoyou - DA","url":"https:\/\/www.transtoyou.com\/da\/","logo":{"@type":"ImageObject","inLanguage":"da-DK","@id":"https:\/\/www.transtoyou.com\/da\/#\/schema\/logo\/image\/","url":"https:\/\/www.transtoyou.com\/da\/wp-content\/uploads\/sites\/6\/2026\/01\/logo-tty-menu-bar-300x87-1.webp","contentUrl":"https:\/\/www.transtoyou.com\/da\/wp-content\/uploads\/sites\/6\/2026\/01\/logo-tty-menu-bar-300x87-1.webp","width":300,"height":87,"caption":"Transtoyou - DA"},"image":{"@id":"https:\/\/www.transtoyou.com\/da\/#\/schema\/logo\/image\/"}}]}},"_links":{"self":[{"href":"https:\/\/www.transtoyou.com\/da\/wp-json\/wp\/v2\/product\/1291","targetHints":{"allow":["GET"]}}],"collection":[{"href":"https:\/\/www.transtoyou.com\/da\/wp-json\/wp\/v2\/product"}],"about":[{"href":"https:\/\/www.transtoyou.com\/da\/wp-json\/wp\/v2\/types\/product"}],"replies":[{"embeddable":true,"href":"https:\/\/www.transtoyou.com\/da\/wp-json\/wp\/v2\/comments?post=1291"}],"wp:featuredmedia":[{"embeddable":true,"href":"https:\/\/www.transtoyou.com\/da\/wp-json\/wp\/v2\/media\/1293"}],"wp:attachment":[{"href":"https:\/\/www.transtoyou.com\/da\/wp-json\/wp\/v2\/media?parent=1291"}],"wp:term":[{"taxonomy":"product_brand","embeddable":true,"href":"https:\/\/www.transtoyou.com\/da\/wp-json\/wp\/v2\/product_brand?post=1291"},{"taxonomy":"product_cat","embeddable":true,"href":"https:\/\/www.transtoyou.com\/da\/wp-json\/wp\/v2\/product_cat?post=1291"},{"taxonomy":"product_tag","embeddable":true,"href":"https:\/\/www.transtoyou.com\/da\/wp-json\/wp\/v2\/product_tag?post=1291"},{"taxonomy":"expert","embeddable":true,"href":"https:\/\/www.transtoyou.com\/da\/wp-json\/wp\/v2\/expert?post=1291"}],"curies":[{"name":"wp","href":"https:\/\/api.w.org\/{rel}","templated":true}]}}