{"id":1297,"date":"2026-01-26T03:21:09","date_gmt":"2026-01-26T01:21:09","guid":{"rendered":"https:\/\/www.transtoyou.com\/da\/product\/arcoxia-etoricoxib\/"},"modified":"2026-02-14T18:02:53","modified_gmt":"2026-02-14T16:02:53","slug":"arcoxia-etoricoxib","status":"publish","type":"product","link":"https:\/\/www.transtoyou.com\/da\/product\/arcoxia-etoricoxib\/","title":{"rendered":"Arcoxia (etoricoxib)"},"content":{"rendered":"<p>Arcoxia, der indeholder det aktive stof etoricoxib, er en receptpligtig medicin, der tilh\u00f8rer klassen af l\u00e6gemidler kendt som COX-2 selektive h\u00e6mmere, en type ikke-steroidal antiinflammatorisk l\u00e6gemiddel (NSAID). Det virker ved selektivt at blokere enzymet cyclooxygenase-2 (COX-2), som spiller en afg\u00f8rende rolle i produktionen af prostaglandiner. Disse kemikalier er ansvarlige for smerte, bet\u00e6ndelse og h\u00e6velse.<\/p>\n<p>Arcoxia bruges almindeligvis til at h\u00e5ndtere forskellige typer smerte og bet\u00e6ndelse forbundet med tilstande som slidgigt, reumatoid arthritis, ankyloserende spondylitis, akut urinsyregigt og kroniske l\u00e6ndesmerter. Det kan ogs\u00e5 bruges til kortvarig behandling af moderat smerte, s\u00e5som den der opst\u00e5r efter tandkirurgi.<\/p>\n<p>Ved at h\u00e6mme COX-2 uden betydeligt at p\u00e5virke COX-1 hj\u00e6lper Arcoxia med at lindre smerte og bet\u00e6ndelse, samtidig med at det minimerer gastrointestinal bivirkninger, der ofte ses med traditionelle NSAID&#8217;er. Dog kan kardiovaskul\u00e6re risici stige ved langvarig brug, is\u00e6r ved h\u00f8jere doser.<\/p>\n<p>Arcoxia er kendt for sin m\u00e5lrettede virkning, som giver effektiv smertelindring med en lavere risiko for gastrointestinal ubehag. Dens engang-daglige dosering tilbyder bekvemmelighed for kroniske tilstande.<\/p>\n","protected":false},"excerpt":{"rendered":"<ul>\n<li>COX-2 selektiv NSAID til effektiv kontrol af bet\u00e6ndelse<\/li>\n<li>Engangs-dosering dagligt for nem brug<\/li>\n<li>Mindre risiko for maveirritation sammenlignet med traditionelle NSAID&#8217;er<\/li>\n<\/ul>\n","protected":false},"featured_media":1298,"comment_status":"open","ping_status":"closed","template":"","meta":[],"product_brand":[],"product_cat":[81],"product_tag":[],"expert":[19],"class_list":{"0":"post-1297","1":"product","2":"type-product","3":"status-publish","4":"has-post-thumbnail","6":"product_cat-ryg-muskel-ledsmerter","7":"expert-dr-j-vazquez","9":"first","10":"instock","11":"shipping-taxable","12":"product-type-variable"},"yoast_head":"<!-- This site is optimized with the Yoast SEO plugin v27.0 - https:\/\/yoast.com\/product\/yoast-seo-wordpress\/ -->\n<title>Arcoxia (etoricoxib) | M\u00e5lrettet lindring af smerte og inflammation - Transtoyou - DA<\/title>\n<meta name=\"description\" content=\"Arcoxia hj\u00e6lper med arthritis, rygsmerter og ledinflammation. F\u00e5 din recept online. Sikkert, hurtigt og diskret leveret til din d\u00f8r.\" \/>\n<meta name=\"robots\" content=\"noindex, follow, max-snippet:-1, max-image-preview:large, max-video-preview:-1\" \/>\n<meta property=\"og:locale\" content=\"da_DK\" \/>\n<meta property=\"og:type\" content=\"article\" \/>\n<meta property=\"og:title\" content=\"Arcoxia (etoricoxib) | M\u00e5lrettet lindring af smerte og inflammation - Transtoyou - DA\" \/>\n<meta property=\"og:description\" content=\"Arcoxia hj\u00e6lper med arthritis, rygsmerter og ledinflammation. F\u00e5 din recept online. Sikkert, hurtigt og diskret leveret til din d\u00f8r.\" \/>\n<meta property=\"og:url\" content=\"https:\/\/www.transtoyou.com\/da\/product\/arcoxia-etoricoxib\/\" \/>\n<meta property=\"og:site_name\" content=\"Transtoyou - DA\" \/>\n<meta property=\"article:modified_time\" content=\"2026-02-14T16:02:53+00:00\" \/>\n<meta name=\"twitter:card\" content=\"summary_large_image\" \/>\n<meta name=\"twitter:label1\" content=\"Estimeret l\u00e6setid\" \/>\n\t<meta name=\"twitter:data1\" content=\"1 minut\" \/>\n<script type=\"application\/ld+json\" class=\"yoast-schema-graph\">{\"@context\":\"https:\/\/schema.org\",\"@graph\":[{\"@type\":\"WebPage\",\"@id\":\"https:\/\/www.transtoyou.com\/da\/product\/arcoxia-etoricoxib\/\",\"url\":\"https:\/\/www.transtoyou.com\/da\/product\/arcoxia-etoricoxib\/\",\"name\":\"Arcoxia (etoricoxib) | M\u00e5lrettet lindring af smerte og inflammation - Transtoyou - DA\",\"isPartOf\":{\"@id\":\"https:\/\/www.transtoyou.com\/da\/#website\"},\"primaryImageOfPage\":{\"@id\":\"https:\/\/www.transtoyou.com\/da\/product\/arcoxia-etoricoxib\/#primaryimage\"},\"image\":{\"@id\":\"https:\/\/www.transtoyou.com\/da\/product\/arcoxia-etoricoxib\/#primaryimage\"},\"thumbnailUrl\":\"https:\/\/www.transtoyou.com\/da\/wp-content\/uploads\/sites\/6\/2026\/01\/tty-no-product-image-180.webp\",\"datePublished\":\"2026-01-26T01:21:09+00:00\",\"dateModified\":\"2026-02-14T16:02:53+00:00\",\"description\":\"Arcoxia hj\u00e6lper med arthritis, rygsmerter og ledinflammation. F\u00e5 din recept online. Sikkert, hurtigt og diskret leveret til din d\u00f8r.\",\"breadcrumb\":{\"@id\":\"https:\/\/www.transtoyou.com\/da\/product\/arcoxia-etoricoxib\/#breadcrumb\"},\"inLanguage\":\"da-DK\",\"potentialAction\":[{\"@type\":\"ReadAction\",\"target\":[\"https:\/\/www.transtoyou.com\/da\/product\/arcoxia-etoricoxib\/\"]}]},{\"@type\":\"ImageObject\",\"inLanguage\":\"da-DK\",\"@id\":\"https:\/\/www.transtoyou.com\/da\/product\/arcoxia-etoricoxib\/#primaryimage\",\"url\":\"https:\/\/www.transtoyou.com\/da\/wp-content\/uploads\/sites\/6\/2026\/01\/tty-no-product-image-180.webp\",\"contentUrl\":\"https:\/\/www.transtoyou.com\/da\/wp-content\/uploads\/sites\/6\/2026\/01\/tty-no-product-image-180.webp\",\"width\":1000,\"height\":1000,\"caption\":\"Standard produktbillede\"},{\"@type\":\"WebSite\",\"@id\":\"https:\/\/www.transtoyou.com\/da\/#website\",\"url\":\"https:\/\/www.transtoyou.com\/da\/\",\"name\":\"Transtoyou - DA\",\"description\":\"\",\"publisher\":{\"@id\":\"https:\/\/www.transtoyou.com\/da\/#organization\"},\"potentialAction\":[{\"@type\":\"SearchAction\",\"target\":{\"@type\":\"EntryPoint\",\"urlTemplate\":\"https:\/\/www.transtoyou.com\/da\/?s={search_term_string}\"},\"query-input\":{\"@type\":\"PropertyValueSpecification\",\"valueRequired\":true,\"valueName\":\"search_term_string\"}}],\"inLanguage\":\"da-DK\"},{\"@type\":\"Organization\",\"@id\":\"https:\/\/www.transtoyou.com\/da\/#organization\",\"name\":\"Transtoyou - DA\",\"url\":\"https:\/\/www.transtoyou.com\/da\/\",\"logo\":{\"@type\":\"ImageObject\",\"inLanguage\":\"da-DK\",\"@id\":\"https:\/\/www.transtoyou.com\/da\/#\/schema\/logo\/image\/\",\"url\":\"https:\/\/www.transtoyou.com\/da\/wp-content\/uploads\/sites\/6\/2026\/01\/logo-tty-menu-bar-300x87-1.webp\",\"contentUrl\":\"https:\/\/www.transtoyou.com\/da\/wp-content\/uploads\/sites\/6\/2026\/01\/logo-tty-menu-bar-300x87-1.webp\",\"width\":300,\"height\":87,\"caption\":\"Transtoyou - DA\"},\"image\":{\"@id\":\"https:\/\/www.transtoyou.com\/da\/#\/schema\/logo\/image\/\"}}]}<\/script>\n<!-- \/ Yoast SEO plugin. -->","yoast_head_json":{"title":"Arcoxia (etoricoxib) | M\u00e5lrettet lindring af smerte og inflammation - Transtoyou - DA","description":"Arcoxia hj\u00e6lper med arthritis, rygsmerter og ledinflammation. F\u00e5 din recept online. Sikkert, hurtigt og diskret leveret til din d\u00f8r.","robots":{"index":"noindex","follow":"follow","max-snippet":"max-snippet:-1","max-image-preview":"max-image-preview:large","max-video-preview":"max-video-preview:-1"},"og_locale":"da_DK","og_type":"article","og_title":"Arcoxia (etoricoxib) | M\u00e5lrettet lindring af smerte og inflammation - Transtoyou - DA","og_description":"Arcoxia hj\u00e6lper med arthritis, rygsmerter og ledinflammation. F\u00e5 din recept online. Sikkert, hurtigt og diskret leveret til din d\u00f8r.","og_url":"https:\/\/www.transtoyou.com\/da\/product\/arcoxia-etoricoxib\/","og_site_name":"Transtoyou - DA","article_modified_time":"2026-02-14T16:02:53+00:00","twitter_card":"summary_large_image","twitter_misc":{"Estimeret l\u00e6setid":"1 minut"},"schema":{"@context":"https:\/\/schema.org","@graph":[{"@type":"WebPage","@id":"https:\/\/www.transtoyou.com\/da\/product\/arcoxia-etoricoxib\/","url":"https:\/\/www.transtoyou.com\/da\/product\/arcoxia-etoricoxib\/","name":"Arcoxia (etoricoxib) | M\u00e5lrettet lindring af smerte og inflammation - Transtoyou - DA","isPartOf":{"@id":"https:\/\/www.transtoyou.com\/da\/#website"},"primaryImageOfPage":{"@id":"https:\/\/www.transtoyou.com\/da\/product\/arcoxia-etoricoxib\/#primaryimage"},"image":{"@id":"https:\/\/www.transtoyou.com\/da\/product\/arcoxia-etoricoxib\/#primaryimage"},"thumbnailUrl":"https:\/\/www.transtoyou.com\/da\/wp-content\/uploads\/sites\/6\/2026\/01\/tty-no-product-image-180.webp","datePublished":"2026-01-26T01:21:09+00:00","dateModified":"2026-02-14T16:02:53+00:00","description":"Arcoxia hj\u00e6lper med arthritis, rygsmerter og ledinflammation. F\u00e5 din recept online. Sikkert, hurtigt og diskret leveret til din d\u00f8r.","breadcrumb":{"@id":"https:\/\/www.transtoyou.com\/da\/product\/arcoxia-etoricoxib\/#breadcrumb"},"inLanguage":"da-DK","potentialAction":[{"@type":"ReadAction","target":["https:\/\/www.transtoyou.com\/da\/product\/arcoxia-etoricoxib\/"]}]},{"@type":"ImageObject","inLanguage":"da-DK","@id":"https:\/\/www.transtoyou.com\/da\/product\/arcoxia-etoricoxib\/#primaryimage","url":"https:\/\/www.transtoyou.com\/da\/wp-content\/uploads\/sites\/6\/2026\/01\/tty-no-product-image-180.webp","contentUrl":"https:\/\/www.transtoyou.com\/da\/wp-content\/uploads\/sites\/6\/2026\/01\/tty-no-product-image-180.webp","width":1000,"height":1000,"caption":"Standard produktbillede"},{"@type":"WebSite","@id":"https:\/\/www.transtoyou.com\/da\/#website","url":"https:\/\/www.transtoyou.com\/da\/","name":"Transtoyou - DA","description":"","publisher":{"@id":"https:\/\/www.transtoyou.com\/da\/#organization"},"potentialAction":[{"@type":"SearchAction","target":{"@type":"EntryPoint","urlTemplate":"https:\/\/www.transtoyou.com\/da\/?s={search_term_string}"},"query-input":{"@type":"PropertyValueSpecification","valueRequired":true,"valueName":"search_term_string"}}],"inLanguage":"da-DK"},{"@type":"Organization","@id":"https:\/\/www.transtoyou.com\/da\/#organization","name":"Transtoyou - DA","url":"https:\/\/www.transtoyou.com\/da\/","logo":{"@type":"ImageObject","inLanguage":"da-DK","@id":"https:\/\/www.transtoyou.com\/da\/#\/schema\/logo\/image\/","url":"https:\/\/www.transtoyou.com\/da\/wp-content\/uploads\/sites\/6\/2026\/01\/logo-tty-menu-bar-300x87-1.webp","contentUrl":"https:\/\/www.transtoyou.com\/da\/wp-content\/uploads\/sites\/6\/2026\/01\/logo-tty-menu-bar-300x87-1.webp","width":300,"height":87,"caption":"Transtoyou - DA"},"image":{"@id":"https:\/\/www.transtoyou.com\/da\/#\/schema\/logo\/image\/"}}]}},"_links":{"self":[{"href":"https:\/\/www.transtoyou.com\/da\/wp-json\/wp\/v2\/product\/1297","targetHints":{"allow":["GET"]}}],"collection":[{"href":"https:\/\/www.transtoyou.com\/da\/wp-json\/wp\/v2\/product"}],"about":[{"href":"https:\/\/www.transtoyou.com\/da\/wp-json\/wp\/v2\/types\/product"}],"replies":[{"embeddable":true,"href":"https:\/\/www.transtoyou.com\/da\/wp-json\/wp\/v2\/comments?post=1297"}],"wp:featuredmedia":[{"embeddable":true,"href":"https:\/\/www.transtoyou.com\/da\/wp-json\/wp\/v2\/media\/1298"}],"wp:attachment":[{"href":"https:\/\/www.transtoyou.com\/da\/wp-json\/wp\/v2\/media?parent=1297"}],"wp:term":[{"taxonomy":"product_brand","embeddable":true,"href":"https:\/\/www.transtoyou.com\/da\/wp-json\/wp\/v2\/product_brand?post=1297"},{"taxonomy":"product_cat","embeddable":true,"href":"https:\/\/www.transtoyou.com\/da\/wp-json\/wp\/v2\/product_cat?post=1297"},{"taxonomy":"product_tag","embeddable":true,"href":"https:\/\/www.transtoyou.com\/da\/wp-json\/wp\/v2\/product_tag?post=1297"},{"taxonomy":"expert","embeddable":true,"href":"https:\/\/www.transtoyou.com\/da\/wp-json\/wp\/v2\/expert?post=1297"}],"curies":[{"name":"wp","href":"https:\/\/api.w.org\/{rel}","templated":true}]}}