{"id":1317,"date":"2026-01-26T05:38:12","date_gmt":"2026-01-26T03:38:12","guid":{"rendered":"https:\/\/www.transtoyou.com\/da\/product\/paracetamol-codeine\/"},"modified":"2026-03-01T12:21:37","modified_gmt":"2026-03-01T10:21:37","slug":"paracetamol-codein","status":"publish","type":"product","link":"https:\/\/www.transtoyou.com\/da\/product\/paracetamol-codein\/","title":{"rendered":"Paracetamol\/Codein"},"content":{"rendered":"<p>Smerte er en uvelkommen f\u00f8lgesvend i hverdagen, der forstyrrer alt fra arbejde til enkle forn\u00f8jelser. Paracetamol\/Codein er designet til at give lindring, n\u00e5r almindelige smertestillende midler som ibuprofen eller paracetamol alene ikke er tilstr\u00e6kkelige. Denne dual-handling medicin kombinerer paracetamol, et meget anvendt smertestillende og feberneds\u00e6ttende middel, med codein, et mildt opioid, der \u00e6ndrer smerteopfattelsen i hjernen. Sammen tilbyder de en mere potent respons p\u00e5 moderat til sv\u00e6r smerte.<\/p>\n<p>Paracetamol virker ved at reducere produktionen af prostaglandiner\u2014kemikalier i kroppen, der er ansvarlige for smerte og bet\u00e6ndelse. I mellemtiden binder codein sig til opioidreceptorer i hjernen, hvilket \u00e6ndrer, hvordan smertesignaler behandles og forbedrer smertelindringen. Denne kombination er is\u00e6r effektiv til hovedpine, migr\u00e6ne, tandpine, muskel- og ledsmerter, postoperativ smerte og menstruationsubehag.<\/p>\n<p>Lindringen fra Paracetamol\/Codein begynder typisk inden for 30 til 60 minutter og varer i flere timer, hvilket g\u00f8r det til en p\u00e5lidelig mulighed for dem, der har brug for effektiv smertelindring. Det er dog vigtigt at bruge denne medicin ansvarligt. Overdreven indtagelse af paracetamol kan f\u00f8re til leverskader, mens langvarig brug af codein indeb\u00e6rer en risiko for afh\u00e6ngighed. Det b\u00f8r kun anvendes som anvist af en sundhedsprofessionel, og alkohol b\u00f8r undg\u00e5s for at forhindre \u00f8get d\u00f8sighed og potentiel lever toksicitet.<\/p>\n","protected":false},"excerpt":{"rendered":"<ul>\n<li>Dobbeltvirkende formel for st\u00e6rkere lindring<\/li>\n<li>Hurtigvirkende smertelindrende kombination<\/li>\n<li>Hj\u00e6lper n\u00e5r almindelige smertestillende midler svigter<\/li>\n<\/ul>\n","protected":false},"featured_media":1319,"comment_status":"open","ping_status":"closed","template":"","meta":[],"product_brand":[],"product_cat":[129,123,70,147,153,81],"product_tag":[],"expert":[16],"class_list":{"0":"post-1317","1":"product","2":"type-product","3":"status-publish","4":"has-post-thumbnail","6":"product_cat-hovedpine-migraene","7":"product_cat-influenza-hoste-forkolelsesmidler","8":"product_cat-mavesmerter","9":"product_cat-menstruationsbesvaer","10":"product_cat-nerve-smerter","11":"product_cat-ryg-muskel-ledsmerter","12":"expert-dr-c-alexandru","14":"first","15":"instock","16":"shipping-taxable","17":"product-type-variable"},"yoast_head":"<!-- This site is optimized with the Yoast SEO plugin v27.0 - https:\/\/yoast.com\/product\/yoast-seo-wordpress\/ -->\n<title>K\u00f8b Paracetamol med Codein Online | Hurtig Lindring - Transtoyou - DA<\/title>\n<meta name=\"description\" content=\"Bestil Paracetamol\/Codein online for hurtig og effektiv smertelindring. Perfekt til moderat til sv\u00e6r smerte, n\u00e5r andre smertestillende ikke virker.\" \/>\n<meta name=\"robots\" content=\"noindex, follow, max-snippet:-1, max-image-preview:large, max-video-preview:-1\" \/>\n<meta property=\"og:locale\" content=\"da_DK\" \/>\n<meta property=\"og:type\" content=\"article\" \/>\n<meta property=\"og:title\" content=\"K\u00f8b Paracetamol med Codein Online | Hurtig Lindring - Transtoyou - DA\" \/>\n<meta property=\"og:description\" content=\"Bestil Paracetamol\/Codein online for hurtig og effektiv smertelindring. Perfekt til moderat til sv\u00e6r smerte, n\u00e5r andre smertestillende ikke virker.\" \/>\n<meta property=\"og:url\" content=\"https:\/\/www.transtoyou.com\/da\/product\/paracetamol-codeine\/\" \/>\n<meta property=\"og:site_name\" content=\"Transtoyou - DA\" \/>\n<meta property=\"article:modified_time\" content=\"2026-03-01T10:21:37+00:00\" \/>\n<meta name=\"twitter:card\" content=\"summary_large_image\" \/>\n<meta name=\"twitter:label1\" content=\"Estimeret l\u00e6setid\" \/>\n\t<meta name=\"twitter:data1\" content=\"1 minut\" \/>\n<script type=\"application\/ld+json\" class=\"yoast-schema-graph\">{\"@context\":\"https:\/\/schema.org\",\"@graph\":[{\"@type\":\"WebPage\",\"@id\":\"https:\/\/www.transtoyou.com\/da\/product\/paracetamol-codeine\/\",\"url\":\"https:\/\/www.transtoyou.com\/da\/product\/paracetamol-codeine\/\",\"name\":\"K\u00f8b Paracetamol med Codein Online | Hurtig Lindring - Transtoyou - DA\",\"isPartOf\":{\"@id\":\"https:\/\/www.transtoyou.com\/da\/#website\"},\"primaryImageOfPage\":{\"@id\":\"https:\/\/www.transtoyou.com\/da\/product\/paracetamol-codeine\/#primaryimage\"},\"image\":{\"@id\":\"https:\/\/www.transtoyou.com\/da\/product\/paracetamol-codeine\/#primaryimage\"},\"thumbnailUrl\":\"https:\/\/www.transtoyou.com\/da\/wp-content\/uploads\/sites\/6\/2026\/01\/tty-no-product-image-187.webp\",\"datePublished\":\"2026-01-26T03:38:12+00:00\",\"dateModified\":\"2026-03-01T10:21:37+00:00\",\"description\":\"Bestil Paracetamol\/Codein online for hurtig og effektiv smertelindring. Perfekt til moderat til sv\u00e6r smerte, n\u00e5r andre smertestillende ikke virker.\",\"breadcrumb\":{\"@id\":\"https:\/\/www.transtoyou.com\/da\/product\/paracetamol-codeine\/#breadcrumb\"},\"inLanguage\":\"da-DK\",\"potentialAction\":[{\"@type\":\"ReadAction\",\"target\":[\"https:\/\/www.transtoyou.com\/da\/product\/paracetamol-codeine\/\"]}]},{\"@type\":\"ImageObject\",\"inLanguage\":\"da-DK\",\"@id\":\"https:\/\/www.transtoyou.com\/da\/product\/paracetamol-codeine\/#primaryimage\",\"url\":\"https:\/\/www.transtoyou.com\/da\/wp-content\/uploads\/sites\/6\/2026\/01\/tty-no-product-image-187.webp\",\"contentUrl\":\"https:\/\/www.transtoyou.com\/da\/wp-content\/uploads\/sites\/6\/2026\/01\/tty-no-product-image-187.webp\",\"width\":1000,\"height\":1000,\"caption\":\"Standard produktbillede\"},{\"@type\":\"WebSite\",\"@id\":\"https:\/\/www.transtoyou.com\/da\/#website\",\"url\":\"https:\/\/www.transtoyou.com\/da\/\",\"name\":\"Transtoyou - DA\",\"description\":\"\",\"publisher\":{\"@id\":\"https:\/\/www.transtoyou.com\/da\/#organization\"},\"potentialAction\":[{\"@type\":\"SearchAction\",\"target\":{\"@type\":\"EntryPoint\",\"urlTemplate\":\"https:\/\/www.transtoyou.com\/da\/?s={search_term_string}\"},\"query-input\":{\"@type\":\"PropertyValueSpecification\",\"valueRequired\":true,\"valueName\":\"search_term_string\"}}],\"inLanguage\":\"da-DK\"},{\"@type\":\"Organization\",\"@id\":\"https:\/\/www.transtoyou.com\/da\/#organization\",\"name\":\"Transtoyou - DA\",\"url\":\"https:\/\/www.transtoyou.com\/da\/\",\"logo\":{\"@type\":\"ImageObject\",\"inLanguage\":\"da-DK\",\"@id\":\"https:\/\/www.transtoyou.com\/da\/#\/schema\/logo\/image\/\",\"url\":\"https:\/\/www.transtoyou.com\/da\/wp-content\/uploads\/sites\/6\/2026\/01\/logo-tty-menu-bar-300x87-1.webp\",\"contentUrl\":\"https:\/\/www.transtoyou.com\/da\/wp-content\/uploads\/sites\/6\/2026\/01\/logo-tty-menu-bar-300x87-1.webp\",\"width\":300,\"height\":87,\"caption\":\"Transtoyou - DA\"},\"image\":{\"@id\":\"https:\/\/www.transtoyou.com\/da\/#\/schema\/logo\/image\/\"}}]}<\/script>\n<!-- \/ Yoast SEO plugin. -->","yoast_head_json":{"title":"K\u00f8b Paracetamol med Codein Online | Hurtig Lindring - Transtoyou - DA","description":"Bestil Paracetamol\/Codein online for hurtig og effektiv smertelindring. Perfekt til moderat til sv\u00e6r smerte, n\u00e5r andre smertestillende ikke virker.","robots":{"index":"noindex","follow":"follow","max-snippet":"max-snippet:-1","max-image-preview":"max-image-preview:large","max-video-preview":"max-video-preview:-1"},"og_locale":"da_DK","og_type":"article","og_title":"K\u00f8b Paracetamol med Codein Online | Hurtig Lindring - Transtoyou - DA","og_description":"Bestil Paracetamol\/Codein online for hurtig og effektiv smertelindring. Perfekt til moderat til sv\u00e6r smerte, n\u00e5r andre smertestillende ikke virker.","og_url":"https:\/\/www.transtoyou.com\/da\/product\/paracetamol-codeine\/","og_site_name":"Transtoyou - DA","article_modified_time":"2026-03-01T10:21:37+00:00","twitter_card":"summary_large_image","twitter_misc":{"Estimeret l\u00e6setid":"1 minut"},"schema":{"@context":"https:\/\/schema.org","@graph":[{"@type":"WebPage","@id":"https:\/\/www.transtoyou.com\/da\/product\/paracetamol-codeine\/","url":"https:\/\/www.transtoyou.com\/da\/product\/paracetamol-codeine\/","name":"K\u00f8b Paracetamol med Codein Online | Hurtig Lindring - Transtoyou - DA","isPartOf":{"@id":"https:\/\/www.transtoyou.com\/da\/#website"},"primaryImageOfPage":{"@id":"https:\/\/www.transtoyou.com\/da\/product\/paracetamol-codeine\/#primaryimage"},"image":{"@id":"https:\/\/www.transtoyou.com\/da\/product\/paracetamol-codeine\/#primaryimage"},"thumbnailUrl":"https:\/\/www.transtoyou.com\/da\/wp-content\/uploads\/sites\/6\/2026\/01\/tty-no-product-image-187.webp","datePublished":"2026-01-26T03:38:12+00:00","dateModified":"2026-03-01T10:21:37+00:00","description":"Bestil Paracetamol\/Codein online for hurtig og effektiv smertelindring. Perfekt til moderat til sv\u00e6r smerte, n\u00e5r andre smertestillende ikke virker.","breadcrumb":{"@id":"https:\/\/www.transtoyou.com\/da\/product\/paracetamol-codeine\/#breadcrumb"},"inLanguage":"da-DK","potentialAction":[{"@type":"ReadAction","target":["https:\/\/www.transtoyou.com\/da\/product\/paracetamol-codeine\/"]}]},{"@type":"ImageObject","inLanguage":"da-DK","@id":"https:\/\/www.transtoyou.com\/da\/product\/paracetamol-codeine\/#primaryimage","url":"https:\/\/www.transtoyou.com\/da\/wp-content\/uploads\/sites\/6\/2026\/01\/tty-no-product-image-187.webp","contentUrl":"https:\/\/www.transtoyou.com\/da\/wp-content\/uploads\/sites\/6\/2026\/01\/tty-no-product-image-187.webp","width":1000,"height":1000,"caption":"Standard produktbillede"},{"@type":"WebSite","@id":"https:\/\/www.transtoyou.com\/da\/#website","url":"https:\/\/www.transtoyou.com\/da\/","name":"Transtoyou - DA","description":"","publisher":{"@id":"https:\/\/www.transtoyou.com\/da\/#organization"},"potentialAction":[{"@type":"SearchAction","target":{"@type":"EntryPoint","urlTemplate":"https:\/\/www.transtoyou.com\/da\/?s={search_term_string}"},"query-input":{"@type":"PropertyValueSpecification","valueRequired":true,"valueName":"search_term_string"}}],"inLanguage":"da-DK"},{"@type":"Organization","@id":"https:\/\/www.transtoyou.com\/da\/#organization","name":"Transtoyou - DA","url":"https:\/\/www.transtoyou.com\/da\/","logo":{"@type":"ImageObject","inLanguage":"da-DK","@id":"https:\/\/www.transtoyou.com\/da\/#\/schema\/logo\/image\/","url":"https:\/\/www.transtoyou.com\/da\/wp-content\/uploads\/sites\/6\/2026\/01\/logo-tty-menu-bar-300x87-1.webp","contentUrl":"https:\/\/www.transtoyou.com\/da\/wp-content\/uploads\/sites\/6\/2026\/01\/logo-tty-menu-bar-300x87-1.webp","width":300,"height":87,"caption":"Transtoyou - DA"},"image":{"@id":"https:\/\/www.transtoyou.com\/da\/#\/schema\/logo\/image\/"}}]}},"_links":{"self":[{"href":"https:\/\/www.transtoyou.com\/da\/wp-json\/wp\/v2\/product\/1317","targetHints":{"allow":["GET"]}}],"collection":[{"href":"https:\/\/www.transtoyou.com\/da\/wp-json\/wp\/v2\/product"}],"about":[{"href":"https:\/\/www.transtoyou.com\/da\/wp-json\/wp\/v2\/types\/product"}],"replies":[{"embeddable":true,"href":"https:\/\/www.transtoyou.com\/da\/wp-json\/wp\/v2\/comments?post=1317"}],"wp:featuredmedia":[{"embeddable":true,"href":"https:\/\/www.transtoyou.com\/da\/wp-json\/wp\/v2\/media\/1319"}],"wp:attachment":[{"href":"https:\/\/www.transtoyou.com\/da\/wp-json\/wp\/v2\/media?parent=1317"}],"wp:term":[{"taxonomy":"product_brand","embeddable":true,"href":"https:\/\/www.transtoyou.com\/da\/wp-json\/wp\/v2\/product_brand?post=1317"},{"taxonomy":"product_cat","embeddable":true,"href":"https:\/\/www.transtoyou.com\/da\/wp-json\/wp\/v2\/product_cat?post=1317"},{"taxonomy":"product_tag","embeddable":true,"href":"https:\/\/www.transtoyou.com\/da\/wp-json\/wp\/v2\/product_tag?post=1317"},{"taxonomy":"expert","embeddable":true,"href":"https:\/\/www.transtoyou.com\/da\/wp-json\/wp\/v2\/expert?post=1317"}],"curies":[{"name":"wp","href":"https:\/\/api.w.org\/{rel}","templated":true}]}}