{"id":1408,"date":"2026-02-04T08:21:34","date_gmt":"2026-02-04T06:21:34","guid":{"rendered":"https:\/\/www.transtoyou.com\/da\/product\/advil\/"},"modified":"2026-02-04T08:22:04","modified_gmt":"2026-02-04T06:22:04","slug":"advil","status":"publish","type":"product","link":"https:\/\/www.transtoyou.com\/da\/product\/advil\/","title":{"rendered":"Advil"},"content":{"rendered":"<p>Advil indeholder ibuprofen, et l\u00e6gemiddel der bruges til at lindre smerte, reducere h\u00e6velse og s\u00e6nke feber. Det er en del af en gruppe af l\u00e6gemidler kaldet ikke-steroide antiinflammatoriske l\u00e6gemidler. Ibuprofen virker ved at blokere enzymer kaldet cyclooxygenaser (COX), som er involveret i produktionen af prostaglandiner. Disse er naturlige stoffer, der spiller en rolle i at for\u00e5rsage smerte, bet\u00e6ndelse og feber. Ved at s\u00e6nke niveauerne af prostaglandiner kan ibuprofen lindre almindelige symptomer som hovedpine, muskelsmerter eller ledsmerter.<\/p>\n<p>Effekten begynder normalt inden for 30 til 45 minutter. Det kan begynde at virke lidt hurtigere p\u00e5 en tom mave, men at tage det med mad kan hj\u00e6lpe med at beskytte maveslimhinden. Efter at v\u00e6re blevet absorberet, spreder l\u00e6gemidlet sig i hele kroppen og n\u00e5r ogs\u00e5 ledv\u00e6sken, hvilket er grunden til, at det kan hj\u00e6lpe med tilstande som arthritis. Kroppen fjerner ibuprofen gennem nyrerne. L\u00e6gemidlet forbliver aktivt i kroppen i et par timer (Ibuprofen har en halveringstid p\u00e5 omkring 2 til 4 timer, hvilket betyder, at dets virkninger typisk varer i 4 til 6 timer), og voksne kan tage det hver sjette til ottende time, hvis det er n\u00f8dvendigt. (Den maksimale h\u00e5ndk\u00f8bsdosis for voksne er 1.200 milligram.)<\/p>\n<p>Da prostaglandiner ogs\u00e5 underst\u00f8tter maveslimhinden og nyrefunktionen, er det vigtigt at bruge ibuprofen med forsigtighed. Brug den laveste effektive dosis i den kortest mulige tid. At tage det med mad, drikke tilstr\u00e6kkeligt med v\u00e6sker og undg\u00e5t tung alkoholbrug kan hj\u00e6lpe med at reducere risikoen for maveproblemer. Personer over 60 \u00e5r eller med en historie med maves\u00e5r eller gastrointestinal bl\u00f8dning kan blive r\u00e5det til at bruge et beskyttende l\u00e6gemiddel eller gastrobeskyttende medicin, s\u00e5som en protonpumpeh\u00e6mmer, sammen med ibuprofen.<\/p>\n","protected":false},"excerpt":{"rendered":"<ul>\n<li>Hurtigvirkende 200 mg &amp; 400 mg ibuprofen til smerte, feber, bet\u00e6ndelse<\/li>\n<li>Begynder at virke efter ca. 30 minutter, varer op til 8 timer<\/li>\n<li>OTC bekvemmelighed med receptstyrke fleksibilitet<\/li>\n<\/ul>\n","protected":false},"featured_media":1410,"comment_status":"open","ping_status":"closed","template":"","meta":[],"product_brand":[],"product_cat":[129,123,70,147,81],"product_tag":[],"expert":[21],"class_list":{"0":"post-1408","1":"product","2":"type-product","3":"status-publish","4":"has-post-thumbnail","6":"product_cat-hovedpine-migraene","7":"product_cat-influenza-hoste-forkolelsesmidler","8":"product_cat-mavesmerter","9":"product_cat-menstruationsbesvaer","10":"product_cat-ryg-muskel-ledsmerter","11":"expert-dr-m-sharoyko","13":"first","14":"instock","15":"shipping-taxable","16":"purchasable","17":"product-type-variable"},"yoast_head":"<!-- This site is optimized with the Yoast SEO plugin v27.0 - https:\/\/yoast.com\/product\/yoast-seo-wordpress\/ -->\n<title>Advil | Fast Pain Relief Solution - Transtoyou<\/title>\n<meta name=\"description\" content=\"Advil available at Transtoyou, your go-to for effective pain relief. Shop now for quality you trust and quick service. Perfect for easing discomfort.\" \/>\n<meta name=\"robots\" content=\"noindex, follow, max-snippet:-1, max-image-preview:large, max-video-preview:-1\" \/>\n<meta property=\"og:locale\" content=\"da_DK\" \/>\n<meta property=\"og:type\" content=\"article\" \/>\n<meta property=\"og:title\" content=\"Advil | Fast Pain Relief Solution - Transtoyou\" \/>\n<meta property=\"og:description\" content=\"Advil available at Transtoyou, your go-to for effective pain relief. Shop now for quality you trust and quick service. Perfect for easing discomfort.\" \/>\n<meta property=\"og:url\" content=\"https:\/\/www.transtoyou.com\/da\/product\/advil\/\" \/>\n<meta property=\"og:site_name\" content=\"Transtoyou - DA\" \/>\n<meta property=\"article:modified_time\" content=\"2026-02-04T06:22:04+00:00\" \/>\n<meta name=\"twitter:card\" content=\"summary_large_image\" \/>\n<meta name=\"twitter:label1\" content=\"Estimeret l\u00e6setid\" \/>\n\t<meta name=\"twitter:data1\" content=\"1 minut\" \/>\n<script type=\"application\/ld+json\" class=\"yoast-schema-graph\">{\"@context\":\"https:\/\/schema.org\",\"@graph\":[{\"@type\":\"WebPage\",\"@id\":\"https:\/\/www.transtoyou.com\/da\/product\/advil\/\",\"url\":\"https:\/\/www.transtoyou.com\/da\/product\/advil\/\",\"name\":\"Advil | Fast Pain Relief Solution - Transtoyou\",\"isPartOf\":{\"@id\":\"https:\/\/www.transtoyou.com\/da\/#website\"},\"primaryImageOfPage\":{\"@id\":\"https:\/\/www.transtoyou.com\/da\/product\/advil\/#primaryimage\"},\"image\":{\"@id\":\"https:\/\/www.transtoyou.com\/da\/product\/advil\/#primaryimage\"},\"thumbnailUrl\":\"https:\/\/www.transtoyou.com\/da\/wp-content\/uploads\/sites\/6\/2026\/02\/tty-no-product-image.webp\",\"datePublished\":\"2026-02-04T06:21:34+00:00\",\"dateModified\":\"2026-02-04T06:22:04+00:00\",\"description\":\"Advil available at Transtoyou, your go-to for effective pain relief. Shop now for quality you trust and quick service. Perfect for easing discomfort.\",\"breadcrumb\":{\"@id\":\"https:\/\/www.transtoyou.com\/da\/product\/advil\/#breadcrumb\"},\"inLanguage\":\"da-DK\",\"potentialAction\":[{\"@type\":\"ReadAction\",\"target\":[\"https:\/\/www.transtoyou.com\/da\/product\/advil\/\"]}]},{\"@type\":\"ImageObject\",\"inLanguage\":\"da-DK\",\"@id\":\"https:\/\/www.transtoyou.com\/da\/product\/advil\/#primaryimage\",\"url\":\"https:\/\/www.transtoyou.com\/da\/wp-content\/uploads\/sites\/6\/2026\/02\/tty-no-product-image.webp\",\"contentUrl\":\"https:\/\/www.transtoyou.com\/da\/wp-content\/uploads\/sites\/6\/2026\/02\/tty-no-product-image.webp\",\"width\":1000,\"height\":1000,\"caption\":\"Standard produktbillede\"},{\"@type\":\"WebSite\",\"@id\":\"https:\/\/www.transtoyou.com\/da\/#website\",\"url\":\"https:\/\/www.transtoyou.com\/da\/\",\"name\":\"Transtoyou - DA\",\"description\":\"\",\"publisher\":{\"@id\":\"https:\/\/www.transtoyou.com\/da\/#organization\"},\"potentialAction\":[{\"@type\":\"SearchAction\",\"target\":{\"@type\":\"EntryPoint\",\"urlTemplate\":\"https:\/\/www.transtoyou.com\/da\/?s={search_term_string}\"},\"query-input\":{\"@type\":\"PropertyValueSpecification\",\"valueRequired\":true,\"valueName\":\"search_term_string\"}}],\"inLanguage\":\"da-DK\"},{\"@type\":\"Organization\",\"@id\":\"https:\/\/www.transtoyou.com\/da\/#organization\",\"name\":\"Transtoyou - DA\",\"url\":\"https:\/\/www.transtoyou.com\/da\/\",\"logo\":{\"@type\":\"ImageObject\",\"inLanguage\":\"da-DK\",\"@id\":\"https:\/\/www.transtoyou.com\/da\/#\/schema\/logo\/image\/\",\"url\":\"https:\/\/www.transtoyou.com\/da\/wp-content\/uploads\/sites\/6\/2026\/01\/logo-tty-menu-bar-300x87-1.webp\",\"contentUrl\":\"https:\/\/www.transtoyou.com\/da\/wp-content\/uploads\/sites\/6\/2026\/01\/logo-tty-menu-bar-300x87-1.webp\",\"width\":300,\"height\":87,\"caption\":\"Transtoyou - DA\"},\"image\":{\"@id\":\"https:\/\/www.transtoyou.com\/da\/#\/schema\/logo\/image\/\"}}]}<\/script>\n<!-- \/ Yoast SEO plugin. -->","yoast_head_json":{"title":"Advil | Fast Pain Relief Solution - Transtoyou","description":"Advil available at Transtoyou, your go-to for effective pain relief. Shop now for quality you trust and quick service. Perfect for easing discomfort.","robots":{"index":"noindex","follow":"follow","max-snippet":"max-snippet:-1","max-image-preview":"max-image-preview:large","max-video-preview":"max-video-preview:-1"},"og_locale":"da_DK","og_type":"article","og_title":"Advil | Fast Pain Relief Solution - Transtoyou","og_description":"Advil available at Transtoyou, your go-to for effective pain relief. Shop now for quality you trust and quick service. Perfect for easing discomfort.","og_url":"https:\/\/www.transtoyou.com\/da\/product\/advil\/","og_site_name":"Transtoyou - DA","article_modified_time":"2026-02-04T06:22:04+00:00","twitter_card":"summary_large_image","twitter_misc":{"Estimeret l\u00e6setid":"1 minut"},"schema":{"@context":"https:\/\/schema.org","@graph":[{"@type":"WebPage","@id":"https:\/\/www.transtoyou.com\/da\/product\/advil\/","url":"https:\/\/www.transtoyou.com\/da\/product\/advil\/","name":"Advil | Fast Pain Relief Solution - Transtoyou","isPartOf":{"@id":"https:\/\/www.transtoyou.com\/da\/#website"},"primaryImageOfPage":{"@id":"https:\/\/www.transtoyou.com\/da\/product\/advil\/#primaryimage"},"image":{"@id":"https:\/\/www.transtoyou.com\/da\/product\/advil\/#primaryimage"},"thumbnailUrl":"https:\/\/www.transtoyou.com\/da\/wp-content\/uploads\/sites\/6\/2026\/02\/tty-no-product-image.webp","datePublished":"2026-02-04T06:21:34+00:00","dateModified":"2026-02-04T06:22:04+00:00","description":"Advil available at Transtoyou, your go-to for effective pain relief. Shop now for quality you trust and quick service. Perfect for easing discomfort.","breadcrumb":{"@id":"https:\/\/www.transtoyou.com\/da\/product\/advil\/#breadcrumb"},"inLanguage":"da-DK","potentialAction":[{"@type":"ReadAction","target":["https:\/\/www.transtoyou.com\/da\/product\/advil\/"]}]},{"@type":"ImageObject","inLanguage":"da-DK","@id":"https:\/\/www.transtoyou.com\/da\/product\/advil\/#primaryimage","url":"https:\/\/www.transtoyou.com\/da\/wp-content\/uploads\/sites\/6\/2026\/02\/tty-no-product-image.webp","contentUrl":"https:\/\/www.transtoyou.com\/da\/wp-content\/uploads\/sites\/6\/2026\/02\/tty-no-product-image.webp","width":1000,"height":1000,"caption":"Standard produktbillede"},{"@type":"WebSite","@id":"https:\/\/www.transtoyou.com\/da\/#website","url":"https:\/\/www.transtoyou.com\/da\/","name":"Transtoyou - DA","description":"","publisher":{"@id":"https:\/\/www.transtoyou.com\/da\/#organization"},"potentialAction":[{"@type":"SearchAction","target":{"@type":"EntryPoint","urlTemplate":"https:\/\/www.transtoyou.com\/da\/?s={search_term_string}"},"query-input":{"@type":"PropertyValueSpecification","valueRequired":true,"valueName":"search_term_string"}}],"inLanguage":"da-DK"},{"@type":"Organization","@id":"https:\/\/www.transtoyou.com\/da\/#organization","name":"Transtoyou - DA","url":"https:\/\/www.transtoyou.com\/da\/","logo":{"@type":"ImageObject","inLanguage":"da-DK","@id":"https:\/\/www.transtoyou.com\/da\/#\/schema\/logo\/image\/","url":"https:\/\/www.transtoyou.com\/da\/wp-content\/uploads\/sites\/6\/2026\/01\/logo-tty-menu-bar-300x87-1.webp","contentUrl":"https:\/\/www.transtoyou.com\/da\/wp-content\/uploads\/sites\/6\/2026\/01\/logo-tty-menu-bar-300x87-1.webp","width":300,"height":87,"caption":"Transtoyou - DA"},"image":{"@id":"https:\/\/www.transtoyou.com\/da\/#\/schema\/logo\/image\/"}}]}},"_links":{"self":[{"href":"https:\/\/www.transtoyou.com\/da\/wp-json\/wp\/v2\/product\/1408","targetHints":{"allow":["GET"]}}],"collection":[{"href":"https:\/\/www.transtoyou.com\/da\/wp-json\/wp\/v2\/product"}],"about":[{"href":"https:\/\/www.transtoyou.com\/da\/wp-json\/wp\/v2\/types\/product"}],"replies":[{"embeddable":true,"href":"https:\/\/www.transtoyou.com\/da\/wp-json\/wp\/v2\/comments?post=1408"}],"wp:featuredmedia":[{"embeddable":true,"href":"https:\/\/www.transtoyou.com\/da\/wp-json\/wp\/v2\/media\/1410"}],"wp:attachment":[{"href":"https:\/\/www.transtoyou.com\/da\/wp-json\/wp\/v2\/media?parent=1408"}],"wp:term":[{"taxonomy":"product_brand","embeddable":true,"href":"https:\/\/www.transtoyou.com\/da\/wp-json\/wp\/v2\/product_brand?post=1408"},{"taxonomy":"product_cat","embeddable":true,"href":"https:\/\/www.transtoyou.com\/da\/wp-json\/wp\/v2\/product_cat?post=1408"},{"taxonomy":"product_tag","embeddable":true,"href":"https:\/\/www.transtoyou.com\/da\/wp-json\/wp\/v2\/product_tag?post=1408"},{"taxonomy":"expert","embeddable":true,"href":"https:\/\/www.transtoyou.com\/da\/wp-json\/wp\/v2\/expert?post=1408"}],"curies":[{"name":"wp","href":"https:\/\/api.w.org\/{rel}","templated":true}]}}