{"id":1413,"date":"2026-02-07T11:28:09","date_gmt":"2026-02-07T09:28:09","guid":{"rendered":"https:\/\/www.transtoyou.com\/da\/product\/allopurinol\/"},"modified":"2026-02-07T11:28:52","modified_gmt":"2026-02-07T09:28:52","slug":"allopurinol","status":"publish","type":"product","link":"https:\/\/www.transtoyou.com\/da\/product\/allopurinol\/","title":{"rendered":"Allopurinol"},"content":{"rendered":"<p>Allopurinol er en medicin fra gruppen af xanthinoxidaseh\u00e6mmere, der bruges til at s\u00e6nke h\u00f8je niveauer af urinsyre i kroppen. Det hj\u00e6lper med at forhindre problemer som gigt (en type ledsmerter for\u00e5rsaget af urinsyrekristaller) og urinsyregigtsten. I mods\u00e6tning til smertestillende midler lindrer det ikke smerte direkte, men arbejder p\u00e5 at forhindre fremtidige anfald ved at reducere produktionen af urinsyre.<\/p>\n<p>Allopurinol blokerer en kemisk proces i kroppen, der normalt omdanner stoffer til urinsyre. Ved at bremse denne proces hj\u00e6lper det med at holde urinsyreniveauerne lave. Dette g\u00f8r det muligt for eksisterende krystaller gradvist at opl\u00f8se sig og hj\u00e6lper med at forhindre dannelsen af nye.<\/p>\n<p>Det bruges prim\u00e6rt til personer med kronisk h\u00f8je urinsyreniveauer, is\u00e6r dem der har gentagne gigtanfald eller nyresten. I nogle tilf\u00e6lde bruges det ogs\u00e5, n\u00e5r urinsyreniveauerne stiger p\u00e5 grund af andre sundhedsm\u00e6ssige tilstande eller behandlinger.<\/p>\n<p>Allopurinol virker ikke med det samme &#8211; det tager et par dage at begynde at s\u00e6nke urinsyreniveauerne og op til 1-2 uger for fuld effekt. For de bedste resultater b\u00f8r det tages hver dag med mad og med masser af v\u00e6ske (mindst 2 liter om dagen).<\/p>\n<p>Den st\u00f8rste fordel ved at bruge Allopurinol er at forhindre gigtanfald og nyreproblemer p\u00e5 lang sigt. Det tolereres generelt godt, men milde hududsl\u00e6t eller andre sj\u00e6ldne allergiske reaktioner kan forekomme hos nogle mennesker.<\/p>\n","protected":false},"excerpt":{"rendered":"<ul>\n<li>Hj\u00e6lper med at forebygge gigtanfald og urinsyre nyresten<\/li>\n<li>Reducerer urinsyreniveauer i blod og urin<\/li>\n<li>Underst\u00f8tter langsigtet kontrol af kronisk hyperurik\u00e6mi<\/li>\n<\/ul>\n","protected":false},"featured_media":1415,"comment_status":"open","ping_status":"closed","template":"","meta":[],"product_brand":[],"product_cat":[68,81],"product_tag":[],"expert":[],"class_list":{"0":"post-1413","1":"product","2":"type-product","3":"status-publish","4":"has-post-thumbnail","6":"product_cat-generel-sundhed","7":"product_cat-ryg-muskel-ledsmerter","9":"first","10":"instock","11":"shipping-taxable","12":"product-type-variable"},"yoast_head":"<!-- This site is optimized with the Yoast SEO plugin v27.0 - https:\/\/yoast.com\/product\/yoast-seo-wordpress\/ -->\n<title>K\u00f8b Allopurinol Online | Hurtig Godkendelse fra L\u00e6ge - Transtoyou - DA<\/title>\n<meta name=\"description\" content=\"Bestil Allopurinol online med en hurtig medicinsk vurdering. Ingen ventev\u00e6relser. Hurtig levering i hele Europa. Sikker, diskret &amp; recept inkluderet.\" \/>\n<meta name=\"robots\" content=\"noindex, follow, max-snippet:-1, max-image-preview:large, max-video-preview:-1\" \/>\n<meta property=\"og:locale\" content=\"da_DK\" \/>\n<meta property=\"og:type\" content=\"article\" \/>\n<meta property=\"og:title\" content=\"K\u00f8b Allopurinol Online | Hurtig Godkendelse fra L\u00e6ge - Transtoyou - DA\" \/>\n<meta property=\"og:description\" content=\"Bestil Allopurinol online med en hurtig medicinsk vurdering. Ingen ventev\u00e6relser. Hurtig levering i hele Europa. Sikker, diskret &amp; recept inkluderet.\" \/>\n<meta property=\"og:url\" content=\"https:\/\/www.transtoyou.com\/da\/product\/allopurinol\/\" \/>\n<meta property=\"og:site_name\" content=\"Transtoyou - DA\" \/>\n<meta property=\"article:modified_time\" content=\"2026-02-07T09:28:52+00:00\" \/>\n<meta name=\"twitter:card\" content=\"summary_large_image\" \/>\n<meta name=\"twitter:label1\" content=\"Estimeret l\u00e6setid\" \/>\n\t<meta name=\"twitter:data1\" content=\"1 minut\" \/>\n<script type=\"application\/ld+json\" class=\"yoast-schema-graph\">{\"@context\":\"https:\/\/schema.org\",\"@graph\":[{\"@type\":\"WebPage\",\"@id\":\"https:\/\/www.transtoyou.com\/da\/product\/allopurinol\/\",\"url\":\"https:\/\/www.transtoyou.com\/da\/product\/allopurinol\/\",\"name\":\"K\u00f8b Allopurinol Online | Hurtig Godkendelse fra L\u00e6ge - Transtoyou - DA\",\"isPartOf\":{\"@id\":\"https:\/\/www.transtoyou.com\/da\/#website\"},\"primaryImageOfPage\":{\"@id\":\"https:\/\/www.transtoyou.com\/da\/product\/allopurinol\/#primaryimage\"},\"image\":{\"@id\":\"https:\/\/www.transtoyou.com\/da\/product\/allopurinol\/#primaryimage\"},\"thumbnailUrl\":\"https:\/\/www.transtoyou.com\/da\/wp-content\/uploads\/sites\/6\/2026\/02\/tty-no-product-image-1.webp\",\"datePublished\":\"2026-02-07T09:28:09+00:00\",\"dateModified\":\"2026-02-07T09:28:52+00:00\",\"description\":\"Bestil Allopurinol online med en hurtig medicinsk vurdering. Ingen ventev\u00e6relser. Hurtig levering i hele Europa. Sikker, diskret & recept inkluderet.\",\"breadcrumb\":{\"@id\":\"https:\/\/www.transtoyou.com\/da\/product\/allopurinol\/#breadcrumb\"},\"inLanguage\":\"da-DK\",\"potentialAction\":[{\"@type\":\"ReadAction\",\"target\":[\"https:\/\/www.transtoyou.com\/da\/product\/allopurinol\/\"]}]},{\"@type\":\"ImageObject\",\"inLanguage\":\"da-DK\",\"@id\":\"https:\/\/www.transtoyou.com\/da\/product\/allopurinol\/#primaryimage\",\"url\":\"https:\/\/www.transtoyou.com\/da\/wp-content\/uploads\/sites\/6\/2026\/02\/tty-no-product-image-1.webp\",\"contentUrl\":\"https:\/\/www.transtoyou.com\/da\/wp-content\/uploads\/sites\/6\/2026\/02\/tty-no-product-image-1.webp\",\"width\":1000,\"height\":1000,\"caption\":\"Standard produktbillede\"},{\"@type\":\"WebSite\",\"@id\":\"https:\/\/www.transtoyou.com\/da\/#website\",\"url\":\"https:\/\/www.transtoyou.com\/da\/\",\"name\":\"Transtoyou - DA\",\"description\":\"\",\"publisher\":{\"@id\":\"https:\/\/www.transtoyou.com\/da\/#organization\"},\"potentialAction\":[{\"@type\":\"SearchAction\",\"target\":{\"@type\":\"EntryPoint\",\"urlTemplate\":\"https:\/\/www.transtoyou.com\/da\/?s={search_term_string}\"},\"query-input\":{\"@type\":\"PropertyValueSpecification\",\"valueRequired\":true,\"valueName\":\"search_term_string\"}}],\"inLanguage\":\"da-DK\"},{\"@type\":\"Organization\",\"@id\":\"https:\/\/www.transtoyou.com\/da\/#organization\",\"name\":\"Transtoyou - DA\",\"url\":\"https:\/\/www.transtoyou.com\/da\/\",\"logo\":{\"@type\":\"ImageObject\",\"inLanguage\":\"da-DK\",\"@id\":\"https:\/\/www.transtoyou.com\/da\/#\/schema\/logo\/image\/\",\"url\":\"https:\/\/www.transtoyou.com\/da\/wp-content\/uploads\/sites\/6\/2026\/01\/logo-tty-menu-bar-300x87-1.webp\",\"contentUrl\":\"https:\/\/www.transtoyou.com\/da\/wp-content\/uploads\/sites\/6\/2026\/01\/logo-tty-menu-bar-300x87-1.webp\",\"width\":300,\"height\":87,\"caption\":\"Transtoyou - DA\"},\"image\":{\"@id\":\"https:\/\/www.transtoyou.com\/da\/#\/schema\/logo\/image\/\"}}]}<\/script>\n<!-- \/ Yoast SEO plugin. -->","yoast_head_json":{"title":"K\u00f8b Allopurinol Online | Hurtig Godkendelse fra L\u00e6ge - Transtoyou - DA","description":"Bestil Allopurinol online med en hurtig medicinsk vurdering. Ingen ventev\u00e6relser. Hurtig levering i hele Europa. Sikker, diskret & recept inkluderet.","robots":{"index":"noindex","follow":"follow","max-snippet":"max-snippet:-1","max-image-preview":"max-image-preview:large","max-video-preview":"max-video-preview:-1"},"og_locale":"da_DK","og_type":"article","og_title":"K\u00f8b Allopurinol Online | Hurtig Godkendelse fra L\u00e6ge - Transtoyou - DA","og_description":"Bestil Allopurinol online med en hurtig medicinsk vurdering. Ingen ventev\u00e6relser. Hurtig levering i hele Europa. Sikker, diskret & recept inkluderet.","og_url":"https:\/\/www.transtoyou.com\/da\/product\/allopurinol\/","og_site_name":"Transtoyou - DA","article_modified_time":"2026-02-07T09:28:52+00:00","twitter_card":"summary_large_image","twitter_misc":{"Estimeret l\u00e6setid":"1 minut"},"schema":{"@context":"https:\/\/schema.org","@graph":[{"@type":"WebPage","@id":"https:\/\/www.transtoyou.com\/da\/product\/allopurinol\/","url":"https:\/\/www.transtoyou.com\/da\/product\/allopurinol\/","name":"K\u00f8b Allopurinol Online | Hurtig Godkendelse fra L\u00e6ge - Transtoyou - DA","isPartOf":{"@id":"https:\/\/www.transtoyou.com\/da\/#website"},"primaryImageOfPage":{"@id":"https:\/\/www.transtoyou.com\/da\/product\/allopurinol\/#primaryimage"},"image":{"@id":"https:\/\/www.transtoyou.com\/da\/product\/allopurinol\/#primaryimage"},"thumbnailUrl":"https:\/\/www.transtoyou.com\/da\/wp-content\/uploads\/sites\/6\/2026\/02\/tty-no-product-image-1.webp","datePublished":"2026-02-07T09:28:09+00:00","dateModified":"2026-02-07T09:28:52+00:00","description":"Bestil Allopurinol online med en hurtig medicinsk vurdering. Ingen ventev\u00e6relser. Hurtig levering i hele Europa. Sikker, diskret & recept inkluderet.","breadcrumb":{"@id":"https:\/\/www.transtoyou.com\/da\/product\/allopurinol\/#breadcrumb"},"inLanguage":"da-DK","potentialAction":[{"@type":"ReadAction","target":["https:\/\/www.transtoyou.com\/da\/product\/allopurinol\/"]}]},{"@type":"ImageObject","inLanguage":"da-DK","@id":"https:\/\/www.transtoyou.com\/da\/product\/allopurinol\/#primaryimage","url":"https:\/\/www.transtoyou.com\/da\/wp-content\/uploads\/sites\/6\/2026\/02\/tty-no-product-image-1.webp","contentUrl":"https:\/\/www.transtoyou.com\/da\/wp-content\/uploads\/sites\/6\/2026\/02\/tty-no-product-image-1.webp","width":1000,"height":1000,"caption":"Standard produktbillede"},{"@type":"WebSite","@id":"https:\/\/www.transtoyou.com\/da\/#website","url":"https:\/\/www.transtoyou.com\/da\/","name":"Transtoyou - DA","description":"","publisher":{"@id":"https:\/\/www.transtoyou.com\/da\/#organization"},"potentialAction":[{"@type":"SearchAction","target":{"@type":"EntryPoint","urlTemplate":"https:\/\/www.transtoyou.com\/da\/?s={search_term_string}"},"query-input":{"@type":"PropertyValueSpecification","valueRequired":true,"valueName":"search_term_string"}}],"inLanguage":"da-DK"},{"@type":"Organization","@id":"https:\/\/www.transtoyou.com\/da\/#organization","name":"Transtoyou - DA","url":"https:\/\/www.transtoyou.com\/da\/","logo":{"@type":"ImageObject","inLanguage":"da-DK","@id":"https:\/\/www.transtoyou.com\/da\/#\/schema\/logo\/image\/","url":"https:\/\/www.transtoyou.com\/da\/wp-content\/uploads\/sites\/6\/2026\/01\/logo-tty-menu-bar-300x87-1.webp","contentUrl":"https:\/\/www.transtoyou.com\/da\/wp-content\/uploads\/sites\/6\/2026\/01\/logo-tty-menu-bar-300x87-1.webp","width":300,"height":87,"caption":"Transtoyou - DA"},"image":{"@id":"https:\/\/www.transtoyou.com\/da\/#\/schema\/logo\/image\/"}}]}},"_links":{"self":[{"href":"https:\/\/www.transtoyou.com\/da\/wp-json\/wp\/v2\/product\/1413","targetHints":{"allow":["GET"]}}],"collection":[{"href":"https:\/\/www.transtoyou.com\/da\/wp-json\/wp\/v2\/product"}],"about":[{"href":"https:\/\/www.transtoyou.com\/da\/wp-json\/wp\/v2\/types\/product"}],"replies":[{"embeddable":true,"href":"https:\/\/www.transtoyou.com\/da\/wp-json\/wp\/v2\/comments?post=1413"}],"wp:featuredmedia":[{"embeddable":true,"href":"https:\/\/www.transtoyou.com\/da\/wp-json\/wp\/v2\/media\/1415"}],"wp:attachment":[{"href":"https:\/\/www.transtoyou.com\/da\/wp-json\/wp\/v2\/media?parent=1413"}],"wp:term":[{"taxonomy":"product_brand","embeddable":true,"href":"https:\/\/www.transtoyou.com\/da\/wp-json\/wp\/v2\/product_brand?post=1413"},{"taxonomy":"product_cat","embeddable":true,"href":"https:\/\/www.transtoyou.com\/da\/wp-json\/wp\/v2\/product_cat?post=1413"},{"taxonomy":"product_tag","embeddable":true,"href":"https:\/\/www.transtoyou.com\/da\/wp-json\/wp\/v2\/product_tag?post=1413"},{"taxonomy":"expert","embeddable":true,"href":"https:\/\/www.transtoyou.com\/da\/wp-json\/wp\/v2\/expert?post=1413"}],"curies":[{"name":"wp","href":"https:\/\/api.w.org\/{rel}","templated":true}]}}