{"id":1488,"date":"2026-02-09T17:41:10","date_gmt":"2026-02-09T15:41:10","guid":{"rendered":"https:\/\/www.transtoyou.com\/da\/product\/buscopan\/"},"modified":"2026-02-09T17:41:55","modified_gmt":"2026-02-09T15:41:55","slug":"buscopan","status":"publish","type":"product","link":"https:\/\/www.transtoyou.com\/da\/product\/buscopan\/","title":{"rendered":"Buscopan"},"content":{"rendered":"<p>Buscopan er et velkendt medicin, der bruges til at lindre mavesmerter og kramper for\u00e5rsaget af tilstande som irritabel tyktarm (IBS), menstruationssmerter eller andre ford\u00f8jelsesforstyrrelser. Dets aktive ingrediens, hyoscin butylbromid, virker ved at afslappe de glatte muskler i maven, tarmene og urinvejene. Dette hj\u00e6lper med at lindre smertefulde kramper og reducere ubehag, s\u00e5 musklerne i maven kan bev\u00e6ge sig mere normalt igen.<\/p>\n<p>I mods\u00e6tning til almindelige smertestillende midler, der kun masker smertef\u00f8lelsen, retter Buscopan sig direkte mod \u00e5rsagen, muskelkontraktioner i ford\u00f8jelseskanalen. Det begynder at virke inden for cirka 15 til 30 minutter og giver hurtig lindring fra krampeagtige smerter. Mange mennesker oplever, at Buscopan hj\u00e6lper dem med at forts\u00e6tte deres daglige aktiviteter uden distraktionen af maveubehag.<\/p>\n<p>Buscopan f\u00e5s almindeligvis i tabletform og skal synkes hele med vand. Det er sk\u00e5nsomt mod maven og kan tages med eller uden mad. Medicinen er egnet til kortvarig brug og b\u00f8r ikke tages kontinuerligt i l\u00e6ngere perioder uden l\u00e6gelig r\u00e5dgivning.<\/p>\n<p>Buscopan tolereres generelt godt. Men da det virker p\u00e5 de glatte muskler i hele kroppen, kan nogle brugere opleve milde bivirkninger som t\u00f8r mund, forstoppelse eller sl\u00f8ret syn. Disse effekter er normalt midlertidige.<\/p>\n","protected":false},"excerpt":{"rendered":"<ul>\n<li>Hurtig lindring af mavesmerter og kramper<\/li>\n<li>Rettede mod \u00e5rsagen til smerten, ikke kun symptomerne<\/li>\n<li>Sk\u00e5nsom mod maven<\/li>\n<\/ul>\n","protected":false},"featured_media":1492,"comment_status":"open","ping_status":"closed","template":"","meta":[],"product_brand":[],"product_cat":[70],"product_tag":[],"expert":[16],"class_list":{"0":"post-1488","1":"product","2":"type-product","3":"status-publish","4":"has-post-thumbnail","6":"product_cat-mavesmerter","7":"expert-dr-c-alexandru","9":"first","10":"instock","11":"shipping-taxable","12":"purchasable","13":"product-type-variable"},"yoast_head":"<!-- This site is optimized with the Yoast SEO plugin v27.0 - https:\/\/yoast.com\/product\/yoast-seo-wordpress\/ -->\n<title>Buscopan | Hurtig lindring af mavekramper - Transtoyou<\/title>\n<meta name=\"description\" content=\"Buscopan lindrer hurtigt mavekramper og spasmer. F\u00e5 det her, dens unikke formel m\u00e5lretter ubehag, s\u00e5 du kan vende tilbage til hverdagen.\" \/>\n<meta name=\"robots\" content=\"noindex, follow, max-snippet:-1, max-image-preview:large, max-video-preview:-1\" \/>\n<meta property=\"og:locale\" content=\"da_DK\" \/>\n<meta property=\"og:type\" content=\"article\" \/>\n<meta property=\"og:title\" content=\"Buscopan | Hurtig lindring af mavekramper - Transtoyou\" \/>\n<meta property=\"og:description\" content=\"Buscopan lindrer hurtigt mavekramper og spasmer. F\u00e5 det her, dens unikke formel m\u00e5lretter ubehag, s\u00e5 du kan vende tilbage til hverdagen.\" \/>\n<meta property=\"og:url\" content=\"https:\/\/www.transtoyou.com\/da\/product\/buscopan\/\" \/>\n<meta property=\"og:site_name\" content=\"Transtoyou - DA\" \/>\n<meta property=\"article:modified_time\" content=\"2026-02-09T15:41:55+00:00\" \/>\n<meta name=\"twitter:card\" content=\"summary_large_image\" \/>\n<meta name=\"twitter:label1\" content=\"Estimeret l\u00e6setid\" \/>\n\t<meta name=\"twitter:data1\" content=\"1 minut\" \/>\n<script type=\"application\/ld+json\" class=\"yoast-schema-graph\">{\"@context\":\"https:\/\/schema.org\",\"@graph\":[{\"@type\":\"WebPage\",\"@id\":\"https:\/\/www.transtoyou.com\/da\/product\/buscopan\/\",\"url\":\"https:\/\/www.transtoyou.com\/da\/product\/buscopan\/\",\"name\":\"Buscopan | Hurtig lindring af mavekramper - Transtoyou\",\"isPartOf\":{\"@id\":\"https:\/\/www.transtoyou.com\/da\/#website\"},\"primaryImageOfPage\":{\"@id\":\"https:\/\/www.transtoyou.com\/da\/product\/buscopan\/#primaryimage\"},\"image\":{\"@id\":\"https:\/\/www.transtoyou.com\/da\/product\/buscopan\/#primaryimage\"},\"thumbnailUrl\":\"https:\/\/www.transtoyou.com\/da\/wp-content\/uploads\/sites\/6\/2026\/02\/tty-no-product-image-2.webp\",\"datePublished\":\"2026-02-09T15:41:10+00:00\",\"dateModified\":\"2026-02-09T15:41:55+00:00\",\"description\":\"Buscopan lindrer hurtigt mavekramper og spasmer. F\u00e5 det her, dens unikke formel m\u00e5lretter ubehag, s\u00e5 du kan vende tilbage til hverdagen.\",\"breadcrumb\":{\"@id\":\"https:\/\/www.transtoyou.com\/da\/product\/buscopan\/#breadcrumb\"},\"inLanguage\":\"da-DK\",\"potentialAction\":[{\"@type\":\"ReadAction\",\"target\":[\"https:\/\/www.transtoyou.com\/da\/product\/buscopan\/\"]}]},{\"@type\":\"ImageObject\",\"inLanguage\":\"da-DK\",\"@id\":\"https:\/\/www.transtoyou.com\/da\/product\/buscopan\/#primaryimage\",\"url\":\"https:\/\/www.transtoyou.com\/da\/wp-content\/uploads\/sites\/6\/2026\/02\/tty-no-product-image-2.webp\",\"contentUrl\":\"https:\/\/www.transtoyou.com\/da\/wp-content\/uploads\/sites\/6\/2026\/02\/tty-no-product-image-2.webp\",\"width\":1000,\"height\":1000,\"caption\":\"Standard produktbillede\"},{\"@type\":\"WebSite\",\"@id\":\"https:\/\/www.transtoyou.com\/da\/#website\",\"url\":\"https:\/\/www.transtoyou.com\/da\/\",\"name\":\"Transtoyou - DA\",\"description\":\"\",\"publisher\":{\"@id\":\"https:\/\/www.transtoyou.com\/da\/#organization\"},\"potentialAction\":[{\"@type\":\"SearchAction\",\"target\":{\"@type\":\"EntryPoint\",\"urlTemplate\":\"https:\/\/www.transtoyou.com\/da\/?s={search_term_string}\"},\"query-input\":{\"@type\":\"PropertyValueSpecification\",\"valueRequired\":true,\"valueName\":\"search_term_string\"}}],\"inLanguage\":\"da-DK\"},{\"@type\":\"Organization\",\"@id\":\"https:\/\/www.transtoyou.com\/da\/#organization\",\"name\":\"Transtoyou - DA\",\"url\":\"https:\/\/www.transtoyou.com\/da\/\",\"logo\":{\"@type\":\"ImageObject\",\"inLanguage\":\"da-DK\",\"@id\":\"https:\/\/www.transtoyou.com\/da\/#\/schema\/logo\/image\/\",\"url\":\"https:\/\/www.transtoyou.com\/da\/wp-content\/uploads\/sites\/6\/2026\/01\/logo-tty-menu-bar-300x87-1.webp\",\"contentUrl\":\"https:\/\/www.transtoyou.com\/da\/wp-content\/uploads\/sites\/6\/2026\/01\/logo-tty-menu-bar-300x87-1.webp\",\"width\":300,\"height\":87,\"caption\":\"Transtoyou - DA\"},\"image\":{\"@id\":\"https:\/\/www.transtoyou.com\/da\/#\/schema\/logo\/image\/\"}}]}<\/script>\n<!-- \/ Yoast SEO plugin. -->","yoast_head_json":{"title":"Buscopan | Hurtig lindring af mavekramper - Transtoyou","description":"Buscopan lindrer hurtigt mavekramper og spasmer. F\u00e5 det her, dens unikke formel m\u00e5lretter ubehag, s\u00e5 du kan vende tilbage til hverdagen.","robots":{"index":"noindex","follow":"follow","max-snippet":"max-snippet:-1","max-image-preview":"max-image-preview:large","max-video-preview":"max-video-preview:-1"},"og_locale":"da_DK","og_type":"article","og_title":"Buscopan | Hurtig lindring af mavekramper - Transtoyou","og_description":"Buscopan lindrer hurtigt mavekramper og spasmer. F\u00e5 det her, dens unikke formel m\u00e5lretter ubehag, s\u00e5 du kan vende tilbage til hverdagen.","og_url":"https:\/\/www.transtoyou.com\/da\/product\/buscopan\/","og_site_name":"Transtoyou - DA","article_modified_time":"2026-02-09T15:41:55+00:00","twitter_card":"summary_large_image","twitter_misc":{"Estimeret l\u00e6setid":"1 minut"},"schema":{"@context":"https:\/\/schema.org","@graph":[{"@type":"WebPage","@id":"https:\/\/www.transtoyou.com\/da\/product\/buscopan\/","url":"https:\/\/www.transtoyou.com\/da\/product\/buscopan\/","name":"Buscopan | Hurtig lindring af mavekramper - Transtoyou","isPartOf":{"@id":"https:\/\/www.transtoyou.com\/da\/#website"},"primaryImageOfPage":{"@id":"https:\/\/www.transtoyou.com\/da\/product\/buscopan\/#primaryimage"},"image":{"@id":"https:\/\/www.transtoyou.com\/da\/product\/buscopan\/#primaryimage"},"thumbnailUrl":"https:\/\/www.transtoyou.com\/da\/wp-content\/uploads\/sites\/6\/2026\/02\/tty-no-product-image-2.webp","datePublished":"2026-02-09T15:41:10+00:00","dateModified":"2026-02-09T15:41:55+00:00","description":"Buscopan lindrer hurtigt mavekramper og spasmer. F\u00e5 det her, dens unikke formel m\u00e5lretter ubehag, s\u00e5 du kan vende tilbage til hverdagen.","breadcrumb":{"@id":"https:\/\/www.transtoyou.com\/da\/product\/buscopan\/#breadcrumb"},"inLanguage":"da-DK","potentialAction":[{"@type":"ReadAction","target":["https:\/\/www.transtoyou.com\/da\/product\/buscopan\/"]}]},{"@type":"ImageObject","inLanguage":"da-DK","@id":"https:\/\/www.transtoyou.com\/da\/product\/buscopan\/#primaryimage","url":"https:\/\/www.transtoyou.com\/da\/wp-content\/uploads\/sites\/6\/2026\/02\/tty-no-product-image-2.webp","contentUrl":"https:\/\/www.transtoyou.com\/da\/wp-content\/uploads\/sites\/6\/2026\/02\/tty-no-product-image-2.webp","width":1000,"height":1000,"caption":"Standard produktbillede"},{"@type":"WebSite","@id":"https:\/\/www.transtoyou.com\/da\/#website","url":"https:\/\/www.transtoyou.com\/da\/","name":"Transtoyou - DA","description":"","publisher":{"@id":"https:\/\/www.transtoyou.com\/da\/#organization"},"potentialAction":[{"@type":"SearchAction","target":{"@type":"EntryPoint","urlTemplate":"https:\/\/www.transtoyou.com\/da\/?s={search_term_string}"},"query-input":{"@type":"PropertyValueSpecification","valueRequired":true,"valueName":"search_term_string"}}],"inLanguage":"da-DK"},{"@type":"Organization","@id":"https:\/\/www.transtoyou.com\/da\/#organization","name":"Transtoyou - DA","url":"https:\/\/www.transtoyou.com\/da\/","logo":{"@type":"ImageObject","inLanguage":"da-DK","@id":"https:\/\/www.transtoyou.com\/da\/#\/schema\/logo\/image\/","url":"https:\/\/www.transtoyou.com\/da\/wp-content\/uploads\/sites\/6\/2026\/01\/logo-tty-menu-bar-300x87-1.webp","contentUrl":"https:\/\/www.transtoyou.com\/da\/wp-content\/uploads\/sites\/6\/2026\/01\/logo-tty-menu-bar-300x87-1.webp","width":300,"height":87,"caption":"Transtoyou - DA"},"image":{"@id":"https:\/\/www.transtoyou.com\/da\/#\/schema\/logo\/image\/"}}]}},"_links":{"self":[{"href":"https:\/\/www.transtoyou.com\/da\/wp-json\/wp\/v2\/product\/1488","targetHints":{"allow":["GET"]}}],"collection":[{"href":"https:\/\/www.transtoyou.com\/da\/wp-json\/wp\/v2\/product"}],"about":[{"href":"https:\/\/www.transtoyou.com\/da\/wp-json\/wp\/v2\/types\/product"}],"replies":[{"embeddable":true,"href":"https:\/\/www.transtoyou.com\/da\/wp-json\/wp\/v2\/comments?post=1488"}],"wp:featuredmedia":[{"embeddable":true,"href":"https:\/\/www.transtoyou.com\/da\/wp-json\/wp\/v2\/media\/1492"}],"wp:attachment":[{"href":"https:\/\/www.transtoyou.com\/da\/wp-json\/wp\/v2\/media?parent=1488"}],"wp:term":[{"taxonomy":"product_brand","embeddable":true,"href":"https:\/\/www.transtoyou.com\/da\/wp-json\/wp\/v2\/product_brand?post=1488"},{"taxonomy":"product_cat","embeddable":true,"href":"https:\/\/www.transtoyou.com\/da\/wp-json\/wp\/v2\/product_cat?post=1488"},{"taxonomy":"product_tag","embeddable":true,"href":"https:\/\/www.transtoyou.com\/da\/wp-json\/wp\/v2\/product_tag?post=1488"},{"taxonomy":"expert","embeddable":true,"href":"https:\/\/www.transtoyou.com\/da\/wp-json\/wp\/v2\/expert?post=1488"}],"curies":[{"name":"wp","href":"https:\/\/api.w.org\/{rel}","templated":true}]}}