{"id":1541,"date":"2026-02-13T14:14:58","date_gmt":"2026-02-13T12:14:58","guid":{"rendered":"https:\/\/www.transtoyou.com\/da\/product\/clonidine\/"},"modified":"2026-02-13T14:15:17","modified_gmt":"2026-02-13T12:15:17","slug":"clonidin","status":"publish","type":"product","link":"https:\/\/www.transtoyou.com\/da\/product\/clonidin\/","title":{"rendered":"Clonidin"},"content":{"rendered":"<p>Clonidin er en receptpligtig medicin, der oprindeligt blev udviklet til at behandle forh\u00f8jet blodtryk, men den bruges ogs\u00e5 til at lindre hedeture og natlige svedeture forbundet med overgangsalderen samt til at h\u00e5ndtere hormonrelaterede symptomer i forskellige behandlingsindstillinger. Den virker ved at p\u00e5virke den del af hjernen, der styrer temperaturregulering og nerve-signalisering.<\/p>\n<p>I overgangsalderbehandling anvendes Clonidin off-label til at reducere hyppigheden og intensiteten af hedeture. Den overvejes ofte, n\u00e5r hormonbehandling ikke er egnet eller \u00f8nskes. I mods\u00e6tning til \u00f8strogener eller gestagener virker Clonidin ikke direkte p\u00e5 hormonniveauerne, men hj\u00e6lper i stedet kroppen med at regulere sin reaktion p\u00e5 \u00e6ndringer i temperatur og stress.<\/p>\n<p>Clonidin tages typisk i tabletform en eller to gange dagligt. Det er ikke et hormon, men kan v\u00e6re en nyttig st\u00f8ttemedicin i h\u00e5ndteringen af overgangsalderen. Det b\u00f8r anvendes konsekvent og nedtrappes gradvist, n\u00e5r man stopper, for at undg\u00e5 abstinenssymptomer som rebound hypertension.<\/p>\n","protected":false},"excerpt":{"rendered":"<ul>\n<li>Ikke-hormonel lindring af hedeture<\/li>\n<li>Underst\u00f8tter komfort under overgangsalderen<\/li>\n<li>Bruges ogs\u00e5 til kontrol af blodtryk<\/li>\n<\/ul>\n","protected":false},"featured_media":1549,"comment_status":"open","ping_status":"closed","template":"","meta":[],"product_brand":[],"product_cat":[136,145],"product_tag":[],"expert":[18],"class_list":{"0":"post-1541","1":"product","2":"type-product","3":"status-publish","4":"has-post-thumbnail","6":"product_cat-hojt-blodtryk","7":"product_cat-menopause-pms-lindring","8":"expert-dr-g-varbanov","10":"first","11":"instock","12":"shipping-taxable","13":"purchasable","14":"product-type-variable"},"yoast_head":"<!-- This site is optimized with the Yoast SEO plugin v27.0 - https:\/\/yoast.com\/product\/yoast-seo-wordpress\/ -->\n<title>Clonidine | Manage Hot Flushes Effectively - Transtoyou<\/title>\n<meta name=\"description\" content=\"Clonidine for menopause relief, available here. Supports temperature regulation, reduces hot flushes. Order now on Transtoyou for trusted care.\" \/>\n<meta name=\"robots\" content=\"noindex, follow, max-snippet:-1, max-image-preview:large, max-video-preview:-1\" \/>\n<meta property=\"og:locale\" content=\"da_DK\" \/>\n<meta property=\"og:type\" content=\"article\" \/>\n<meta property=\"og:title\" content=\"Clonidine | Manage Hot Flushes Effectively - Transtoyou\" \/>\n<meta property=\"og:description\" content=\"Clonidine for menopause relief, available here. Supports temperature regulation, reduces hot flushes. Order now on Transtoyou for trusted care.\" \/>\n<meta property=\"og:url\" content=\"https:\/\/www.transtoyou.com\/da\/product\/clonidine\/\" \/>\n<meta property=\"og:site_name\" content=\"Transtoyou - DA\" \/>\n<meta property=\"article:modified_time\" content=\"2026-02-13T12:15:17+00:00\" \/>\n<meta name=\"twitter:card\" content=\"summary_large_image\" \/>\n<meta name=\"twitter:label1\" content=\"Estimeret l\u00e6setid\" \/>\n\t<meta name=\"twitter:data1\" content=\"1 minut\" \/>\n<script type=\"application\/ld+json\" class=\"yoast-schema-graph\">{\"@context\":\"https:\/\/schema.org\",\"@graph\":[{\"@type\":\"WebPage\",\"@id\":\"https:\/\/www.transtoyou.com\/da\/product\/clonidine\/\",\"url\":\"https:\/\/www.transtoyou.com\/da\/product\/clonidine\/\",\"name\":\"Clonidine | Manage Hot Flushes Effectively - Transtoyou\",\"isPartOf\":{\"@id\":\"https:\/\/www.transtoyou.com\/da\/#website\"},\"primaryImageOfPage\":{\"@id\":\"https:\/\/www.transtoyou.com\/da\/product\/clonidine\/#primaryimage\"},\"image\":{\"@id\":\"https:\/\/www.transtoyou.com\/da\/product\/clonidine\/#primaryimage\"},\"thumbnailUrl\":\"https:\/\/www.transtoyou.com\/da\/wp-content\/uploads\/sites\/6\/2026\/02\/tty-no-product-image-3.webp\",\"datePublished\":\"2026-02-13T12:14:58+00:00\",\"dateModified\":\"2026-02-13T12:15:17+00:00\",\"description\":\"Clonidine for menopause relief, available here. Supports temperature regulation, reduces hot flushes. Order now on Transtoyou for trusted care.\",\"breadcrumb\":{\"@id\":\"https:\/\/www.transtoyou.com\/da\/product\/clonidine\/#breadcrumb\"},\"inLanguage\":\"da-DK\",\"potentialAction\":[{\"@type\":\"ReadAction\",\"target\":[\"https:\/\/www.transtoyou.com\/da\/product\/clonidine\/\"]}]},{\"@type\":\"ImageObject\",\"inLanguage\":\"da-DK\",\"@id\":\"https:\/\/www.transtoyou.com\/da\/product\/clonidine\/#primaryimage\",\"url\":\"https:\/\/www.transtoyou.com\/da\/wp-content\/uploads\/sites\/6\/2026\/02\/tty-no-product-image-3.webp\",\"contentUrl\":\"https:\/\/www.transtoyou.com\/da\/wp-content\/uploads\/sites\/6\/2026\/02\/tty-no-product-image-3.webp\",\"width\":1000,\"height\":1000,\"caption\":\"Standard produktbillede\"},{\"@type\":\"WebSite\",\"@id\":\"https:\/\/www.transtoyou.com\/da\/#website\",\"url\":\"https:\/\/www.transtoyou.com\/da\/\",\"name\":\"Transtoyou - DA\",\"description\":\"\",\"publisher\":{\"@id\":\"https:\/\/www.transtoyou.com\/da\/#organization\"},\"potentialAction\":[{\"@type\":\"SearchAction\",\"target\":{\"@type\":\"EntryPoint\",\"urlTemplate\":\"https:\/\/www.transtoyou.com\/da\/?s={search_term_string}\"},\"query-input\":{\"@type\":\"PropertyValueSpecification\",\"valueRequired\":true,\"valueName\":\"search_term_string\"}}],\"inLanguage\":\"da-DK\"},{\"@type\":\"Organization\",\"@id\":\"https:\/\/www.transtoyou.com\/da\/#organization\",\"name\":\"Transtoyou - DA\",\"url\":\"https:\/\/www.transtoyou.com\/da\/\",\"logo\":{\"@type\":\"ImageObject\",\"inLanguage\":\"da-DK\",\"@id\":\"https:\/\/www.transtoyou.com\/da\/#\/schema\/logo\/image\/\",\"url\":\"https:\/\/www.transtoyou.com\/da\/wp-content\/uploads\/sites\/6\/2026\/01\/logo-tty-menu-bar-300x87-1.webp\",\"contentUrl\":\"https:\/\/www.transtoyou.com\/da\/wp-content\/uploads\/sites\/6\/2026\/01\/logo-tty-menu-bar-300x87-1.webp\",\"width\":300,\"height\":87,\"caption\":\"Transtoyou - DA\"},\"image\":{\"@id\":\"https:\/\/www.transtoyou.com\/da\/#\/schema\/logo\/image\/\"}}]}<\/script>\n<!-- \/ Yoast SEO plugin. -->","yoast_head_json":{"title":"Clonidine | Manage Hot Flushes Effectively - Transtoyou","description":"Clonidine for menopause relief, available here. Supports temperature regulation, reduces hot flushes. Order now on Transtoyou for trusted care.","robots":{"index":"noindex","follow":"follow","max-snippet":"max-snippet:-1","max-image-preview":"max-image-preview:large","max-video-preview":"max-video-preview:-1"},"og_locale":"da_DK","og_type":"article","og_title":"Clonidine | Manage Hot Flushes Effectively - Transtoyou","og_description":"Clonidine for menopause relief, available here. Supports temperature regulation, reduces hot flushes. Order now on Transtoyou for trusted care.","og_url":"https:\/\/www.transtoyou.com\/da\/product\/clonidine\/","og_site_name":"Transtoyou - DA","article_modified_time":"2026-02-13T12:15:17+00:00","twitter_card":"summary_large_image","twitter_misc":{"Estimeret l\u00e6setid":"1 minut"},"schema":{"@context":"https:\/\/schema.org","@graph":[{"@type":"WebPage","@id":"https:\/\/www.transtoyou.com\/da\/product\/clonidine\/","url":"https:\/\/www.transtoyou.com\/da\/product\/clonidine\/","name":"Clonidine | Manage Hot Flushes Effectively - Transtoyou","isPartOf":{"@id":"https:\/\/www.transtoyou.com\/da\/#website"},"primaryImageOfPage":{"@id":"https:\/\/www.transtoyou.com\/da\/product\/clonidine\/#primaryimage"},"image":{"@id":"https:\/\/www.transtoyou.com\/da\/product\/clonidine\/#primaryimage"},"thumbnailUrl":"https:\/\/www.transtoyou.com\/da\/wp-content\/uploads\/sites\/6\/2026\/02\/tty-no-product-image-3.webp","datePublished":"2026-02-13T12:14:58+00:00","dateModified":"2026-02-13T12:15:17+00:00","description":"Clonidine for menopause relief, available here. Supports temperature regulation, reduces hot flushes. Order now on Transtoyou for trusted care.","breadcrumb":{"@id":"https:\/\/www.transtoyou.com\/da\/product\/clonidine\/#breadcrumb"},"inLanguage":"da-DK","potentialAction":[{"@type":"ReadAction","target":["https:\/\/www.transtoyou.com\/da\/product\/clonidine\/"]}]},{"@type":"ImageObject","inLanguage":"da-DK","@id":"https:\/\/www.transtoyou.com\/da\/product\/clonidine\/#primaryimage","url":"https:\/\/www.transtoyou.com\/da\/wp-content\/uploads\/sites\/6\/2026\/02\/tty-no-product-image-3.webp","contentUrl":"https:\/\/www.transtoyou.com\/da\/wp-content\/uploads\/sites\/6\/2026\/02\/tty-no-product-image-3.webp","width":1000,"height":1000,"caption":"Standard produktbillede"},{"@type":"WebSite","@id":"https:\/\/www.transtoyou.com\/da\/#website","url":"https:\/\/www.transtoyou.com\/da\/","name":"Transtoyou - DA","description":"","publisher":{"@id":"https:\/\/www.transtoyou.com\/da\/#organization"},"potentialAction":[{"@type":"SearchAction","target":{"@type":"EntryPoint","urlTemplate":"https:\/\/www.transtoyou.com\/da\/?s={search_term_string}"},"query-input":{"@type":"PropertyValueSpecification","valueRequired":true,"valueName":"search_term_string"}}],"inLanguage":"da-DK"},{"@type":"Organization","@id":"https:\/\/www.transtoyou.com\/da\/#organization","name":"Transtoyou - DA","url":"https:\/\/www.transtoyou.com\/da\/","logo":{"@type":"ImageObject","inLanguage":"da-DK","@id":"https:\/\/www.transtoyou.com\/da\/#\/schema\/logo\/image\/","url":"https:\/\/www.transtoyou.com\/da\/wp-content\/uploads\/sites\/6\/2026\/01\/logo-tty-menu-bar-300x87-1.webp","contentUrl":"https:\/\/www.transtoyou.com\/da\/wp-content\/uploads\/sites\/6\/2026\/01\/logo-tty-menu-bar-300x87-1.webp","width":300,"height":87,"caption":"Transtoyou - DA"},"image":{"@id":"https:\/\/www.transtoyou.com\/da\/#\/schema\/logo\/image\/"}}]}},"_links":{"self":[{"href":"https:\/\/www.transtoyou.com\/da\/wp-json\/wp\/v2\/product\/1541","targetHints":{"allow":["GET"]}}],"collection":[{"href":"https:\/\/www.transtoyou.com\/da\/wp-json\/wp\/v2\/product"}],"about":[{"href":"https:\/\/www.transtoyou.com\/da\/wp-json\/wp\/v2\/types\/product"}],"replies":[{"embeddable":true,"href":"https:\/\/www.transtoyou.com\/da\/wp-json\/wp\/v2\/comments?post=1541"}],"wp:featuredmedia":[{"embeddable":true,"href":"https:\/\/www.transtoyou.com\/da\/wp-json\/wp\/v2\/media\/1549"}],"wp:attachment":[{"href":"https:\/\/www.transtoyou.com\/da\/wp-json\/wp\/v2\/media?parent=1541"}],"wp:term":[{"taxonomy":"product_brand","embeddable":true,"href":"https:\/\/www.transtoyou.com\/da\/wp-json\/wp\/v2\/product_brand?post=1541"},{"taxonomy":"product_cat","embeddable":true,"href":"https:\/\/www.transtoyou.com\/da\/wp-json\/wp\/v2\/product_cat?post=1541"},{"taxonomy":"product_tag","embeddable":true,"href":"https:\/\/www.transtoyou.com\/da\/wp-json\/wp\/v2\/product_tag?post=1541"},{"taxonomy":"expert","embeddable":true,"href":"https:\/\/www.transtoyou.com\/da\/wp-json\/wp\/v2\/expert?post=1541"}],"curies":[{"name":"wp","href":"https:\/\/api.w.org\/{rel}","templated":true}]}}