{"id":1550,"date":"2026-02-13T16:20:10","date_gmt":"2026-02-13T14:20:10","guid":{"rendered":"https:\/\/www.transtoyou.com\/da\/product\/jardiance\/"},"modified":"2026-02-20T13:01:49","modified_gmt":"2026-02-20T11:01:49","slug":"jardiance","status":"publish","type":"product","link":"https:\/\/www.transtoyou.com\/da\/product\/jardiance\/","title":{"rendered":"Jardiance"},"content":{"rendered":"<p>Jardiance er et receptpligtigt l\u00e6gemiddel, der indeholder empagliflozin, og som anvendes til behandling af type 2 diabetes mellitus hos voksne. Det ordineres som en del af en bredere behandlingsplan, der inkluderer kost- og livsstilsforanstaltninger. Jardiance er ikke beregnet til behandling af type 1 diabetes eller diabetisk ketoacidose.<\/p>\n<p>Empagliflozin tilh\u00f8rer en klasse af l\u00e6gemidler kendt som SGLT2-h\u00e6mmere. Disse l\u00e6gemidler virker ved at reducere reabsorptionen af glukose i nyrerne, hvilket g\u00f8r det muligt for overskydende glukose at blive udskilt gennem urinen. Ved at s\u00e6nke blodsukkerniveauerne hj\u00e6lper Jardiance med at forbedre den glykemiske kontrol hos personer med type 2 diabetes.<\/p>\n<p>Ud over sin effekt p\u00e5 blodsukkeret kan Jardiance ordineres for at reducere risikoen for kardiovaskul\u00e6re h\u00e6ndelser hos visse patienter med type 2 diabetes og etableret kardiovaskul\u00e6r sygdom.<\/p>\n<p>Jardiance tages oralt og er beregnet til langvarig brug under medicinsk overv\u00e5gning. Regelm\u00e6ssig overv\u00e5gning af blodsukkerniveauer, nyrefunktion og generel sundhed er vigtig under behandlingen. Som med alle receptpligtige l\u00e6gemidler b\u00f8r Jardiance kun anvendes efter en medicinsk vurdering og i henhold til de instruktioner, der gives af en autoriseret l\u00e6ge.<\/p>\n","protected":false},"excerpt":{"rendered":"<ul>\n<li>Receptpligtig medicin til voksne med type 2-diabetes<\/li>\n<li>Indeholder empagliflozin, en SGLT2-h\u00e6mmer<\/li>\n<li>Bruges som en del af en medicinsk overv\u00e5get behandlingsplan<\/li>\n<\/ul>\n","protected":false},"featured_media":1552,"comment_status":"open","ping_status":"closed","template":"","meta":[],"product_brand":[],"product_cat":[103],"product_tag":[],"expert":[16],"class_list":{"0":"post-1550","1":"product","2":"type-product","3":"status-publish","4":"has-post-thumbnail","6":"product_cat-diabetes","7":"expert-dr-c-alexandru","9":"first","10":"instock","11":"shipping-taxable","12":"product-type-variable"},"yoast_head":"<!-- This site is optimized with the Yoast SEO plugin v27.0 - https:\/\/yoast.com\/product\/yoast-seo-wordpress\/ -->\n<title>Jardiance | Empagliflozin til Type 2 Diabetes - Transtoyou<\/title>\n<meta name=\"description\" content=\"Jardiance hos Transtoyou, receptpligtig medicin til type 2-diabetes for bedre blodsukkerkontrol. Anmod om en online l\u00e6gevurdering i dag.\" \/>\n<meta name=\"robots\" content=\"noindex, follow, max-snippet:-1, max-image-preview:large, max-video-preview:-1\" \/>\n<meta property=\"og:locale\" content=\"da_DK\" \/>\n<meta property=\"og:type\" content=\"article\" \/>\n<meta property=\"og:title\" content=\"Jardiance | Empagliflozin til Type 2 Diabetes - Transtoyou\" \/>\n<meta property=\"og:description\" content=\"Jardiance hos Transtoyou, receptpligtig medicin til type 2-diabetes for bedre blodsukkerkontrol. Anmod om en online l\u00e6gevurdering i dag.\" \/>\n<meta property=\"og:url\" content=\"https:\/\/www.transtoyou.com\/da\/product\/jardiance\/\" \/>\n<meta property=\"og:site_name\" content=\"Transtoyou - DA\" \/>\n<meta property=\"article:modified_time\" content=\"2026-02-20T11:01:49+00:00\" \/>\n<meta name=\"twitter:card\" content=\"summary_large_image\" \/>\n<meta name=\"twitter:label1\" content=\"Estimeret l\u00e6setid\" \/>\n\t<meta name=\"twitter:data1\" content=\"1 minut\" \/>\n<script type=\"application\/ld+json\" class=\"yoast-schema-graph\">{\"@context\":\"https:\/\/schema.org\",\"@graph\":[{\"@type\":\"WebPage\",\"@id\":\"https:\/\/www.transtoyou.com\/da\/product\/jardiance\/\",\"url\":\"https:\/\/www.transtoyou.com\/da\/product\/jardiance\/\",\"name\":\"Jardiance | Empagliflozin til Type 2 Diabetes - Transtoyou\",\"isPartOf\":{\"@id\":\"https:\/\/www.transtoyou.com\/da\/#website\"},\"primaryImageOfPage\":{\"@id\":\"https:\/\/www.transtoyou.com\/da\/product\/jardiance\/#primaryimage\"},\"image\":{\"@id\":\"https:\/\/www.transtoyou.com\/da\/product\/jardiance\/#primaryimage\"},\"thumbnailUrl\":\"https:\/\/www.transtoyou.com\/da\/wp-content\/uploads\/sites\/6\/2026\/02\/tty-no-product-image-4.webp\",\"datePublished\":\"2026-02-13T14:20:10+00:00\",\"dateModified\":\"2026-02-20T11:01:49+00:00\",\"description\":\"Jardiance hos Transtoyou, receptpligtig medicin til type 2-diabetes for bedre blodsukkerkontrol. Anmod om en online l\u00e6gevurdering i dag.\",\"breadcrumb\":{\"@id\":\"https:\/\/www.transtoyou.com\/da\/product\/jardiance\/#breadcrumb\"},\"inLanguage\":\"da-DK\",\"potentialAction\":[{\"@type\":\"ReadAction\",\"target\":[\"https:\/\/www.transtoyou.com\/da\/product\/jardiance\/\"]}]},{\"@type\":\"ImageObject\",\"inLanguage\":\"da-DK\",\"@id\":\"https:\/\/www.transtoyou.com\/da\/product\/jardiance\/#primaryimage\",\"url\":\"https:\/\/www.transtoyou.com\/da\/wp-content\/uploads\/sites\/6\/2026\/02\/tty-no-product-image-4.webp\",\"contentUrl\":\"https:\/\/www.transtoyou.com\/da\/wp-content\/uploads\/sites\/6\/2026\/02\/tty-no-product-image-4.webp\",\"width\":1000,\"height\":1000,\"caption\":\"Standard produktbillede\"},{\"@type\":\"WebSite\",\"@id\":\"https:\/\/www.transtoyou.com\/da\/#website\",\"url\":\"https:\/\/www.transtoyou.com\/da\/\",\"name\":\"Transtoyou - DA\",\"description\":\"\",\"publisher\":{\"@id\":\"https:\/\/www.transtoyou.com\/da\/#organization\"},\"potentialAction\":[{\"@type\":\"SearchAction\",\"target\":{\"@type\":\"EntryPoint\",\"urlTemplate\":\"https:\/\/www.transtoyou.com\/da\/?s={search_term_string}\"},\"query-input\":{\"@type\":\"PropertyValueSpecification\",\"valueRequired\":true,\"valueName\":\"search_term_string\"}}],\"inLanguage\":\"da-DK\"},{\"@type\":\"Organization\",\"@id\":\"https:\/\/www.transtoyou.com\/da\/#organization\",\"name\":\"Transtoyou - DA\",\"url\":\"https:\/\/www.transtoyou.com\/da\/\",\"logo\":{\"@type\":\"ImageObject\",\"inLanguage\":\"da-DK\",\"@id\":\"https:\/\/www.transtoyou.com\/da\/#\/schema\/logo\/image\/\",\"url\":\"https:\/\/www.transtoyou.com\/da\/wp-content\/uploads\/sites\/6\/2026\/01\/logo-tty-menu-bar-300x87-1.webp\",\"contentUrl\":\"https:\/\/www.transtoyou.com\/da\/wp-content\/uploads\/sites\/6\/2026\/01\/logo-tty-menu-bar-300x87-1.webp\",\"width\":300,\"height\":87,\"caption\":\"Transtoyou - DA\"},\"image\":{\"@id\":\"https:\/\/www.transtoyou.com\/da\/#\/schema\/logo\/image\/\"}}]}<\/script>\n<!-- \/ Yoast SEO plugin. -->","yoast_head_json":{"title":"Jardiance | Empagliflozin til Type 2 Diabetes - Transtoyou","description":"Jardiance hos Transtoyou, receptpligtig medicin til type 2-diabetes for bedre blodsukkerkontrol. Anmod om en online l\u00e6gevurdering i dag.","robots":{"index":"noindex","follow":"follow","max-snippet":"max-snippet:-1","max-image-preview":"max-image-preview:large","max-video-preview":"max-video-preview:-1"},"og_locale":"da_DK","og_type":"article","og_title":"Jardiance | Empagliflozin til Type 2 Diabetes - Transtoyou","og_description":"Jardiance hos Transtoyou, receptpligtig medicin til type 2-diabetes for bedre blodsukkerkontrol. Anmod om en online l\u00e6gevurdering i dag.","og_url":"https:\/\/www.transtoyou.com\/da\/product\/jardiance\/","og_site_name":"Transtoyou - DA","article_modified_time":"2026-02-20T11:01:49+00:00","twitter_card":"summary_large_image","twitter_misc":{"Estimeret l\u00e6setid":"1 minut"},"schema":{"@context":"https:\/\/schema.org","@graph":[{"@type":"WebPage","@id":"https:\/\/www.transtoyou.com\/da\/product\/jardiance\/","url":"https:\/\/www.transtoyou.com\/da\/product\/jardiance\/","name":"Jardiance | Empagliflozin til Type 2 Diabetes - Transtoyou","isPartOf":{"@id":"https:\/\/www.transtoyou.com\/da\/#website"},"primaryImageOfPage":{"@id":"https:\/\/www.transtoyou.com\/da\/product\/jardiance\/#primaryimage"},"image":{"@id":"https:\/\/www.transtoyou.com\/da\/product\/jardiance\/#primaryimage"},"thumbnailUrl":"https:\/\/www.transtoyou.com\/da\/wp-content\/uploads\/sites\/6\/2026\/02\/tty-no-product-image-4.webp","datePublished":"2026-02-13T14:20:10+00:00","dateModified":"2026-02-20T11:01:49+00:00","description":"Jardiance hos Transtoyou, receptpligtig medicin til type 2-diabetes for bedre blodsukkerkontrol. Anmod om en online l\u00e6gevurdering i dag.","breadcrumb":{"@id":"https:\/\/www.transtoyou.com\/da\/product\/jardiance\/#breadcrumb"},"inLanguage":"da-DK","potentialAction":[{"@type":"ReadAction","target":["https:\/\/www.transtoyou.com\/da\/product\/jardiance\/"]}]},{"@type":"ImageObject","inLanguage":"da-DK","@id":"https:\/\/www.transtoyou.com\/da\/product\/jardiance\/#primaryimage","url":"https:\/\/www.transtoyou.com\/da\/wp-content\/uploads\/sites\/6\/2026\/02\/tty-no-product-image-4.webp","contentUrl":"https:\/\/www.transtoyou.com\/da\/wp-content\/uploads\/sites\/6\/2026\/02\/tty-no-product-image-4.webp","width":1000,"height":1000,"caption":"Standard produktbillede"},{"@type":"WebSite","@id":"https:\/\/www.transtoyou.com\/da\/#website","url":"https:\/\/www.transtoyou.com\/da\/","name":"Transtoyou - DA","description":"","publisher":{"@id":"https:\/\/www.transtoyou.com\/da\/#organization"},"potentialAction":[{"@type":"SearchAction","target":{"@type":"EntryPoint","urlTemplate":"https:\/\/www.transtoyou.com\/da\/?s={search_term_string}"},"query-input":{"@type":"PropertyValueSpecification","valueRequired":true,"valueName":"search_term_string"}}],"inLanguage":"da-DK"},{"@type":"Organization","@id":"https:\/\/www.transtoyou.com\/da\/#organization","name":"Transtoyou - DA","url":"https:\/\/www.transtoyou.com\/da\/","logo":{"@type":"ImageObject","inLanguage":"da-DK","@id":"https:\/\/www.transtoyou.com\/da\/#\/schema\/logo\/image\/","url":"https:\/\/www.transtoyou.com\/da\/wp-content\/uploads\/sites\/6\/2026\/01\/logo-tty-menu-bar-300x87-1.webp","contentUrl":"https:\/\/www.transtoyou.com\/da\/wp-content\/uploads\/sites\/6\/2026\/01\/logo-tty-menu-bar-300x87-1.webp","width":300,"height":87,"caption":"Transtoyou - DA"},"image":{"@id":"https:\/\/www.transtoyou.com\/da\/#\/schema\/logo\/image\/"}}]}},"_links":{"self":[{"href":"https:\/\/www.transtoyou.com\/da\/wp-json\/wp\/v2\/product\/1550","targetHints":{"allow":["GET"]}}],"collection":[{"href":"https:\/\/www.transtoyou.com\/da\/wp-json\/wp\/v2\/product"}],"about":[{"href":"https:\/\/www.transtoyou.com\/da\/wp-json\/wp\/v2\/types\/product"}],"replies":[{"embeddable":true,"href":"https:\/\/www.transtoyou.com\/da\/wp-json\/wp\/v2\/comments?post=1550"}],"wp:featuredmedia":[{"embeddable":true,"href":"https:\/\/www.transtoyou.com\/da\/wp-json\/wp\/v2\/media\/1552"}],"wp:attachment":[{"href":"https:\/\/www.transtoyou.com\/da\/wp-json\/wp\/v2\/media?parent=1550"}],"wp:term":[{"taxonomy":"product_brand","embeddable":true,"href":"https:\/\/www.transtoyou.com\/da\/wp-json\/wp\/v2\/product_brand?post=1550"},{"taxonomy":"product_cat","embeddable":true,"href":"https:\/\/www.transtoyou.com\/da\/wp-json\/wp\/v2\/product_cat?post=1550"},{"taxonomy":"product_tag","embeddable":true,"href":"https:\/\/www.transtoyou.com\/da\/wp-json\/wp\/v2\/product_tag?post=1550"},{"taxonomy":"expert","embeddable":true,"href":"https:\/\/www.transtoyou.com\/da\/wp-json\/wp\/v2\/expert?post=1550"}],"curies":[{"name":"wp","href":"https:\/\/api.w.org\/{rel}","templated":true}]}}