{"id":1760,"date":"2026-02-24T13:31:30","date_gmt":"2026-02-24T11:31:30","guid":{"rendered":"https:\/\/www.transtoyou.com\/da\/product\/estramon-comp\/"},"modified":"2026-03-03T09:55:42","modified_gmt":"2026-03-03T07:55:42","slug":"estramon-komp","status":"publish","type":"product","link":"https:\/\/www.transtoyou.com\/da\/product\/estramon-komp\/","title":{"rendered":"Estramon Comp"},"content":{"rendered":"<h2>Hvad er Estramon Comp?<\/h2>\n<p>Estramon Comp er et sekventielt kombineret <a href=\"\/da\/treatment\/hormone-replacement-therapy\/\">hormonbehandling (HRT)<\/a> plaster, der bruges til at behandle symptomer p\u00e5 overgangsalderen. Det indeholder to hormoner: estradiol, en form for \u00f8strogen, og norethisteronacetat, en type progesteron (ogs\u00e5 kaldet et progestogen).<\/p>\n<p>I mods\u00e6tning til kontinuerlig kombineret HRT f\u00f8lger Estramon Comp et cyklisk eller sekventielt regime. Det betyder, at du bruger \u00f8strogen alene i en del af cyklussen og \u00f8strogen kombineret med progesteron i en anden del. P\u00e5 grund af dette m\u00f8nster kan du opleve en m\u00e5nedlig tilbagetr\u00e6kningsbl\u00f8dning, der ligner en let menstruation.<\/p>\n<p>Estramon Comp ordineres typisk, hvis:<\/p>\n<ul>\n<li>Du er i perimenopause (dine menstruationer er uregelm\u00e6ssige, men er ikke helt stoppet), eller<\/li>\n<li>Du er inden for 12 m\u00e5neder efter din sidste naturlige menstruation<\/li>\n<\/ul>\n<p>Det er designet til kvinder, der stadig har deres livmoder og har brug for b\u00e5de \u00f8strogen erstatning og beskyttelse af livmoderslimhinden.<\/p>\n<p>Estramon Comp er et transdermalt HRT plaster, hvilket betyder, at hormonerne optages gennem din hud direkte ind i din blodstr\u00f8m. Dette undg\u00e5r at passere gennem dit ford\u00f8jelsessystem og giver stabile hormonniveauer.<\/p>\n<h2>Hvad bruges Estramon Comp til?<\/h2>\n<p>Estramon Comp bruges til at <a href=\"\/da\/treatment\/menopause-pms-relief\/\">lindre symptomer p\u00e5 overgangsalderen<\/a> for\u00e5rsaget af faldende \u00f8strogenniveauer.<\/p>\n<p>Under overgangsalderen falder \u00f8strogenniveauerne betydeligt. Denne hormonelle \u00e6ndring kan for\u00e5rsage:<\/p>\n<ul>\n<li>Varmeture<\/li>\n<li>Nattesved<\/li>\n<li>S\u00f8vnproblemer<\/li>\n<li>Hum\u00f8rsvingninger<\/li>\n<li>Vaginal t\u00f8rhed<\/li>\n<li>Hjerne t\u00e5ge<\/li>\n<li>Tr\u00e6thed<\/li>\n<li>Nedsat libido<\/li>\n<\/ul>\n<p>Varmeture og nattesved kaldes vasomotoriske symptomer, hvilket betyder, at din krops temperaturkontrolsystem er forstyrret af hormonelle \u00e6ndringer.<\/p>\n<p>Estramon Comp kan ogs\u00e5 hj\u00e6lpe med at opretholde knoglet\u00e6theden. Efter overgangsalderen \u00f8ger lavere \u00f8strogenniveauer risikoen for osteoporose, en tilstand hvor knoglerne bliver tyndere og mere skr\u00f8belige. Hormonbehandling kan hj\u00e6lpe med at bremse knogletabet hos kvinder, der er i risiko.<\/p>\n<p>Estramon Comp er s\u00e6rligt velegnet, hvis du stadig oplever lejlighedsvise menstruationer eller er tidligt i overgangsalderen.<\/p>\n<h2>Hvordan virker Estramon Comp?<\/h2>\n<p>Estramon Comp virker ved at erstatte de hormoner, din krop gradvist stopper med at producere under overgangsalderen.<\/p>\n<h4>Estradiol (\u00d8strogen)<\/h4>\n<p>Estradiol er kemisk ligestillet med det \u00f8strogen, din krop naturligt producerer. Det hj\u00e6lper med at:<\/p>\n<ul>\n<li>Reducerer varmeture og nattesved<\/li>\n<li>Forbedre vaginal t\u00f8rhed<\/li>\n<li>St\u00f8tte hum\u00f8r og s\u00f8vn<\/li>\n<li>Opretholde knoglestyrken<\/li>\n<\/ul>\n<h4>Norethisteron (Progestogen)<\/h4>\n<p>Hvis du stadig har din livmoder, kan \u00f8strogen alene f\u00e5 slimhinden i din livmoder (kaldet endometrium) til at blive for tyk. Over tid kan dette \u00f8ge risikoen for livmoderkr\u00e6ft.<\/p>\n<p>Norethisteron beskytter din livmoder ved at forhindre overdreven fortykkelse af slimhinden. I sekventiel HRT som Estramon Comp tils\u00e6ttes progesteron i en del af cyklussen, hvilket kan resultere i en planlagt m\u00e5nedlig bl\u00f8dning.<\/p>\n<p>Da plasteret leverer hormoner gennem din hud, f\u00e5r du en stabil hormonoptagelse. Dette transdermale leveringssystem kan reducere hormonfluktuationer sammenlignet med orale tabletter.<\/p>\n<h2>Hvem b\u00f8r ikke bruge Estramon Comp?<\/h2>\n<p>Du b\u00f8r ikke bruge Estramon Comp hvis:<\/p>\n<ul>\n<li>Du har eller har haft brystkr\u00e6ft<\/li>\n<li>Du har \u00f8strogenafh\u00e6ngig kr\u00e6ft (s\u00e5som kr\u00e6ft i livmoderslimhinden)<\/li>\n<li>Du har uforklarlig vaginal bl\u00f8dning<\/li>\n<li>Du har ubehandlet endometriehyperplasi<\/li>\n<li>Du har eller har haft blodpropper<\/li>\n<li>Du har en blodkoagulationsforstyrrelse<\/li>\n<li>Du for nylig har haft et hjerteanfald eller slagtilf\u00e6lde<\/li>\n<li>Du har sv\u00e6r leversygdom<\/li>\n<li>Du er allergisk over for estradiol eller norethisteron<\/li>\n<\/ul>\n<p>Inform\u00e9r altid din l\u00e6ge om din sygehistorie, f\u00f8r du starter hormonbehandling.<\/p>\n<h3>Graviditet og amning<\/h3>\n<p>Estramon Comp er ikke et pr\u00e6ventionsmiddel.<\/p>\n<p>Du m\u00e5 ikke bruge denne medicin, hvis du er gravid eller tror, du kan v\u00e6re gravid. Selvom fertiliteten falder under overgangsalderen, er graviditet stadig mulig i perimenopause.<\/p>\n<p>Estramon Comp b\u00f8r ikke bruges under amning.<\/p>\n<p>Hvis du mist\u00e6nker graviditet, mens du bruger dette plaster, skal du fjerne det og kontakte din l\u00e6ge.<\/p>\n<h2>S\u00e5dan bruger du Estramon Comp og dosering<\/h2>\n<p>Brug altid Estramon Comp pr\u00e6cist som ordineret.<\/p>\n<p>Da det er et sekventielt HRT plaster, f\u00f8lger du en cyklus:<\/p>\n<ul>\n<li>F\u00f8rste fase: \u00f8strogen-plaster<\/li>\n<li>Anden fase: kombineret \u00f8strogen- og progestogen-plaster<\/li>\n<\/ul>\n<p>Din l\u00e6ge vil forklare din pr\u00e6cise tidsplan.<\/p>\n<p>S\u00e5dan anvendes:<\/p>\n<ul>\n<li>P\u00e5f\u00f8r p\u00e5 ren, t\u00f8r, intakt hud<\/li>\n<li>Egnet omr\u00e5der inkluderer den nedre mave eller balderne<\/li>\n<li>P\u00e5f\u00f8r ikke p\u00e5 dine bryster<\/li>\n<li>Tryk fast i mindst 10 sekunder<\/li>\n<li>Skift plaster i henhold til din ordinerede tidsplan<\/li>\n<\/ul>\n<p>Skift applikationssted for at reducere hudirritation.<\/p>\n<p>Du kan opleve en forudsigelig m\u00e5nedlig bl\u00f8dning under progestogenfasen. Dette er normalt i sekventiel HRT.<\/p>\n<h2>Mulige bivirkninger<\/h2>\n<p>Som alle l\u00e6gemidler kan Estramon Comp for\u00e5rsage bivirkninger.<\/p>\n<p>Almindelige bivirkninger inkluderer:<\/p>\n<ul>\n<li>Bryst\u00f8mhed<\/li>\n<li>Hovedpine<\/li>\n<li>Kvalme<\/li>\n<li>Hum\u00f8r\u00e6ndringer<\/li>\n<li>Hudirritation<\/li>\n<li>Planlagt m\u00e5nedlig bl\u00f8dning<\/li>\n<li>Uregelm\u00e6ssig pletbl\u00f8dning<\/li>\n<\/ul>\n<p>Mere alvorlige, men mindre almindelige risici ved hormonbehandling inkluderer:<\/p>\n<ul>\n<li>Blodpropper<\/li>\n<li>Slagtilf\u00e6lde<\/li>\n<li>Brystkr\u00e6ft<\/li>\n<li>\u00c6ggestokkr\u00e6ft<\/li>\n<li>Hjerte-kar-sygdomme<\/li>\n<\/ul>\n<p>Din individuelle risiko afh\u00e6nger af din alder, tid siden overgangsalderen, familiehistorie og generelle sundhed.<\/p>\n<p>Regelm\u00e6ssig medicinsk gennemgang er vigtig, mens du bruger HRT.<\/p>\n<h2>Vigtig sikkerhedsoplysning<\/h2>\n<p>F\u00f8r du starter Estramon Comp, b\u00f8r du have en medicinsk konsultation.<\/p>\n<p>Fort\u00e6l din l\u00e6ge, hvis du har:<\/p>\n<ul>\n<li><a href=\"\/da\/treatment\/high-blood-pressure\">H\u00f8jt blodtryk<\/a><\/li>\n<li><a href=\"\/da\/treatment\/diabetes\">Diabetes<\/a><\/li>\n<li><a href=\"\/da\/treatment\/headache-and-migraines\/\">Migr\u00e6ne<\/a><\/li>\n<li>Gallesten<\/li>\n<li>Leverproblemer<\/li>\n<li>Fibroider<\/li>\n<li><a href=\"\/da\/treatment\/endometriosis\/\">Endometriose<\/a><\/li>\n<li>H\u00f8je triglyceridniveauer<\/li>\n<li>En familiehistorie med hormonf\u00f8lsomme kr\u00e6ftformer<\/li>\n<\/ul>\n<p>Mens du bruger Estramon Comp:<\/p>\n<ul>\n<li>G\u00e5 til regelm\u00e6ssige kontrolbes\u00f8g<\/li>\n<li>Forts\u00e6t brystscreening<\/li>\n<li>Udf\u00f8r regelm\u00e6ssige selvunders\u00f8gelser af brysterne<\/li>\n<li>Rapporter us\u00e6dvanlig bl\u00f8dning<\/li>\n<\/ul>\n<p>Hormonbehandling b\u00f8r gennemg\u00e5s mindst en gang om \u00e5ret.<\/p>\n<h2>Hvorn\u00e5r skal du s\u00f8ge l\u00e6gehj\u00e6lp<\/h2>\n<p>Stop med at bruge Estramon Comp og s\u00f8g straks l\u00e6gehj\u00e6lp, hvis du udvikler:<\/p>\n<ul>\n<li>H\u00e6velse eller smerte i det ene ben<\/li>\n<li>Pludselig brystsmerter<\/li>\n<li>\u00c5ndedr\u00e6tsbesv\u00e6r<\/li>\n<li>Sv\u00e6r hovedpine<\/li>\n<li>Pludselige syns- eller talebesv\u00e6r<\/li>\n<li>Gulfarvning af hud eller \u00f8jne<\/li>\n<li>Tegn p\u00e5 en alvorlig allergisk reaktion<\/li>\n<\/ul>\n<p>Kontakt din l\u00e6ge, hvis du bem\u00e6rker:<\/p>\n<ul>\n<li>Uventet kraftig bl\u00f8dning<\/li>\n<li>En ny brystknude<\/li>\n<li>Vedholdende mavesmerter<\/li>\n<li>Enhver pludselig \u00e6ndring i helbredet<\/li>\n<\/ul>\n<p>Hvis du er usikker p\u00e5 symptomerne, skal du altid s\u00f8ge l\u00e6gehj\u00e6lp.<\/p>\n","protected":false},"excerpt":{"rendered":"<ul>\n<li>Estramon Comp: Sekventiel hormonbehandling plaster til lindring af menopausale symptomer, mens det beskytter din livmoder.<\/li>\n<li>Aktiv ingrediens: Estradiol (\u00f8strogen) og Norethisteronacetat (gestagen)<\/li>\n<li>Anvendes til: Hormonbehandling (HRT)<\/li>\n<\/ul>\n","protected":false},"featured_media":1762,"comment_status":"open","ping_status":"closed","template":"","meta":[],"product_brand":[],"product_cat":[139,145],"product_tag":[],"expert":[20],"class_list":{"0":"post-1760","1":"product","2":"type-product","3":"status-publish","4":"has-post-thumbnail","6":"product_cat-hormonbehandling-hrt","7":"product_cat-menopause-pms-lindring","8":"expert-dr-m-ahmed","10":"first","11":"instock","12":"shipping-taxable","13":"product-type-variable"},"yoast_head":"<!-- This site is optimized with the Yoast SEO plugin v27.0 - https:\/\/yoast.com\/product\/yoast-seo-wordpress\/ -->\n<title>Estramon Comp | HRT plaster til overgangsalderen - Transtoyou<\/title>\n<meta name=\"description\" content=\"Estramon Comp HRT plaster til lindring af menopausale symptomer, kun p\u00e5 recept fra Transtoyou l\u00e6ger. Find ud af, om denne behandling er for dig.\" \/>\n<meta name=\"robots\" content=\"noindex, follow, max-snippet:-1, max-image-preview:large, max-video-preview:-1\" \/>\n<meta property=\"og:locale\" content=\"da_DK\" \/>\n<meta property=\"og:type\" content=\"article\" \/>\n<meta property=\"og:title\" content=\"Estramon Comp | HRT plaster til overgangsalderen - Transtoyou\" \/>\n<meta property=\"og:description\" content=\"Estramon Comp HRT plaster til lindring af menopausale symptomer, kun p\u00e5 recept fra Transtoyou l\u00e6ger. Find ud af, om denne behandling er for dig.\" \/>\n<meta property=\"og:url\" content=\"https:\/\/www.transtoyou.com\/da\/product\/estramon-comp\/\" \/>\n<meta property=\"og:site_name\" content=\"Transtoyou - DA\" \/>\n<meta property=\"article:modified_time\" content=\"2026-03-03T07:55:42+00:00\" \/>\n<meta name=\"twitter:card\" content=\"summary_large_image\" \/>\n<meta name=\"twitter:label1\" content=\"Estimeret l\u00e6setid\" \/>\n\t<meta name=\"twitter:data1\" content=\"5 minutter\" \/>\n<script type=\"application\/ld+json\" class=\"yoast-schema-graph\">{\"@context\":\"https:\/\/schema.org\",\"@graph\":[{\"@type\":\"WebPage\",\"@id\":\"https:\/\/www.transtoyou.com\/da\/product\/estramon-comp\/\",\"url\":\"https:\/\/www.transtoyou.com\/da\/product\/estramon-comp\/\",\"name\":\"Estramon Comp | HRT plaster til overgangsalderen - Transtoyou\",\"isPartOf\":{\"@id\":\"https:\/\/www.transtoyou.com\/da\/#website\"},\"primaryImageOfPage\":{\"@id\":\"https:\/\/www.transtoyou.com\/da\/product\/estramon-comp\/#primaryimage\"},\"image\":{\"@id\":\"https:\/\/www.transtoyou.com\/da\/product\/estramon-comp\/#primaryimage\"},\"thumbnailUrl\":\"https:\/\/www.transtoyou.com\/da\/wp-content\/uploads\/sites\/6\/2026\/02\/tty-no-product-image-13.webp\",\"datePublished\":\"2026-02-24T11:31:30+00:00\",\"dateModified\":\"2026-03-03T07:55:42+00:00\",\"description\":\"Estramon Comp HRT plaster til lindring af menopausale symptomer, kun p\u00e5 recept fra Transtoyou l\u00e6ger. Find ud af, om denne behandling er for dig.\",\"breadcrumb\":{\"@id\":\"https:\/\/www.transtoyou.com\/da\/product\/estramon-comp\/#breadcrumb\"},\"inLanguage\":\"da-DK\",\"potentialAction\":[{\"@type\":\"ReadAction\",\"target\":[\"https:\/\/www.transtoyou.com\/da\/product\/estramon-comp\/\"]}]},{\"@type\":\"ImageObject\",\"inLanguage\":\"da-DK\",\"@id\":\"https:\/\/www.transtoyou.com\/da\/product\/estramon-comp\/#primaryimage\",\"url\":\"https:\/\/www.transtoyou.com\/da\/wp-content\/uploads\/sites\/6\/2026\/02\/tty-no-product-image-13.webp\",\"contentUrl\":\"https:\/\/www.transtoyou.com\/da\/wp-content\/uploads\/sites\/6\/2026\/02\/tty-no-product-image-13.webp\",\"width\":1000,\"height\":1000,\"caption\":\"Standard produktbillede\"},{\"@type\":\"WebSite\",\"@id\":\"https:\/\/www.transtoyou.com\/da\/#website\",\"url\":\"https:\/\/www.transtoyou.com\/da\/\",\"name\":\"Transtoyou - DA\",\"description\":\"\",\"publisher\":{\"@id\":\"https:\/\/www.transtoyou.com\/da\/#organization\"},\"potentialAction\":[{\"@type\":\"SearchAction\",\"target\":{\"@type\":\"EntryPoint\",\"urlTemplate\":\"https:\/\/www.transtoyou.com\/da\/?s={search_term_string}\"},\"query-input\":{\"@type\":\"PropertyValueSpecification\",\"valueRequired\":true,\"valueName\":\"search_term_string\"}}],\"inLanguage\":\"da-DK\"},{\"@type\":\"Organization\",\"@id\":\"https:\/\/www.transtoyou.com\/da\/#organization\",\"name\":\"Transtoyou - DA\",\"url\":\"https:\/\/www.transtoyou.com\/da\/\",\"logo\":{\"@type\":\"ImageObject\",\"inLanguage\":\"da-DK\",\"@id\":\"https:\/\/www.transtoyou.com\/da\/#\/schema\/logo\/image\/\",\"url\":\"https:\/\/www.transtoyou.com\/da\/wp-content\/uploads\/sites\/6\/2026\/01\/logo-tty-menu-bar-300x87-1.webp\",\"contentUrl\":\"https:\/\/www.transtoyou.com\/da\/wp-content\/uploads\/sites\/6\/2026\/01\/logo-tty-menu-bar-300x87-1.webp\",\"width\":300,\"height\":87,\"caption\":\"Transtoyou - DA\"},\"image\":{\"@id\":\"https:\/\/www.transtoyou.com\/da\/#\/schema\/logo\/image\/\"}}]}<\/script>\n<!-- \/ Yoast SEO plugin. -->","yoast_head_json":{"title":"Estramon Comp | HRT plaster til overgangsalderen - Transtoyou","description":"Estramon Comp HRT plaster til lindring af menopausale symptomer, kun p\u00e5 recept fra Transtoyou l\u00e6ger. Find ud af, om denne behandling er for dig.","robots":{"index":"noindex","follow":"follow","max-snippet":"max-snippet:-1","max-image-preview":"max-image-preview:large","max-video-preview":"max-video-preview:-1"},"og_locale":"da_DK","og_type":"article","og_title":"Estramon Comp | HRT plaster til overgangsalderen - Transtoyou","og_description":"Estramon Comp HRT plaster til lindring af menopausale symptomer, kun p\u00e5 recept fra Transtoyou l\u00e6ger. Find ud af, om denne behandling er for dig.","og_url":"https:\/\/www.transtoyou.com\/da\/product\/estramon-comp\/","og_site_name":"Transtoyou - DA","article_modified_time":"2026-03-03T07:55:42+00:00","twitter_card":"summary_large_image","twitter_misc":{"Estimeret l\u00e6setid":"5 minutter"},"schema":{"@context":"https:\/\/schema.org","@graph":[{"@type":"WebPage","@id":"https:\/\/www.transtoyou.com\/da\/product\/estramon-comp\/","url":"https:\/\/www.transtoyou.com\/da\/product\/estramon-comp\/","name":"Estramon Comp | HRT plaster til overgangsalderen - Transtoyou","isPartOf":{"@id":"https:\/\/www.transtoyou.com\/da\/#website"},"primaryImageOfPage":{"@id":"https:\/\/www.transtoyou.com\/da\/product\/estramon-comp\/#primaryimage"},"image":{"@id":"https:\/\/www.transtoyou.com\/da\/product\/estramon-comp\/#primaryimage"},"thumbnailUrl":"https:\/\/www.transtoyou.com\/da\/wp-content\/uploads\/sites\/6\/2026\/02\/tty-no-product-image-13.webp","datePublished":"2026-02-24T11:31:30+00:00","dateModified":"2026-03-03T07:55:42+00:00","description":"Estramon Comp HRT plaster til lindring af menopausale symptomer, kun p\u00e5 recept fra Transtoyou l\u00e6ger. Find ud af, om denne behandling er for dig.","breadcrumb":{"@id":"https:\/\/www.transtoyou.com\/da\/product\/estramon-comp\/#breadcrumb"},"inLanguage":"da-DK","potentialAction":[{"@type":"ReadAction","target":["https:\/\/www.transtoyou.com\/da\/product\/estramon-comp\/"]}]},{"@type":"ImageObject","inLanguage":"da-DK","@id":"https:\/\/www.transtoyou.com\/da\/product\/estramon-comp\/#primaryimage","url":"https:\/\/www.transtoyou.com\/da\/wp-content\/uploads\/sites\/6\/2026\/02\/tty-no-product-image-13.webp","contentUrl":"https:\/\/www.transtoyou.com\/da\/wp-content\/uploads\/sites\/6\/2026\/02\/tty-no-product-image-13.webp","width":1000,"height":1000,"caption":"Standard produktbillede"},{"@type":"WebSite","@id":"https:\/\/www.transtoyou.com\/da\/#website","url":"https:\/\/www.transtoyou.com\/da\/","name":"Transtoyou - DA","description":"","publisher":{"@id":"https:\/\/www.transtoyou.com\/da\/#organization"},"potentialAction":[{"@type":"SearchAction","target":{"@type":"EntryPoint","urlTemplate":"https:\/\/www.transtoyou.com\/da\/?s={search_term_string}"},"query-input":{"@type":"PropertyValueSpecification","valueRequired":true,"valueName":"search_term_string"}}],"inLanguage":"da-DK"},{"@type":"Organization","@id":"https:\/\/www.transtoyou.com\/da\/#organization","name":"Transtoyou - DA","url":"https:\/\/www.transtoyou.com\/da\/","logo":{"@type":"ImageObject","inLanguage":"da-DK","@id":"https:\/\/www.transtoyou.com\/da\/#\/schema\/logo\/image\/","url":"https:\/\/www.transtoyou.com\/da\/wp-content\/uploads\/sites\/6\/2026\/01\/logo-tty-menu-bar-300x87-1.webp","contentUrl":"https:\/\/www.transtoyou.com\/da\/wp-content\/uploads\/sites\/6\/2026\/01\/logo-tty-menu-bar-300x87-1.webp","width":300,"height":87,"caption":"Transtoyou - DA"},"image":{"@id":"https:\/\/www.transtoyou.com\/da\/#\/schema\/logo\/image\/"}}]}},"_links":{"self":[{"href":"https:\/\/www.transtoyou.com\/da\/wp-json\/wp\/v2\/product\/1760","targetHints":{"allow":["GET"]}}],"collection":[{"href":"https:\/\/www.transtoyou.com\/da\/wp-json\/wp\/v2\/product"}],"about":[{"href":"https:\/\/www.transtoyou.com\/da\/wp-json\/wp\/v2\/types\/product"}],"replies":[{"embeddable":true,"href":"https:\/\/www.transtoyou.com\/da\/wp-json\/wp\/v2\/comments?post=1760"}],"wp:featuredmedia":[{"embeddable":true,"href":"https:\/\/www.transtoyou.com\/da\/wp-json\/wp\/v2\/media\/1762"}],"wp:attachment":[{"href":"https:\/\/www.transtoyou.com\/da\/wp-json\/wp\/v2\/media?parent=1760"}],"wp:term":[{"taxonomy":"product_brand","embeddable":true,"href":"https:\/\/www.transtoyou.com\/da\/wp-json\/wp\/v2\/product_brand?post=1760"},{"taxonomy":"product_cat","embeddable":true,"href":"https:\/\/www.transtoyou.com\/da\/wp-json\/wp\/v2\/product_cat?post=1760"},{"taxonomy":"product_tag","embeddable":true,"href":"https:\/\/www.transtoyou.com\/da\/wp-json\/wp\/v2\/product_tag?post=1760"},{"taxonomy":"expert","embeddable":true,"href":"https:\/\/www.transtoyou.com\/da\/wp-json\/wp\/v2\/expert?post=1760"}],"curies":[{"name":"wp","href":"https:\/\/api.w.org\/{rel}","templated":true}]}}