{"id":1887,"date":"2026-02-28T13:55:24","date_gmt":"2026-02-28T11:55:24","guid":{"rendered":"https:\/\/www.transtoyou.com\/da\/product\/oestrogel\/"},"modified":"2026-02-28T13:55:57","modified_gmt":"2026-02-28T11:55:57","slug":"oestrogel","status":"publish","type":"product","link":"https:\/\/www.transtoyou.com\/da\/product\/oestrogel\/","title":{"rendered":"Oestrogel"},"content":{"rendered":"<p>Oestrogel er et transdermalt gel, der leverer estradiol gennem huden for at genoprette \u00f8strogenniveauerne i kroppen. Det bruges i hormonbehandling for personer, der oplever symptomer relateret til overgangsalderen, og kan ogs\u00e5 anvendes i forbindelse med feminiserende hormonbehandling for transk\u00f8nnede kvinder.<\/p>\n<p>Under overgangsalderen kan faldet i \u00f8strogen f\u00f8re til symptomer som hede, nat sved, s\u00f8vnproblemer og vaginal t\u00f8rhed. Oestrogel hj\u00e6lper med at lindre disse symptomer ved at genopfylde estradiolniveauerne gennem huden, undg\u00e5 ford\u00f8jelsessystemet og tilbyde en ikke-oral mulighed for behandling. Gelen p\u00e5f\u00f8res normalt \u00e9n gang dagligt p\u00e5 ren, t\u00f8r hud p\u00e5 armene eller l\u00e5rene.<\/p>\n<p>I k\u00f8nsbekr\u00e6ftende pleje giver Oestrogel en gradvis og kontrolleret frigivelse af estradiol, hvilket underst\u00f8tter fysiske \u00e6ndringer som brystudvikling, bl\u00f8dere hud og fedtfordeling hos transk\u00f8nnede kvinder. Dets brugervenlighed og justerbare dosering g\u00f8r det til en passende mulighed for dem, der s\u00f8ger fleksibilitet i deres feminiserende behandlingsregime.<\/p>\n<p>Gelen t\u00f8rrer hurtigt, efterlader ingen rester, og g\u00f8r det muligt at tilpasse doseringen til individuelle behov. Uanset om det bruges til lindring af overgangsalderens symptomer eller som en del af en k\u00f8nsovergangsplan, tilbyder Oestrogel en praktisk og konsekvent metode til hormonlevering, der nemt integreres i daglige rutiner.<\/p>\n","protected":false},"excerpt":{"rendered":"<ul>\n<li>Transdermalt \u00f8strogen gel<\/li>\n<li>Bruges til overgangsalder og overgang<\/li>\n<li>Tilpasselig daglig dosis<\/li>\n<\/ul>\n","protected":false},"featured_media":1891,"comment_status":"open","ping_status":"closed","template":"","meta":[],"product_brand":[],"product_cat":[139,116],"product_tag":[],"expert":[16],"class_list":{"0":"post-1887","1":"product","2":"type-product","3":"status-publish","4":"has-post-thumbnail","6":"product_cat-hormonbehandling-hrt","7":"product_cat-ostrogen-feminiserende-terapi","8":"expert-dr-c-alexandru","10":"first","11":"instock","12":"shipping-taxable","13":"product-type-variable"},"yoast_head":"<!-- This site is optimized with the Yoast SEO plugin v27.0 - https:\/\/yoast.com\/product\/yoast-seo-wordpress\/ -->\n<title>Oestrogel | St\u00f8tte til hormonbalance - Transtoyou<\/title>\n<meta name=\"description\" content=\"Opdag Oestrogel hos Transtoyou, som tilbyder eksklusiv adgang til dine hormonbehandlingsbehov. Sikre dit k\u00f8b i dag for effektive resultater og bekvemmelighed.\" \/>\n<meta name=\"robots\" content=\"noindex, follow, max-snippet:-1, max-image-preview:large, max-video-preview:-1\" \/>\n<meta property=\"og:locale\" content=\"da_DK\" \/>\n<meta property=\"og:type\" content=\"article\" \/>\n<meta property=\"og:title\" content=\"Oestrogel | St\u00f8tte til hormonbalance - Transtoyou\" \/>\n<meta property=\"og:description\" content=\"Opdag Oestrogel hos Transtoyou, som tilbyder eksklusiv adgang til dine hormonbehandlingsbehov. Sikre dit k\u00f8b i dag for effektive resultater og bekvemmelighed.\" \/>\n<meta property=\"og:url\" content=\"https:\/\/www.transtoyou.com\/da\/product\/oestrogel\/\" \/>\n<meta property=\"og:site_name\" content=\"Transtoyou - DA\" \/>\n<meta property=\"article:modified_time\" content=\"2026-02-28T11:55:57+00:00\" \/>\n<meta name=\"twitter:card\" content=\"summary_large_image\" \/>\n<meta name=\"twitter:label1\" content=\"Estimeret l\u00e6setid\" \/>\n\t<meta name=\"twitter:data1\" content=\"1 minut\" \/>\n<script type=\"application\/ld+json\" class=\"yoast-schema-graph\">{\"@context\":\"https:\/\/schema.org\",\"@graph\":[{\"@type\":\"WebPage\",\"@id\":\"https:\/\/www.transtoyou.com\/da\/product\/oestrogel\/\",\"url\":\"https:\/\/www.transtoyou.com\/da\/product\/oestrogel\/\",\"name\":\"Oestrogel | St\u00f8tte til hormonbalance - Transtoyou\",\"isPartOf\":{\"@id\":\"https:\/\/www.transtoyou.com\/da\/#website\"},\"primaryImageOfPage\":{\"@id\":\"https:\/\/www.transtoyou.com\/da\/product\/oestrogel\/#primaryimage\"},\"image\":{\"@id\":\"https:\/\/www.transtoyou.com\/da\/product\/oestrogel\/#primaryimage\"},\"thumbnailUrl\":\"https:\/\/www.transtoyou.com\/da\/wp-content\/uploads\/sites\/6\/2026\/02\/tty-no-product-image-20.webp\",\"datePublished\":\"2026-02-28T11:55:24+00:00\",\"dateModified\":\"2026-02-28T11:55:57+00:00\",\"description\":\"Opdag Oestrogel hos Transtoyou, som tilbyder eksklusiv adgang til dine hormonbehandlingsbehov. Sikre dit k\u00f8b i dag for effektive resultater og bekvemmelighed.\",\"breadcrumb\":{\"@id\":\"https:\/\/www.transtoyou.com\/da\/product\/oestrogel\/#breadcrumb\"},\"inLanguage\":\"da-DK\",\"potentialAction\":[{\"@type\":\"ReadAction\",\"target\":[\"https:\/\/www.transtoyou.com\/da\/product\/oestrogel\/\"]}]},{\"@type\":\"ImageObject\",\"inLanguage\":\"da-DK\",\"@id\":\"https:\/\/www.transtoyou.com\/da\/product\/oestrogel\/#primaryimage\",\"url\":\"https:\/\/www.transtoyou.com\/da\/wp-content\/uploads\/sites\/6\/2026\/02\/tty-no-product-image-20.webp\",\"contentUrl\":\"https:\/\/www.transtoyou.com\/da\/wp-content\/uploads\/sites\/6\/2026\/02\/tty-no-product-image-20.webp\",\"width\":1000,\"height\":1000,\"caption\":\"Standard produktbillede\"},{\"@type\":\"WebSite\",\"@id\":\"https:\/\/www.transtoyou.com\/da\/#website\",\"url\":\"https:\/\/www.transtoyou.com\/da\/\",\"name\":\"Transtoyou - DA\",\"description\":\"\",\"publisher\":{\"@id\":\"https:\/\/www.transtoyou.com\/da\/#organization\"},\"potentialAction\":[{\"@type\":\"SearchAction\",\"target\":{\"@type\":\"EntryPoint\",\"urlTemplate\":\"https:\/\/www.transtoyou.com\/da\/?s={search_term_string}\"},\"query-input\":{\"@type\":\"PropertyValueSpecification\",\"valueRequired\":true,\"valueName\":\"search_term_string\"}}],\"inLanguage\":\"da-DK\"},{\"@type\":\"Organization\",\"@id\":\"https:\/\/www.transtoyou.com\/da\/#organization\",\"name\":\"Transtoyou - DA\",\"url\":\"https:\/\/www.transtoyou.com\/da\/\",\"logo\":{\"@type\":\"ImageObject\",\"inLanguage\":\"da-DK\",\"@id\":\"https:\/\/www.transtoyou.com\/da\/#\/schema\/logo\/image\/\",\"url\":\"https:\/\/www.transtoyou.com\/da\/wp-content\/uploads\/sites\/6\/2026\/01\/logo-tty-menu-bar-300x87-1.webp\",\"contentUrl\":\"https:\/\/www.transtoyou.com\/da\/wp-content\/uploads\/sites\/6\/2026\/01\/logo-tty-menu-bar-300x87-1.webp\",\"width\":300,\"height\":87,\"caption\":\"Transtoyou - DA\"},\"image\":{\"@id\":\"https:\/\/www.transtoyou.com\/da\/#\/schema\/logo\/image\/\"}}]}<\/script>\n<!-- \/ Yoast SEO plugin. -->","yoast_head_json":{"title":"Oestrogel | St\u00f8tte til hormonbalance - Transtoyou","description":"Opdag Oestrogel hos Transtoyou, som tilbyder eksklusiv adgang til dine hormonbehandlingsbehov. Sikre dit k\u00f8b i dag for effektive resultater og bekvemmelighed.","robots":{"index":"noindex","follow":"follow","max-snippet":"max-snippet:-1","max-image-preview":"max-image-preview:large","max-video-preview":"max-video-preview:-1"},"og_locale":"da_DK","og_type":"article","og_title":"Oestrogel | St\u00f8tte til hormonbalance - Transtoyou","og_description":"Opdag Oestrogel hos Transtoyou, som tilbyder eksklusiv adgang til dine hormonbehandlingsbehov. Sikre dit k\u00f8b i dag for effektive resultater og bekvemmelighed.","og_url":"https:\/\/www.transtoyou.com\/da\/product\/oestrogel\/","og_site_name":"Transtoyou - DA","article_modified_time":"2026-02-28T11:55:57+00:00","twitter_card":"summary_large_image","twitter_misc":{"Estimeret l\u00e6setid":"1 minut"},"schema":{"@context":"https:\/\/schema.org","@graph":[{"@type":"WebPage","@id":"https:\/\/www.transtoyou.com\/da\/product\/oestrogel\/","url":"https:\/\/www.transtoyou.com\/da\/product\/oestrogel\/","name":"Oestrogel | St\u00f8tte til hormonbalance - Transtoyou","isPartOf":{"@id":"https:\/\/www.transtoyou.com\/da\/#website"},"primaryImageOfPage":{"@id":"https:\/\/www.transtoyou.com\/da\/product\/oestrogel\/#primaryimage"},"image":{"@id":"https:\/\/www.transtoyou.com\/da\/product\/oestrogel\/#primaryimage"},"thumbnailUrl":"https:\/\/www.transtoyou.com\/da\/wp-content\/uploads\/sites\/6\/2026\/02\/tty-no-product-image-20.webp","datePublished":"2026-02-28T11:55:24+00:00","dateModified":"2026-02-28T11:55:57+00:00","description":"Opdag Oestrogel hos Transtoyou, som tilbyder eksklusiv adgang til dine hormonbehandlingsbehov. Sikre dit k\u00f8b i dag for effektive resultater og bekvemmelighed.","breadcrumb":{"@id":"https:\/\/www.transtoyou.com\/da\/product\/oestrogel\/#breadcrumb"},"inLanguage":"da-DK","potentialAction":[{"@type":"ReadAction","target":["https:\/\/www.transtoyou.com\/da\/product\/oestrogel\/"]}]},{"@type":"ImageObject","inLanguage":"da-DK","@id":"https:\/\/www.transtoyou.com\/da\/product\/oestrogel\/#primaryimage","url":"https:\/\/www.transtoyou.com\/da\/wp-content\/uploads\/sites\/6\/2026\/02\/tty-no-product-image-20.webp","contentUrl":"https:\/\/www.transtoyou.com\/da\/wp-content\/uploads\/sites\/6\/2026\/02\/tty-no-product-image-20.webp","width":1000,"height":1000,"caption":"Standard produktbillede"},{"@type":"WebSite","@id":"https:\/\/www.transtoyou.com\/da\/#website","url":"https:\/\/www.transtoyou.com\/da\/","name":"Transtoyou - DA","description":"","publisher":{"@id":"https:\/\/www.transtoyou.com\/da\/#organization"},"potentialAction":[{"@type":"SearchAction","target":{"@type":"EntryPoint","urlTemplate":"https:\/\/www.transtoyou.com\/da\/?s={search_term_string}"},"query-input":{"@type":"PropertyValueSpecification","valueRequired":true,"valueName":"search_term_string"}}],"inLanguage":"da-DK"},{"@type":"Organization","@id":"https:\/\/www.transtoyou.com\/da\/#organization","name":"Transtoyou - DA","url":"https:\/\/www.transtoyou.com\/da\/","logo":{"@type":"ImageObject","inLanguage":"da-DK","@id":"https:\/\/www.transtoyou.com\/da\/#\/schema\/logo\/image\/","url":"https:\/\/www.transtoyou.com\/da\/wp-content\/uploads\/sites\/6\/2026\/01\/logo-tty-menu-bar-300x87-1.webp","contentUrl":"https:\/\/www.transtoyou.com\/da\/wp-content\/uploads\/sites\/6\/2026\/01\/logo-tty-menu-bar-300x87-1.webp","width":300,"height":87,"caption":"Transtoyou - DA"},"image":{"@id":"https:\/\/www.transtoyou.com\/da\/#\/schema\/logo\/image\/"}}]}},"_links":{"self":[{"href":"https:\/\/www.transtoyou.com\/da\/wp-json\/wp\/v2\/product\/1887","targetHints":{"allow":["GET"]}}],"collection":[{"href":"https:\/\/www.transtoyou.com\/da\/wp-json\/wp\/v2\/product"}],"about":[{"href":"https:\/\/www.transtoyou.com\/da\/wp-json\/wp\/v2\/types\/product"}],"replies":[{"embeddable":true,"href":"https:\/\/www.transtoyou.com\/da\/wp-json\/wp\/v2\/comments?post=1887"}],"wp:featuredmedia":[{"embeddable":true,"href":"https:\/\/www.transtoyou.com\/da\/wp-json\/wp\/v2\/media\/1891"}],"wp:attachment":[{"href":"https:\/\/www.transtoyou.com\/da\/wp-json\/wp\/v2\/media?parent=1887"}],"wp:term":[{"taxonomy":"product_brand","embeddable":true,"href":"https:\/\/www.transtoyou.com\/da\/wp-json\/wp\/v2\/product_brand?post=1887"},{"taxonomy":"product_cat","embeddable":true,"href":"https:\/\/www.transtoyou.com\/da\/wp-json\/wp\/v2\/product_cat?post=1887"},{"taxonomy":"product_tag","embeddable":true,"href":"https:\/\/www.transtoyou.com\/da\/wp-json\/wp\/v2\/product_tag?post=1887"},{"taxonomy":"expert","embeddable":true,"href":"https:\/\/www.transtoyou.com\/da\/wp-json\/wp\/v2\/expert?post=1887"}],"curies":[{"name":"wp","href":"https:\/\/api.w.org\/{rel}","templated":true}]}}