{"id":1898,"date":"2026-03-01T11:40:10","date_gmt":"2026-03-01T09:40:10","guid":{"rendered":"https:\/\/www.transtoyou.com\/da\/product\/testogel-androgel\/"},"modified":"2026-03-06T14:36:35","modified_gmt":"2026-03-06T12:36:35","slug":"testogel-androgel","status":"publish","type":"product","link":"https:\/\/www.transtoyou.com\/da\/product\/testogel-androgel\/","title":{"rendered":"Testogel (Androgel)"},"content":{"rendered":"<p>Testogel (ogs\u00e5 markedsf\u00f8rt som Androgel) er en transdermal testosteron-erstatningsterapi, der bruges til at behandle lave testosteronniveauer hos voksne m\u00e6nd og som en del af maskuliniserende hormonbehandling for transk\u00f8nnede m\u00e6nd og ikke-bin\u00e6re personer. Gelen p\u00e5f\u00f8res direkte p\u00e5 huden, hvilket g\u00f8r det muligt for testosteron at blive gradvist optaget i blodbanen for en konstant hormonlevering.<\/p>\n<p>Hos transk\u00f8nnede m\u00e6nd og ikke-bin\u00e6re personer anvendes Testogel som en del af k\u00f8nsbekr\u00e6ftende pleje for at st\u00f8tte maskuliniserende fysiske forandringer, som kan inkludere \u00f8get muskelmasse, dybere stemme, v\u00e6kst af krops- og ansigtsh\u00e5r samt oph\u00f8r af menstruation. Disse effekter udvikler sig gradvist, hvor nogle brugere rapporterer \u00f8get energi eller libido inden for f\u00e5 uger. Mere betydelige fysiske \u00e6ndringer kan tage flere m\u00e5neder.<\/p>\n<p>Hos cis-k\u00f8nnede m\u00e6nd med hypogonadisme (testosteronmangel) kan Testogel hj\u00e6lpe med at h\u00e5ndtere symptomer som tr\u00e6thed, nedsat libido, lavt hum\u00f8r og nedsat koncentration. Ved at genoprette testosteron til fysiologiske niveauer kan det st\u00f8tte fysisk styrke, seksuel funktion og generelt velv\u00e6re.<\/p>\n<p>Gelen p\u00e5f\u00f8res \u00e9n gang dagligt p\u00e5 ren, t\u00f8r hud, typisk p\u00e5 skuldrene, overarmene eller maven. Den skal have lov til at t\u00f8rre helt, f\u00f8r man tager t\u00f8j p\u00e5. Korrekt h\u00e5ndvask og kontaktforholdsregler er essentielle for at forhindre utilsigtet hormonoverf\u00f8rsel til andre.<\/p>\n<p>Selvom den generelt tolereres godt, kan bivirkninger inkludere hudirritation, akne, hum\u00f8rsvingninger eller forh\u00f8jede r\u00f8de blodlegemer. L\u00f8bende blodoverv\u00e5gning anbefales for at f\u00f8lge hormon niveauer, h\u00e6matokrit og leverfunktion. Testogel b\u00f8r ikke anvendes af personer med nuv\u00e6rende eller tidligere prostatakr\u00e6ft eller brystkr\u00e6ft, eller af dem der ikke har brug for testosteronbehandling af medicinske \u00e5rsager.<\/p>\n","protected":false},"excerpt":{"rendered":"<ul>\n<li>Dagligt topisk testosteron gel<\/li>\n<li>Underst\u00f8tter maskuliniserende hormonbehandling og behandling af testosteronmangel<\/li>\n<li>Under det medicinske sp\u00f8rgeskema vil du blive bedt om at uploade dine seneste blodpr\u00f8veresultater, s\u00e5 l\u00e6gen kan vurdere din anmodning sikkert.<\/li>\n<\/ul>\n","protected":false},"featured_media":1900,"comment_status":"open","ping_status":"closed","template":"","meta":[],"product_brand":[],"product_cat":[168,169],"product_tag":[],"expert":[19],"class_list":{"0":"post-1898","1":"product","2":"type-product","3":"status-publish","4":"has-post-thumbnail","6":"product_cat-testosteron-anti-aldring","7":"product_cat-testosteron-maskuliniseringsterapi","8":"expert-dr-j-vazquez","10":"first","11":"instock","12":"shipping-taxable","13":"product-type-variable"},"yoast_head":"<!-- This site is optimized with the Yoast SEO plugin v27.0 - https:\/\/yoast.com\/product\/yoast-seo-wordpress\/ -->\n<title>Testogel (Androgel) | Topisk Testosteron Gel - Transtoyou<\/title>\n<meta name=\"description\" content=\"Testogel er et dagligt testosteron gel til lavt testosteron hos m\u00e6nd og maskuliniserende hormonbehandling. Optages gennem huden for stabile hormonniveauer.\" \/>\n<meta name=\"robots\" content=\"noindex, follow, max-snippet:-1, max-image-preview:large, max-video-preview:-1\" \/>\n<meta property=\"og:locale\" content=\"da_DK\" \/>\n<meta property=\"og:type\" content=\"article\" \/>\n<meta property=\"og:title\" content=\"Testogel (Androgel) | Topisk Testosteron Gel - Transtoyou\" \/>\n<meta property=\"og:description\" content=\"Testogel er et dagligt testosteron gel til lavt testosteron hos m\u00e6nd og maskuliniserende hormonbehandling. Optages gennem huden for stabile hormonniveauer.\" \/>\n<meta property=\"og:url\" content=\"https:\/\/www.transtoyou.com\/da\/product\/testogel-androgel\/\" \/>\n<meta property=\"og:site_name\" content=\"Transtoyou - DA\" \/>\n<meta property=\"article:modified_time\" content=\"2026-03-06T12:36:35+00:00\" \/>\n<meta name=\"twitter:card\" content=\"summary_large_image\" \/>\n<meta name=\"twitter:label1\" content=\"Estimeret l\u00e6setid\" \/>\n\t<meta name=\"twitter:data1\" content=\"1 minut\" \/>\n<script type=\"application\/ld+json\" class=\"yoast-schema-graph\">{\"@context\":\"https:\/\/schema.org\",\"@graph\":[{\"@type\":\"WebPage\",\"@id\":\"https:\/\/www.transtoyou.com\/da\/product\/testogel-androgel\/\",\"url\":\"https:\/\/www.transtoyou.com\/da\/product\/testogel-androgel\/\",\"name\":\"Testogel (Androgel) | Topisk Testosteron Gel - Transtoyou\",\"isPartOf\":{\"@id\":\"https:\/\/www.transtoyou.com\/da\/#website\"},\"primaryImageOfPage\":{\"@id\":\"https:\/\/www.transtoyou.com\/da\/product\/testogel-androgel\/#primaryimage\"},\"image\":{\"@id\":\"https:\/\/www.transtoyou.com\/da\/product\/testogel-androgel\/#primaryimage\"},\"thumbnailUrl\":\"https:\/\/www.transtoyou.com\/da\/wp-content\/uploads\/sites\/6\/2026\/03\/tty-no-product-image.webp\",\"datePublished\":\"2026-03-01T09:40:10+00:00\",\"dateModified\":\"2026-03-06T12:36:35+00:00\",\"description\":\"Testogel er et dagligt testosteron gel til lavt testosteron hos m\u00e6nd og maskuliniserende hormonbehandling. Optages gennem huden for stabile hormonniveauer.\",\"breadcrumb\":{\"@id\":\"https:\/\/www.transtoyou.com\/da\/product\/testogel-androgel\/#breadcrumb\"},\"inLanguage\":\"da-DK\",\"potentialAction\":[{\"@type\":\"ReadAction\",\"target\":[\"https:\/\/www.transtoyou.com\/da\/product\/testogel-androgel\/\"]}]},{\"@type\":\"ImageObject\",\"inLanguage\":\"da-DK\",\"@id\":\"https:\/\/www.transtoyou.com\/da\/product\/testogel-androgel\/#primaryimage\",\"url\":\"https:\/\/www.transtoyou.com\/da\/wp-content\/uploads\/sites\/6\/2026\/03\/tty-no-product-image.webp\",\"contentUrl\":\"https:\/\/www.transtoyou.com\/da\/wp-content\/uploads\/sites\/6\/2026\/03\/tty-no-product-image.webp\",\"width\":1000,\"height\":1000,\"caption\":\"Standard produktbillede\"},{\"@type\":\"WebSite\",\"@id\":\"https:\/\/www.transtoyou.com\/da\/#website\",\"url\":\"https:\/\/www.transtoyou.com\/da\/\",\"name\":\"Transtoyou - DA\",\"description\":\"\",\"publisher\":{\"@id\":\"https:\/\/www.transtoyou.com\/da\/#organization\"},\"potentialAction\":[{\"@type\":\"SearchAction\",\"target\":{\"@type\":\"EntryPoint\",\"urlTemplate\":\"https:\/\/www.transtoyou.com\/da\/?s={search_term_string}\"},\"query-input\":{\"@type\":\"PropertyValueSpecification\",\"valueRequired\":true,\"valueName\":\"search_term_string\"}}],\"inLanguage\":\"da-DK\"},{\"@type\":\"Organization\",\"@id\":\"https:\/\/www.transtoyou.com\/da\/#organization\",\"name\":\"Transtoyou - DA\",\"url\":\"https:\/\/www.transtoyou.com\/da\/\",\"logo\":{\"@type\":\"ImageObject\",\"inLanguage\":\"da-DK\",\"@id\":\"https:\/\/www.transtoyou.com\/da\/#\/schema\/logo\/image\/\",\"url\":\"https:\/\/www.transtoyou.com\/da\/wp-content\/uploads\/sites\/6\/2026\/01\/logo-tty-menu-bar-300x87-1.webp\",\"contentUrl\":\"https:\/\/www.transtoyou.com\/da\/wp-content\/uploads\/sites\/6\/2026\/01\/logo-tty-menu-bar-300x87-1.webp\",\"width\":300,\"height\":87,\"caption\":\"Transtoyou - DA\"},\"image\":{\"@id\":\"https:\/\/www.transtoyou.com\/da\/#\/schema\/logo\/image\/\"}}]}<\/script>\n<!-- \/ Yoast SEO plugin. -->","yoast_head_json":{"title":"Testogel (Androgel) | Topisk Testosteron Gel - Transtoyou","description":"Testogel er et dagligt testosteron gel til lavt testosteron hos m\u00e6nd og maskuliniserende hormonbehandling. Optages gennem huden for stabile hormonniveauer.","robots":{"index":"noindex","follow":"follow","max-snippet":"max-snippet:-1","max-image-preview":"max-image-preview:large","max-video-preview":"max-video-preview:-1"},"og_locale":"da_DK","og_type":"article","og_title":"Testogel (Androgel) | Topisk Testosteron Gel - Transtoyou","og_description":"Testogel er et dagligt testosteron gel til lavt testosteron hos m\u00e6nd og maskuliniserende hormonbehandling. Optages gennem huden for stabile hormonniveauer.","og_url":"https:\/\/www.transtoyou.com\/da\/product\/testogel-androgel\/","og_site_name":"Transtoyou - DA","article_modified_time":"2026-03-06T12:36:35+00:00","twitter_card":"summary_large_image","twitter_misc":{"Estimeret l\u00e6setid":"1 minut"},"schema":{"@context":"https:\/\/schema.org","@graph":[{"@type":"WebPage","@id":"https:\/\/www.transtoyou.com\/da\/product\/testogel-androgel\/","url":"https:\/\/www.transtoyou.com\/da\/product\/testogel-androgel\/","name":"Testogel (Androgel) | Topisk Testosteron Gel - Transtoyou","isPartOf":{"@id":"https:\/\/www.transtoyou.com\/da\/#website"},"primaryImageOfPage":{"@id":"https:\/\/www.transtoyou.com\/da\/product\/testogel-androgel\/#primaryimage"},"image":{"@id":"https:\/\/www.transtoyou.com\/da\/product\/testogel-androgel\/#primaryimage"},"thumbnailUrl":"https:\/\/www.transtoyou.com\/da\/wp-content\/uploads\/sites\/6\/2026\/03\/tty-no-product-image.webp","datePublished":"2026-03-01T09:40:10+00:00","dateModified":"2026-03-06T12:36:35+00:00","description":"Testogel er et dagligt testosteron gel til lavt testosteron hos m\u00e6nd og maskuliniserende hormonbehandling. Optages gennem huden for stabile hormonniveauer.","breadcrumb":{"@id":"https:\/\/www.transtoyou.com\/da\/product\/testogel-androgel\/#breadcrumb"},"inLanguage":"da-DK","potentialAction":[{"@type":"ReadAction","target":["https:\/\/www.transtoyou.com\/da\/product\/testogel-androgel\/"]}]},{"@type":"ImageObject","inLanguage":"da-DK","@id":"https:\/\/www.transtoyou.com\/da\/product\/testogel-androgel\/#primaryimage","url":"https:\/\/www.transtoyou.com\/da\/wp-content\/uploads\/sites\/6\/2026\/03\/tty-no-product-image.webp","contentUrl":"https:\/\/www.transtoyou.com\/da\/wp-content\/uploads\/sites\/6\/2026\/03\/tty-no-product-image.webp","width":1000,"height":1000,"caption":"Standard produktbillede"},{"@type":"WebSite","@id":"https:\/\/www.transtoyou.com\/da\/#website","url":"https:\/\/www.transtoyou.com\/da\/","name":"Transtoyou - DA","description":"","publisher":{"@id":"https:\/\/www.transtoyou.com\/da\/#organization"},"potentialAction":[{"@type":"SearchAction","target":{"@type":"EntryPoint","urlTemplate":"https:\/\/www.transtoyou.com\/da\/?s={search_term_string}"},"query-input":{"@type":"PropertyValueSpecification","valueRequired":true,"valueName":"search_term_string"}}],"inLanguage":"da-DK"},{"@type":"Organization","@id":"https:\/\/www.transtoyou.com\/da\/#organization","name":"Transtoyou - DA","url":"https:\/\/www.transtoyou.com\/da\/","logo":{"@type":"ImageObject","inLanguage":"da-DK","@id":"https:\/\/www.transtoyou.com\/da\/#\/schema\/logo\/image\/","url":"https:\/\/www.transtoyou.com\/da\/wp-content\/uploads\/sites\/6\/2026\/01\/logo-tty-menu-bar-300x87-1.webp","contentUrl":"https:\/\/www.transtoyou.com\/da\/wp-content\/uploads\/sites\/6\/2026\/01\/logo-tty-menu-bar-300x87-1.webp","width":300,"height":87,"caption":"Transtoyou - DA"},"image":{"@id":"https:\/\/www.transtoyou.com\/da\/#\/schema\/logo\/image\/"}}]}},"_links":{"self":[{"href":"https:\/\/www.transtoyou.com\/da\/wp-json\/wp\/v2\/product\/1898","targetHints":{"allow":["GET"]}}],"collection":[{"href":"https:\/\/www.transtoyou.com\/da\/wp-json\/wp\/v2\/product"}],"about":[{"href":"https:\/\/www.transtoyou.com\/da\/wp-json\/wp\/v2\/types\/product"}],"replies":[{"embeddable":true,"href":"https:\/\/www.transtoyou.com\/da\/wp-json\/wp\/v2\/comments?post=1898"}],"wp:featuredmedia":[{"embeddable":true,"href":"https:\/\/www.transtoyou.com\/da\/wp-json\/wp\/v2\/media\/1900"}],"wp:attachment":[{"href":"https:\/\/www.transtoyou.com\/da\/wp-json\/wp\/v2\/media?parent=1898"}],"wp:term":[{"taxonomy":"product_brand","embeddable":true,"href":"https:\/\/www.transtoyou.com\/da\/wp-json\/wp\/v2\/product_brand?post=1898"},{"taxonomy":"product_cat","embeddable":true,"href":"https:\/\/www.transtoyou.com\/da\/wp-json\/wp\/v2\/product_cat?post=1898"},{"taxonomy":"product_tag","embeddable":true,"href":"https:\/\/www.transtoyou.com\/da\/wp-json\/wp\/v2\/product_tag?post=1898"},{"taxonomy":"expert","embeddable":true,"href":"https:\/\/www.transtoyou.com\/da\/wp-json\/wp\/v2\/expert?post=1898"}],"curies":[{"name":"wp","href":"https:\/\/api.w.org\/{rel}","templated":true}]}}