{"id":2026,"date":"2026-03-05T12:25:20","date_gmt":"2026-03-05T10:25:20","guid":{"rendered":"https:\/\/www.transtoyou.com\/da\/product\/simvastatin\/"},"modified":"2026-03-05T12:26:01","modified_gmt":"2026-03-05T10:26:01","slug":"simvastatin","status":"publish","type":"product","link":"https:\/\/www.transtoyou.com\/da\/product\/simvastatin\/","title":{"rendered":"Simvastatin"},"content":{"rendered":"<p>Simvastatin er en medicin, der hj\u00e6lper med at h\u00e5ndtere h\u00f8je kolesterolniveauer, en almindelig tilstand der kan \u00f8ge risikoen for hjerte-kar-sygdomme. Som en del af en gruppe af l\u00e6gemidler kaldet statiner, virker Simvastatin ved at reducere produktionen af kolesterol i leveren, specifikt m\u00e5lrettet mod lavdensitetslipoprotein (LDL), ofte omtalt som &#8220;d\u00e5rligt&#8221; kolesterol. Det hj\u00e6lper ogs\u00e5 med at h\u00e6ve niveauerne af h\u00f8jdensitetslipoprotein (HDL), eller &#8220;godt&#8221; kolesterol, og s\u00e6nker triglycerider, en type fedt i blodet.<\/p>\n<p>Denne medicin spiller en afg\u00f8rende rolle i forebyggelsen af hjerteanfald, slagtilf\u00e6lde og andre komplikationer relateret til \u00e5reforkalkning, en tilstand hvor kolesterolaflejringer ophobes p\u00e5 v\u00e6ggene i arterierne. Simvastatin ordineres typisk til personer med forh\u00f8jet kolesterol, dem med en historie om hjerte-kar-h\u00e6ndelser, eller personer med h\u00f8j risiko p\u00e5 grund af faktorer som diabetes, rygning, eller hypertension, eller en familiehistorie med hjertesygdom.<\/p>\n<p>Simvastatin tages normalt \u00e9n gang dagligt om aftenen, da kroppen producerer mere kolesterol om natten. Det f\u00e5s i tabletform og kommer i forskellige styrker afh\u00e6ngigt af den enkeltes kolesterolniveauer og generelle sundhedsprofil.<\/p>\n<p>Patienter, der tager Simvastatin, anbefales generelt at f\u00e5 regelm\u00e6ssige blodpr\u00f8ver for at overv\u00e5ge leverfunktionen og kolesterolniveauerne. Medicinen tolereres godt af de fleste mennesker, selvom nogle kan opleve milde muskelsmerter eller ford\u00f8jelsessymptomer. I sj\u00e6ldne tilf\u00e6lde kan alvorlige tilstande som rhabdomyolyse (sv\u00e6r muskelnedbrydning) eller leverskade forekomme.<\/p>\n","protected":false},"excerpt":{"rendered":"<ul>\n<li>Reducerer LDL (d\u00e5rligt) kolesterolniveauer<\/li>\n<li>Underst\u00f8tter hjerte- og arteriehelse<\/li>\n<li>Oral behandling \u00e9n gang dagligt<\/li>\n<\/ul>\n","protected":false},"featured_media":2030,"comment_status":"open","ping_status":"closed","template":"","meta":[],"product_brand":[],"product_cat":[92],"product_tag":[],"expert":[21],"class_list":{"0":"post-2026","1":"product","2":"type-product","3":"status-publish","4":"has-post-thumbnail","6":"product_cat-kolesterolkontrol","7":"expert-dr-m-sharoyko","9":"first","10":"instock","11":"shipping-taxable","12":"product-type-variable"},"yoast_head":"<!-- This site is optimized with the Yoast SEO plugin v27.0 - https:\/\/yoast.com\/product\/yoast-seo-wordpress\/ -->\n<title>Simvastatin | Kolesterolst\u00f8tte L\u00f8sning - Transtoyou<\/title>\n<meta name=\"description\" content=\"Opdag Simvastatin hos Transtoyou, en p\u00e5lidelig l\u00f8sning til kolesterolstyring. F\u00e5 st\u00f8tte til dit hjertehelbred. K\u00f8b i dag!\" \/>\n<meta name=\"robots\" content=\"noindex, follow, max-snippet:-1, max-image-preview:large, max-video-preview:-1\" \/>\n<meta property=\"og:locale\" content=\"da_DK\" \/>\n<meta property=\"og:type\" content=\"article\" \/>\n<meta property=\"og:title\" content=\"Simvastatin | Kolesterolst\u00f8tte L\u00f8sning - Transtoyou\" \/>\n<meta property=\"og:description\" content=\"Opdag Simvastatin hos Transtoyou, en p\u00e5lidelig l\u00f8sning til kolesterolstyring. F\u00e5 st\u00f8tte til dit hjertehelbred. K\u00f8b i dag!\" \/>\n<meta property=\"og:url\" content=\"https:\/\/www.transtoyou.com\/da\/product\/simvastatin\/\" \/>\n<meta property=\"og:site_name\" content=\"Transtoyou - DA\" \/>\n<meta property=\"article:modified_time\" content=\"2026-03-05T10:26:01+00:00\" \/>\n<meta name=\"twitter:card\" content=\"summary_large_image\" \/>\n<meta name=\"twitter:label1\" content=\"Estimeret l\u00e6setid\" \/>\n\t<meta name=\"twitter:data1\" content=\"1 minut\" \/>\n<script type=\"application\/ld+json\" class=\"yoast-schema-graph\">{\"@context\":\"https:\/\/schema.org\",\"@graph\":[{\"@type\":\"WebPage\",\"@id\":\"https:\/\/www.transtoyou.com\/da\/product\/simvastatin\/\",\"url\":\"https:\/\/www.transtoyou.com\/da\/product\/simvastatin\/\",\"name\":\"Simvastatin | Kolesterolst\u00f8tte L\u00f8sning - Transtoyou\",\"isPartOf\":{\"@id\":\"https:\/\/www.transtoyou.com\/da\/#website\"},\"primaryImageOfPage\":{\"@id\":\"https:\/\/www.transtoyou.com\/da\/product\/simvastatin\/#primaryimage\"},\"image\":{\"@id\":\"https:\/\/www.transtoyou.com\/da\/product\/simvastatin\/#primaryimage\"},\"thumbnailUrl\":\"https:\/\/www.transtoyou.com\/da\/wp-content\/uploads\/sites\/6\/2026\/03\/tty-no-product-image-6.webp\",\"datePublished\":\"2026-03-05T10:25:20+00:00\",\"dateModified\":\"2026-03-05T10:26:01+00:00\",\"description\":\"Opdag Simvastatin hos Transtoyou, en p\u00e5lidelig l\u00f8sning til kolesterolstyring. F\u00e5 st\u00f8tte til dit hjertehelbred. K\u00f8b i dag!\",\"breadcrumb\":{\"@id\":\"https:\/\/www.transtoyou.com\/da\/product\/simvastatin\/#breadcrumb\"},\"inLanguage\":\"da-DK\",\"potentialAction\":[{\"@type\":\"ReadAction\",\"target\":[\"https:\/\/www.transtoyou.com\/da\/product\/simvastatin\/\"]}]},{\"@type\":\"ImageObject\",\"inLanguage\":\"da-DK\",\"@id\":\"https:\/\/www.transtoyou.com\/da\/product\/simvastatin\/#primaryimage\",\"url\":\"https:\/\/www.transtoyou.com\/da\/wp-content\/uploads\/sites\/6\/2026\/03\/tty-no-product-image-6.webp\",\"contentUrl\":\"https:\/\/www.transtoyou.com\/da\/wp-content\/uploads\/sites\/6\/2026\/03\/tty-no-product-image-6.webp\",\"width\":1000,\"height\":1000,\"caption\":\"Standard produktbillede\"},{\"@type\":\"WebSite\",\"@id\":\"https:\/\/www.transtoyou.com\/da\/#website\",\"url\":\"https:\/\/www.transtoyou.com\/da\/\",\"name\":\"Transtoyou - DA\",\"description\":\"\",\"publisher\":{\"@id\":\"https:\/\/www.transtoyou.com\/da\/#organization\"},\"potentialAction\":[{\"@type\":\"SearchAction\",\"target\":{\"@type\":\"EntryPoint\",\"urlTemplate\":\"https:\/\/www.transtoyou.com\/da\/?s={search_term_string}\"},\"query-input\":{\"@type\":\"PropertyValueSpecification\",\"valueRequired\":true,\"valueName\":\"search_term_string\"}}],\"inLanguage\":\"da-DK\"},{\"@type\":\"Organization\",\"@id\":\"https:\/\/www.transtoyou.com\/da\/#organization\",\"name\":\"Transtoyou - DA\",\"url\":\"https:\/\/www.transtoyou.com\/da\/\",\"logo\":{\"@type\":\"ImageObject\",\"inLanguage\":\"da-DK\",\"@id\":\"https:\/\/www.transtoyou.com\/da\/#\/schema\/logo\/image\/\",\"url\":\"https:\/\/www.transtoyou.com\/da\/wp-content\/uploads\/sites\/6\/2026\/01\/logo-tty-menu-bar-300x87-1.webp\",\"contentUrl\":\"https:\/\/www.transtoyou.com\/da\/wp-content\/uploads\/sites\/6\/2026\/01\/logo-tty-menu-bar-300x87-1.webp\",\"width\":300,\"height\":87,\"caption\":\"Transtoyou - DA\"},\"image\":{\"@id\":\"https:\/\/www.transtoyou.com\/da\/#\/schema\/logo\/image\/\"}}]}<\/script>\n<!-- \/ Yoast SEO plugin. -->","yoast_head_json":{"title":"Simvastatin | Kolesterolst\u00f8tte L\u00f8sning - Transtoyou","description":"Opdag Simvastatin hos Transtoyou, en p\u00e5lidelig l\u00f8sning til kolesterolstyring. F\u00e5 st\u00f8tte til dit hjertehelbred. K\u00f8b i dag!","robots":{"index":"noindex","follow":"follow","max-snippet":"max-snippet:-1","max-image-preview":"max-image-preview:large","max-video-preview":"max-video-preview:-1"},"og_locale":"da_DK","og_type":"article","og_title":"Simvastatin | Kolesterolst\u00f8tte L\u00f8sning - Transtoyou","og_description":"Opdag Simvastatin hos Transtoyou, en p\u00e5lidelig l\u00f8sning til kolesterolstyring. F\u00e5 st\u00f8tte til dit hjertehelbred. K\u00f8b i dag!","og_url":"https:\/\/www.transtoyou.com\/da\/product\/simvastatin\/","og_site_name":"Transtoyou - DA","article_modified_time":"2026-03-05T10:26:01+00:00","twitter_card":"summary_large_image","twitter_misc":{"Estimeret l\u00e6setid":"1 minut"},"schema":{"@context":"https:\/\/schema.org","@graph":[{"@type":"WebPage","@id":"https:\/\/www.transtoyou.com\/da\/product\/simvastatin\/","url":"https:\/\/www.transtoyou.com\/da\/product\/simvastatin\/","name":"Simvastatin | Kolesterolst\u00f8tte L\u00f8sning - Transtoyou","isPartOf":{"@id":"https:\/\/www.transtoyou.com\/da\/#website"},"primaryImageOfPage":{"@id":"https:\/\/www.transtoyou.com\/da\/product\/simvastatin\/#primaryimage"},"image":{"@id":"https:\/\/www.transtoyou.com\/da\/product\/simvastatin\/#primaryimage"},"thumbnailUrl":"https:\/\/www.transtoyou.com\/da\/wp-content\/uploads\/sites\/6\/2026\/03\/tty-no-product-image-6.webp","datePublished":"2026-03-05T10:25:20+00:00","dateModified":"2026-03-05T10:26:01+00:00","description":"Opdag Simvastatin hos Transtoyou, en p\u00e5lidelig l\u00f8sning til kolesterolstyring. F\u00e5 st\u00f8tte til dit hjertehelbred. K\u00f8b i dag!","breadcrumb":{"@id":"https:\/\/www.transtoyou.com\/da\/product\/simvastatin\/#breadcrumb"},"inLanguage":"da-DK","potentialAction":[{"@type":"ReadAction","target":["https:\/\/www.transtoyou.com\/da\/product\/simvastatin\/"]}]},{"@type":"ImageObject","inLanguage":"da-DK","@id":"https:\/\/www.transtoyou.com\/da\/product\/simvastatin\/#primaryimage","url":"https:\/\/www.transtoyou.com\/da\/wp-content\/uploads\/sites\/6\/2026\/03\/tty-no-product-image-6.webp","contentUrl":"https:\/\/www.transtoyou.com\/da\/wp-content\/uploads\/sites\/6\/2026\/03\/tty-no-product-image-6.webp","width":1000,"height":1000,"caption":"Standard produktbillede"},{"@type":"WebSite","@id":"https:\/\/www.transtoyou.com\/da\/#website","url":"https:\/\/www.transtoyou.com\/da\/","name":"Transtoyou - DA","description":"","publisher":{"@id":"https:\/\/www.transtoyou.com\/da\/#organization"},"potentialAction":[{"@type":"SearchAction","target":{"@type":"EntryPoint","urlTemplate":"https:\/\/www.transtoyou.com\/da\/?s={search_term_string}"},"query-input":{"@type":"PropertyValueSpecification","valueRequired":true,"valueName":"search_term_string"}}],"inLanguage":"da-DK"},{"@type":"Organization","@id":"https:\/\/www.transtoyou.com\/da\/#organization","name":"Transtoyou - DA","url":"https:\/\/www.transtoyou.com\/da\/","logo":{"@type":"ImageObject","inLanguage":"da-DK","@id":"https:\/\/www.transtoyou.com\/da\/#\/schema\/logo\/image\/","url":"https:\/\/www.transtoyou.com\/da\/wp-content\/uploads\/sites\/6\/2026\/01\/logo-tty-menu-bar-300x87-1.webp","contentUrl":"https:\/\/www.transtoyou.com\/da\/wp-content\/uploads\/sites\/6\/2026\/01\/logo-tty-menu-bar-300x87-1.webp","width":300,"height":87,"caption":"Transtoyou - DA"},"image":{"@id":"https:\/\/www.transtoyou.com\/da\/#\/schema\/logo\/image\/"}}]}},"_links":{"self":[{"href":"https:\/\/www.transtoyou.com\/da\/wp-json\/wp\/v2\/product\/2026","targetHints":{"allow":["GET"]}}],"collection":[{"href":"https:\/\/www.transtoyou.com\/da\/wp-json\/wp\/v2\/product"}],"about":[{"href":"https:\/\/www.transtoyou.com\/da\/wp-json\/wp\/v2\/types\/product"}],"replies":[{"embeddable":true,"href":"https:\/\/www.transtoyou.com\/da\/wp-json\/wp\/v2\/comments?post=2026"}],"wp:featuredmedia":[{"embeddable":true,"href":"https:\/\/www.transtoyou.com\/da\/wp-json\/wp\/v2\/media\/2030"}],"wp:attachment":[{"href":"https:\/\/www.transtoyou.com\/da\/wp-json\/wp\/v2\/media?parent=2026"}],"wp:term":[{"taxonomy":"product_brand","embeddable":true,"href":"https:\/\/www.transtoyou.com\/da\/wp-json\/wp\/v2\/product_brand?post=2026"},{"taxonomy":"product_cat","embeddable":true,"href":"https:\/\/www.transtoyou.com\/da\/wp-json\/wp\/v2\/product_cat?post=2026"},{"taxonomy":"product_tag","embeddable":true,"href":"https:\/\/www.transtoyou.com\/da\/wp-json\/wp\/v2\/product_tag?post=2026"},{"taxonomy":"expert","embeddable":true,"href":"https:\/\/www.transtoyou.com\/da\/wp-json\/wp\/v2\/expert?post=2026"}],"curies":[{"name":"wp","href":"https:\/\/api.w.org\/{rel}","templated":true}]}}