{"id":2219,"date":"2026-03-07T17:08:59","date_gmt":"2026-03-07T15:08:59","guid":{"rendered":"https:\/\/www.transtoyou.com\/da\/product\/ed-trial-pack\/"},"modified":"2026-03-07T17:32:04","modified_gmt":"2026-03-07T15:32:04","slug":"ed-provepakke","status":"publish","type":"product","link":"https:\/\/www.transtoyou.com\/da\/product\/ed-provepakke\/","title":{"rendered":"ED Pr\u00f8vepakke"},"content":{"rendered":"<p>ED Pr\u00f8vepakken er en kombinationspakke af receptpligtige medicin, der bruges i behandlingen af erektil dysfunktion, herunder b\u00e5de m\u00e6rkevarer og generiske muligheder.<\/p>\n<p>ED Pr\u00f8vepakken er designet til m\u00e6nd, der \u00f8nsker at udforske, hvilken behandling for erektil dysfunktion der fungerer bedst for dem. Erektil dysfunktion kan have forskellige fysiske eller psykologiske \u00e5rsager, og individuelle reaktioner p\u00e5 medicin kan variere. Af denne grund er en enkelt behandling ikke altid lige effektiv for alle. Denne pr\u00f8vepakke giver patienter mulighed for at blive fortrolige med flere almindeligt ordinerede ED-mediciner, s\u00e5som sildenafil (herunder m\u00e6rkevaren Viagra), tadalafil (herunder m\u00e6rkevaren Cialis) og vardenafil, under l\u00e6gelig overv\u00e5gning.<\/p>\n<p>Alle medikamenter, der er inkluderet, tilh\u00f8rer gruppen af PDE5-h\u00e6mmere. De underst\u00f8tter erektil funktion ved at forbedre blodgennemstr\u00f8mningen til penis under seksuel stimulation. Disse l\u00e6gemidler for\u00e5rsager ikke en erektion af sig selv og virker kun, n\u00e5r der er seksuel ophidselse til stede. Selvom de deler den samme virkningsmekanisme, adskiller sildenafil, tadalafil og vardenafil sig i virkningsindtr\u00e6den, varighed af effekt og hvordan de tolereres af forskellige individer.<\/p>\n<p>ED Pr\u00f8vepakken er beregnet til kortvarig evaluering og sammenligning af disse behandlingsmuligheder. Efter at have gennemf\u00f8rt pr\u00f8ven kan patienter og l\u00e6ger bruge erfaringen til at bestemme, hvilken medicin der muligvis er mest egnet til fortsat brug, hvis det er passende.<\/p>\n","protected":false},"excerpt":{"rendered":"<ul>\n<li>Muligg\u00f8r sammenligning af forskellige behandlinger for erektil dysfunktion<\/li>\n<li>Indeholder flere PDE5-h\u00e6mmende medicin<\/li>\n<li>Tilg\u00e6ngelig i forskellige pakker<\/li>\n<\/ul>\n","protected":false},"featured_media":2223,"comment_status":"open","ping_status":"closed","template":"","meta":[],"product_brand":[],"product_cat":[115],"product_tag":[],"expert":[16],"class_list":{"0":"post-2219","1":"product","2":"type-product","3":"status-publish","4":"has-post-thumbnail","6":"product_cat-behandlinger-for-erektil-dysfunktion","7":"expert-dr-c-alexandru","9":"first","10":"instock","11":"shipping-taxable","12":"product-type-variable"},"yoast_head":"<!-- This site is optimized with the Yoast SEO plugin v27.0 - https:\/\/yoast.com\/product\/yoast-seo-wordpress\/ -->\n<title>ED Pr\u00f8vepakke | Udforsk muligheder for dig - Transtoyou<\/title>\n<meta name=\"description\" content=\"ED pr\u00f8vepakke hos Transtoyou, sammenlign etablerede ED-tabletter i \u00e9n pakke og find det bedste til dig med klar medicinsk vejledning.\" \/>\n<meta name=\"robots\" content=\"noindex, follow, max-snippet:-1, max-image-preview:large, max-video-preview:-1\" \/>\n<meta property=\"og:locale\" content=\"da_DK\" \/>\n<meta property=\"og:type\" content=\"article\" \/>\n<meta property=\"og:title\" content=\"ED Pr\u00f8vepakke | Udforsk muligheder for dig - Transtoyou\" \/>\n<meta property=\"og:description\" content=\"ED pr\u00f8vepakke hos Transtoyou, sammenlign etablerede ED-tabletter i \u00e9n pakke og find det bedste til dig med klar medicinsk vejledning.\" \/>\n<meta property=\"og:url\" content=\"https:\/\/www.transtoyou.com\/da\/product\/ed-trial-pack\/\" \/>\n<meta property=\"og:site_name\" content=\"Transtoyou - DA\" \/>\n<meta property=\"article:modified_time\" content=\"2026-03-07T15:32:04+00:00\" \/>\n<meta name=\"twitter:card\" content=\"summary_large_image\" \/>\n<meta name=\"twitter:label1\" content=\"Estimeret l\u00e6setid\" \/>\n\t<meta name=\"twitter:data1\" content=\"1 minut\" \/>\n<script type=\"application\/ld+json\" class=\"yoast-schema-graph\">{\"@context\":\"https:\/\/schema.org\",\"@graph\":[{\"@type\":\"WebPage\",\"@id\":\"https:\/\/www.transtoyou.com\/da\/product\/ed-trial-pack\/\",\"url\":\"https:\/\/www.transtoyou.com\/da\/product\/ed-trial-pack\/\",\"name\":\"ED Pr\u00f8vepakke | Udforsk muligheder for dig - Transtoyou\",\"isPartOf\":{\"@id\":\"https:\/\/www.transtoyou.com\/da\/#website\"},\"primaryImageOfPage\":{\"@id\":\"https:\/\/www.transtoyou.com\/da\/product\/ed-trial-pack\/#primaryimage\"},\"image\":{\"@id\":\"https:\/\/www.transtoyou.com\/da\/product\/ed-trial-pack\/#primaryimage\"},\"thumbnailUrl\":\"https:\/\/www.transtoyou.com\/da\/wp-content\/uploads\/sites\/6\/2026\/03\/tty-no-product-image-10.webp\",\"datePublished\":\"2026-03-07T15:08:59+00:00\",\"dateModified\":\"2026-03-07T15:32:04+00:00\",\"description\":\"ED pr\u00f8vepakke hos Transtoyou, sammenlign etablerede ED-tabletter i \u00e9n pakke og find det bedste til dig med klar medicinsk vejledning.\",\"breadcrumb\":{\"@id\":\"https:\/\/www.transtoyou.com\/da\/product\/ed-trial-pack\/#breadcrumb\"},\"inLanguage\":\"da-DK\",\"potentialAction\":[{\"@type\":\"ReadAction\",\"target\":[\"https:\/\/www.transtoyou.com\/da\/product\/ed-trial-pack\/\"]}]},{\"@type\":\"ImageObject\",\"inLanguage\":\"da-DK\",\"@id\":\"https:\/\/www.transtoyou.com\/da\/product\/ed-trial-pack\/#primaryimage\",\"url\":\"https:\/\/www.transtoyou.com\/da\/wp-content\/uploads\/sites\/6\/2026\/03\/tty-no-product-image-10.webp\",\"contentUrl\":\"https:\/\/www.transtoyou.com\/da\/wp-content\/uploads\/sites\/6\/2026\/03\/tty-no-product-image-10.webp\",\"width\":1000,\"height\":1000,\"caption\":\"Standard produktbillede\"},{\"@type\":\"WebSite\",\"@id\":\"https:\/\/www.transtoyou.com\/da\/#website\",\"url\":\"https:\/\/www.transtoyou.com\/da\/\",\"name\":\"Transtoyou - DA\",\"description\":\"\",\"publisher\":{\"@id\":\"https:\/\/www.transtoyou.com\/da\/#organization\"},\"potentialAction\":[{\"@type\":\"SearchAction\",\"target\":{\"@type\":\"EntryPoint\",\"urlTemplate\":\"https:\/\/www.transtoyou.com\/da\/?s={search_term_string}\"},\"query-input\":{\"@type\":\"PropertyValueSpecification\",\"valueRequired\":true,\"valueName\":\"search_term_string\"}}],\"inLanguage\":\"da-DK\"},{\"@type\":\"Organization\",\"@id\":\"https:\/\/www.transtoyou.com\/da\/#organization\",\"name\":\"Transtoyou - DA\",\"url\":\"https:\/\/www.transtoyou.com\/da\/\",\"logo\":{\"@type\":\"ImageObject\",\"inLanguage\":\"da-DK\",\"@id\":\"https:\/\/www.transtoyou.com\/da\/#\/schema\/logo\/image\/\",\"url\":\"https:\/\/www.transtoyou.com\/da\/wp-content\/uploads\/sites\/6\/2026\/01\/logo-tty-menu-bar-300x87-1.webp\",\"contentUrl\":\"https:\/\/www.transtoyou.com\/da\/wp-content\/uploads\/sites\/6\/2026\/01\/logo-tty-menu-bar-300x87-1.webp\",\"width\":300,\"height\":87,\"caption\":\"Transtoyou - DA\"},\"image\":{\"@id\":\"https:\/\/www.transtoyou.com\/da\/#\/schema\/logo\/image\/\"}}]}<\/script>\n<!-- \/ Yoast SEO plugin. -->","yoast_head_json":{"title":"ED Pr\u00f8vepakke | Udforsk muligheder for dig - Transtoyou","description":"ED pr\u00f8vepakke hos Transtoyou, sammenlign etablerede ED-tabletter i \u00e9n pakke og find det bedste til dig med klar medicinsk vejledning.","robots":{"index":"noindex","follow":"follow","max-snippet":"max-snippet:-1","max-image-preview":"max-image-preview:large","max-video-preview":"max-video-preview:-1"},"og_locale":"da_DK","og_type":"article","og_title":"ED Pr\u00f8vepakke | Udforsk muligheder for dig - Transtoyou","og_description":"ED pr\u00f8vepakke hos Transtoyou, sammenlign etablerede ED-tabletter i \u00e9n pakke og find det bedste til dig med klar medicinsk vejledning.","og_url":"https:\/\/www.transtoyou.com\/da\/product\/ed-trial-pack\/","og_site_name":"Transtoyou - DA","article_modified_time":"2026-03-07T15:32:04+00:00","twitter_card":"summary_large_image","twitter_misc":{"Estimeret l\u00e6setid":"1 minut"},"schema":{"@context":"https:\/\/schema.org","@graph":[{"@type":"WebPage","@id":"https:\/\/www.transtoyou.com\/da\/product\/ed-trial-pack\/","url":"https:\/\/www.transtoyou.com\/da\/product\/ed-trial-pack\/","name":"ED Pr\u00f8vepakke | Udforsk muligheder for dig - Transtoyou","isPartOf":{"@id":"https:\/\/www.transtoyou.com\/da\/#website"},"primaryImageOfPage":{"@id":"https:\/\/www.transtoyou.com\/da\/product\/ed-trial-pack\/#primaryimage"},"image":{"@id":"https:\/\/www.transtoyou.com\/da\/product\/ed-trial-pack\/#primaryimage"},"thumbnailUrl":"https:\/\/www.transtoyou.com\/da\/wp-content\/uploads\/sites\/6\/2026\/03\/tty-no-product-image-10.webp","datePublished":"2026-03-07T15:08:59+00:00","dateModified":"2026-03-07T15:32:04+00:00","description":"ED pr\u00f8vepakke hos Transtoyou, sammenlign etablerede ED-tabletter i \u00e9n pakke og find det bedste til dig med klar medicinsk vejledning.","breadcrumb":{"@id":"https:\/\/www.transtoyou.com\/da\/product\/ed-trial-pack\/#breadcrumb"},"inLanguage":"da-DK","potentialAction":[{"@type":"ReadAction","target":["https:\/\/www.transtoyou.com\/da\/product\/ed-trial-pack\/"]}]},{"@type":"ImageObject","inLanguage":"da-DK","@id":"https:\/\/www.transtoyou.com\/da\/product\/ed-trial-pack\/#primaryimage","url":"https:\/\/www.transtoyou.com\/da\/wp-content\/uploads\/sites\/6\/2026\/03\/tty-no-product-image-10.webp","contentUrl":"https:\/\/www.transtoyou.com\/da\/wp-content\/uploads\/sites\/6\/2026\/03\/tty-no-product-image-10.webp","width":1000,"height":1000,"caption":"Standard produktbillede"},{"@type":"WebSite","@id":"https:\/\/www.transtoyou.com\/da\/#website","url":"https:\/\/www.transtoyou.com\/da\/","name":"Transtoyou - DA","description":"","publisher":{"@id":"https:\/\/www.transtoyou.com\/da\/#organization"},"potentialAction":[{"@type":"SearchAction","target":{"@type":"EntryPoint","urlTemplate":"https:\/\/www.transtoyou.com\/da\/?s={search_term_string}"},"query-input":{"@type":"PropertyValueSpecification","valueRequired":true,"valueName":"search_term_string"}}],"inLanguage":"da-DK"},{"@type":"Organization","@id":"https:\/\/www.transtoyou.com\/da\/#organization","name":"Transtoyou - DA","url":"https:\/\/www.transtoyou.com\/da\/","logo":{"@type":"ImageObject","inLanguage":"da-DK","@id":"https:\/\/www.transtoyou.com\/da\/#\/schema\/logo\/image\/","url":"https:\/\/www.transtoyou.com\/da\/wp-content\/uploads\/sites\/6\/2026\/01\/logo-tty-menu-bar-300x87-1.webp","contentUrl":"https:\/\/www.transtoyou.com\/da\/wp-content\/uploads\/sites\/6\/2026\/01\/logo-tty-menu-bar-300x87-1.webp","width":300,"height":87,"caption":"Transtoyou - DA"},"image":{"@id":"https:\/\/www.transtoyou.com\/da\/#\/schema\/logo\/image\/"}}]}},"_links":{"self":[{"href":"https:\/\/www.transtoyou.com\/da\/wp-json\/wp\/v2\/product\/2219","targetHints":{"allow":["GET"]}}],"collection":[{"href":"https:\/\/www.transtoyou.com\/da\/wp-json\/wp\/v2\/product"}],"about":[{"href":"https:\/\/www.transtoyou.com\/da\/wp-json\/wp\/v2\/types\/product"}],"replies":[{"embeddable":true,"href":"https:\/\/www.transtoyou.com\/da\/wp-json\/wp\/v2\/comments?post=2219"}],"wp:featuredmedia":[{"embeddable":true,"href":"https:\/\/www.transtoyou.com\/da\/wp-json\/wp\/v2\/media\/2223"}],"wp:attachment":[{"href":"https:\/\/www.transtoyou.com\/da\/wp-json\/wp\/v2\/media?parent=2219"}],"wp:term":[{"taxonomy":"product_brand","embeddable":true,"href":"https:\/\/www.transtoyou.com\/da\/wp-json\/wp\/v2\/product_brand?post=2219"},{"taxonomy":"product_cat","embeddable":true,"href":"https:\/\/www.transtoyou.com\/da\/wp-json\/wp\/v2\/product_cat?post=2219"},{"taxonomy":"product_tag","embeddable":true,"href":"https:\/\/www.transtoyou.com\/da\/wp-json\/wp\/v2\/product_tag?post=2219"},{"taxonomy":"expert","embeddable":true,"href":"https:\/\/www.transtoyou.com\/da\/wp-json\/wp\/v2\/expert?post=2219"}],"curies":[{"name":"wp","href":"https:\/\/api.w.org\/{rel}","templated":true}]}}