{"id":778,"date":"2026-01-22T15:03:18","date_gmt":"2026-01-22T13:03:18","guid":{"rendered":"https:\/\/www.transtoyou.com\/da\/product\/ivermectin\/"},"modified":"2026-02-20T13:11:03","modified_gmt":"2026-02-20T11:11:03","slug":"ivermektin","status":"publish","type":"product","link":"https:\/\/www.transtoyou.com\/da\/product\/ivermektin\/","title":{"rendered":"Ivermectin"},"content":{"rendered":"<p>Ivermectin er et oralt antiparasit\u00e6rt l\u00e6gemiddel, der bruges til at hj\u00e6lpe med at behandle en r\u00e6kke parasit\u00e6re infektioner, herunder skabb, visse tarmorm og andre parasit\u00e6re tilstande.<\/p>\n<p>Til skabb ordineres Ivermectin ofte, n\u00e5r topiske behandlinger som permethrin er ineffektive eller upraktiske. Dette inkluderer udbredte angreb, skabb med skorper eller patienter, der har sv\u00e6rt ved at p\u00e5f\u00f8re cremer. Det virker ved at m\u00e5lrette mod miderne nervesystem, hvilket typisk resulterer i lammelse og d\u00f8d af parasitterne og deres larver. Behandlingen involverer normalt en dosis, efterfulgt af en anden efter 1\u20132 uger for at eliminere eventuelle resterende parasitter.<\/p>\n<p>Til parasit\u00e6re infektioner som strongyloidiasis eller onchocerciasis forstyrrer Ivermectin parasittens nervesystem, hvilket forstyrrer neurotransmissionen og hj\u00e6lper med at fjerne infektionen. Det er ofte inkluderet i folkesundhedskampagner i endemiske omr\u00e5der p\u00e5 grund af dets brede effektivitet og sikkerhedsprofil.<\/p>\n<p>Ivermectin tolereres normalt godt under medicinsk overv\u00e5gning. Milde bivirkninger som hovedpine, svimmelhed, kvalme eller udsl\u00e6t kan forekomme. Hos personer med en h\u00f8j parasitbyrde kan symptomerne midlertidigt intensiveres p\u00e5 grund af kroppens inflammatoriske respons p\u00e5 d\u00f8ende parasitter.<\/p>\n","protected":false},"excerpt":{"rendered":"<ul>\n<li>Oral antiparasit\u00e6r behandling<\/li>\n<li>Effektiv mod mider og orme<\/li>\n<li>Bruges n\u00e5r topiske midler fejler<\/li>\n<\/ul>\n","protected":false},"featured_media":780,"comment_status":"open","ping_status":"closed","template":"","meta":[],"product_brand":[],"product_cat":[180,155,160,161],"product_tag":[],"expert":[19],"class_list":{"0":"post-778","1":"product","2":"type-product","3":"status-publish","4":"has-post-thumbnail","6":"product_cat-orme","7":"product_cat-parasitter","8":"product_cat-rosacea","9":"product_cat-skabies","10":"expert-dr-j-vazquez","12":"first","13":"instock","14":"shipping-taxable","15":"product-type-variable"},"yoast_head":"<!-- This site is optimized with the Yoast SEO plugin v27.0 - https:\/\/yoast.com\/product\/yoast-seo-wordpress\/ -->\n<title>Ivermectin | Effektiv mod Skab og Parasitter - Transtoyou<\/title>\n<meta name=\"description\" content=\"Opdag hvordan Ivermectin behandler skab, orme og parasit\u00e6re infektioner. F\u00e5 dit produkt, inklusive recept, hurtigt og diskret.\" \/>\n<meta name=\"robots\" content=\"noindex, follow, max-snippet:-1, max-image-preview:large, max-video-preview:-1\" \/>\n<meta property=\"og:locale\" content=\"da_DK\" \/>\n<meta property=\"og:type\" content=\"article\" \/>\n<meta property=\"og:title\" content=\"Ivermectin | Effektiv mod Skab og Parasitter - Transtoyou\" \/>\n<meta property=\"og:description\" content=\"Opdag hvordan Ivermectin behandler skab, orme og parasit\u00e6re infektioner. F\u00e5 dit produkt, inklusive recept, hurtigt og diskret.\" \/>\n<meta property=\"og:url\" content=\"https:\/\/www.transtoyou.com\/da\/product\/ivermektin\/\" \/>\n<meta property=\"og:site_name\" content=\"Transtoyou - DA\" \/>\n<meta property=\"article:modified_time\" content=\"2026-02-20T11:11:03+00:00\" \/>\n<meta name=\"twitter:card\" content=\"summary_large_image\" \/>\n<meta name=\"twitter:label1\" content=\"Estimeret l\u00e6setid\" \/>\n\t<meta name=\"twitter:data1\" content=\"1 minut\" \/>\n<script type=\"application\/ld+json\" class=\"yoast-schema-graph\">{\"@context\":\"https:\/\/schema.org\",\"@graph\":[{\"@type\":\"WebPage\",\"@id\":\"https:\/\/www.transtoyou.com\/da\/product\/ivermektin\/\",\"url\":\"https:\/\/www.transtoyou.com\/da\/product\/ivermektin\/\",\"name\":\"Ivermectin | Effektiv mod Skab og Parasitter - Transtoyou\",\"isPartOf\":{\"@id\":\"https:\/\/www.transtoyou.com\/da\/#website\"},\"primaryImageOfPage\":{\"@id\":\"https:\/\/www.transtoyou.com\/da\/product\/ivermektin\/#primaryimage\"},\"image\":{\"@id\":\"https:\/\/www.transtoyou.com\/da\/product\/ivermektin\/#primaryimage\"},\"thumbnailUrl\":\"https:\/\/www.transtoyou.com\/da\/wp-content\/uploads\/sites\/6\/2026\/01\/tty-no-product-image-3.webp\",\"datePublished\":\"2026-01-22T13:03:18+00:00\",\"dateModified\":\"2026-02-20T11:11:03+00:00\",\"description\":\"Opdag hvordan Ivermectin behandler skab, orme og parasit\u00e6re infektioner. F\u00e5 dit produkt, inklusive recept, hurtigt og diskret.\",\"breadcrumb\":{\"@id\":\"https:\/\/www.transtoyou.com\/da\/product\/ivermektin\/#breadcrumb\"},\"inLanguage\":\"da-DK\",\"potentialAction\":[{\"@type\":\"ReadAction\",\"target\":[\"https:\/\/www.transtoyou.com\/da\/product\/ivermektin\/\"]}]},{\"@type\":\"ImageObject\",\"inLanguage\":\"da-DK\",\"@id\":\"https:\/\/www.transtoyou.com\/da\/product\/ivermektin\/#primaryimage\",\"url\":\"https:\/\/www.transtoyou.com\/da\/wp-content\/uploads\/sites\/6\/2026\/01\/tty-no-product-image-3.webp\",\"contentUrl\":\"https:\/\/www.transtoyou.com\/da\/wp-content\/uploads\/sites\/6\/2026\/01\/tty-no-product-image-3.webp\",\"width\":1000,\"height\":1000,\"caption\":\"Standard produktbillede\"},{\"@type\":\"WebSite\",\"@id\":\"https:\/\/www.transtoyou.com\/da\/#website\",\"url\":\"https:\/\/www.transtoyou.com\/da\/\",\"name\":\"Transtoyou - DA\",\"description\":\"\",\"publisher\":{\"@id\":\"https:\/\/www.transtoyou.com\/da\/#organization\"},\"potentialAction\":[{\"@type\":\"SearchAction\",\"target\":{\"@type\":\"EntryPoint\",\"urlTemplate\":\"https:\/\/www.transtoyou.com\/da\/?s={search_term_string}\"},\"query-input\":{\"@type\":\"PropertyValueSpecification\",\"valueRequired\":true,\"valueName\":\"search_term_string\"}}],\"inLanguage\":\"da-DK\"},{\"@type\":\"Organization\",\"@id\":\"https:\/\/www.transtoyou.com\/da\/#organization\",\"name\":\"Transtoyou - DA\",\"url\":\"https:\/\/www.transtoyou.com\/da\/\",\"logo\":{\"@type\":\"ImageObject\",\"inLanguage\":\"da-DK\",\"@id\":\"https:\/\/www.transtoyou.com\/da\/#\/schema\/logo\/image\/\",\"url\":\"https:\/\/www.transtoyou.com\/da\/wp-content\/uploads\/sites\/6\/2026\/01\/logo-tty-menu-bar-300x87-1.webp\",\"contentUrl\":\"https:\/\/www.transtoyou.com\/da\/wp-content\/uploads\/sites\/6\/2026\/01\/logo-tty-menu-bar-300x87-1.webp\",\"width\":300,\"height\":87,\"caption\":\"Transtoyou - DA\"},\"image\":{\"@id\":\"https:\/\/www.transtoyou.com\/da\/#\/schema\/logo\/image\/\"}}]}<\/script>\n<!-- \/ Yoast SEO plugin. -->","yoast_head_json":{"title":"Ivermectin | Effektiv mod Skab og Parasitter - Transtoyou","description":"Opdag hvordan Ivermectin behandler skab, orme og parasit\u00e6re infektioner. F\u00e5 dit produkt, inklusive recept, hurtigt og diskret.","robots":{"index":"noindex","follow":"follow","max-snippet":"max-snippet:-1","max-image-preview":"max-image-preview:large","max-video-preview":"max-video-preview:-1"},"og_locale":"da_DK","og_type":"article","og_title":"Ivermectin | Effektiv mod Skab og Parasitter - Transtoyou","og_description":"Opdag hvordan Ivermectin behandler skab, orme og parasit\u00e6re infektioner. F\u00e5 dit produkt, inklusive recept, hurtigt og diskret.","og_url":"https:\/\/www.transtoyou.com\/da\/product\/ivermektin\/","og_site_name":"Transtoyou - DA","article_modified_time":"2026-02-20T11:11:03+00:00","twitter_card":"summary_large_image","twitter_misc":{"Estimeret l\u00e6setid":"1 minut"},"schema":{"@context":"https:\/\/schema.org","@graph":[{"@type":"WebPage","@id":"https:\/\/www.transtoyou.com\/da\/product\/ivermektin\/","url":"https:\/\/www.transtoyou.com\/da\/product\/ivermektin\/","name":"Ivermectin | Effektiv mod Skab og Parasitter - Transtoyou","isPartOf":{"@id":"https:\/\/www.transtoyou.com\/da\/#website"},"primaryImageOfPage":{"@id":"https:\/\/www.transtoyou.com\/da\/product\/ivermektin\/#primaryimage"},"image":{"@id":"https:\/\/www.transtoyou.com\/da\/product\/ivermektin\/#primaryimage"},"thumbnailUrl":"https:\/\/www.transtoyou.com\/da\/wp-content\/uploads\/sites\/6\/2026\/01\/tty-no-product-image-3.webp","datePublished":"2026-01-22T13:03:18+00:00","dateModified":"2026-02-20T11:11:03+00:00","description":"Opdag hvordan Ivermectin behandler skab, orme og parasit\u00e6re infektioner. F\u00e5 dit produkt, inklusive recept, hurtigt og diskret.","breadcrumb":{"@id":"https:\/\/www.transtoyou.com\/da\/product\/ivermektin\/#breadcrumb"},"inLanguage":"da-DK","potentialAction":[{"@type":"ReadAction","target":["https:\/\/www.transtoyou.com\/da\/product\/ivermektin\/"]}]},{"@type":"ImageObject","inLanguage":"da-DK","@id":"https:\/\/www.transtoyou.com\/da\/product\/ivermektin\/#primaryimage","url":"https:\/\/www.transtoyou.com\/da\/wp-content\/uploads\/sites\/6\/2026\/01\/tty-no-product-image-3.webp","contentUrl":"https:\/\/www.transtoyou.com\/da\/wp-content\/uploads\/sites\/6\/2026\/01\/tty-no-product-image-3.webp","width":1000,"height":1000,"caption":"Standard produktbillede"},{"@type":"WebSite","@id":"https:\/\/www.transtoyou.com\/da\/#website","url":"https:\/\/www.transtoyou.com\/da\/","name":"Transtoyou - DA","description":"","publisher":{"@id":"https:\/\/www.transtoyou.com\/da\/#organization"},"potentialAction":[{"@type":"SearchAction","target":{"@type":"EntryPoint","urlTemplate":"https:\/\/www.transtoyou.com\/da\/?s={search_term_string}"},"query-input":{"@type":"PropertyValueSpecification","valueRequired":true,"valueName":"search_term_string"}}],"inLanguage":"da-DK"},{"@type":"Organization","@id":"https:\/\/www.transtoyou.com\/da\/#organization","name":"Transtoyou - DA","url":"https:\/\/www.transtoyou.com\/da\/","logo":{"@type":"ImageObject","inLanguage":"da-DK","@id":"https:\/\/www.transtoyou.com\/da\/#\/schema\/logo\/image\/","url":"https:\/\/www.transtoyou.com\/da\/wp-content\/uploads\/sites\/6\/2026\/01\/logo-tty-menu-bar-300x87-1.webp","contentUrl":"https:\/\/www.transtoyou.com\/da\/wp-content\/uploads\/sites\/6\/2026\/01\/logo-tty-menu-bar-300x87-1.webp","width":300,"height":87,"caption":"Transtoyou - DA"},"image":{"@id":"https:\/\/www.transtoyou.com\/da\/#\/schema\/logo\/image\/"}}]}},"_links":{"self":[{"href":"https:\/\/www.transtoyou.com\/da\/wp-json\/wp\/v2\/product\/778","targetHints":{"allow":["GET"]}}],"collection":[{"href":"https:\/\/www.transtoyou.com\/da\/wp-json\/wp\/v2\/product"}],"about":[{"href":"https:\/\/www.transtoyou.com\/da\/wp-json\/wp\/v2\/types\/product"}],"replies":[{"embeddable":true,"href":"https:\/\/www.transtoyou.com\/da\/wp-json\/wp\/v2\/comments?post=778"}],"wp:featuredmedia":[{"embeddable":true,"href":"https:\/\/www.transtoyou.com\/da\/wp-json\/wp\/v2\/media\/780"}],"wp:attachment":[{"href":"https:\/\/www.transtoyou.com\/da\/wp-json\/wp\/v2\/media?parent=778"}],"wp:term":[{"taxonomy":"product_brand","embeddable":true,"href":"https:\/\/www.transtoyou.com\/da\/wp-json\/wp\/v2\/product_brand?post=778"},{"taxonomy":"product_cat","embeddable":true,"href":"https:\/\/www.transtoyou.com\/da\/wp-json\/wp\/v2\/product_cat?post=778"},{"taxonomy":"product_tag","embeddable":true,"href":"https:\/\/www.transtoyou.com\/da\/wp-json\/wp\/v2\/product_tag?post=778"},{"taxonomy":"expert","embeddable":true,"href":"https:\/\/www.transtoyou.com\/da\/wp-json\/wp\/v2\/expert?post=778"}],"curies":[{"name":"wp","href":"https:\/\/api.w.org\/{rel}","templated":true}]}}