{"id":781,"date":"2026-01-22T15:18:44","date_gmt":"2026-01-22T13:18:44","guid":{"rendered":"https:\/\/www.transtoyou.com\/da\/product\/permethrin\/"},"modified":"2026-03-09T09:23:55","modified_gmt":"2026-03-09T07:23:55","slug":"permethrin","status":"publish","type":"product","link":"https:\/\/www.transtoyou.com\/da\/product\/permethrin\/","title":{"rendered":"Permethrin"},"content":{"rendered":"<p>Permethrin er et topisk medicin, der er formuleret til at behandle skab, en meget smitsom hudinfektion for\u00e5rsaget af miden Sarcoptes scabiei. Det spreder sig prim\u00e6rt gennem langvarig hud-til-hud kontakt og er forbundet med intens kl\u00f8e (is\u00e6r om natten) og et r\u00f8dt, knudret udsl\u00e6t i omr\u00e5der som fingre, h\u00e5ndled, albuer og lyske.<\/p>\n<p>Permethrin tilh\u00f8rer klassen af syntetiske pyrethroider og virker ved at forstyrre natriumkanalerne i midenes nervesystem, hvilket f\u00f8rer til lammelse og d\u00f8d. Det retter sig mod b\u00e5de voksne mider og deres \u00e6g, hvilket hj\u00e6lper med at eliminere infektionen og reducere bet\u00e6ndelse for\u00e5rsaget af immunsvaret p\u00e5 miderne.<\/p>\n<p>Creme p\u00e5f\u00f8res ren, t\u00f8r hud fra halsen og ned, inklusive mellem fingre\/t\u00e6er, under negle og omkring hudfolder (f.eks. h\u00e5ndled, balder, genitalier). Cremerne skal sidde p\u00e5 huden i 8 til 14 timer og derefter vaskes grundigt af. En anden p\u00e5f\u00f8ring kan v\u00e6re n\u00f8dvendig efter 7 til 14 dage under l\u00e6geligt tilsyn, hvis symptomerne forts\u00e6tter.<\/p>\n<p>Kl\u00f8e efter behandling er almindelig og kan vare i flere uger, selv efter vellykket udryddelse af miderne. Dette er en del af kroppens immunrespons og indikerer ikke n\u00f8dvendigvis behandlingssvigt.<\/p>\n<p>Permethrin er sikkert og godt tolereret af de fleste patienter. Milde bivirkninger som r\u00f8dme, stikkende fornemmelse eller midlertidig kl\u00f8e kan forekomme og l\u00f8ser sig normalt uden indgreb.<\/p>\n","protected":false},"excerpt":{"rendered":"<ul>\n<li>Dr\u00e6ber mider og deres \u00e6g<\/li>\n<li>Giver f\u00f8rstelinje behandling for skabb<\/li>\n<li>Hj\u00e6lper med at lindre vedholdende kl\u00f8e<\/li>\n<\/ul>\n","protected":false},"featured_media":782,"comment_status":"open","ping_status":"closed","template":"","meta":[],"product_brand":[],"product_cat":[155,161],"product_tag":[],"expert":[19],"class_list":{"0":"post-781","1":"product","2":"type-product","3":"status-publish","4":"has-post-thumbnail","6":"product_cat-parasitter","7":"product_cat-skabies","8":"expert-dr-j-vazquez","10":"first","11":"outofstock","12":"shipping-taxable","13":"product-type-simple"},"yoast_head":"<!-- This site is optimized with the Yoast SEO plugin v27.0 - https:\/\/yoast.com\/product\/yoast-seo-wordpress\/ -->\n<title>Permethrin | Fork\u00e6l din hud i dag - Transtoyou<\/title>\n<meta name=\"description\" content=\"Opdag Permethrin, en p\u00e5lidelig l\u00f8sning til effektiv behandling af skab. F\u00e5s nu hos Transtoyou for hurtig lindring og nem bestilling.\" \/>\n<meta name=\"robots\" content=\"noindex, follow, max-snippet:-1, max-image-preview:large, max-video-preview:-1\" \/>\n<meta property=\"og:locale\" content=\"da_DK\" \/>\n<meta property=\"og:type\" content=\"article\" \/>\n<meta property=\"og:title\" content=\"Permethrin | Fork\u00e6l din hud i dag - Transtoyou\" \/>\n<meta property=\"og:description\" content=\"Opdag Permethrin, en p\u00e5lidelig l\u00f8sning til effektiv behandling af skab. F\u00e5s nu hos Transtoyou for hurtig lindring og nem bestilling.\" \/>\n<meta property=\"og:url\" content=\"https:\/\/www.transtoyou.com\/da\/product\/permethrin\/\" \/>\n<meta property=\"og:site_name\" content=\"Transtoyou - DA\" \/>\n<meta property=\"article:modified_time\" content=\"2026-03-09T07:23:55+00:00\" \/>\n<meta name=\"twitter:card\" content=\"summary_large_image\" \/>\n<meta name=\"twitter:label1\" content=\"Estimeret l\u00e6setid\" \/>\n\t<meta name=\"twitter:data1\" content=\"1 minut\" \/>\n<script type=\"application\/ld+json\" class=\"yoast-schema-graph\">{\"@context\":\"https:\/\/schema.org\",\"@graph\":[{\"@type\":\"WebPage\",\"@id\":\"https:\/\/www.transtoyou.com\/da\/product\/permethrin\/\",\"url\":\"https:\/\/www.transtoyou.com\/da\/product\/permethrin\/\",\"name\":\"Permethrin | Fork\u00e6l din hud i dag - Transtoyou\",\"isPartOf\":{\"@id\":\"https:\/\/www.transtoyou.com\/da\/#website\"},\"primaryImageOfPage\":{\"@id\":\"https:\/\/www.transtoyou.com\/da\/product\/permethrin\/#primaryimage\"},\"image\":{\"@id\":\"https:\/\/www.transtoyou.com\/da\/product\/permethrin\/#primaryimage\"},\"thumbnailUrl\":\"https:\/\/www.transtoyou.com\/da\/wp-content\/uploads\/sites\/6\/2026\/01\/tty-no-product-image-4.webp\",\"datePublished\":\"2026-01-22T13:18:44+00:00\",\"dateModified\":\"2026-03-09T07:23:55+00:00\",\"description\":\"Opdag Permethrin, en p\u00e5lidelig l\u00f8sning til effektiv behandling af skab. F\u00e5s nu hos Transtoyou for hurtig lindring og nem bestilling.\",\"breadcrumb\":{\"@id\":\"https:\/\/www.transtoyou.com\/da\/product\/permethrin\/#breadcrumb\"},\"inLanguage\":\"da-DK\",\"potentialAction\":[{\"@type\":\"ReadAction\",\"target\":[\"https:\/\/www.transtoyou.com\/da\/product\/permethrin\/\"]}]},{\"@type\":\"ImageObject\",\"inLanguage\":\"da-DK\",\"@id\":\"https:\/\/www.transtoyou.com\/da\/product\/permethrin\/#primaryimage\",\"url\":\"https:\/\/www.transtoyou.com\/da\/wp-content\/uploads\/sites\/6\/2026\/01\/tty-no-product-image-4.webp\",\"contentUrl\":\"https:\/\/www.transtoyou.com\/da\/wp-content\/uploads\/sites\/6\/2026\/01\/tty-no-product-image-4.webp\",\"width\":1000,\"height\":1000,\"caption\":\"Standard produktbillede\"},{\"@type\":\"WebSite\",\"@id\":\"https:\/\/www.transtoyou.com\/da\/#website\",\"url\":\"https:\/\/www.transtoyou.com\/da\/\",\"name\":\"Transtoyou - DA\",\"description\":\"\",\"publisher\":{\"@id\":\"https:\/\/www.transtoyou.com\/da\/#organization\"},\"potentialAction\":[{\"@type\":\"SearchAction\",\"target\":{\"@type\":\"EntryPoint\",\"urlTemplate\":\"https:\/\/www.transtoyou.com\/da\/?s={search_term_string}\"},\"query-input\":{\"@type\":\"PropertyValueSpecification\",\"valueRequired\":true,\"valueName\":\"search_term_string\"}}],\"inLanguage\":\"da-DK\"},{\"@type\":\"Organization\",\"@id\":\"https:\/\/www.transtoyou.com\/da\/#organization\",\"name\":\"Transtoyou - DA\",\"url\":\"https:\/\/www.transtoyou.com\/da\/\",\"logo\":{\"@type\":\"ImageObject\",\"inLanguage\":\"da-DK\",\"@id\":\"https:\/\/www.transtoyou.com\/da\/#\/schema\/logo\/image\/\",\"url\":\"https:\/\/www.transtoyou.com\/da\/wp-content\/uploads\/sites\/6\/2026\/01\/logo-tty-menu-bar-300x87-1.webp\",\"contentUrl\":\"https:\/\/www.transtoyou.com\/da\/wp-content\/uploads\/sites\/6\/2026\/01\/logo-tty-menu-bar-300x87-1.webp\",\"width\":300,\"height\":87,\"caption\":\"Transtoyou - DA\"},\"image\":{\"@id\":\"https:\/\/www.transtoyou.com\/da\/#\/schema\/logo\/image\/\"}}]}<\/script>\n<!-- \/ Yoast SEO plugin. -->","yoast_head_json":{"title":"Permethrin | Fork\u00e6l din hud i dag - Transtoyou","description":"Opdag Permethrin, en p\u00e5lidelig l\u00f8sning til effektiv behandling af skab. F\u00e5s nu hos Transtoyou for hurtig lindring og nem bestilling.","robots":{"index":"noindex","follow":"follow","max-snippet":"max-snippet:-1","max-image-preview":"max-image-preview:large","max-video-preview":"max-video-preview:-1"},"og_locale":"da_DK","og_type":"article","og_title":"Permethrin | Fork\u00e6l din hud i dag - Transtoyou","og_description":"Opdag Permethrin, en p\u00e5lidelig l\u00f8sning til effektiv behandling af skab. F\u00e5s nu hos Transtoyou for hurtig lindring og nem bestilling.","og_url":"https:\/\/www.transtoyou.com\/da\/product\/permethrin\/","og_site_name":"Transtoyou - DA","article_modified_time":"2026-03-09T07:23:55+00:00","twitter_card":"summary_large_image","twitter_misc":{"Estimeret l\u00e6setid":"1 minut"},"schema":{"@context":"https:\/\/schema.org","@graph":[{"@type":"WebPage","@id":"https:\/\/www.transtoyou.com\/da\/product\/permethrin\/","url":"https:\/\/www.transtoyou.com\/da\/product\/permethrin\/","name":"Permethrin | Fork\u00e6l din hud i dag - Transtoyou","isPartOf":{"@id":"https:\/\/www.transtoyou.com\/da\/#website"},"primaryImageOfPage":{"@id":"https:\/\/www.transtoyou.com\/da\/product\/permethrin\/#primaryimage"},"image":{"@id":"https:\/\/www.transtoyou.com\/da\/product\/permethrin\/#primaryimage"},"thumbnailUrl":"https:\/\/www.transtoyou.com\/da\/wp-content\/uploads\/sites\/6\/2026\/01\/tty-no-product-image-4.webp","datePublished":"2026-01-22T13:18:44+00:00","dateModified":"2026-03-09T07:23:55+00:00","description":"Opdag Permethrin, en p\u00e5lidelig l\u00f8sning til effektiv behandling af skab. F\u00e5s nu hos Transtoyou for hurtig lindring og nem bestilling.","breadcrumb":{"@id":"https:\/\/www.transtoyou.com\/da\/product\/permethrin\/#breadcrumb"},"inLanguage":"da-DK","potentialAction":[{"@type":"ReadAction","target":["https:\/\/www.transtoyou.com\/da\/product\/permethrin\/"]}]},{"@type":"ImageObject","inLanguage":"da-DK","@id":"https:\/\/www.transtoyou.com\/da\/product\/permethrin\/#primaryimage","url":"https:\/\/www.transtoyou.com\/da\/wp-content\/uploads\/sites\/6\/2026\/01\/tty-no-product-image-4.webp","contentUrl":"https:\/\/www.transtoyou.com\/da\/wp-content\/uploads\/sites\/6\/2026\/01\/tty-no-product-image-4.webp","width":1000,"height":1000,"caption":"Standard produktbillede"},{"@type":"WebSite","@id":"https:\/\/www.transtoyou.com\/da\/#website","url":"https:\/\/www.transtoyou.com\/da\/","name":"Transtoyou - DA","description":"","publisher":{"@id":"https:\/\/www.transtoyou.com\/da\/#organization"},"potentialAction":[{"@type":"SearchAction","target":{"@type":"EntryPoint","urlTemplate":"https:\/\/www.transtoyou.com\/da\/?s={search_term_string}"},"query-input":{"@type":"PropertyValueSpecification","valueRequired":true,"valueName":"search_term_string"}}],"inLanguage":"da-DK"},{"@type":"Organization","@id":"https:\/\/www.transtoyou.com\/da\/#organization","name":"Transtoyou - DA","url":"https:\/\/www.transtoyou.com\/da\/","logo":{"@type":"ImageObject","inLanguage":"da-DK","@id":"https:\/\/www.transtoyou.com\/da\/#\/schema\/logo\/image\/","url":"https:\/\/www.transtoyou.com\/da\/wp-content\/uploads\/sites\/6\/2026\/01\/logo-tty-menu-bar-300x87-1.webp","contentUrl":"https:\/\/www.transtoyou.com\/da\/wp-content\/uploads\/sites\/6\/2026\/01\/logo-tty-menu-bar-300x87-1.webp","width":300,"height":87,"caption":"Transtoyou - DA"},"image":{"@id":"https:\/\/www.transtoyou.com\/da\/#\/schema\/logo\/image\/"}}]}},"_links":{"self":[{"href":"https:\/\/www.transtoyou.com\/da\/wp-json\/wp\/v2\/product\/781","targetHints":{"allow":["GET"]}}],"collection":[{"href":"https:\/\/www.transtoyou.com\/da\/wp-json\/wp\/v2\/product"}],"about":[{"href":"https:\/\/www.transtoyou.com\/da\/wp-json\/wp\/v2\/types\/product"}],"replies":[{"embeddable":true,"href":"https:\/\/www.transtoyou.com\/da\/wp-json\/wp\/v2\/comments?post=781"}],"wp:featuredmedia":[{"embeddable":true,"href":"https:\/\/www.transtoyou.com\/da\/wp-json\/wp\/v2\/media\/782"}],"wp:attachment":[{"href":"https:\/\/www.transtoyou.com\/da\/wp-json\/wp\/v2\/media?parent=781"}],"wp:term":[{"taxonomy":"product_brand","embeddable":true,"href":"https:\/\/www.transtoyou.com\/da\/wp-json\/wp\/v2\/product_brand?post=781"},{"taxonomy":"product_cat","embeddable":true,"href":"https:\/\/www.transtoyou.com\/da\/wp-json\/wp\/v2\/product_cat?post=781"},{"taxonomy":"product_tag","embeddable":true,"href":"https:\/\/www.transtoyou.com\/da\/wp-json\/wp\/v2\/product_tag?post=781"},{"taxonomy":"expert","embeddable":true,"href":"https:\/\/www.transtoyou.com\/da\/wp-json\/wp\/v2\/expert?post=781"}],"curies":[{"name":"wp","href":"https:\/\/api.w.org\/{rel}","templated":true}]}}