{"id":783,"date":"2026-01-22T15:34:36","date_gmt":"2026-01-22T13:34:36","guid":{"rendered":"https:\/\/www.transtoyou.com\/da\/product\/vermox\/"},"modified":"2026-03-07T16:05:02","modified_gmt":"2026-03-07T14:05:02","slug":"vermox","status":"publish","type":"product","link":"https:\/\/www.transtoyou.com\/da\/product\/vermox\/","title":{"rendered":"Vermox"},"content":{"rendered":"<p>Vermox er en meget anvendt behandling mod tarmorminfektioner, s\u00e6rligt effektiv mod b\u00f8rneorm, spolorm, piskeorm og hookworm. Det indeholder den aktive ingrediens mebendazol, som forstyrrer ormene evne til at absorbere glukose, deres prim\u00e6re energikilde. Som et resultat heraf mister parasitterne energi, d\u00f8r og udskilles naturligt fra kroppen gennem ford\u00f8jelsessystemet.<\/p>\n<p>Orm infektioner kan for\u00e5rsage symptomer som kl\u00f8e i anus, rastl\u00f8shed, mavesmerter og ern\u00e6ringsm\u00e6ssige mangler. Vermox tilbyder en enkel og effektiv m\u00e5de at lindre disse symptomer og eliminere infektionen. Det gives normalt som en engangsbehandling, og i nogle tilf\u00e6lde anbefales en anden dosis to uger senere for at forhindre reinfektion.<\/p>\n<p>Denne medicin tolereres generelt godt, med bivirkninger, der er sj\u00e6ldne og normalt milde. N\u00e5r de opst\u00e5r, kan de inkludere midlertidigt ubehag i mave-tarmkanalen. Vermox forbliver i ford\u00f8jelseskanalen og optages minimalt i blodbanen, hvilket reducerer risikoen for systemiske bivirkninger.<\/p>\n<p>For at forhindre spredning af orme anbefales hygiejneforanstaltninger som regelm\u00e6ssig h\u00e5ndvask, korte negle og hyppig vask af senget\u00f8j og t\u00f8j. At behandle alle medlemmer af husstanden p\u00e5 samme tid kan hj\u00e6lpe med at stoppe infektionen fra at komme tilbage.<\/p>\n","protected":false},"excerpt":{"rendered":"<ul>\n<li>Effektiv mod flere typer orme<\/li>\n<li>Behandling med \u00e9n eller to doser<\/li>\n<li>Familievenlige muligheder<\/li>\n<\/ul>\n","protected":false},"featured_media":785,"comment_status":"open","ping_status":"closed","template":"","meta":[],"product_brand":[],"product_cat":[180],"product_tag":[],"expert":[],"class_list":{"0":"post-783","1":"product","2":"type-product","3":"status-publish","4":"has-post-thumbnail","6":"product_cat-orme","8":"first","9":"instock","10":"shipping-taxable","11":"product-type-variable"},"yoast_head":"<!-- This site is optimized with the Yoast SEO plugin v27.0 - https:\/\/yoast.com\/product\/yoast-seo-wordpress\/ -->\n<title>Vermox | Effektiv Parasitter Behandling - Transtoyou<\/title>\n<meta name=\"description\" content=\"Vermox tilg\u00e6ngelig p\u00e5 Transtoyou, en p\u00e5lidelig sundhedsplatform. Shop nu for effektiv behandling af parasit\u00e6re infektioner. Praktisk og trov\u00e6rdig adgang.\" \/>\n<meta name=\"robots\" content=\"noindex, follow, max-snippet:-1, max-image-preview:large, max-video-preview:-1\" \/>\n<meta property=\"og:locale\" content=\"da_DK\" \/>\n<meta property=\"og:type\" content=\"article\" \/>\n<meta property=\"og:title\" content=\"Vermox | Effektiv Parasitter Behandling - Transtoyou\" \/>\n<meta property=\"og:description\" content=\"Vermox tilg\u00e6ngelig p\u00e5 Transtoyou, en p\u00e5lidelig sundhedsplatform. Shop nu for effektiv behandling af parasit\u00e6re infektioner. Praktisk og trov\u00e6rdig adgang.\" \/>\n<meta property=\"og:url\" content=\"https:\/\/www.transtoyou.com\/da\/product\/vermox\/\" \/>\n<meta property=\"og:site_name\" content=\"Transtoyou - DA\" \/>\n<meta property=\"article:modified_time\" content=\"2026-03-07T14:05:02+00:00\" \/>\n<meta name=\"twitter:card\" content=\"summary_large_image\" \/>\n<meta name=\"twitter:label1\" content=\"Estimeret l\u00e6setid\" \/>\n\t<meta name=\"twitter:data1\" content=\"1 minut\" \/>\n<script type=\"application\/ld+json\" class=\"yoast-schema-graph\">{\"@context\":\"https:\/\/schema.org\",\"@graph\":[{\"@type\":\"WebPage\",\"@id\":\"https:\/\/www.transtoyou.com\/da\/product\/vermox\/\",\"url\":\"https:\/\/www.transtoyou.com\/da\/product\/vermox\/\",\"name\":\"Vermox | Effektiv Parasitter Behandling - Transtoyou\",\"isPartOf\":{\"@id\":\"https:\/\/www.transtoyou.com\/da\/#website\"},\"primaryImageOfPage\":{\"@id\":\"https:\/\/www.transtoyou.com\/da\/product\/vermox\/#primaryimage\"},\"image\":{\"@id\":\"https:\/\/www.transtoyou.com\/da\/product\/vermox\/#primaryimage\"},\"thumbnailUrl\":\"https:\/\/www.transtoyou.com\/da\/wp-content\/uploads\/sites\/6\/2026\/01\/tty-no-product-image-5.webp\",\"datePublished\":\"2026-01-22T13:34:36+00:00\",\"dateModified\":\"2026-03-07T14:05:02+00:00\",\"description\":\"Vermox tilg\u00e6ngelig p\u00e5 Transtoyou, en p\u00e5lidelig sundhedsplatform. Shop nu for effektiv behandling af parasit\u00e6re infektioner. Praktisk og trov\u00e6rdig adgang.\",\"breadcrumb\":{\"@id\":\"https:\/\/www.transtoyou.com\/da\/product\/vermox\/#breadcrumb\"},\"inLanguage\":\"da-DK\",\"potentialAction\":[{\"@type\":\"ReadAction\",\"target\":[\"https:\/\/www.transtoyou.com\/da\/product\/vermox\/\"]}]},{\"@type\":\"ImageObject\",\"inLanguage\":\"da-DK\",\"@id\":\"https:\/\/www.transtoyou.com\/da\/product\/vermox\/#primaryimage\",\"url\":\"https:\/\/www.transtoyou.com\/da\/wp-content\/uploads\/sites\/6\/2026\/01\/tty-no-product-image-5.webp\",\"contentUrl\":\"https:\/\/www.transtoyou.com\/da\/wp-content\/uploads\/sites\/6\/2026\/01\/tty-no-product-image-5.webp\",\"width\":1000,\"height\":1000,\"caption\":\"Standard produktbillede\"},{\"@type\":\"WebSite\",\"@id\":\"https:\/\/www.transtoyou.com\/da\/#website\",\"url\":\"https:\/\/www.transtoyou.com\/da\/\",\"name\":\"Transtoyou - DA\",\"description\":\"\",\"publisher\":{\"@id\":\"https:\/\/www.transtoyou.com\/da\/#organization\"},\"potentialAction\":[{\"@type\":\"SearchAction\",\"target\":{\"@type\":\"EntryPoint\",\"urlTemplate\":\"https:\/\/www.transtoyou.com\/da\/?s={search_term_string}\"},\"query-input\":{\"@type\":\"PropertyValueSpecification\",\"valueRequired\":true,\"valueName\":\"search_term_string\"}}],\"inLanguage\":\"da-DK\"},{\"@type\":\"Organization\",\"@id\":\"https:\/\/www.transtoyou.com\/da\/#organization\",\"name\":\"Transtoyou - DA\",\"url\":\"https:\/\/www.transtoyou.com\/da\/\",\"logo\":{\"@type\":\"ImageObject\",\"inLanguage\":\"da-DK\",\"@id\":\"https:\/\/www.transtoyou.com\/da\/#\/schema\/logo\/image\/\",\"url\":\"https:\/\/www.transtoyou.com\/da\/wp-content\/uploads\/sites\/6\/2026\/01\/logo-tty-menu-bar-300x87-1.webp\",\"contentUrl\":\"https:\/\/www.transtoyou.com\/da\/wp-content\/uploads\/sites\/6\/2026\/01\/logo-tty-menu-bar-300x87-1.webp\",\"width\":300,\"height\":87,\"caption\":\"Transtoyou - DA\"},\"image\":{\"@id\":\"https:\/\/www.transtoyou.com\/da\/#\/schema\/logo\/image\/\"}}]}<\/script>\n<!-- \/ Yoast SEO plugin. -->","yoast_head_json":{"title":"Vermox | Effektiv Parasitter Behandling - Transtoyou","description":"Vermox tilg\u00e6ngelig p\u00e5 Transtoyou, en p\u00e5lidelig sundhedsplatform. Shop nu for effektiv behandling af parasit\u00e6re infektioner. Praktisk og trov\u00e6rdig adgang.","robots":{"index":"noindex","follow":"follow","max-snippet":"max-snippet:-1","max-image-preview":"max-image-preview:large","max-video-preview":"max-video-preview:-1"},"og_locale":"da_DK","og_type":"article","og_title":"Vermox | Effektiv Parasitter Behandling - Transtoyou","og_description":"Vermox tilg\u00e6ngelig p\u00e5 Transtoyou, en p\u00e5lidelig sundhedsplatform. Shop nu for effektiv behandling af parasit\u00e6re infektioner. Praktisk og trov\u00e6rdig adgang.","og_url":"https:\/\/www.transtoyou.com\/da\/product\/vermox\/","og_site_name":"Transtoyou - DA","article_modified_time":"2026-03-07T14:05:02+00:00","twitter_card":"summary_large_image","twitter_misc":{"Estimeret l\u00e6setid":"1 minut"},"schema":{"@context":"https:\/\/schema.org","@graph":[{"@type":"WebPage","@id":"https:\/\/www.transtoyou.com\/da\/product\/vermox\/","url":"https:\/\/www.transtoyou.com\/da\/product\/vermox\/","name":"Vermox | Effektiv Parasitter Behandling - Transtoyou","isPartOf":{"@id":"https:\/\/www.transtoyou.com\/da\/#website"},"primaryImageOfPage":{"@id":"https:\/\/www.transtoyou.com\/da\/product\/vermox\/#primaryimage"},"image":{"@id":"https:\/\/www.transtoyou.com\/da\/product\/vermox\/#primaryimage"},"thumbnailUrl":"https:\/\/www.transtoyou.com\/da\/wp-content\/uploads\/sites\/6\/2026\/01\/tty-no-product-image-5.webp","datePublished":"2026-01-22T13:34:36+00:00","dateModified":"2026-03-07T14:05:02+00:00","description":"Vermox tilg\u00e6ngelig p\u00e5 Transtoyou, en p\u00e5lidelig sundhedsplatform. Shop nu for effektiv behandling af parasit\u00e6re infektioner. Praktisk og trov\u00e6rdig adgang.","breadcrumb":{"@id":"https:\/\/www.transtoyou.com\/da\/product\/vermox\/#breadcrumb"},"inLanguage":"da-DK","potentialAction":[{"@type":"ReadAction","target":["https:\/\/www.transtoyou.com\/da\/product\/vermox\/"]}]},{"@type":"ImageObject","inLanguage":"da-DK","@id":"https:\/\/www.transtoyou.com\/da\/product\/vermox\/#primaryimage","url":"https:\/\/www.transtoyou.com\/da\/wp-content\/uploads\/sites\/6\/2026\/01\/tty-no-product-image-5.webp","contentUrl":"https:\/\/www.transtoyou.com\/da\/wp-content\/uploads\/sites\/6\/2026\/01\/tty-no-product-image-5.webp","width":1000,"height":1000,"caption":"Standard produktbillede"},{"@type":"WebSite","@id":"https:\/\/www.transtoyou.com\/da\/#website","url":"https:\/\/www.transtoyou.com\/da\/","name":"Transtoyou - DA","description":"","publisher":{"@id":"https:\/\/www.transtoyou.com\/da\/#organization"},"potentialAction":[{"@type":"SearchAction","target":{"@type":"EntryPoint","urlTemplate":"https:\/\/www.transtoyou.com\/da\/?s={search_term_string}"},"query-input":{"@type":"PropertyValueSpecification","valueRequired":true,"valueName":"search_term_string"}}],"inLanguage":"da-DK"},{"@type":"Organization","@id":"https:\/\/www.transtoyou.com\/da\/#organization","name":"Transtoyou - DA","url":"https:\/\/www.transtoyou.com\/da\/","logo":{"@type":"ImageObject","inLanguage":"da-DK","@id":"https:\/\/www.transtoyou.com\/da\/#\/schema\/logo\/image\/","url":"https:\/\/www.transtoyou.com\/da\/wp-content\/uploads\/sites\/6\/2026\/01\/logo-tty-menu-bar-300x87-1.webp","contentUrl":"https:\/\/www.transtoyou.com\/da\/wp-content\/uploads\/sites\/6\/2026\/01\/logo-tty-menu-bar-300x87-1.webp","width":300,"height":87,"caption":"Transtoyou - DA"},"image":{"@id":"https:\/\/www.transtoyou.com\/da\/#\/schema\/logo\/image\/"}}]}},"_links":{"self":[{"href":"https:\/\/www.transtoyou.com\/da\/wp-json\/wp\/v2\/product\/783","targetHints":{"allow":["GET"]}}],"collection":[{"href":"https:\/\/www.transtoyou.com\/da\/wp-json\/wp\/v2\/product"}],"about":[{"href":"https:\/\/www.transtoyou.com\/da\/wp-json\/wp\/v2\/types\/product"}],"replies":[{"embeddable":true,"href":"https:\/\/www.transtoyou.com\/da\/wp-json\/wp\/v2\/comments?post=783"}],"wp:featuredmedia":[{"embeddable":true,"href":"https:\/\/www.transtoyou.com\/da\/wp-json\/wp\/v2\/media\/785"}],"wp:attachment":[{"href":"https:\/\/www.transtoyou.com\/da\/wp-json\/wp\/v2\/media?parent=783"}],"wp:term":[{"taxonomy":"product_brand","embeddable":true,"href":"https:\/\/www.transtoyou.com\/da\/wp-json\/wp\/v2\/product_brand?post=783"},{"taxonomy":"product_cat","embeddable":true,"href":"https:\/\/www.transtoyou.com\/da\/wp-json\/wp\/v2\/product_cat?post=783"},{"taxonomy":"product_tag","embeddable":true,"href":"https:\/\/www.transtoyou.com\/da\/wp-json\/wp\/v2\/product_tag?post=783"},{"taxonomy":"expert","embeddable":true,"href":"https:\/\/www.transtoyou.com\/da\/wp-json\/wp\/v2\/expert?post=783"}],"curies":[{"name":"wp","href":"https:\/\/api.w.org\/{rel}","templated":true}]}}