{"id":786,"date":"2026-01-22T15:50:10","date_gmt":"2026-01-22T13:50:10","guid":{"rendered":"https:\/\/www.transtoyou.com\/da\/product\/molevac\/"},"modified":"2026-02-28T12:26:29","modified_gmt":"2026-02-28T10:26:29","slug":"molevac","status":"publish","type":"product","link":"https:\/\/www.transtoyou.com\/da\/product\/molevac\/","title":{"rendered":"Molevac"},"content":{"rendered":"<p>Molevac er et l\u00e6gemiddel, der bruges til at behandle infektioner for\u00e5rsaget af tarmorm, is\u00e6r b\u00f8rneorm. Infektioner med b\u00f8rneorm er almindelige, is\u00e6r hos b\u00f8rn, og kan for\u00e5rsage symptomer som kl\u00f8e (uro) omkring anus, rastl\u00f8shed og mild maveubehag. Molevac indeholder den aktive ingrediens pyrvinium embonate, som virker ved at lamme ormene, s\u00e5 de kan blive udskilt naturligt gennem aff\u00f8ringen.<\/p>\n<p>Denne behandling gives normalt som en enkelt oral dosis, med en gentagen dosis anbefalet efter to uger for at forhindre reinfektion. Da b\u00f8rneorm spreder sig let gennem kontakt og forurenede overflader, anbefales det at behandle alle husstandsmedlemmer samtidig for at forhindre reinfektion.<\/p>\n<p>Molevac tolereres godt, med meget f\u00e5 bivirkninger. Nogle mennesker kan opleve milde gastrointestinal symptomer som kvalme eller kramper, men disse er generelt kortvarige. God hygiejne er afg\u00f8rende under og efter behandlingen for at undg\u00e5 yderligere transmission af ormene. Dette inkluderer regelm\u00e6ssig h\u00e5ndvask, reng\u00f8ring af senget\u00f8j og t\u00f8j samt klipning af negle.<\/p>\n","protected":false},"excerpt":{"rendered":"<ul>\n<li>Enkeltdosis behandling<\/li>\n<li>Retter sig mod b\u00f8rneorm<\/li>\n<li>Egnet til mange mennesker<\/li>\n<\/ul>\n","protected":false},"featured_media":787,"comment_status":"open","ping_status":"closed","template":"","meta":[],"product_brand":[],"product_cat":[180],"product_tag":[],"expert":[21],"class_list":{"0":"post-786","1":"product","2":"type-product","3":"status-publish","4":"has-post-thumbnail","6":"product_cat-orme","7":"expert-dr-m-sharoyko","9":"first","10":"outofstock","11":"shipping-taxable","12":"product-type-simple"},"yoast_head":"<!-- This site is optimized with the Yoast SEO plugin v27.0 - https:\/\/yoast.com\/product\/yoast-seo-wordpress\/ -->\n<title>Molevac | Effektiv Parasitter L\u00f8sning - Transtoyou<\/title>\n<meta name=\"description\" content=\"Opdag Molevac til effektiv parasitudryddelse hos Transtoyou. St\u00f8t din tarmhelse med vores dokumenterede formel. F\u00e5 din i dag!\" \/>\n<meta name=\"robots\" content=\"noindex, follow, max-snippet:-1, max-image-preview:large, max-video-preview:-1\" \/>\n<meta property=\"og:locale\" content=\"da_DK\" \/>\n<meta property=\"og:type\" content=\"article\" \/>\n<meta property=\"og:title\" content=\"Molevac | Effektiv Parasitter L\u00f8sning - Transtoyou\" \/>\n<meta property=\"og:description\" content=\"Opdag Molevac til effektiv parasitudryddelse hos Transtoyou. St\u00f8t din tarmhelse med vores dokumenterede formel. F\u00e5 din i dag!\" \/>\n<meta property=\"og:url\" content=\"https:\/\/www.transtoyou.com\/da\/product\/molevac\/\" \/>\n<meta property=\"og:site_name\" content=\"Transtoyou - DA\" \/>\n<meta property=\"article:modified_time\" content=\"2026-02-28T10:26:29+00:00\" \/>\n<meta name=\"twitter:card\" content=\"summary_large_image\" \/>\n<meta name=\"twitter:label1\" content=\"Estimeret l\u00e6setid\" \/>\n\t<meta name=\"twitter:data1\" content=\"1 minut\" \/>\n<script type=\"application\/ld+json\" class=\"yoast-schema-graph\">{\"@context\":\"https:\/\/schema.org\",\"@graph\":[{\"@type\":\"WebPage\",\"@id\":\"https:\/\/www.transtoyou.com\/da\/product\/molevac\/\",\"url\":\"https:\/\/www.transtoyou.com\/da\/product\/molevac\/\",\"name\":\"Molevac | Effektiv Parasitter L\u00f8sning - Transtoyou\",\"isPartOf\":{\"@id\":\"https:\/\/www.transtoyou.com\/da\/#website\"},\"primaryImageOfPage\":{\"@id\":\"https:\/\/www.transtoyou.com\/da\/product\/molevac\/#primaryimage\"},\"image\":{\"@id\":\"https:\/\/www.transtoyou.com\/da\/product\/molevac\/#primaryimage\"},\"thumbnailUrl\":\"https:\/\/www.transtoyou.com\/da\/wp-content\/uploads\/sites\/6\/2026\/01\/tty-no-product-image-6.webp\",\"datePublished\":\"2026-01-22T13:50:10+00:00\",\"dateModified\":\"2026-02-28T10:26:29+00:00\",\"description\":\"Opdag Molevac til effektiv parasitudryddelse hos Transtoyou. St\u00f8t din tarmhelse med vores dokumenterede formel. F\u00e5 din i dag!\",\"breadcrumb\":{\"@id\":\"https:\/\/www.transtoyou.com\/da\/product\/molevac\/#breadcrumb\"},\"inLanguage\":\"da-DK\",\"potentialAction\":[{\"@type\":\"ReadAction\",\"target\":[\"https:\/\/www.transtoyou.com\/da\/product\/molevac\/\"]}]},{\"@type\":\"ImageObject\",\"inLanguage\":\"da-DK\",\"@id\":\"https:\/\/www.transtoyou.com\/da\/product\/molevac\/#primaryimage\",\"url\":\"https:\/\/www.transtoyou.com\/da\/wp-content\/uploads\/sites\/6\/2026\/01\/tty-no-product-image-6.webp\",\"contentUrl\":\"https:\/\/www.transtoyou.com\/da\/wp-content\/uploads\/sites\/6\/2026\/01\/tty-no-product-image-6.webp\",\"width\":1000,\"height\":1000,\"caption\":\"Standard produktbillede\"},{\"@type\":\"WebSite\",\"@id\":\"https:\/\/www.transtoyou.com\/da\/#website\",\"url\":\"https:\/\/www.transtoyou.com\/da\/\",\"name\":\"Transtoyou - DA\",\"description\":\"\",\"publisher\":{\"@id\":\"https:\/\/www.transtoyou.com\/da\/#organization\"},\"potentialAction\":[{\"@type\":\"SearchAction\",\"target\":{\"@type\":\"EntryPoint\",\"urlTemplate\":\"https:\/\/www.transtoyou.com\/da\/?s={search_term_string}\"},\"query-input\":{\"@type\":\"PropertyValueSpecification\",\"valueRequired\":true,\"valueName\":\"search_term_string\"}}],\"inLanguage\":\"da-DK\"},{\"@type\":\"Organization\",\"@id\":\"https:\/\/www.transtoyou.com\/da\/#organization\",\"name\":\"Transtoyou - DA\",\"url\":\"https:\/\/www.transtoyou.com\/da\/\",\"logo\":{\"@type\":\"ImageObject\",\"inLanguage\":\"da-DK\",\"@id\":\"https:\/\/www.transtoyou.com\/da\/#\/schema\/logo\/image\/\",\"url\":\"https:\/\/www.transtoyou.com\/da\/wp-content\/uploads\/sites\/6\/2026\/01\/logo-tty-menu-bar-300x87-1.webp\",\"contentUrl\":\"https:\/\/www.transtoyou.com\/da\/wp-content\/uploads\/sites\/6\/2026\/01\/logo-tty-menu-bar-300x87-1.webp\",\"width\":300,\"height\":87,\"caption\":\"Transtoyou - DA\"},\"image\":{\"@id\":\"https:\/\/www.transtoyou.com\/da\/#\/schema\/logo\/image\/\"}}]}<\/script>\n<!-- \/ Yoast SEO plugin. -->","yoast_head_json":{"title":"Molevac | Effektiv Parasitter L\u00f8sning - Transtoyou","description":"Opdag Molevac til effektiv parasitudryddelse hos Transtoyou. St\u00f8t din tarmhelse med vores dokumenterede formel. F\u00e5 din i dag!","robots":{"index":"noindex","follow":"follow","max-snippet":"max-snippet:-1","max-image-preview":"max-image-preview:large","max-video-preview":"max-video-preview:-1"},"og_locale":"da_DK","og_type":"article","og_title":"Molevac | Effektiv Parasitter L\u00f8sning - Transtoyou","og_description":"Opdag Molevac til effektiv parasitudryddelse hos Transtoyou. St\u00f8t din tarmhelse med vores dokumenterede formel. F\u00e5 din i dag!","og_url":"https:\/\/www.transtoyou.com\/da\/product\/molevac\/","og_site_name":"Transtoyou - DA","article_modified_time":"2026-02-28T10:26:29+00:00","twitter_card":"summary_large_image","twitter_misc":{"Estimeret l\u00e6setid":"1 minut"},"schema":{"@context":"https:\/\/schema.org","@graph":[{"@type":"WebPage","@id":"https:\/\/www.transtoyou.com\/da\/product\/molevac\/","url":"https:\/\/www.transtoyou.com\/da\/product\/molevac\/","name":"Molevac | Effektiv Parasitter L\u00f8sning - Transtoyou","isPartOf":{"@id":"https:\/\/www.transtoyou.com\/da\/#website"},"primaryImageOfPage":{"@id":"https:\/\/www.transtoyou.com\/da\/product\/molevac\/#primaryimage"},"image":{"@id":"https:\/\/www.transtoyou.com\/da\/product\/molevac\/#primaryimage"},"thumbnailUrl":"https:\/\/www.transtoyou.com\/da\/wp-content\/uploads\/sites\/6\/2026\/01\/tty-no-product-image-6.webp","datePublished":"2026-01-22T13:50:10+00:00","dateModified":"2026-02-28T10:26:29+00:00","description":"Opdag Molevac til effektiv parasitudryddelse hos Transtoyou. St\u00f8t din tarmhelse med vores dokumenterede formel. F\u00e5 din i dag!","breadcrumb":{"@id":"https:\/\/www.transtoyou.com\/da\/product\/molevac\/#breadcrumb"},"inLanguage":"da-DK","potentialAction":[{"@type":"ReadAction","target":["https:\/\/www.transtoyou.com\/da\/product\/molevac\/"]}]},{"@type":"ImageObject","inLanguage":"da-DK","@id":"https:\/\/www.transtoyou.com\/da\/product\/molevac\/#primaryimage","url":"https:\/\/www.transtoyou.com\/da\/wp-content\/uploads\/sites\/6\/2026\/01\/tty-no-product-image-6.webp","contentUrl":"https:\/\/www.transtoyou.com\/da\/wp-content\/uploads\/sites\/6\/2026\/01\/tty-no-product-image-6.webp","width":1000,"height":1000,"caption":"Standard produktbillede"},{"@type":"WebSite","@id":"https:\/\/www.transtoyou.com\/da\/#website","url":"https:\/\/www.transtoyou.com\/da\/","name":"Transtoyou - DA","description":"","publisher":{"@id":"https:\/\/www.transtoyou.com\/da\/#organization"},"potentialAction":[{"@type":"SearchAction","target":{"@type":"EntryPoint","urlTemplate":"https:\/\/www.transtoyou.com\/da\/?s={search_term_string}"},"query-input":{"@type":"PropertyValueSpecification","valueRequired":true,"valueName":"search_term_string"}}],"inLanguage":"da-DK"},{"@type":"Organization","@id":"https:\/\/www.transtoyou.com\/da\/#organization","name":"Transtoyou - DA","url":"https:\/\/www.transtoyou.com\/da\/","logo":{"@type":"ImageObject","inLanguage":"da-DK","@id":"https:\/\/www.transtoyou.com\/da\/#\/schema\/logo\/image\/","url":"https:\/\/www.transtoyou.com\/da\/wp-content\/uploads\/sites\/6\/2026\/01\/logo-tty-menu-bar-300x87-1.webp","contentUrl":"https:\/\/www.transtoyou.com\/da\/wp-content\/uploads\/sites\/6\/2026\/01\/logo-tty-menu-bar-300x87-1.webp","width":300,"height":87,"caption":"Transtoyou - DA"},"image":{"@id":"https:\/\/www.transtoyou.com\/da\/#\/schema\/logo\/image\/"}}]}},"_links":{"self":[{"href":"https:\/\/www.transtoyou.com\/da\/wp-json\/wp\/v2\/product\/786","targetHints":{"allow":["GET"]}}],"collection":[{"href":"https:\/\/www.transtoyou.com\/da\/wp-json\/wp\/v2\/product"}],"about":[{"href":"https:\/\/www.transtoyou.com\/da\/wp-json\/wp\/v2\/types\/product"}],"replies":[{"embeddable":true,"href":"https:\/\/www.transtoyou.com\/da\/wp-json\/wp\/v2\/comments?post=786"}],"wp:featuredmedia":[{"embeddable":true,"href":"https:\/\/www.transtoyou.com\/da\/wp-json\/wp\/v2\/media\/787"}],"wp:attachment":[{"href":"https:\/\/www.transtoyou.com\/da\/wp-json\/wp\/v2\/media?parent=786"}],"wp:term":[{"taxonomy":"product_brand","embeddable":true,"href":"https:\/\/www.transtoyou.com\/da\/wp-json\/wp\/v2\/product_brand?post=786"},{"taxonomy":"product_cat","embeddable":true,"href":"https:\/\/www.transtoyou.com\/da\/wp-json\/wp\/v2\/product_cat?post=786"},{"taxonomy":"product_tag","embeddable":true,"href":"https:\/\/www.transtoyou.com\/da\/wp-json\/wp\/v2\/product_tag?post=786"},{"taxonomy":"expert","embeddable":true,"href":"https:\/\/www.transtoyou.com\/da\/wp-json\/wp\/v2\/expert?post=786"}],"curies":[{"name":"wp","href":"https:\/\/api.w.org\/{rel}","templated":true}]}}