{"id":791,"date":"2026-01-22T16:24:01","date_gmt":"2026-01-22T14:24:01","guid":{"rendered":"https:\/\/www.transtoyou.com\/da\/product\/wegovy\/"},"modified":"2026-03-08T12:39:54","modified_gmt":"2026-03-08T10:39:54","slug":"wegovy","status":"publish","type":"product","link":"https:\/\/www.transtoyou.com\/da\/product\/wegovy\/","title":{"rendered":"Wegovy"},"content":{"rendered":"<p>Wegovy er en receptpligtig medicin designet til at st\u00f8tte langvarig v\u00e6gtstyring hos voksne, der er overv\u00e6gtige eller fede. Den indeholder semaglutid, en forbindelse der efterligner et naturligt forekommende hormon i kroppen kendt som GLP-1, som spiller en n\u00f8glerolle i reguleringen af appetit og f\u00f8deindtag. Ved at m\u00e5lrette specifikke receptorer i hjernen hj\u00e6lper Wegovy med at reducere sult, \u00f8ge f\u00f8lelsen af m\u00e6thed og begr\u00e6nse det samlede kalorieindtag.<\/p>\n<p>Wegovy gives som en ugentlig injektion under huden ved hj\u00e6lp af en forfyldt pen. Den er beregnet til at blive brugt i kombination med en kalorie-reduceret kost og \u00f8get fysisk aktivitet. Personer, der bruger Wegovy, oplever typisk gradvist og vedvarende v\u00e6gttab over tid. Dette underst\u00f8tter ikke kun forbedret fysisk sundhed, men reducerer ogs\u00e5 risikoen for v\u00e6gtrelaterede tilstande som type 2-diabetes, forh\u00f8jet blodtryk og hjerte-kar-sygdomme.<\/p>\n<p>Medikamentet startes med en lav dosis og \u00f8ges gradvist over flere uger til den fulde vedligeholdelsesdosis. Denne tilgang hj\u00e6lper kroppen med at tilpasse sig og reducerer risikoen for bivirkninger som kvalme, opkastning eller gastrointestinal ubehag. Wegovy fungerer ikke som et stimulerende middel eller p\u00e5virker stofskiftet direkte, men fremmer i stedet sundere spisevaner ved at regulere appetitsignaler.<\/p>\n","protected":false},"excerpt":{"rendered":"<ul>\n<li>Ugentlig injektion<\/li>\n<li>Reducerer appetitten<\/li>\n<li>Langvarig v\u00e6gtst\u00f8tte<\/li>\n<\/ul>\n","protected":false},"featured_media":793,"comment_status":"open","ping_status":"closed","template":"","meta":[],"product_brand":[],"product_cat":[177],"product_tag":[],"expert":[16],"class_list":{"0":"post-791","1":"product","2":"type-product","3":"status-publish","4":"has-post-thumbnail","6":"product_cat-vaegttab","7":"expert-dr-c-alexandru","9":"first","10":"instock","11":"shipping-taxable","12":"product-type-variable"},"yoast_head":"<!-- This site is optimized with the Yoast SEO plugin v27.0 - https:\/\/yoast.com\/product\/yoast-seo-wordpress\/ -->\n<title>Wegovy | Effektiv V\u00e6gttabsbehandling - Transtoyou<\/title>\n<meta name=\"description\" content=\"Opdag Wegovy til effektiv v\u00e6gtstyring, tilg\u00e6ngelig hos Transtoyou. Shop nu for klinisk godkendte l\u00f8sninger til din sundhed.\" \/>\n<meta name=\"robots\" content=\"noindex, follow, max-snippet:-1, max-image-preview:large, max-video-preview:-1\" \/>\n<meta property=\"og:locale\" content=\"da_DK\" \/>\n<meta property=\"og:type\" content=\"article\" \/>\n<meta property=\"og:title\" content=\"Wegovy | Effektiv V\u00e6gttabsbehandling - Transtoyou\" \/>\n<meta property=\"og:description\" content=\"Opdag Wegovy til effektiv v\u00e6gtstyring, tilg\u00e6ngelig hos Transtoyou. Shop nu for klinisk godkendte l\u00f8sninger til din sundhed.\" \/>\n<meta property=\"og:url\" content=\"https:\/\/www.transtoyou.com\/da\/product\/wegovy\/\" \/>\n<meta property=\"og:site_name\" content=\"Transtoyou - DA\" \/>\n<meta property=\"article:modified_time\" content=\"2026-03-08T10:39:54+00:00\" \/>\n<meta name=\"twitter:card\" content=\"summary_large_image\" \/>\n<meta name=\"twitter:label1\" content=\"Estimeret l\u00e6setid\" \/>\n\t<meta name=\"twitter:data1\" content=\"1 minut\" \/>\n<script type=\"application\/ld+json\" class=\"yoast-schema-graph\">{\"@context\":\"https:\/\/schema.org\",\"@graph\":[{\"@type\":\"WebPage\",\"@id\":\"https:\/\/www.transtoyou.com\/da\/product\/wegovy\/\",\"url\":\"https:\/\/www.transtoyou.com\/da\/product\/wegovy\/\",\"name\":\"Wegovy | Effektiv V\u00e6gttabsbehandling - Transtoyou\",\"isPartOf\":{\"@id\":\"https:\/\/www.transtoyou.com\/da\/#website\"},\"primaryImageOfPage\":{\"@id\":\"https:\/\/www.transtoyou.com\/da\/product\/wegovy\/#primaryimage\"},\"image\":{\"@id\":\"https:\/\/www.transtoyou.com\/da\/product\/wegovy\/#primaryimage\"},\"thumbnailUrl\":\"https:\/\/www.transtoyou.com\/da\/wp-content\/uploads\/sites\/6\/2026\/01\/wegovy-transtoyou-overview.png\",\"datePublished\":\"2026-01-22T14:24:01+00:00\",\"dateModified\":\"2026-03-08T10:39:54+00:00\",\"description\":\"Opdag Wegovy til effektiv v\u00e6gtstyring, tilg\u00e6ngelig hos Transtoyou. Shop nu for klinisk godkendte l\u00f8sninger til din sundhed.\",\"breadcrumb\":{\"@id\":\"https:\/\/www.transtoyou.com\/da\/product\/wegovy\/#breadcrumb\"},\"inLanguage\":\"da-DK\",\"potentialAction\":[{\"@type\":\"ReadAction\",\"target\":[\"https:\/\/www.transtoyou.com\/da\/product\/wegovy\/\"]}]},{\"@type\":\"ImageObject\",\"inLanguage\":\"da-DK\",\"@id\":\"https:\/\/www.transtoyou.com\/da\/product\/wegovy\/#primaryimage\",\"url\":\"https:\/\/www.transtoyou.com\/da\/wp-content\/uploads\/sites\/6\/2026\/01\/wegovy-transtoyou-overview.png\",\"contentUrl\":\"https:\/\/www.transtoyou.com\/da\/wp-content\/uploads\/sites\/6\/2026\/01\/wegovy-transtoyou-overview.png\",\"width\":1080,\"height\":1080,\"caption\":\"Wegovy Prik Pen - Transtoyou\"},{\"@type\":\"WebSite\",\"@id\":\"https:\/\/www.transtoyou.com\/da\/#website\",\"url\":\"https:\/\/www.transtoyou.com\/da\/\",\"name\":\"Transtoyou - DA\",\"description\":\"\",\"publisher\":{\"@id\":\"https:\/\/www.transtoyou.com\/da\/#organization\"},\"potentialAction\":[{\"@type\":\"SearchAction\",\"target\":{\"@type\":\"EntryPoint\",\"urlTemplate\":\"https:\/\/www.transtoyou.com\/da\/?s={search_term_string}\"},\"query-input\":{\"@type\":\"PropertyValueSpecification\",\"valueRequired\":true,\"valueName\":\"search_term_string\"}}],\"inLanguage\":\"da-DK\"},{\"@type\":\"Organization\",\"@id\":\"https:\/\/www.transtoyou.com\/da\/#organization\",\"name\":\"Transtoyou - DA\",\"url\":\"https:\/\/www.transtoyou.com\/da\/\",\"logo\":{\"@type\":\"ImageObject\",\"inLanguage\":\"da-DK\",\"@id\":\"https:\/\/www.transtoyou.com\/da\/#\/schema\/logo\/image\/\",\"url\":\"https:\/\/www.transtoyou.com\/da\/wp-content\/uploads\/sites\/6\/2026\/01\/logo-tty-menu-bar-300x87-1.webp\",\"contentUrl\":\"https:\/\/www.transtoyou.com\/da\/wp-content\/uploads\/sites\/6\/2026\/01\/logo-tty-menu-bar-300x87-1.webp\",\"width\":300,\"height\":87,\"caption\":\"Transtoyou - DA\"},\"image\":{\"@id\":\"https:\/\/www.transtoyou.com\/da\/#\/schema\/logo\/image\/\"}}]}<\/script>\n<!-- \/ Yoast SEO plugin. -->","yoast_head_json":{"title":"Wegovy | Effektiv V\u00e6gttabsbehandling - Transtoyou","description":"Opdag Wegovy til effektiv v\u00e6gtstyring, tilg\u00e6ngelig hos Transtoyou. Shop nu for klinisk godkendte l\u00f8sninger til din sundhed.","robots":{"index":"noindex","follow":"follow","max-snippet":"max-snippet:-1","max-image-preview":"max-image-preview:large","max-video-preview":"max-video-preview:-1"},"og_locale":"da_DK","og_type":"article","og_title":"Wegovy | Effektiv V\u00e6gttabsbehandling - Transtoyou","og_description":"Opdag Wegovy til effektiv v\u00e6gtstyring, tilg\u00e6ngelig hos Transtoyou. Shop nu for klinisk godkendte l\u00f8sninger til din sundhed.","og_url":"https:\/\/www.transtoyou.com\/da\/product\/wegovy\/","og_site_name":"Transtoyou - DA","article_modified_time":"2026-03-08T10:39:54+00:00","twitter_card":"summary_large_image","twitter_misc":{"Estimeret l\u00e6setid":"1 minut"},"schema":{"@context":"https:\/\/schema.org","@graph":[{"@type":"WebPage","@id":"https:\/\/www.transtoyou.com\/da\/product\/wegovy\/","url":"https:\/\/www.transtoyou.com\/da\/product\/wegovy\/","name":"Wegovy | Effektiv V\u00e6gttabsbehandling - Transtoyou","isPartOf":{"@id":"https:\/\/www.transtoyou.com\/da\/#website"},"primaryImageOfPage":{"@id":"https:\/\/www.transtoyou.com\/da\/product\/wegovy\/#primaryimage"},"image":{"@id":"https:\/\/www.transtoyou.com\/da\/product\/wegovy\/#primaryimage"},"thumbnailUrl":"https:\/\/www.transtoyou.com\/da\/wp-content\/uploads\/sites\/6\/2026\/01\/wegovy-transtoyou-overview.png","datePublished":"2026-01-22T14:24:01+00:00","dateModified":"2026-03-08T10:39:54+00:00","description":"Opdag Wegovy til effektiv v\u00e6gtstyring, tilg\u00e6ngelig hos Transtoyou. Shop nu for klinisk godkendte l\u00f8sninger til din sundhed.","breadcrumb":{"@id":"https:\/\/www.transtoyou.com\/da\/product\/wegovy\/#breadcrumb"},"inLanguage":"da-DK","potentialAction":[{"@type":"ReadAction","target":["https:\/\/www.transtoyou.com\/da\/product\/wegovy\/"]}]},{"@type":"ImageObject","inLanguage":"da-DK","@id":"https:\/\/www.transtoyou.com\/da\/product\/wegovy\/#primaryimage","url":"https:\/\/www.transtoyou.com\/da\/wp-content\/uploads\/sites\/6\/2026\/01\/wegovy-transtoyou-overview.png","contentUrl":"https:\/\/www.transtoyou.com\/da\/wp-content\/uploads\/sites\/6\/2026\/01\/wegovy-transtoyou-overview.png","width":1080,"height":1080,"caption":"Wegovy Prik Pen - Transtoyou"},{"@type":"WebSite","@id":"https:\/\/www.transtoyou.com\/da\/#website","url":"https:\/\/www.transtoyou.com\/da\/","name":"Transtoyou - DA","description":"","publisher":{"@id":"https:\/\/www.transtoyou.com\/da\/#organization"},"potentialAction":[{"@type":"SearchAction","target":{"@type":"EntryPoint","urlTemplate":"https:\/\/www.transtoyou.com\/da\/?s={search_term_string}"},"query-input":{"@type":"PropertyValueSpecification","valueRequired":true,"valueName":"search_term_string"}}],"inLanguage":"da-DK"},{"@type":"Organization","@id":"https:\/\/www.transtoyou.com\/da\/#organization","name":"Transtoyou - DA","url":"https:\/\/www.transtoyou.com\/da\/","logo":{"@type":"ImageObject","inLanguage":"da-DK","@id":"https:\/\/www.transtoyou.com\/da\/#\/schema\/logo\/image\/","url":"https:\/\/www.transtoyou.com\/da\/wp-content\/uploads\/sites\/6\/2026\/01\/logo-tty-menu-bar-300x87-1.webp","contentUrl":"https:\/\/www.transtoyou.com\/da\/wp-content\/uploads\/sites\/6\/2026\/01\/logo-tty-menu-bar-300x87-1.webp","width":300,"height":87,"caption":"Transtoyou - DA"},"image":{"@id":"https:\/\/www.transtoyou.com\/da\/#\/schema\/logo\/image\/"}}]}},"_links":{"self":[{"href":"https:\/\/www.transtoyou.com\/da\/wp-json\/wp\/v2\/product\/791","targetHints":{"allow":["GET"]}}],"collection":[{"href":"https:\/\/www.transtoyou.com\/da\/wp-json\/wp\/v2\/product"}],"about":[{"href":"https:\/\/www.transtoyou.com\/da\/wp-json\/wp\/v2\/types\/product"}],"replies":[{"embeddable":true,"href":"https:\/\/www.transtoyou.com\/da\/wp-json\/wp\/v2\/comments?post=791"}],"wp:featuredmedia":[{"embeddable":true,"href":"https:\/\/www.transtoyou.com\/da\/wp-json\/wp\/v2\/media\/793"}],"wp:attachment":[{"href":"https:\/\/www.transtoyou.com\/da\/wp-json\/wp\/v2\/media?parent=791"}],"wp:term":[{"taxonomy":"product_brand","embeddable":true,"href":"https:\/\/www.transtoyou.com\/da\/wp-json\/wp\/v2\/product_brand?post=791"},{"taxonomy":"product_cat","embeddable":true,"href":"https:\/\/www.transtoyou.com\/da\/wp-json\/wp\/v2\/product_cat?post=791"},{"taxonomy":"product_tag","embeddable":true,"href":"https:\/\/www.transtoyou.com\/da\/wp-json\/wp\/v2\/product_tag?post=791"},{"taxonomy":"expert","embeddable":true,"href":"https:\/\/www.transtoyou.com\/da\/wp-json\/wp\/v2\/expert?post=791"}],"curies":[{"name":"wp","href":"https:\/\/api.w.org\/{rel}","templated":true}]}}