{"id":794,"date":"2026-01-22T16:41:28","date_gmt":"2026-01-22T14:41:28","guid":{"rendered":"https:\/\/www.transtoyou.com\/da\/product\/saxenda\/"},"modified":"2026-03-05T11:35:29","modified_gmt":"2026-03-05T09:35:29","slug":"saxenda","status":"publish","type":"product","link":"https:\/\/www.transtoyou.com\/da\/product\/saxenda\/","title":{"rendered":"Saxenda"},"content":{"rendered":"<p>Saxenda er en injicerbar receptpligtig medicin, der er udviklet til at hj\u00e6lpe med v\u00e6gttab hos voksne, der er overv\u00e6gtige eller fede. Den indeholder liraglutid, en forbindelse der efterligner et naturligt hormon i kroppen kendt som GLP-1. Dette hormon spiller en rolle i reguleringen af appetit, blodsukker og ford\u00f8jelse. Saxenda virker ved at interagere med receptorer i hjernen for at hj\u00e6lpe dig med at f\u00f8le dig m\u00e6t tidligere og reducere sult mellem m\u00e5ltiderne.<\/p>\n<p>I mods\u00e6tning til mange traditionelle v\u00e6gttabspiller gives Saxenda via en daglig injektion under huden ved hj\u00e6lp af en forfyldt pen. Det er mest effektivt, n\u00e5r det bruges sammen med en kalorie-reduceret di\u00e6t og \u00f8get fysisk aktivitet. Folk, der bruger Saxenda, oplever ofte gradvist, stabilt v\u00e6gttab over tid, hvilket kan f\u00f8re til forbedringer i andre sundhedstilstande som type 2-diabetes, forh\u00f8jet blodtryk eller forh\u00f8jet kolesterol.<\/p>\n<p>Saxenda startes normalt med en lav dosis for at lade kroppen tilpasse sig, med gradvise stigninger over flere uger. Denne trinvise tilgang hj\u00e6lper med at minimere almindelige bivirkninger som kvalme eller maveubehag. Selvom medicinen p\u00e5virker appetit og m\u00e6thed, fremskynder den ikke stofskiftet eller fungerer som et stimulerende middel.<\/p>\n","protected":false},"excerpt":{"rendered":"<ul>\n<li>St\u00f8tte til appetitregulering<\/li>\n<li>Daglig injektion<\/li>\n<li>Fremmer gradvist v\u00e6gttab<\/li>\n<\/ul>\n","protected":false},"featured_media":796,"comment_status":"open","ping_status":"closed","template":"","meta":[],"product_brand":[],"product_cat":[177],"product_tag":[],"expert":[16],"class_list":{"0":"post-794","1":"product","2":"type-product","3":"status-publish","4":"has-post-thumbnail","6":"product_cat-vaegttab","7":"expert-dr-c-alexandru","9":"first","10":"instock","11":"shipping-taxable","12":"product-type-variable"},"yoast_head":"<!-- This site is optimized with the Yoast SEO plugin v27.0 - https:\/\/yoast.com\/product\/yoast-seo-wordpress\/ -->\n<title>Saxenda | Effektiv V\u00e6gttabsl\u00f8sning - Transtoyou<\/title>\n<meta name=\"description\" content=\"Opdag Saxenda, tilg\u00e6ngelig hos Transtoyou, til effektiv v\u00e6gtkontrol. Klinisk gennemg\u00e5et, p\u00e5lidelig og bekvem. Shop nu for dit helbred.\" \/>\n<meta name=\"robots\" content=\"noindex, follow, max-snippet:-1, max-image-preview:large, max-video-preview:-1\" \/>\n<meta property=\"og:locale\" content=\"da_DK\" \/>\n<meta property=\"og:type\" content=\"article\" \/>\n<meta property=\"og:title\" content=\"Saxenda | Effektiv V\u00e6gttabsl\u00f8sning - Transtoyou\" \/>\n<meta property=\"og:description\" content=\"Opdag Saxenda, tilg\u00e6ngelig hos Transtoyou, til effektiv v\u00e6gtkontrol. Klinisk gennemg\u00e5et, p\u00e5lidelig og bekvem. Shop nu for dit helbred.\" \/>\n<meta property=\"og:url\" content=\"https:\/\/www.transtoyou.com\/da\/product\/saxenda\/\" \/>\n<meta property=\"og:site_name\" content=\"Transtoyou - DA\" \/>\n<meta property=\"article:modified_time\" content=\"2026-03-05T09:35:29+00:00\" \/>\n<meta name=\"twitter:card\" content=\"summary_large_image\" \/>\n<meta name=\"twitter:label1\" content=\"Estimeret l\u00e6setid\" \/>\n\t<meta name=\"twitter:data1\" content=\"1 minut\" \/>\n<script type=\"application\/ld+json\" class=\"yoast-schema-graph\">{\"@context\":\"https:\/\/schema.org\",\"@graph\":[{\"@type\":\"WebPage\",\"@id\":\"https:\/\/www.transtoyou.com\/da\/product\/saxenda\/\",\"url\":\"https:\/\/www.transtoyou.com\/da\/product\/saxenda\/\",\"name\":\"Saxenda | Effektiv V\u00e6gttabsl\u00f8sning - Transtoyou\",\"isPartOf\":{\"@id\":\"https:\/\/www.transtoyou.com\/da\/#website\"},\"primaryImageOfPage\":{\"@id\":\"https:\/\/www.transtoyou.com\/da\/product\/saxenda\/#primaryimage\"},\"image\":{\"@id\":\"https:\/\/www.transtoyou.com\/da\/product\/saxenda\/#primaryimage\"},\"thumbnailUrl\":\"https:\/\/www.transtoyou.com\/da\/wp-content\/uploads\/sites\/6\/2026\/01\/tty-no-product-image-8.webp\",\"datePublished\":\"2026-01-22T14:41:28+00:00\",\"dateModified\":\"2026-03-05T09:35:29+00:00\",\"description\":\"Opdag Saxenda, tilg\u00e6ngelig hos Transtoyou, til effektiv v\u00e6gtkontrol. Klinisk gennemg\u00e5et, p\u00e5lidelig og bekvem. Shop nu for dit helbred.\",\"breadcrumb\":{\"@id\":\"https:\/\/www.transtoyou.com\/da\/product\/saxenda\/#breadcrumb\"},\"inLanguage\":\"da-DK\",\"potentialAction\":[{\"@type\":\"ReadAction\",\"target\":[\"https:\/\/www.transtoyou.com\/da\/product\/saxenda\/\"]}]},{\"@type\":\"ImageObject\",\"inLanguage\":\"da-DK\",\"@id\":\"https:\/\/www.transtoyou.com\/da\/product\/saxenda\/#primaryimage\",\"url\":\"https:\/\/www.transtoyou.com\/da\/wp-content\/uploads\/sites\/6\/2026\/01\/tty-no-product-image-8.webp\",\"contentUrl\":\"https:\/\/www.transtoyou.com\/da\/wp-content\/uploads\/sites\/6\/2026\/01\/tty-no-product-image-8.webp\",\"width\":1000,\"height\":1000,\"caption\":\"Standard produktbillede\"},{\"@type\":\"WebSite\",\"@id\":\"https:\/\/www.transtoyou.com\/da\/#website\",\"url\":\"https:\/\/www.transtoyou.com\/da\/\",\"name\":\"Transtoyou - DA\",\"description\":\"\",\"publisher\":{\"@id\":\"https:\/\/www.transtoyou.com\/da\/#organization\"},\"potentialAction\":[{\"@type\":\"SearchAction\",\"target\":{\"@type\":\"EntryPoint\",\"urlTemplate\":\"https:\/\/www.transtoyou.com\/da\/?s={search_term_string}\"},\"query-input\":{\"@type\":\"PropertyValueSpecification\",\"valueRequired\":true,\"valueName\":\"search_term_string\"}}],\"inLanguage\":\"da-DK\"},{\"@type\":\"Organization\",\"@id\":\"https:\/\/www.transtoyou.com\/da\/#organization\",\"name\":\"Transtoyou - DA\",\"url\":\"https:\/\/www.transtoyou.com\/da\/\",\"logo\":{\"@type\":\"ImageObject\",\"inLanguage\":\"da-DK\",\"@id\":\"https:\/\/www.transtoyou.com\/da\/#\/schema\/logo\/image\/\",\"url\":\"https:\/\/www.transtoyou.com\/da\/wp-content\/uploads\/sites\/6\/2026\/01\/logo-tty-menu-bar-300x87-1.webp\",\"contentUrl\":\"https:\/\/www.transtoyou.com\/da\/wp-content\/uploads\/sites\/6\/2026\/01\/logo-tty-menu-bar-300x87-1.webp\",\"width\":300,\"height\":87,\"caption\":\"Transtoyou - DA\"},\"image\":{\"@id\":\"https:\/\/www.transtoyou.com\/da\/#\/schema\/logo\/image\/\"}}]}<\/script>\n<!-- \/ Yoast SEO plugin. -->","yoast_head_json":{"title":"Saxenda | Effektiv V\u00e6gttabsl\u00f8sning - Transtoyou","description":"Opdag Saxenda, tilg\u00e6ngelig hos Transtoyou, til effektiv v\u00e6gtkontrol. Klinisk gennemg\u00e5et, p\u00e5lidelig og bekvem. Shop nu for dit helbred.","robots":{"index":"noindex","follow":"follow","max-snippet":"max-snippet:-1","max-image-preview":"max-image-preview:large","max-video-preview":"max-video-preview:-1"},"og_locale":"da_DK","og_type":"article","og_title":"Saxenda | Effektiv V\u00e6gttabsl\u00f8sning - Transtoyou","og_description":"Opdag Saxenda, tilg\u00e6ngelig hos Transtoyou, til effektiv v\u00e6gtkontrol. Klinisk gennemg\u00e5et, p\u00e5lidelig og bekvem. Shop nu for dit helbred.","og_url":"https:\/\/www.transtoyou.com\/da\/product\/saxenda\/","og_site_name":"Transtoyou - DA","article_modified_time":"2026-03-05T09:35:29+00:00","twitter_card":"summary_large_image","twitter_misc":{"Estimeret l\u00e6setid":"1 minut"},"schema":{"@context":"https:\/\/schema.org","@graph":[{"@type":"WebPage","@id":"https:\/\/www.transtoyou.com\/da\/product\/saxenda\/","url":"https:\/\/www.transtoyou.com\/da\/product\/saxenda\/","name":"Saxenda | Effektiv V\u00e6gttabsl\u00f8sning - Transtoyou","isPartOf":{"@id":"https:\/\/www.transtoyou.com\/da\/#website"},"primaryImageOfPage":{"@id":"https:\/\/www.transtoyou.com\/da\/product\/saxenda\/#primaryimage"},"image":{"@id":"https:\/\/www.transtoyou.com\/da\/product\/saxenda\/#primaryimage"},"thumbnailUrl":"https:\/\/www.transtoyou.com\/da\/wp-content\/uploads\/sites\/6\/2026\/01\/tty-no-product-image-8.webp","datePublished":"2026-01-22T14:41:28+00:00","dateModified":"2026-03-05T09:35:29+00:00","description":"Opdag Saxenda, tilg\u00e6ngelig hos Transtoyou, til effektiv v\u00e6gtkontrol. Klinisk gennemg\u00e5et, p\u00e5lidelig og bekvem. Shop nu for dit helbred.","breadcrumb":{"@id":"https:\/\/www.transtoyou.com\/da\/product\/saxenda\/#breadcrumb"},"inLanguage":"da-DK","potentialAction":[{"@type":"ReadAction","target":["https:\/\/www.transtoyou.com\/da\/product\/saxenda\/"]}]},{"@type":"ImageObject","inLanguage":"da-DK","@id":"https:\/\/www.transtoyou.com\/da\/product\/saxenda\/#primaryimage","url":"https:\/\/www.transtoyou.com\/da\/wp-content\/uploads\/sites\/6\/2026\/01\/tty-no-product-image-8.webp","contentUrl":"https:\/\/www.transtoyou.com\/da\/wp-content\/uploads\/sites\/6\/2026\/01\/tty-no-product-image-8.webp","width":1000,"height":1000,"caption":"Standard produktbillede"},{"@type":"WebSite","@id":"https:\/\/www.transtoyou.com\/da\/#website","url":"https:\/\/www.transtoyou.com\/da\/","name":"Transtoyou - DA","description":"","publisher":{"@id":"https:\/\/www.transtoyou.com\/da\/#organization"},"potentialAction":[{"@type":"SearchAction","target":{"@type":"EntryPoint","urlTemplate":"https:\/\/www.transtoyou.com\/da\/?s={search_term_string}"},"query-input":{"@type":"PropertyValueSpecification","valueRequired":true,"valueName":"search_term_string"}}],"inLanguage":"da-DK"},{"@type":"Organization","@id":"https:\/\/www.transtoyou.com\/da\/#organization","name":"Transtoyou - DA","url":"https:\/\/www.transtoyou.com\/da\/","logo":{"@type":"ImageObject","inLanguage":"da-DK","@id":"https:\/\/www.transtoyou.com\/da\/#\/schema\/logo\/image\/","url":"https:\/\/www.transtoyou.com\/da\/wp-content\/uploads\/sites\/6\/2026\/01\/logo-tty-menu-bar-300x87-1.webp","contentUrl":"https:\/\/www.transtoyou.com\/da\/wp-content\/uploads\/sites\/6\/2026\/01\/logo-tty-menu-bar-300x87-1.webp","width":300,"height":87,"caption":"Transtoyou - DA"},"image":{"@id":"https:\/\/www.transtoyou.com\/da\/#\/schema\/logo\/image\/"}}]}},"_links":{"self":[{"href":"https:\/\/www.transtoyou.com\/da\/wp-json\/wp\/v2\/product\/794","targetHints":{"allow":["GET"]}}],"collection":[{"href":"https:\/\/www.transtoyou.com\/da\/wp-json\/wp\/v2\/product"}],"about":[{"href":"https:\/\/www.transtoyou.com\/da\/wp-json\/wp\/v2\/types\/product"}],"replies":[{"embeddable":true,"href":"https:\/\/www.transtoyou.com\/da\/wp-json\/wp\/v2\/comments?post=794"}],"wp:featuredmedia":[{"embeddable":true,"href":"https:\/\/www.transtoyou.com\/da\/wp-json\/wp\/v2\/media\/796"}],"wp:attachment":[{"href":"https:\/\/www.transtoyou.com\/da\/wp-json\/wp\/v2\/media?parent=794"}],"wp:term":[{"taxonomy":"product_brand","embeddable":true,"href":"https:\/\/www.transtoyou.com\/da\/wp-json\/wp\/v2\/product_brand?post=794"},{"taxonomy":"product_cat","embeddable":true,"href":"https:\/\/www.transtoyou.com\/da\/wp-json\/wp\/v2\/product_cat?post=794"},{"taxonomy":"product_tag","embeddable":true,"href":"https:\/\/www.transtoyou.com\/da\/wp-json\/wp\/v2\/product_tag?post=794"},{"taxonomy":"expert","embeddable":true,"href":"https:\/\/www.transtoyou.com\/da\/wp-json\/wp\/v2\/expert?post=794"}],"curies":[{"name":"wp","href":"https:\/\/api.w.org\/{rel}","templated":true}]}}