{"id":797,"date":"2026-01-22T16:58:46","date_gmt":"2026-01-22T14:58:46","guid":{"rendered":"https:\/\/www.transtoyou.com\/da\/product\/orlistat\/"},"modified":"2026-03-01T11:26:11","modified_gmt":"2026-03-01T09:26:11","slug":"orlistat","status":"publish","type":"product","link":"https:\/\/www.transtoyou.com\/da\/product\/orlistat\/","title":{"rendered":"Orlistat"},"content":{"rendered":"<p>Orlistat er et v\u00e6gttabsmedicin, der virker ved at forhindre absorptionen af fedt fra den mad, du spiser. Det bruges typisk af voksne, der er overv\u00e6gtige eller fede, og som \u00f8nsker at styre deres v\u00e6gt i kombination med en kalorie-reduceret, lav-fedt di\u00e6t. I mods\u00e6tning til appetitundertrykkende midler, der p\u00e5virker hjernen, virker Orlistat lokalt i ford\u00f8jelseskanalen og retter sig mod enzymet lipase. Dette enzym er ansvarligt for at nedbryde kostfedt, s\u00e5 det kan absorberes af kroppen. Ved at h\u00e6mme lipase sikrer Orlistat, at omkring en tredjedel af kostfedt ikke absorberes og i stedet passerer gennem kroppen naturligt.<\/p>\n<p>Orlistat tages normalt tre gange om dagen med hver hovedm\u00e5ltid, der indeholder fedt. Dets effektivitet er t\u00e6t knyttet til at opretholde en afbalanceret kost og deltage i regelm\u00e6ssig fysisk aktivitet. De fleste brugere begynder at se gradvis v\u00e6gtreduktion inden for et par uger. Derudover har Orlistat vist sig at hj\u00e6lpe med at forbedre blodtrykket, kolesterolniveauerne og blodsukkerkontrollen hos personer med v\u00e6gtrelaterede sundhedsproblemer.<\/p>\n<p>De mest almindelige bivirkninger er af ford\u00f8jelsesm\u00e6ssig art og inkluderer olieholdige eller fede aff\u00f8ringer, \u00f8get aff\u00f8ring eller maveubehag. Disse bivirkninger mindskes ofte, efterh\u00e5nden som kroppen tilpasser sig, og brugerne indf\u00f8rer en kost med lavere fedtindhold. For at st\u00f8tte absorptionen af fedtopl\u00f8selige vitaminer anbefales det ofte at tage et multivitamin kosttilskud p\u00e5 et andet tidspunkt af dagen end Orlistat-dosen.<\/p>\n","protected":false},"excerpt":{"rendered":"<ul>\n<li>Reducerer fedtabsorption<\/li>\n<li>Ikke-systemisk v\u00e6gttabshj\u00e6lpemiddel<\/li>\n<li>Hj\u00e6lper med at forbedre metabolisk sundhed<\/li>\n<\/ul>\n","protected":false},"featured_media":799,"comment_status":"open","ping_status":"closed","template":"","meta":[],"product_brand":[],"product_cat":[177],"product_tag":[],"expert":[16],"class_list":{"0":"post-797","1":"product","2":"type-product","3":"status-publish","4":"has-post-thumbnail","6":"product_cat-vaegttab","7":"expert-dr-c-alexandru","9":"first","10":"instock","11":"shipping-taxable","12":"purchasable","13":"product-type-variable"},"yoast_head":"<!-- This site is optimized with the Yoast SEO plugin v27.0 - https:\/\/yoast.com\/product\/yoast-seo-wordpress\/ -->\n<title>Orlistat | Effektiv V\u00e6gttab - Transtoyou<\/title>\n<meta name=\"description\" content=\"Orlistat: St\u00f8t v\u00e6gtstyring med dette effektive produkt, tilg\u00e6ngeligt hos Transtoyou. Shop nu for en p\u00e5lidelig l\u00f8sning til din sundhed.\" \/>\n<meta name=\"robots\" content=\"noindex, follow, max-snippet:-1, max-image-preview:large, max-video-preview:-1\" \/>\n<meta property=\"og:locale\" content=\"da_DK\" \/>\n<meta property=\"og:type\" content=\"article\" \/>\n<meta property=\"og:title\" content=\"Orlistat | Effektiv V\u00e6gttab - Transtoyou\" \/>\n<meta property=\"og:description\" content=\"Orlistat: St\u00f8t v\u00e6gtstyring med dette effektive produkt, tilg\u00e6ngeligt hos Transtoyou. Shop nu for en p\u00e5lidelig l\u00f8sning til din sundhed.\" \/>\n<meta property=\"og:url\" content=\"https:\/\/www.transtoyou.com\/da\/product\/orlistat\/\" \/>\n<meta property=\"og:site_name\" content=\"Transtoyou - DA\" \/>\n<meta property=\"article:modified_time\" content=\"2026-03-01T09:26:11+00:00\" \/>\n<meta name=\"twitter:card\" content=\"summary_large_image\" \/>\n<meta name=\"twitter:label1\" content=\"Estimeret l\u00e6setid\" \/>\n\t<meta name=\"twitter:data1\" content=\"1 minut\" \/>\n<script type=\"application\/ld+json\" class=\"yoast-schema-graph\">{\"@context\":\"https:\/\/schema.org\",\"@graph\":[{\"@type\":\"WebPage\",\"@id\":\"https:\/\/www.transtoyou.com\/da\/product\/orlistat\/\",\"url\":\"https:\/\/www.transtoyou.com\/da\/product\/orlistat\/\",\"name\":\"Orlistat | Effektiv V\u00e6gttab - Transtoyou\",\"isPartOf\":{\"@id\":\"https:\/\/www.transtoyou.com\/da\/#website\"},\"primaryImageOfPage\":{\"@id\":\"https:\/\/www.transtoyou.com\/da\/product\/orlistat\/#primaryimage\"},\"image\":{\"@id\":\"https:\/\/www.transtoyou.com\/da\/product\/orlistat\/#primaryimage\"},\"thumbnailUrl\":\"https:\/\/www.transtoyou.com\/da\/wp-content\/uploads\/sites\/6\/2026\/01\/tty-no-product-image-9.webp\",\"datePublished\":\"2026-01-22T14:58:46+00:00\",\"dateModified\":\"2026-03-01T09:26:11+00:00\",\"description\":\"Orlistat: St\u00f8t v\u00e6gtstyring med dette effektive produkt, tilg\u00e6ngeligt hos Transtoyou. Shop nu for en p\u00e5lidelig l\u00f8sning til din sundhed.\",\"breadcrumb\":{\"@id\":\"https:\/\/www.transtoyou.com\/da\/product\/orlistat\/#breadcrumb\"},\"inLanguage\":\"da-DK\",\"potentialAction\":[{\"@type\":\"ReadAction\",\"target\":[\"https:\/\/www.transtoyou.com\/da\/product\/orlistat\/\"]}]},{\"@type\":\"ImageObject\",\"inLanguage\":\"da-DK\",\"@id\":\"https:\/\/www.transtoyou.com\/da\/product\/orlistat\/#primaryimage\",\"url\":\"https:\/\/www.transtoyou.com\/da\/wp-content\/uploads\/sites\/6\/2026\/01\/tty-no-product-image-9.webp\",\"contentUrl\":\"https:\/\/www.transtoyou.com\/da\/wp-content\/uploads\/sites\/6\/2026\/01\/tty-no-product-image-9.webp\",\"width\":1000,\"height\":1000,\"caption\":\"Standard produktbillede\"},{\"@type\":\"WebSite\",\"@id\":\"https:\/\/www.transtoyou.com\/da\/#website\",\"url\":\"https:\/\/www.transtoyou.com\/da\/\",\"name\":\"Transtoyou - DA\",\"description\":\"\",\"publisher\":{\"@id\":\"https:\/\/www.transtoyou.com\/da\/#organization\"},\"potentialAction\":[{\"@type\":\"SearchAction\",\"target\":{\"@type\":\"EntryPoint\",\"urlTemplate\":\"https:\/\/www.transtoyou.com\/da\/?s={search_term_string}\"},\"query-input\":{\"@type\":\"PropertyValueSpecification\",\"valueRequired\":true,\"valueName\":\"search_term_string\"}}],\"inLanguage\":\"da-DK\"},{\"@type\":\"Organization\",\"@id\":\"https:\/\/www.transtoyou.com\/da\/#organization\",\"name\":\"Transtoyou - DA\",\"url\":\"https:\/\/www.transtoyou.com\/da\/\",\"logo\":{\"@type\":\"ImageObject\",\"inLanguage\":\"da-DK\",\"@id\":\"https:\/\/www.transtoyou.com\/da\/#\/schema\/logo\/image\/\",\"url\":\"https:\/\/www.transtoyou.com\/da\/wp-content\/uploads\/sites\/6\/2026\/01\/logo-tty-menu-bar-300x87-1.webp\",\"contentUrl\":\"https:\/\/www.transtoyou.com\/da\/wp-content\/uploads\/sites\/6\/2026\/01\/logo-tty-menu-bar-300x87-1.webp\",\"width\":300,\"height\":87,\"caption\":\"Transtoyou - DA\"},\"image\":{\"@id\":\"https:\/\/www.transtoyou.com\/da\/#\/schema\/logo\/image\/\"}}]}<\/script>\n<!-- \/ Yoast SEO plugin. -->","yoast_head_json":{"title":"Orlistat | Effektiv V\u00e6gttab - Transtoyou","description":"Orlistat: St\u00f8t v\u00e6gtstyring med dette effektive produkt, tilg\u00e6ngeligt hos Transtoyou. Shop nu for en p\u00e5lidelig l\u00f8sning til din sundhed.","robots":{"index":"noindex","follow":"follow","max-snippet":"max-snippet:-1","max-image-preview":"max-image-preview:large","max-video-preview":"max-video-preview:-1"},"og_locale":"da_DK","og_type":"article","og_title":"Orlistat | Effektiv V\u00e6gttab - Transtoyou","og_description":"Orlistat: St\u00f8t v\u00e6gtstyring med dette effektive produkt, tilg\u00e6ngeligt hos Transtoyou. Shop nu for en p\u00e5lidelig l\u00f8sning til din sundhed.","og_url":"https:\/\/www.transtoyou.com\/da\/product\/orlistat\/","og_site_name":"Transtoyou - DA","article_modified_time":"2026-03-01T09:26:11+00:00","twitter_card":"summary_large_image","twitter_misc":{"Estimeret l\u00e6setid":"1 minut"},"schema":{"@context":"https:\/\/schema.org","@graph":[{"@type":"WebPage","@id":"https:\/\/www.transtoyou.com\/da\/product\/orlistat\/","url":"https:\/\/www.transtoyou.com\/da\/product\/orlistat\/","name":"Orlistat | Effektiv V\u00e6gttab - Transtoyou","isPartOf":{"@id":"https:\/\/www.transtoyou.com\/da\/#website"},"primaryImageOfPage":{"@id":"https:\/\/www.transtoyou.com\/da\/product\/orlistat\/#primaryimage"},"image":{"@id":"https:\/\/www.transtoyou.com\/da\/product\/orlistat\/#primaryimage"},"thumbnailUrl":"https:\/\/www.transtoyou.com\/da\/wp-content\/uploads\/sites\/6\/2026\/01\/tty-no-product-image-9.webp","datePublished":"2026-01-22T14:58:46+00:00","dateModified":"2026-03-01T09:26:11+00:00","description":"Orlistat: St\u00f8t v\u00e6gtstyring med dette effektive produkt, tilg\u00e6ngeligt hos Transtoyou. Shop nu for en p\u00e5lidelig l\u00f8sning til din sundhed.","breadcrumb":{"@id":"https:\/\/www.transtoyou.com\/da\/product\/orlistat\/#breadcrumb"},"inLanguage":"da-DK","potentialAction":[{"@type":"ReadAction","target":["https:\/\/www.transtoyou.com\/da\/product\/orlistat\/"]}]},{"@type":"ImageObject","inLanguage":"da-DK","@id":"https:\/\/www.transtoyou.com\/da\/product\/orlistat\/#primaryimage","url":"https:\/\/www.transtoyou.com\/da\/wp-content\/uploads\/sites\/6\/2026\/01\/tty-no-product-image-9.webp","contentUrl":"https:\/\/www.transtoyou.com\/da\/wp-content\/uploads\/sites\/6\/2026\/01\/tty-no-product-image-9.webp","width":1000,"height":1000,"caption":"Standard produktbillede"},{"@type":"WebSite","@id":"https:\/\/www.transtoyou.com\/da\/#website","url":"https:\/\/www.transtoyou.com\/da\/","name":"Transtoyou - DA","description":"","publisher":{"@id":"https:\/\/www.transtoyou.com\/da\/#organization"},"potentialAction":[{"@type":"SearchAction","target":{"@type":"EntryPoint","urlTemplate":"https:\/\/www.transtoyou.com\/da\/?s={search_term_string}"},"query-input":{"@type":"PropertyValueSpecification","valueRequired":true,"valueName":"search_term_string"}}],"inLanguage":"da-DK"},{"@type":"Organization","@id":"https:\/\/www.transtoyou.com\/da\/#organization","name":"Transtoyou - DA","url":"https:\/\/www.transtoyou.com\/da\/","logo":{"@type":"ImageObject","inLanguage":"da-DK","@id":"https:\/\/www.transtoyou.com\/da\/#\/schema\/logo\/image\/","url":"https:\/\/www.transtoyou.com\/da\/wp-content\/uploads\/sites\/6\/2026\/01\/logo-tty-menu-bar-300x87-1.webp","contentUrl":"https:\/\/www.transtoyou.com\/da\/wp-content\/uploads\/sites\/6\/2026\/01\/logo-tty-menu-bar-300x87-1.webp","width":300,"height":87,"caption":"Transtoyou - DA"},"image":{"@id":"https:\/\/www.transtoyou.com\/da\/#\/schema\/logo\/image\/"}}]}},"_links":{"self":[{"href":"https:\/\/www.transtoyou.com\/da\/wp-json\/wp\/v2\/product\/797","targetHints":{"allow":["GET"]}}],"collection":[{"href":"https:\/\/www.transtoyou.com\/da\/wp-json\/wp\/v2\/product"}],"about":[{"href":"https:\/\/www.transtoyou.com\/da\/wp-json\/wp\/v2\/types\/product"}],"replies":[{"embeddable":true,"href":"https:\/\/www.transtoyou.com\/da\/wp-json\/wp\/v2\/comments?post=797"}],"wp:featuredmedia":[{"embeddable":true,"href":"https:\/\/www.transtoyou.com\/da\/wp-json\/wp\/v2\/media\/799"}],"wp:attachment":[{"href":"https:\/\/www.transtoyou.com\/da\/wp-json\/wp\/v2\/media?parent=797"}],"wp:term":[{"taxonomy":"product_brand","embeddable":true,"href":"https:\/\/www.transtoyou.com\/da\/wp-json\/wp\/v2\/product_brand?post=797"},{"taxonomy":"product_cat","embeddable":true,"href":"https:\/\/www.transtoyou.com\/da\/wp-json\/wp\/v2\/product_cat?post=797"},{"taxonomy":"product_tag","embeddable":true,"href":"https:\/\/www.transtoyou.com\/da\/wp-json\/wp\/v2\/product_tag?post=797"},{"taxonomy":"expert","embeddable":true,"href":"https:\/\/www.transtoyou.com\/da\/wp-json\/wp\/v2\/expert?post=797"}],"curies":[{"name":"wp","href":"https:\/\/api.w.org\/{rel}","templated":true}]}}