{"id":800,"date":"2026-01-22T17:15:16","date_gmt":"2026-01-22T15:15:16","guid":{"rendered":"https:\/\/www.transtoyou.com\/da\/product\/xenical\/"},"modified":"2026-03-08T12:50:29","modified_gmt":"2026-03-08T10:50:29","slug":"xenical","status":"publish","type":"product","link":"https:\/\/www.transtoyou.com\/da\/product\/xenical\/","title":{"rendered":"Xenical"},"content":{"rendered":"<p>Xenical er en receptpligtig medicin, der hj\u00e6lper med at st\u00f8tte v\u00e6gttab hos personer, der er overv\u00e6gtige eller fede. Den indeholder det aktive stof orlistat, som virker ved at blokere absorptionen af kostfedt. I mods\u00e6tning til appetitneds\u00e6ttende midler virker Xenical lokalt i ford\u00f8jelsessystemet og kan reducere fedtabsorptionen med cirka en tredjedel af det indtagne fedt.<\/p>\n<p>Det uabsorberede fedt udskilles derefter naturligt gennem aff\u00f8ringen. Dette hj\u00e6lper med at reducere kalorieindtaget, hvilket f\u00f8rer til gradvist og vedvarende v\u00e6gttab, n\u00e5r det kombineres med en kaloriebegr\u00e6nset, lavfedt kost. Xenical anbefales typisk til personer med en BMI p\u00e5 \u2265 30 kg\/m\u00b2 eller \u2265 28 kg\/m\u00b2 i n\u00e6rv\u00e6r af v\u00e6gtrelaterede sundhedsproblemer som hypertension eller type 2-diabetes.<\/p>\n<p>Xenical tages normalt tre gange om dagen med hvert hovedm\u00e5ltid, der indeholder fedt. Det er vigtigt at f\u00f8lge en ern\u00e6ringsm\u00e6ssigt afbalanceret, let hypokalorisk kost under behandlingen. For at sikre korrekt absorption af fedtopl\u00f8selige vitaminer anbefales et dagligt multivitaminpr\u00e6parat, der indeholder vitaminerne A, D, E og K, taget mindst to timer f\u00f8r eller efter indtagelse af Xenical.<\/p>\n<p>Almindelige bivirkninger inkluderer milde gastrointestinal symptomer som olieholdig eller fedtet aff\u00f8ring, \u00f8get luftdannelse eller hyppigere aff\u00f8ring. Disse effekter forbedres ofte med fortsat brug og overholdelse af en lavfedt kost. Sj\u00e6ldent er orlistat blevet forbundet med forh\u00f8jede leverenzymer eller akut nyreskade; kontakt din l\u00e6ge, hvis du oplever mavesmerter, m\u00f8rk urin eller blod i aff\u00f8ringen. Observationsstudier rapporterer et gennemsnitligt placebo-korrigeret v\u00e6gttab p\u00e5 3,2 kg efter et \u00e5r.<\/p>\n<p>Xenical kan hj\u00e6lpe med at forbedre sundhedsmark\u00f8rer relateret til fedme, herunder beskedne reduktioner i blodsukker, kolesterol og blodtryk, is\u00e6r n\u00e5r det kombineres med livsstils\u00e6ndringer. Det er dog beregnet til kronisk brug under medicinsk tilsyn.<\/p>\n","protected":false},"excerpt":{"rendered":"<ul>\n<li>Blokerer kostfedtabsorption<\/li>\n<li>Hj\u00e6lper med gradvist v\u00e6gttab<\/li>\n<li>Underst\u00f8tter behandling af fedme under medicinsk vejledning<\/li>\n<\/ul>\n","protected":false},"featured_media":802,"comment_status":"open","ping_status":"closed","template":"","meta":[],"product_brand":[],"product_cat":[177],"product_tag":[],"expert":[19],"class_list":{"0":"post-800","1":"product","2":"type-product","3":"status-publish","4":"has-post-thumbnail","6":"product_cat-vaegttab","7":"expert-dr-j-vazquez","9":"first","10":"instock","11":"shipping-taxable","12":"product-type-variable"},"yoast_head":"<!-- This site is optimized with the Yoast SEO plugin v27.0 - https:\/\/yoast.com\/product\/yoast-seo-wordpress\/ -->\n<title>Xenical | V\u00e6gth\u00e5ndtering St\u00f8tte - Transtoyou<\/title>\n<meta name=\"description\" content=\"Opdag Xenical, tilg\u00e6ngelig hos Transtoyou, til effektiv v\u00e6gtstyring. Shop nu for klinisk godkendte sundhedsprodukter.\" \/>\n<meta name=\"robots\" content=\"noindex, follow, max-snippet:-1, max-image-preview:large, max-video-preview:-1\" \/>\n<meta property=\"og:locale\" content=\"da_DK\" \/>\n<meta property=\"og:type\" content=\"article\" \/>\n<meta property=\"og:title\" content=\"Xenical | V\u00e6gth\u00e5ndtering St\u00f8tte - Transtoyou\" \/>\n<meta property=\"og:description\" content=\"Opdag Xenical, tilg\u00e6ngelig hos Transtoyou, til effektiv v\u00e6gtstyring. Shop nu for klinisk godkendte sundhedsprodukter.\" \/>\n<meta property=\"og:url\" content=\"https:\/\/www.transtoyou.com\/da\/product\/xenical\/\" \/>\n<meta property=\"og:site_name\" content=\"Transtoyou - DA\" \/>\n<meta property=\"article:modified_time\" content=\"2026-03-08T10:50:29+00:00\" \/>\n<meta name=\"twitter:card\" content=\"summary_large_image\" \/>\n<meta name=\"twitter:label1\" content=\"Estimeret l\u00e6setid\" \/>\n\t<meta name=\"twitter:data1\" content=\"1 minut\" \/>\n<script type=\"application\/ld+json\" class=\"yoast-schema-graph\">{\"@context\":\"https:\/\/schema.org\",\"@graph\":[{\"@type\":\"WebPage\",\"@id\":\"https:\/\/www.transtoyou.com\/da\/product\/xenical\/\",\"url\":\"https:\/\/www.transtoyou.com\/da\/product\/xenical\/\",\"name\":\"Xenical | V\u00e6gth\u00e5ndtering St\u00f8tte - Transtoyou\",\"isPartOf\":{\"@id\":\"https:\/\/www.transtoyou.com\/da\/#website\"},\"primaryImageOfPage\":{\"@id\":\"https:\/\/www.transtoyou.com\/da\/product\/xenical\/#primaryimage\"},\"image\":{\"@id\":\"https:\/\/www.transtoyou.com\/da\/product\/xenical\/#primaryimage\"},\"thumbnailUrl\":\"https:\/\/www.transtoyou.com\/da\/wp-content\/uploads\/sites\/6\/2026\/01\/tty-no-product-image-10.webp\",\"datePublished\":\"2026-01-22T15:15:16+00:00\",\"dateModified\":\"2026-03-08T10:50:29+00:00\",\"description\":\"Opdag Xenical, tilg\u00e6ngelig hos Transtoyou, til effektiv v\u00e6gtstyring. Shop nu for klinisk godkendte sundhedsprodukter.\",\"breadcrumb\":{\"@id\":\"https:\/\/www.transtoyou.com\/da\/product\/xenical\/#breadcrumb\"},\"inLanguage\":\"da-DK\",\"potentialAction\":[{\"@type\":\"ReadAction\",\"target\":[\"https:\/\/www.transtoyou.com\/da\/product\/xenical\/\"]}]},{\"@type\":\"ImageObject\",\"inLanguage\":\"da-DK\",\"@id\":\"https:\/\/www.transtoyou.com\/da\/product\/xenical\/#primaryimage\",\"url\":\"https:\/\/www.transtoyou.com\/da\/wp-content\/uploads\/sites\/6\/2026\/01\/tty-no-product-image-10.webp\",\"contentUrl\":\"https:\/\/www.transtoyou.com\/da\/wp-content\/uploads\/sites\/6\/2026\/01\/tty-no-product-image-10.webp\",\"width\":1000,\"height\":1000,\"caption\":\"Standard produktbillede\"},{\"@type\":\"WebSite\",\"@id\":\"https:\/\/www.transtoyou.com\/da\/#website\",\"url\":\"https:\/\/www.transtoyou.com\/da\/\",\"name\":\"Transtoyou - DA\",\"description\":\"\",\"publisher\":{\"@id\":\"https:\/\/www.transtoyou.com\/da\/#organization\"},\"potentialAction\":[{\"@type\":\"SearchAction\",\"target\":{\"@type\":\"EntryPoint\",\"urlTemplate\":\"https:\/\/www.transtoyou.com\/da\/?s={search_term_string}\"},\"query-input\":{\"@type\":\"PropertyValueSpecification\",\"valueRequired\":true,\"valueName\":\"search_term_string\"}}],\"inLanguage\":\"da-DK\"},{\"@type\":\"Organization\",\"@id\":\"https:\/\/www.transtoyou.com\/da\/#organization\",\"name\":\"Transtoyou - DA\",\"url\":\"https:\/\/www.transtoyou.com\/da\/\",\"logo\":{\"@type\":\"ImageObject\",\"inLanguage\":\"da-DK\",\"@id\":\"https:\/\/www.transtoyou.com\/da\/#\/schema\/logo\/image\/\",\"url\":\"https:\/\/www.transtoyou.com\/da\/wp-content\/uploads\/sites\/6\/2026\/01\/logo-tty-menu-bar-300x87-1.webp\",\"contentUrl\":\"https:\/\/www.transtoyou.com\/da\/wp-content\/uploads\/sites\/6\/2026\/01\/logo-tty-menu-bar-300x87-1.webp\",\"width\":300,\"height\":87,\"caption\":\"Transtoyou - DA\"},\"image\":{\"@id\":\"https:\/\/www.transtoyou.com\/da\/#\/schema\/logo\/image\/\"}}]}<\/script>\n<!-- \/ Yoast SEO plugin. -->","yoast_head_json":{"title":"Xenical | V\u00e6gth\u00e5ndtering St\u00f8tte - Transtoyou","description":"Opdag Xenical, tilg\u00e6ngelig hos Transtoyou, til effektiv v\u00e6gtstyring. Shop nu for klinisk godkendte sundhedsprodukter.","robots":{"index":"noindex","follow":"follow","max-snippet":"max-snippet:-1","max-image-preview":"max-image-preview:large","max-video-preview":"max-video-preview:-1"},"og_locale":"da_DK","og_type":"article","og_title":"Xenical | V\u00e6gth\u00e5ndtering St\u00f8tte - Transtoyou","og_description":"Opdag Xenical, tilg\u00e6ngelig hos Transtoyou, til effektiv v\u00e6gtstyring. Shop nu for klinisk godkendte sundhedsprodukter.","og_url":"https:\/\/www.transtoyou.com\/da\/product\/xenical\/","og_site_name":"Transtoyou - DA","article_modified_time":"2026-03-08T10:50:29+00:00","twitter_card":"summary_large_image","twitter_misc":{"Estimeret l\u00e6setid":"1 minut"},"schema":{"@context":"https:\/\/schema.org","@graph":[{"@type":"WebPage","@id":"https:\/\/www.transtoyou.com\/da\/product\/xenical\/","url":"https:\/\/www.transtoyou.com\/da\/product\/xenical\/","name":"Xenical | V\u00e6gth\u00e5ndtering St\u00f8tte - Transtoyou","isPartOf":{"@id":"https:\/\/www.transtoyou.com\/da\/#website"},"primaryImageOfPage":{"@id":"https:\/\/www.transtoyou.com\/da\/product\/xenical\/#primaryimage"},"image":{"@id":"https:\/\/www.transtoyou.com\/da\/product\/xenical\/#primaryimage"},"thumbnailUrl":"https:\/\/www.transtoyou.com\/da\/wp-content\/uploads\/sites\/6\/2026\/01\/tty-no-product-image-10.webp","datePublished":"2026-01-22T15:15:16+00:00","dateModified":"2026-03-08T10:50:29+00:00","description":"Opdag Xenical, tilg\u00e6ngelig hos Transtoyou, til effektiv v\u00e6gtstyring. Shop nu for klinisk godkendte sundhedsprodukter.","breadcrumb":{"@id":"https:\/\/www.transtoyou.com\/da\/product\/xenical\/#breadcrumb"},"inLanguage":"da-DK","potentialAction":[{"@type":"ReadAction","target":["https:\/\/www.transtoyou.com\/da\/product\/xenical\/"]}]},{"@type":"ImageObject","inLanguage":"da-DK","@id":"https:\/\/www.transtoyou.com\/da\/product\/xenical\/#primaryimage","url":"https:\/\/www.transtoyou.com\/da\/wp-content\/uploads\/sites\/6\/2026\/01\/tty-no-product-image-10.webp","contentUrl":"https:\/\/www.transtoyou.com\/da\/wp-content\/uploads\/sites\/6\/2026\/01\/tty-no-product-image-10.webp","width":1000,"height":1000,"caption":"Standard produktbillede"},{"@type":"WebSite","@id":"https:\/\/www.transtoyou.com\/da\/#website","url":"https:\/\/www.transtoyou.com\/da\/","name":"Transtoyou - DA","description":"","publisher":{"@id":"https:\/\/www.transtoyou.com\/da\/#organization"},"potentialAction":[{"@type":"SearchAction","target":{"@type":"EntryPoint","urlTemplate":"https:\/\/www.transtoyou.com\/da\/?s={search_term_string}"},"query-input":{"@type":"PropertyValueSpecification","valueRequired":true,"valueName":"search_term_string"}}],"inLanguage":"da-DK"},{"@type":"Organization","@id":"https:\/\/www.transtoyou.com\/da\/#organization","name":"Transtoyou - DA","url":"https:\/\/www.transtoyou.com\/da\/","logo":{"@type":"ImageObject","inLanguage":"da-DK","@id":"https:\/\/www.transtoyou.com\/da\/#\/schema\/logo\/image\/","url":"https:\/\/www.transtoyou.com\/da\/wp-content\/uploads\/sites\/6\/2026\/01\/logo-tty-menu-bar-300x87-1.webp","contentUrl":"https:\/\/www.transtoyou.com\/da\/wp-content\/uploads\/sites\/6\/2026\/01\/logo-tty-menu-bar-300x87-1.webp","width":300,"height":87,"caption":"Transtoyou - DA"},"image":{"@id":"https:\/\/www.transtoyou.com\/da\/#\/schema\/logo\/image\/"}}]}},"_links":{"self":[{"href":"https:\/\/www.transtoyou.com\/da\/wp-json\/wp\/v2\/product\/800","targetHints":{"allow":["GET"]}}],"collection":[{"href":"https:\/\/www.transtoyou.com\/da\/wp-json\/wp\/v2\/product"}],"about":[{"href":"https:\/\/www.transtoyou.com\/da\/wp-json\/wp\/v2\/types\/product"}],"replies":[{"embeddable":true,"href":"https:\/\/www.transtoyou.com\/da\/wp-json\/wp\/v2\/comments?post=800"}],"wp:featuredmedia":[{"embeddable":true,"href":"https:\/\/www.transtoyou.com\/da\/wp-json\/wp\/v2\/media\/802"}],"wp:attachment":[{"href":"https:\/\/www.transtoyou.com\/da\/wp-json\/wp\/v2\/media?parent=800"}],"wp:term":[{"taxonomy":"product_brand","embeddable":true,"href":"https:\/\/www.transtoyou.com\/da\/wp-json\/wp\/v2\/product_brand?post=800"},{"taxonomy":"product_cat","embeddable":true,"href":"https:\/\/www.transtoyou.com\/da\/wp-json\/wp\/v2\/product_cat?post=800"},{"taxonomy":"product_tag","embeddable":true,"href":"https:\/\/www.transtoyou.com\/da\/wp-json\/wp\/v2\/product_tag?post=800"},{"taxonomy":"expert","embeddable":true,"href":"https:\/\/www.transtoyou.com\/da\/wp-json\/wp\/v2\/expert?post=800"}],"curies":[{"name":"wp","href":"https:\/\/api.w.org\/{rel}","templated":true}]}}