{"id":803,"date":"2026-01-22T17:31:42","date_gmt":"2026-01-22T15:31:42","guid":{"rendered":"https:\/\/www.transtoyou.com\/da\/product\/diflucan\/"},"modified":"2026-01-22T17:32:50","modified_gmt":"2026-01-22T15:32:50","slug":"diflucan","status":"publish","type":"product","link":"https:\/\/www.transtoyou.com\/da\/product\/diflucan\/","title":{"rendered":"Diflucan"},"content":{"rendered":"<p>Diflucan er en oral svampemedicin, der bruges til at hj\u00e6lpe med at behandle vaginal svampeinfektioner for\u00e5rsaget af Candida. Den indeholder fluconazol, et systemisk svampemiddel, der m\u00e5lretter den underliggende \u00e5rsag ved at forstyrre svampens cellemembran. I mods\u00e6tning til lokale behandlinger tages den som en enkelt oral dosis.<\/p>\n<p>Candida-infektioner, almindeligvis kendt som svamp, kan for\u00e5rsage kl\u00f8e, irritation, h\u00e6velse og unormal udfl\u00e5d p\u00e5 grund af en forstyrrelse af den naturlige vaginale mikrobiota. Diflucan virker ved at blokere dannelsen af ergosterol, en essentiel komponent af svampens cellev\u00e6g, hvilket f\u00f8rer til svampens celled\u00f8d og opl\u00f8sning af infektionen.<\/p>\n<p>Da den tages oralt, virker Diflucan systemisk og kan v\u00e6re s\u00e6rligt nyttig for personer, der foretr\u00e6kker en engangsbehandling eller ikke kan bruge vaginale produkter. Mange mennesker kan opleve symptomlindring inden for 24 til 48 timer, selvom flere dage kan v\u00e6re n\u00f8dvendige for fuldst\u00e6ndig opl\u00f8sning.<\/p>\n<p>Bivirkninger er normalt milde og kan omfatte kvalme, hovedpine, maveubehag eller diarr\u00e9. Den b\u00f8r anvendes med forsigtighed hos personer med leversygdomme eller dem, der tager medicin, der interagerer med fluconazol, is\u00e6r dem, der p\u00e5virker hjerterytmen eller leverenzymer.<\/p>\n<p>Diflucan bruges ofte til enkeltst\u00e5ende episoder af svamp, men kan ogs\u00e5 ordineres som en del af en langsigtet plan for tilbagevendende infektioner. Det anbefales ikke i tidlig graviditet uden l\u00e6gelig r\u00e5dgivning; en enkelt dosis p\u00e5 150 mg synes at udg\u00f8re lave risici, men gentagne eller h\u00f8je doser kan medf\u00f8re potentiel skade.<\/p>\n","protected":false},"excerpt":{"rendered":"<ul>\n<li>Enkeltdosis behandling af svamp<\/li>\n<li>M\u00e5lretter Candida systemisk<\/li>\n<li>Effektiv oral antifungal lindring<\/li>\n<\/ul>\n","protected":false},"featured_media":805,"comment_status":"open","ping_status":"closed","template":"","meta":[],"product_brand":[],"product_cat":[89,174],"product_tag":[],"expert":[19],"class_list":{"0":"post-803","1":"product","2":"type-product","3":"status-publish","4":"has-post-thumbnail","6":"product_cat-candida","7":"product_cat-vaginale-infektioner-svampedraebende-midler","8":"expert-dr-j-vazquez","10":"first","11":"instock","12":"shipping-taxable","13":"product-type-variable"},"yoast_head":"<!-- This site is optimized with the Yoast SEO plugin v27.0 - https:\/\/yoast.com\/product\/yoast-seo-wordpress\/ -->\n<title>Diflucan | Effektiv Antifungal L\u00f8sning - Transtoyou<\/title>\n<meta name=\"description\" content=\"L\u00f8s svampeinfektioner med Diflucan, tilg\u00e6ngelig p\u00e5 Transtoyou. Shop nu for effektiv behandling og lindr dine symptomer i dag.\" \/>\n<meta name=\"robots\" content=\"noindex, follow, max-snippet:-1, max-image-preview:large, max-video-preview:-1\" \/>\n<meta property=\"og:locale\" content=\"da_DK\" \/>\n<meta property=\"og:type\" content=\"article\" \/>\n<meta property=\"og:title\" content=\"Diflucan | Effektiv Antifungal L\u00f8sning - Transtoyou\" \/>\n<meta property=\"og:description\" content=\"L\u00f8s svampeinfektioner med Diflucan, tilg\u00e6ngelig p\u00e5 Transtoyou. Shop nu for effektiv behandling og lindr dine symptomer i dag.\" \/>\n<meta property=\"og:url\" content=\"https:\/\/www.transtoyou.com\/da\/product\/diflucan\/\" \/>\n<meta property=\"og:site_name\" content=\"Transtoyou - DA\" \/>\n<meta property=\"article:modified_time\" content=\"2026-01-22T15:32:50+00:00\" \/>\n<meta name=\"twitter:card\" content=\"summary_large_image\" \/>\n<meta name=\"twitter:label1\" content=\"Estimeret l\u00e6setid\" \/>\n\t<meta name=\"twitter:data1\" content=\"1 minut\" \/>\n<script type=\"application\/ld+json\" class=\"yoast-schema-graph\">{\"@context\":\"https:\/\/schema.org\",\"@graph\":[{\"@type\":\"WebPage\",\"@id\":\"https:\/\/www.transtoyou.com\/da\/product\/diflucan\/\",\"url\":\"https:\/\/www.transtoyou.com\/da\/product\/diflucan\/\",\"name\":\"Diflucan | Effektiv Antifungal L\u00f8sning - Transtoyou\",\"isPartOf\":{\"@id\":\"https:\/\/www.transtoyou.com\/da\/#website\"},\"primaryImageOfPage\":{\"@id\":\"https:\/\/www.transtoyou.com\/da\/product\/diflucan\/#primaryimage\"},\"image\":{\"@id\":\"https:\/\/www.transtoyou.com\/da\/product\/diflucan\/#primaryimage\"},\"thumbnailUrl\":\"https:\/\/www.transtoyou.com\/da\/wp-content\/uploads\/sites\/6\/2026\/01\/tty-no-product-image-11.webp\",\"datePublished\":\"2026-01-22T15:31:42+00:00\",\"dateModified\":\"2026-01-22T15:32:50+00:00\",\"description\":\"L\u00f8s svampeinfektioner med Diflucan, tilg\u00e6ngelig p\u00e5 Transtoyou. Shop nu for effektiv behandling og lindr dine symptomer i dag.\",\"breadcrumb\":{\"@id\":\"https:\/\/www.transtoyou.com\/da\/product\/diflucan\/#breadcrumb\"},\"inLanguage\":\"da-DK\",\"potentialAction\":[{\"@type\":\"ReadAction\",\"target\":[\"https:\/\/www.transtoyou.com\/da\/product\/diflucan\/\"]}]},{\"@type\":\"ImageObject\",\"inLanguage\":\"da-DK\",\"@id\":\"https:\/\/www.transtoyou.com\/da\/product\/diflucan\/#primaryimage\",\"url\":\"https:\/\/www.transtoyou.com\/da\/wp-content\/uploads\/sites\/6\/2026\/01\/tty-no-product-image-11.webp\",\"contentUrl\":\"https:\/\/www.transtoyou.com\/da\/wp-content\/uploads\/sites\/6\/2026\/01\/tty-no-product-image-11.webp\",\"width\":1000,\"height\":1000,\"caption\":\"Standard produktbillede\"},{\"@type\":\"WebSite\",\"@id\":\"https:\/\/www.transtoyou.com\/da\/#website\",\"url\":\"https:\/\/www.transtoyou.com\/da\/\",\"name\":\"Transtoyou - DA\",\"description\":\"\",\"publisher\":{\"@id\":\"https:\/\/www.transtoyou.com\/da\/#organization\"},\"potentialAction\":[{\"@type\":\"SearchAction\",\"target\":{\"@type\":\"EntryPoint\",\"urlTemplate\":\"https:\/\/www.transtoyou.com\/da\/?s={search_term_string}\"},\"query-input\":{\"@type\":\"PropertyValueSpecification\",\"valueRequired\":true,\"valueName\":\"search_term_string\"}}],\"inLanguage\":\"da-DK\"},{\"@type\":\"Organization\",\"@id\":\"https:\/\/www.transtoyou.com\/da\/#organization\",\"name\":\"Transtoyou - DA\",\"url\":\"https:\/\/www.transtoyou.com\/da\/\",\"logo\":{\"@type\":\"ImageObject\",\"inLanguage\":\"da-DK\",\"@id\":\"https:\/\/www.transtoyou.com\/da\/#\/schema\/logo\/image\/\",\"url\":\"https:\/\/www.transtoyou.com\/da\/wp-content\/uploads\/sites\/6\/2026\/01\/logo-tty-menu-bar-300x87-1.webp\",\"contentUrl\":\"https:\/\/www.transtoyou.com\/da\/wp-content\/uploads\/sites\/6\/2026\/01\/logo-tty-menu-bar-300x87-1.webp\",\"width\":300,\"height\":87,\"caption\":\"Transtoyou - DA\"},\"image\":{\"@id\":\"https:\/\/www.transtoyou.com\/da\/#\/schema\/logo\/image\/\"}}]}<\/script>\n<!-- \/ Yoast SEO plugin. -->","yoast_head_json":{"title":"Diflucan | Effektiv Antifungal L\u00f8sning - Transtoyou","description":"L\u00f8s svampeinfektioner med Diflucan, tilg\u00e6ngelig p\u00e5 Transtoyou. Shop nu for effektiv behandling og lindr dine symptomer i dag.","robots":{"index":"noindex","follow":"follow","max-snippet":"max-snippet:-1","max-image-preview":"max-image-preview:large","max-video-preview":"max-video-preview:-1"},"og_locale":"da_DK","og_type":"article","og_title":"Diflucan | Effektiv Antifungal L\u00f8sning - Transtoyou","og_description":"L\u00f8s svampeinfektioner med Diflucan, tilg\u00e6ngelig p\u00e5 Transtoyou. Shop nu for effektiv behandling og lindr dine symptomer i dag.","og_url":"https:\/\/www.transtoyou.com\/da\/product\/diflucan\/","og_site_name":"Transtoyou - DA","article_modified_time":"2026-01-22T15:32:50+00:00","twitter_card":"summary_large_image","twitter_misc":{"Estimeret l\u00e6setid":"1 minut"},"schema":{"@context":"https:\/\/schema.org","@graph":[{"@type":"WebPage","@id":"https:\/\/www.transtoyou.com\/da\/product\/diflucan\/","url":"https:\/\/www.transtoyou.com\/da\/product\/diflucan\/","name":"Diflucan | Effektiv Antifungal L\u00f8sning - Transtoyou","isPartOf":{"@id":"https:\/\/www.transtoyou.com\/da\/#website"},"primaryImageOfPage":{"@id":"https:\/\/www.transtoyou.com\/da\/product\/diflucan\/#primaryimage"},"image":{"@id":"https:\/\/www.transtoyou.com\/da\/product\/diflucan\/#primaryimage"},"thumbnailUrl":"https:\/\/www.transtoyou.com\/da\/wp-content\/uploads\/sites\/6\/2026\/01\/tty-no-product-image-11.webp","datePublished":"2026-01-22T15:31:42+00:00","dateModified":"2026-01-22T15:32:50+00:00","description":"L\u00f8s svampeinfektioner med Diflucan, tilg\u00e6ngelig p\u00e5 Transtoyou. Shop nu for effektiv behandling og lindr dine symptomer i dag.","breadcrumb":{"@id":"https:\/\/www.transtoyou.com\/da\/product\/diflucan\/#breadcrumb"},"inLanguage":"da-DK","potentialAction":[{"@type":"ReadAction","target":["https:\/\/www.transtoyou.com\/da\/product\/diflucan\/"]}]},{"@type":"ImageObject","inLanguage":"da-DK","@id":"https:\/\/www.transtoyou.com\/da\/product\/diflucan\/#primaryimage","url":"https:\/\/www.transtoyou.com\/da\/wp-content\/uploads\/sites\/6\/2026\/01\/tty-no-product-image-11.webp","contentUrl":"https:\/\/www.transtoyou.com\/da\/wp-content\/uploads\/sites\/6\/2026\/01\/tty-no-product-image-11.webp","width":1000,"height":1000,"caption":"Standard produktbillede"},{"@type":"WebSite","@id":"https:\/\/www.transtoyou.com\/da\/#website","url":"https:\/\/www.transtoyou.com\/da\/","name":"Transtoyou - DA","description":"","publisher":{"@id":"https:\/\/www.transtoyou.com\/da\/#organization"},"potentialAction":[{"@type":"SearchAction","target":{"@type":"EntryPoint","urlTemplate":"https:\/\/www.transtoyou.com\/da\/?s={search_term_string}"},"query-input":{"@type":"PropertyValueSpecification","valueRequired":true,"valueName":"search_term_string"}}],"inLanguage":"da-DK"},{"@type":"Organization","@id":"https:\/\/www.transtoyou.com\/da\/#organization","name":"Transtoyou - DA","url":"https:\/\/www.transtoyou.com\/da\/","logo":{"@type":"ImageObject","inLanguage":"da-DK","@id":"https:\/\/www.transtoyou.com\/da\/#\/schema\/logo\/image\/","url":"https:\/\/www.transtoyou.com\/da\/wp-content\/uploads\/sites\/6\/2026\/01\/logo-tty-menu-bar-300x87-1.webp","contentUrl":"https:\/\/www.transtoyou.com\/da\/wp-content\/uploads\/sites\/6\/2026\/01\/logo-tty-menu-bar-300x87-1.webp","width":300,"height":87,"caption":"Transtoyou - DA"},"image":{"@id":"https:\/\/www.transtoyou.com\/da\/#\/schema\/logo\/image\/"}}]}},"_links":{"self":[{"href":"https:\/\/www.transtoyou.com\/da\/wp-json\/wp\/v2\/product\/803","targetHints":{"allow":["GET"]}}],"collection":[{"href":"https:\/\/www.transtoyou.com\/da\/wp-json\/wp\/v2\/product"}],"about":[{"href":"https:\/\/www.transtoyou.com\/da\/wp-json\/wp\/v2\/types\/product"}],"replies":[{"embeddable":true,"href":"https:\/\/www.transtoyou.com\/da\/wp-json\/wp\/v2\/comments?post=803"}],"wp:featuredmedia":[{"embeddable":true,"href":"https:\/\/www.transtoyou.com\/da\/wp-json\/wp\/v2\/media\/805"}],"wp:attachment":[{"href":"https:\/\/www.transtoyou.com\/da\/wp-json\/wp\/v2\/media?parent=803"}],"wp:term":[{"taxonomy":"product_brand","embeddable":true,"href":"https:\/\/www.transtoyou.com\/da\/wp-json\/wp\/v2\/product_brand?post=803"},{"taxonomy":"product_cat","embeddable":true,"href":"https:\/\/www.transtoyou.com\/da\/wp-json\/wp\/v2\/product_cat?post=803"},{"taxonomy":"product_tag","embeddable":true,"href":"https:\/\/www.transtoyou.com\/da\/wp-json\/wp\/v2\/product_tag?post=803"},{"taxonomy":"expert","embeddable":true,"href":"https:\/\/www.transtoyou.com\/da\/wp-json\/wp\/v2\/expert?post=803"}],"curies":[{"name":"wp","href":"https:\/\/api.w.org\/{rel}","templated":true}]}}