{"id":815,"date":"2026-01-22T18:36:35","date_gmt":"2026-01-22T16:36:35","guid":{"rendered":"https:\/\/www.transtoyou.com\/da\/product\/levothyroxine\/"},"modified":"2026-02-07T00:59:10","modified_gmt":"2026-02-06T22:59:10","slug":"levothyroxin","status":"publish","type":"product","link":"https:\/\/www.transtoyou.com\/da\/product\/levothyroxin\/","title":{"rendered":"Levothyroxin"},"content":{"rendered":"<p>Levothyroxin er en syntetisk form for thyroxin (T4), et hormon der normalt produceres af skjoldbruskkirtlen. Det ordineres til behandling af hypothyroidisme, en tilstand hvor skjoldbruskkirtlen ikke producerer nok hormon til at underst\u00f8tte kroppens normale metaboliske funktioner. Thyroxin er essentielt for regulering af energi, stofskifte, temperatur og overordnet hormonel stabilitet.<\/p>\n<p>Lave niveauer af skjoldbruskkirtelhormon kan for\u00e5rsage en r\u00e6kke symptomer, herunder tr\u00e6thed, v\u00e6gt\u00f8gning, depression, langsom hjerterytme, f\u00f8lsomhed overfor kulde og hukommelsesvanskeligheder. Levothyroxin erstatter det manglende hormon og hj\u00e6lper kroppen med at vende tilbage til en sund metabolisk balance. N\u00e5r det tages konsekvent og i den korrekte dosis, kan det betydeligt forbedre energi, mental klarhed og fysisk velv\u00e6re.<\/p>\n<p>Levothyroxin tages oralt \u00e9n gang dagligt, ideelt om morgenen p\u00e5 tom mave, mindst 30 til 60 minutter f\u00f8r mad eller drikke (undtagen vand). Dosis er individuelt tilpasset og baseret p\u00e5 faktorer som alder, v\u00e6gt, niveauer af skjoldbruskkirtelhormon og eksisterende sundhedstilstande. De fleste mennesker kr\u00e6ver l\u00f8bende, langvarig behandling for at opretholde stabil skjoldbruskkirtelfunktion.<\/p>\n<p>Symptomerne begynder ofte at forbedre sig inden for en til to uger, selvom det kan tage flere uger at f\u00f8le den fulde fordel. Regelm\u00e6ssige blodpr\u00f8ver er vigtige for at sikre den korrekte dosis og overv\u00e5ge langvarig skjoldbruskkirtelsundhed.<\/p>\n<p>Levothyroxin tolereres generelt godt, men hvis dosen er for h\u00f8j, kan der opst\u00e5 bivirkninger som angst, s\u00f8vnl\u00f8shed, hjertebanken eller utilsigtet v\u00e6gttab. Det er kontraindiceret hos patienter med ubehandlet binyreinsufficiens, akut myokardieinfarkt, thyrotoxikose eller kendt overf\u00f8lsomhed over for nogen af produktets komponenter.<\/p>\n","protected":false},"excerpt":{"rendered":"<ul>\n<li>Daglig erstatning af skjoldbruskkirtelhormoner<\/li>\n<li>Genopretter energi og stofskifte<\/li>\n<li>Vigtig for langsigtet balance<\/li>\n<\/ul>\n","protected":false},"featured_media":817,"comment_status":"open","ping_status":"closed","template":"","meta":[],"product_brand":[],"product_cat":[170],"product_tag":[],"expert":[21],"class_list":{"0":"post-815","1":"product","2":"type-product","3":"status-publish","4":"has-post-thumbnail","6":"product_cat-skjoldbruskkirtelforstyrrelser","7":"expert-dr-m-sharoyko","9":"first","10":"instock","11":"shipping-taxable","12":"product-type-variable"},"yoast_head":"<!-- This site is optimized with the Yoast SEO plugin v27.0 - https:\/\/yoast.com\/product\/yoast-seo-wordpress\/ -->\n<title>Levothyroxin | Essentiel Skjoldbruskkirtel Support - Transtoyou<\/title>\n<meta name=\"description\" content=\"Opdag Levothyroxin hos Transtoyou, en p\u00e5lidelig l\u00f8sning til hypothyroidisme, der st\u00f8tter en sund metabolisme. Konsulter vores eksperter i dag.\" \/>\n<meta name=\"robots\" content=\"noindex, follow, max-snippet:-1, max-image-preview:large, max-video-preview:-1\" \/>\n<meta property=\"og:locale\" content=\"da_DK\" \/>\n<meta property=\"og:type\" content=\"article\" \/>\n<meta property=\"og:title\" content=\"Levothyroxin | Essentiel Skjoldbruskkirtel Support - Transtoyou\" \/>\n<meta property=\"og:description\" content=\"Opdag Levothyroxin hos Transtoyou, en p\u00e5lidelig l\u00f8sning til hypothyroidisme, der st\u00f8tter en sund metabolisme. Konsulter vores eksperter i dag.\" \/>\n<meta property=\"og:url\" content=\"https:\/\/www.transtoyou.com\/da\/product\/levothyroxine\/\" \/>\n<meta property=\"og:site_name\" content=\"Transtoyou - DA\" \/>\n<meta property=\"article:modified_time\" content=\"2026-02-06T22:59:10+00:00\" \/>\n<meta name=\"twitter:card\" content=\"summary_large_image\" \/>\n<meta name=\"twitter:label1\" content=\"Estimeret l\u00e6setid\" \/>\n\t<meta name=\"twitter:data1\" content=\"1 minut\" \/>\n<script type=\"application\/ld+json\" class=\"yoast-schema-graph\">{\"@context\":\"https:\/\/schema.org\",\"@graph\":[{\"@type\":\"WebPage\",\"@id\":\"https:\/\/www.transtoyou.com\/da\/product\/levothyroxine\/\",\"url\":\"https:\/\/www.transtoyou.com\/da\/product\/levothyroxine\/\",\"name\":\"Levothyroxin | Essentiel Skjoldbruskkirtel Support - Transtoyou\",\"isPartOf\":{\"@id\":\"https:\/\/www.transtoyou.com\/da\/#website\"},\"primaryImageOfPage\":{\"@id\":\"https:\/\/www.transtoyou.com\/da\/product\/levothyroxine\/#primaryimage\"},\"image\":{\"@id\":\"https:\/\/www.transtoyou.com\/da\/product\/levothyroxine\/#primaryimage\"},\"thumbnailUrl\":\"https:\/\/www.transtoyou.com\/da\/wp-content\/uploads\/sites\/6\/2026\/01\/tty-no-product-image-15.webp\",\"datePublished\":\"2026-01-22T16:36:35+00:00\",\"dateModified\":\"2026-02-06T22:59:10+00:00\",\"description\":\"Opdag Levothyroxin hos Transtoyou, en p\u00e5lidelig l\u00f8sning til hypothyroidisme, der st\u00f8tter en sund metabolisme. Konsulter vores eksperter i dag.\",\"breadcrumb\":{\"@id\":\"https:\/\/www.transtoyou.com\/da\/product\/levothyroxine\/#breadcrumb\"},\"inLanguage\":\"da-DK\",\"potentialAction\":[{\"@type\":\"ReadAction\",\"target\":[\"https:\/\/www.transtoyou.com\/da\/product\/levothyroxine\/\"]}]},{\"@type\":\"ImageObject\",\"inLanguage\":\"da-DK\",\"@id\":\"https:\/\/www.transtoyou.com\/da\/product\/levothyroxine\/#primaryimage\",\"url\":\"https:\/\/www.transtoyou.com\/da\/wp-content\/uploads\/sites\/6\/2026\/01\/tty-no-product-image-15.webp\",\"contentUrl\":\"https:\/\/www.transtoyou.com\/da\/wp-content\/uploads\/sites\/6\/2026\/01\/tty-no-product-image-15.webp\",\"width\":1000,\"height\":1000,\"caption\":\"Standard produktbillede\"},{\"@type\":\"WebSite\",\"@id\":\"https:\/\/www.transtoyou.com\/da\/#website\",\"url\":\"https:\/\/www.transtoyou.com\/da\/\",\"name\":\"Transtoyou - DA\",\"description\":\"\",\"publisher\":{\"@id\":\"https:\/\/www.transtoyou.com\/da\/#organization\"},\"potentialAction\":[{\"@type\":\"SearchAction\",\"target\":{\"@type\":\"EntryPoint\",\"urlTemplate\":\"https:\/\/www.transtoyou.com\/da\/?s={search_term_string}\"},\"query-input\":{\"@type\":\"PropertyValueSpecification\",\"valueRequired\":true,\"valueName\":\"search_term_string\"}}],\"inLanguage\":\"da-DK\"},{\"@type\":\"Organization\",\"@id\":\"https:\/\/www.transtoyou.com\/da\/#organization\",\"name\":\"Transtoyou - DA\",\"url\":\"https:\/\/www.transtoyou.com\/da\/\",\"logo\":{\"@type\":\"ImageObject\",\"inLanguage\":\"da-DK\",\"@id\":\"https:\/\/www.transtoyou.com\/da\/#\/schema\/logo\/image\/\",\"url\":\"https:\/\/www.transtoyou.com\/da\/wp-content\/uploads\/sites\/6\/2026\/01\/logo-tty-menu-bar-300x87-1.webp\",\"contentUrl\":\"https:\/\/www.transtoyou.com\/da\/wp-content\/uploads\/sites\/6\/2026\/01\/logo-tty-menu-bar-300x87-1.webp\",\"width\":300,\"height\":87,\"caption\":\"Transtoyou - DA\"},\"image\":{\"@id\":\"https:\/\/www.transtoyou.com\/da\/#\/schema\/logo\/image\/\"}}]}<\/script>\n<!-- \/ Yoast SEO plugin. -->","yoast_head_json":{"title":"Levothyroxin | Essentiel Skjoldbruskkirtel Support - Transtoyou","description":"Opdag Levothyroxin hos Transtoyou, en p\u00e5lidelig l\u00f8sning til hypothyroidisme, der st\u00f8tter en sund metabolisme. Konsulter vores eksperter i dag.","robots":{"index":"noindex","follow":"follow","max-snippet":"max-snippet:-1","max-image-preview":"max-image-preview:large","max-video-preview":"max-video-preview:-1"},"og_locale":"da_DK","og_type":"article","og_title":"Levothyroxin | Essentiel Skjoldbruskkirtel Support - Transtoyou","og_description":"Opdag Levothyroxin hos Transtoyou, en p\u00e5lidelig l\u00f8sning til hypothyroidisme, der st\u00f8tter en sund metabolisme. Konsulter vores eksperter i dag.","og_url":"https:\/\/www.transtoyou.com\/da\/product\/levothyroxine\/","og_site_name":"Transtoyou - DA","article_modified_time":"2026-02-06T22:59:10+00:00","twitter_card":"summary_large_image","twitter_misc":{"Estimeret l\u00e6setid":"1 minut"},"schema":{"@context":"https:\/\/schema.org","@graph":[{"@type":"WebPage","@id":"https:\/\/www.transtoyou.com\/da\/product\/levothyroxine\/","url":"https:\/\/www.transtoyou.com\/da\/product\/levothyroxine\/","name":"Levothyroxin | Essentiel Skjoldbruskkirtel Support - Transtoyou","isPartOf":{"@id":"https:\/\/www.transtoyou.com\/da\/#website"},"primaryImageOfPage":{"@id":"https:\/\/www.transtoyou.com\/da\/product\/levothyroxine\/#primaryimage"},"image":{"@id":"https:\/\/www.transtoyou.com\/da\/product\/levothyroxine\/#primaryimage"},"thumbnailUrl":"https:\/\/www.transtoyou.com\/da\/wp-content\/uploads\/sites\/6\/2026\/01\/tty-no-product-image-15.webp","datePublished":"2026-01-22T16:36:35+00:00","dateModified":"2026-02-06T22:59:10+00:00","description":"Opdag Levothyroxin hos Transtoyou, en p\u00e5lidelig l\u00f8sning til hypothyroidisme, der st\u00f8tter en sund metabolisme. Konsulter vores eksperter i dag.","breadcrumb":{"@id":"https:\/\/www.transtoyou.com\/da\/product\/levothyroxine\/#breadcrumb"},"inLanguage":"da-DK","potentialAction":[{"@type":"ReadAction","target":["https:\/\/www.transtoyou.com\/da\/product\/levothyroxine\/"]}]},{"@type":"ImageObject","inLanguage":"da-DK","@id":"https:\/\/www.transtoyou.com\/da\/product\/levothyroxine\/#primaryimage","url":"https:\/\/www.transtoyou.com\/da\/wp-content\/uploads\/sites\/6\/2026\/01\/tty-no-product-image-15.webp","contentUrl":"https:\/\/www.transtoyou.com\/da\/wp-content\/uploads\/sites\/6\/2026\/01\/tty-no-product-image-15.webp","width":1000,"height":1000,"caption":"Standard produktbillede"},{"@type":"WebSite","@id":"https:\/\/www.transtoyou.com\/da\/#website","url":"https:\/\/www.transtoyou.com\/da\/","name":"Transtoyou - DA","description":"","publisher":{"@id":"https:\/\/www.transtoyou.com\/da\/#organization"},"potentialAction":[{"@type":"SearchAction","target":{"@type":"EntryPoint","urlTemplate":"https:\/\/www.transtoyou.com\/da\/?s={search_term_string}"},"query-input":{"@type":"PropertyValueSpecification","valueRequired":true,"valueName":"search_term_string"}}],"inLanguage":"da-DK"},{"@type":"Organization","@id":"https:\/\/www.transtoyou.com\/da\/#organization","name":"Transtoyou - DA","url":"https:\/\/www.transtoyou.com\/da\/","logo":{"@type":"ImageObject","inLanguage":"da-DK","@id":"https:\/\/www.transtoyou.com\/da\/#\/schema\/logo\/image\/","url":"https:\/\/www.transtoyou.com\/da\/wp-content\/uploads\/sites\/6\/2026\/01\/logo-tty-menu-bar-300x87-1.webp","contentUrl":"https:\/\/www.transtoyou.com\/da\/wp-content\/uploads\/sites\/6\/2026\/01\/logo-tty-menu-bar-300x87-1.webp","width":300,"height":87,"caption":"Transtoyou - DA"},"image":{"@id":"https:\/\/www.transtoyou.com\/da\/#\/schema\/logo\/image\/"}}]}},"_links":{"self":[{"href":"https:\/\/www.transtoyou.com\/da\/wp-json\/wp\/v2\/product\/815","targetHints":{"allow":["GET"]}}],"collection":[{"href":"https:\/\/www.transtoyou.com\/da\/wp-json\/wp\/v2\/product"}],"about":[{"href":"https:\/\/www.transtoyou.com\/da\/wp-json\/wp\/v2\/types\/product"}],"replies":[{"embeddable":true,"href":"https:\/\/www.transtoyou.com\/da\/wp-json\/wp\/v2\/comments?post=815"}],"wp:featuredmedia":[{"embeddable":true,"href":"https:\/\/www.transtoyou.com\/da\/wp-json\/wp\/v2\/media\/817"}],"wp:attachment":[{"href":"https:\/\/www.transtoyou.com\/da\/wp-json\/wp\/v2\/media?parent=815"}],"wp:term":[{"taxonomy":"product_brand","embeddable":true,"href":"https:\/\/www.transtoyou.com\/da\/wp-json\/wp\/v2\/product_brand?post=815"},{"taxonomy":"product_cat","embeddable":true,"href":"https:\/\/www.transtoyou.com\/da\/wp-json\/wp\/v2\/product_cat?post=815"},{"taxonomy":"product_tag","embeddable":true,"href":"https:\/\/www.transtoyou.com\/da\/wp-json\/wp\/v2\/product_tag?post=815"},{"taxonomy":"expert","embeddable":true,"href":"https:\/\/www.transtoyou.com\/da\/wp-json\/wp\/v2\/expert?post=815"}],"curies":[{"name":"wp","href":"https:\/\/api.w.org\/{rel}","templated":true}]}}