{"id":818,"date":"2026-01-22T18:52:54","date_gmt":"2026-01-22T16:52:54","guid":{"rendered":"https:\/\/www.transtoyou.com\/da\/product\/euthyrox\/"},"modified":"2026-02-15T14:35:35","modified_gmt":"2026-02-15T12:35:35","slug":"euthyrox","status":"publish","type":"product","link":"https:\/\/www.transtoyou.com\/da\/product\/euthyrox\/","title":{"rendered":"Euthyrox"},"content":{"rendered":"<p>Euthyrox er en syntetisk form for levothyroxin, et hormon der er identisk med det naturlige thyroxin produceret af skjoldbruskkirtlen. Det bruges til at behandle hypothyroidisme, en tilstand hvor skjoldbruskkirtlen er underaktiv og ikke producerer nok hormon. Thyroxin er essentielt for at regulere kroppens stofskifte, energiniveauer, temperaturkontrol og mange andre vigtige funktioner.<\/p>\n<p>N\u00e5r skjoldbruskkirtlen ikke producerer nok hormon, kan symptomer som tr\u00e6thed, v\u00e6gt\u00f8gning, t\u00f8r hud, forstoppelse, depression og kuldeintolerance udvikle sig. Euthyrox hj\u00e6lper med at genoprette hormon niveauerne til normale, s\u00e5 kroppens systemer kan fungere ordentligt igen. Ved at korrigere hormon ubalancen kan det forbedre energi, koncentration, hum\u00f8r og metabolisk stabilitet.<\/p>\n<p>Euthyrox tages \u00e9n gang dagligt, helst om morgenen, p\u00e5 tom mave mindst 30\u201360 minutter f\u00f8r man spiser eller drikker noget andet end vand. Det absorberes gennem mave-tarmkanalen og distribueres i hele kroppen for at ud\u00f8ve sine effekter.<\/p>\n<p>De fleste mennesker begynder at bem\u00e6rke en forbedring i symptomerne inden for en til to uger efter opstart af behandlingen, selvom det kan tage l\u00e6ngere tid for fulde effekter. Da hypothyroidisme ofte er en livslang tilstand, tages Euthyrox normalt som en langtids daglig medicin.<\/p>\n<p>Det tolereres generelt godt, n\u00e5r det tages i den korrekte dosis. Bivirkninger kan forekomme, hvis dosen er for h\u00f8j, og kan inkludere symptomer p\u00e5 hyperthyroidisme s\u00e5som rastl\u00f8shed, sveden, hjertebanken eller s\u00f8vnproblemer. Euthyrox er kontraindiceret hos patienter med ubehandlet binyreinsufficiens, akut thyrotoxikose eller kendt overf\u00f8lsomhed over for levothyroxin eller nogen hj\u00e6lpestof i formuleringen.<\/p>\n","protected":false},"excerpt":{"rendered":"<ul>\n<li>Daglig erstatning af skjoldbruskkirtelhormoner<\/li>\n<li>Forbedrer energi og stofskifte<\/li>\n<li>Underst\u00f8tter hormonbalance<\/li>\n<\/ul>\n","protected":false},"featured_media":820,"comment_status":"open","ping_status":"closed","template":"","meta":[],"product_brand":[],"product_cat":[170],"product_tag":[],"expert":[21],"class_list":{"0":"post-818","1":"product","2":"type-product","3":"status-publish","4":"has-post-thumbnail","6":"product_cat-skjoldbruskkirtelforstyrrelser","7":"expert-dr-m-sharoyko","9":"first","10":"instock","11":"shipping-taxable","12":"product-type-variable"},"yoast_head":"<!-- This site is optimized with the Yoast SEO plugin v27.0 - https:\/\/yoast.com\/product\/yoast-seo-wordpress\/ -->\n<title>Euthyrox | Genskab Skjoldbruskkirtelbalancen - Transtoyou<\/title>\n<meta name=\"description\" content=\"Euthyrox, en syntetisk levothyroxin, behandler hypothyroidisme effektivt. K\u00f8b nu hos Transtoyou for p\u00e5lidelig st\u00f8tte til skjoldbruskkirtlen.\" \/>\n<meta name=\"robots\" content=\"noindex, follow, max-snippet:-1, max-image-preview:large, max-video-preview:-1\" \/>\n<meta property=\"og:locale\" content=\"da_DK\" \/>\n<meta property=\"og:type\" content=\"article\" \/>\n<meta property=\"og:title\" content=\"Euthyrox | Genskab Skjoldbruskkirtelbalancen - Transtoyou\" \/>\n<meta property=\"og:description\" content=\"Euthyrox, en syntetisk levothyroxin, behandler hypothyroidisme effektivt. K\u00f8b nu hos Transtoyou for p\u00e5lidelig st\u00f8tte til skjoldbruskkirtlen.\" \/>\n<meta property=\"og:url\" content=\"https:\/\/www.transtoyou.com\/da\/product\/euthyrox\/\" \/>\n<meta property=\"og:site_name\" content=\"Transtoyou - DA\" \/>\n<meta property=\"article:modified_time\" content=\"2026-02-15T12:35:35+00:00\" \/>\n<meta name=\"twitter:card\" content=\"summary_large_image\" \/>\n<meta name=\"twitter:label1\" content=\"Estimeret l\u00e6setid\" \/>\n\t<meta name=\"twitter:data1\" content=\"1 minut\" \/>\n<script type=\"application\/ld+json\" class=\"yoast-schema-graph\">{\"@context\":\"https:\/\/schema.org\",\"@graph\":[{\"@type\":\"WebPage\",\"@id\":\"https:\/\/www.transtoyou.com\/da\/product\/euthyrox\/\",\"url\":\"https:\/\/www.transtoyou.com\/da\/product\/euthyrox\/\",\"name\":\"Euthyrox | Genskab Skjoldbruskkirtelbalancen - Transtoyou\",\"isPartOf\":{\"@id\":\"https:\/\/www.transtoyou.com\/da\/#website\"},\"primaryImageOfPage\":{\"@id\":\"https:\/\/www.transtoyou.com\/da\/product\/euthyrox\/#primaryimage\"},\"image\":{\"@id\":\"https:\/\/www.transtoyou.com\/da\/product\/euthyrox\/#primaryimage\"},\"thumbnailUrl\":\"https:\/\/www.transtoyou.com\/da\/wp-content\/uploads\/sites\/6\/2026\/01\/tty-no-product-image-16.webp\",\"datePublished\":\"2026-01-22T16:52:54+00:00\",\"dateModified\":\"2026-02-15T12:35:35+00:00\",\"description\":\"Euthyrox, en syntetisk levothyroxin, behandler hypothyroidisme effektivt. K\u00f8b nu hos Transtoyou for p\u00e5lidelig st\u00f8tte til skjoldbruskkirtlen.\",\"breadcrumb\":{\"@id\":\"https:\/\/www.transtoyou.com\/da\/product\/euthyrox\/#breadcrumb\"},\"inLanguage\":\"da-DK\",\"potentialAction\":[{\"@type\":\"ReadAction\",\"target\":[\"https:\/\/www.transtoyou.com\/da\/product\/euthyrox\/\"]}]},{\"@type\":\"ImageObject\",\"inLanguage\":\"da-DK\",\"@id\":\"https:\/\/www.transtoyou.com\/da\/product\/euthyrox\/#primaryimage\",\"url\":\"https:\/\/www.transtoyou.com\/da\/wp-content\/uploads\/sites\/6\/2026\/01\/tty-no-product-image-16.webp\",\"contentUrl\":\"https:\/\/www.transtoyou.com\/da\/wp-content\/uploads\/sites\/6\/2026\/01\/tty-no-product-image-16.webp\",\"width\":1000,\"height\":1000,\"caption\":\"Standard produktbillede\"},{\"@type\":\"WebSite\",\"@id\":\"https:\/\/www.transtoyou.com\/da\/#website\",\"url\":\"https:\/\/www.transtoyou.com\/da\/\",\"name\":\"Transtoyou - DA\",\"description\":\"\",\"publisher\":{\"@id\":\"https:\/\/www.transtoyou.com\/da\/#organization\"},\"potentialAction\":[{\"@type\":\"SearchAction\",\"target\":{\"@type\":\"EntryPoint\",\"urlTemplate\":\"https:\/\/www.transtoyou.com\/da\/?s={search_term_string}\"},\"query-input\":{\"@type\":\"PropertyValueSpecification\",\"valueRequired\":true,\"valueName\":\"search_term_string\"}}],\"inLanguage\":\"da-DK\"},{\"@type\":\"Organization\",\"@id\":\"https:\/\/www.transtoyou.com\/da\/#organization\",\"name\":\"Transtoyou - DA\",\"url\":\"https:\/\/www.transtoyou.com\/da\/\",\"logo\":{\"@type\":\"ImageObject\",\"inLanguage\":\"da-DK\",\"@id\":\"https:\/\/www.transtoyou.com\/da\/#\/schema\/logo\/image\/\",\"url\":\"https:\/\/www.transtoyou.com\/da\/wp-content\/uploads\/sites\/6\/2026\/01\/logo-tty-menu-bar-300x87-1.webp\",\"contentUrl\":\"https:\/\/www.transtoyou.com\/da\/wp-content\/uploads\/sites\/6\/2026\/01\/logo-tty-menu-bar-300x87-1.webp\",\"width\":300,\"height\":87,\"caption\":\"Transtoyou - DA\"},\"image\":{\"@id\":\"https:\/\/www.transtoyou.com\/da\/#\/schema\/logo\/image\/\"}}]}<\/script>\n<!-- \/ Yoast SEO plugin. -->","yoast_head_json":{"title":"Euthyrox | Genskab Skjoldbruskkirtelbalancen - Transtoyou","description":"Euthyrox, en syntetisk levothyroxin, behandler hypothyroidisme effektivt. K\u00f8b nu hos Transtoyou for p\u00e5lidelig st\u00f8tte til skjoldbruskkirtlen.","robots":{"index":"noindex","follow":"follow","max-snippet":"max-snippet:-1","max-image-preview":"max-image-preview:large","max-video-preview":"max-video-preview:-1"},"og_locale":"da_DK","og_type":"article","og_title":"Euthyrox | Genskab Skjoldbruskkirtelbalancen - Transtoyou","og_description":"Euthyrox, en syntetisk levothyroxin, behandler hypothyroidisme effektivt. K\u00f8b nu hos Transtoyou for p\u00e5lidelig st\u00f8tte til skjoldbruskkirtlen.","og_url":"https:\/\/www.transtoyou.com\/da\/product\/euthyrox\/","og_site_name":"Transtoyou - DA","article_modified_time":"2026-02-15T12:35:35+00:00","twitter_card":"summary_large_image","twitter_misc":{"Estimeret l\u00e6setid":"1 minut"},"schema":{"@context":"https:\/\/schema.org","@graph":[{"@type":"WebPage","@id":"https:\/\/www.transtoyou.com\/da\/product\/euthyrox\/","url":"https:\/\/www.transtoyou.com\/da\/product\/euthyrox\/","name":"Euthyrox | Genskab Skjoldbruskkirtelbalancen - Transtoyou","isPartOf":{"@id":"https:\/\/www.transtoyou.com\/da\/#website"},"primaryImageOfPage":{"@id":"https:\/\/www.transtoyou.com\/da\/product\/euthyrox\/#primaryimage"},"image":{"@id":"https:\/\/www.transtoyou.com\/da\/product\/euthyrox\/#primaryimage"},"thumbnailUrl":"https:\/\/www.transtoyou.com\/da\/wp-content\/uploads\/sites\/6\/2026\/01\/tty-no-product-image-16.webp","datePublished":"2026-01-22T16:52:54+00:00","dateModified":"2026-02-15T12:35:35+00:00","description":"Euthyrox, en syntetisk levothyroxin, behandler hypothyroidisme effektivt. K\u00f8b nu hos Transtoyou for p\u00e5lidelig st\u00f8tte til skjoldbruskkirtlen.","breadcrumb":{"@id":"https:\/\/www.transtoyou.com\/da\/product\/euthyrox\/#breadcrumb"},"inLanguage":"da-DK","potentialAction":[{"@type":"ReadAction","target":["https:\/\/www.transtoyou.com\/da\/product\/euthyrox\/"]}]},{"@type":"ImageObject","inLanguage":"da-DK","@id":"https:\/\/www.transtoyou.com\/da\/product\/euthyrox\/#primaryimage","url":"https:\/\/www.transtoyou.com\/da\/wp-content\/uploads\/sites\/6\/2026\/01\/tty-no-product-image-16.webp","contentUrl":"https:\/\/www.transtoyou.com\/da\/wp-content\/uploads\/sites\/6\/2026\/01\/tty-no-product-image-16.webp","width":1000,"height":1000,"caption":"Standard produktbillede"},{"@type":"WebSite","@id":"https:\/\/www.transtoyou.com\/da\/#website","url":"https:\/\/www.transtoyou.com\/da\/","name":"Transtoyou - DA","description":"","publisher":{"@id":"https:\/\/www.transtoyou.com\/da\/#organization"},"potentialAction":[{"@type":"SearchAction","target":{"@type":"EntryPoint","urlTemplate":"https:\/\/www.transtoyou.com\/da\/?s={search_term_string}"},"query-input":{"@type":"PropertyValueSpecification","valueRequired":true,"valueName":"search_term_string"}}],"inLanguage":"da-DK"},{"@type":"Organization","@id":"https:\/\/www.transtoyou.com\/da\/#organization","name":"Transtoyou - DA","url":"https:\/\/www.transtoyou.com\/da\/","logo":{"@type":"ImageObject","inLanguage":"da-DK","@id":"https:\/\/www.transtoyou.com\/da\/#\/schema\/logo\/image\/","url":"https:\/\/www.transtoyou.com\/da\/wp-content\/uploads\/sites\/6\/2026\/01\/logo-tty-menu-bar-300x87-1.webp","contentUrl":"https:\/\/www.transtoyou.com\/da\/wp-content\/uploads\/sites\/6\/2026\/01\/logo-tty-menu-bar-300x87-1.webp","width":300,"height":87,"caption":"Transtoyou - DA"},"image":{"@id":"https:\/\/www.transtoyou.com\/da\/#\/schema\/logo\/image\/"}}]}},"_links":{"self":[{"href":"https:\/\/www.transtoyou.com\/da\/wp-json\/wp\/v2\/product\/818","targetHints":{"allow":["GET"]}}],"collection":[{"href":"https:\/\/www.transtoyou.com\/da\/wp-json\/wp\/v2\/product"}],"about":[{"href":"https:\/\/www.transtoyou.com\/da\/wp-json\/wp\/v2\/types\/product"}],"replies":[{"embeddable":true,"href":"https:\/\/www.transtoyou.com\/da\/wp-json\/wp\/v2\/comments?post=818"}],"wp:featuredmedia":[{"embeddable":true,"href":"https:\/\/www.transtoyou.com\/da\/wp-json\/wp\/v2\/media\/820"}],"wp:attachment":[{"href":"https:\/\/www.transtoyou.com\/da\/wp-json\/wp\/v2\/media?parent=818"}],"wp:term":[{"taxonomy":"product_brand","embeddable":true,"href":"https:\/\/www.transtoyou.com\/da\/wp-json\/wp\/v2\/product_brand?post=818"},{"taxonomy":"product_cat","embeddable":true,"href":"https:\/\/www.transtoyou.com\/da\/wp-json\/wp\/v2\/product_cat?post=818"},{"taxonomy":"product_tag","embeddable":true,"href":"https:\/\/www.transtoyou.com\/da\/wp-json\/wp\/v2\/product_tag?post=818"},{"taxonomy":"expert","embeddable":true,"href":"https:\/\/www.transtoyou.com\/da\/wp-json\/wp\/v2\/expert?post=818"}],"curies":[{"name":"wp","href":"https:\/\/api.w.org\/{rel}","templated":true}]}}