{"id":821,"date":"2026-01-22T19:10:00","date_gmt":"2026-01-22T17:10:00","guid":{"rendered":"https:\/\/www.transtoyou.com\/da\/product\/aciclovir\/"},"modified":"2026-02-01T16:29:03","modified_gmt":"2026-02-01T14:29:03","slug":"aciclovir","status":"publish","type":"product","link":"https:\/\/www.transtoyou.com\/da\/product\/aciclovir\/","title":{"rendered":"Aciclovir"},"content":{"rendered":"<p>Aciclovir er en antiviral medicin, der bruges til at behandle infektioner for\u00e5rsaget af herpesvirus (s\u00e5som HSV og VZV), herunder genital herpes, fork\u00f8lelsess\u00e5r og helvedesild. Det virker ved at bremse v\u00e6ksten og spredningen af herpesvirussen i kroppen, hvilket hj\u00e6lper med at reducere sv\u00e6rhedsgraden og varigheden af udbrud. Aciclovir helbreder ikke herpesinfektioner, men kan effektivt h\u00e5ndtere symptomer og reducere hyppigheden af tilbagefald.<\/p>\n<p>Medikamentet f\u00e5s i forskellige former, herunder tabletter, cremer og intraven\u00f8se l\u00f8sninger. Ved hudrelaterede udbrud som fork\u00f8lelsess\u00e5r eller helvedesild p\u00e5f\u00f8res cremen ofte direkte p\u00e5 det ber\u00f8rte omr\u00e5de. I tilf\u00e6lde af mere udbredte eller alvorlige infektioner er tabletter eller intraven\u00f8s administration indiceret.<\/p>\n<p>Aciclovir virker ved at forstyrre virussets evne til at reproducere sit genetiske materiale. Det betyder, at mens virusset forbliver inaktivt i kroppen, undertrykkes aktiv reproduktion, hvilket hj\u00e6lper med at indd\u00e6mme infektionen og fremme hurtigere heling.<\/p>\n<p>De fleste mennesker bem\u00e6rker symptomlindring inden for et par dage efter opstart af behandlingen, is\u00e6r n\u00e5r det tages ved de f\u00f8rste tegn p\u00e5 et udbrud.<\/p>\n<p>Typiske behandlingsforl\u00f8b varer fem til ti dage, afh\u00e6ngigt af tilstanden og administrationsformen. For genital herpes er en typisk voksen dosis 400 mg tre gange dagligt i 5 til 10 dage. Ved tilbagevendende udbrud kan nogle personer tage Aciclovir dagligt som en suppressiv terapi for at reducere opblussen.<\/p>\n","protected":false},"excerpt":{"rendered":"<ul>\n<li>Effektiv mod herpesvirus<\/li>\n<li>Reducerer udbruddenes sv\u00e6rhedsgrad og varighed<\/li>\n<li>Tilg\u00e6ngelig i creme- og tabletform<\/li>\n<\/ul>\n","protected":false},"featured_media":1407,"comment_status":"open","ping_status":"closed","template":"","meta":[],"product_brand":[],"product_cat":[93,135,163],"product_tag":[],"expert":[21],"class_list":{"0":"post-821","1":"product","2":"type-product","3":"status-publish","4":"has-post-thumbnail","6":"product_cat-forkolelsessar","7":"product_cat-herpes","8":"product_cat-tagplader","9":"expert-dr-m-sharoyko","11":"first","12":"instock","13":"shipping-taxable","14":"purchasable","15":"product-type-variable"},"yoast_head":"<!-- This site is optimized with the Yoast SEO plugin v27.0 - https:\/\/yoast.com\/product\/yoast-seo-wordpress\/ -->\n<title>Aciclovir | Effektiv antiviral lindring - Transtoyou<\/title>\n<meta name=\"description\" content=\"Aciclovir tilg\u00e6ngelig hos Transtoyou, din p\u00e5lidelige kilde til effektiv behandling af virus. Shop nu for hurtig adgang til kvalitets sundhedsprodukter.\" \/>\n<meta name=\"robots\" content=\"noindex, follow, max-snippet:-1, max-image-preview:large, max-video-preview:-1\" \/>\n<meta property=\"og:locale\" content=\"da_DK\" \/>\n<meta property=\"og:type\" content=\"article\" \/>\n<meta property=\"og:title\" content=\"Aciclovir | Effektiv antiviral lindring - Transtoyou\" \/>\n<meta property=\"og:description\" content=\"Aciclovir tilg\u00e6ngelig hos Transtoyou, din p\u00e5lidelige kilde til effektiv behandling af virus. Shop nu for hurtig adgang til kvalitets sundhedsprodukter.\" \/>\n<meta property=\"og:url\" content=\"https:\/\/www.transtoyou.com\/da\/product\/aciclovir\/\" \/>\n<meta property=\"og:site_name\" content=\"Transtoyou - DA\" \/>\n<meta property=\"article:modified_time\" content=\"2026-02-01T14:29:03+00:00\" \/>\n<meta name=\"twitter:card\" content=\"summary_large_image\" \/>\n<meta name=\"twitter:label1\" content=\"Estimeret l\u00e6setid\" \/>\n\t<meta name=\"twitter:data1\" content=\"1 minut\" \/>\n<script type=\"application\/ld+json\" class=\"yoast-schema-graph\">{\"@context\":\"https:\/\/schema.org\",\"@graph\":[{\"@type\":\"WebPage\",\"@id\":\"https:\/\/www.transtoyou.com\/da\/product\/aciclovir\/\",\"url\":\"https:\/\/www.transtoyou.com\/da\/product\/aciclovir\/\",\"name\":\"Aciclovir | Effektiv antiviral lindring - Transtoyou\",\"isPartOf\":{\"@id\":\"https:\/\/www.transtoyou.com\/da\/#website\"},\"primaryImageOfPage\":{\"@id\":\"https:\/\/www.transtoyou.com\/da\/product\/aciclovir\/#primaryimage\"},\"image\":{\"@id\":\"https:\/\/www.transtoyou.com\/da\/product\/aciclovir\/#primaryimage\"},\"thumbnailUrl\":\"https:\/\/www.transtoyou.com\/da\/wp-content\/uploads\/sites\/6\/2026\/02\/Aciclovir-mean-image.png\",\"datePublished\":\"2026-01-22T17:10:00+00:00\",\"dateModified\":\"2026-02-01T14:29:03+00:00\",\"description\":\"Aciclovir tilg\u00e6ngelig hos Transtoyou, din p\u00e5lidelige kilde til effektiv behandling af virus. Shop nu for hurtig adgang til kvalitets sundhedsprodukter.\",\"breadcrumb\":{\"@id\":\"https:\/\/www.transtoyou.com\/da\/product\/aciclovir\/#breadcrumb\"},\"inLanguage\":\"da-DK\",\"potentialAction\":[{\"@type\":\"ReadAction\",\"target\":[\"https:\/\/www.transtoyou.com\/da\/product\/aciclovir\/\"]}]},{\"@type\":\"ImageObject\",\"inLanguage\":\"da-DK\",\"@id\":\"https:\/\/www.transtoyou.com\/da\/product\/aciclovir\/#primaryimage\",\"url\":\"https:\/\/www.transtoyou.com\/da\/wp-content\/uploads\/sites\/6\/2026\/02\/Aciclovir-mean-image.png\",\"contentUrl\":\"https:\/\/www.transtoyou.com\/da\/wp-content\/uploads\/sites\/6\/2026\/02\/Aciclovir-mean-image.png\",\"width\":1080,\"height\":1080,\"caption\":\"Aciclovir bestil online - Transtoyou\"},{\"@type\":\"WebSite\",\"@id\":\"https:\/\/www.transtoyou.com\/da\/#website\",\"url\":\"https:\/\/www.transtoyou.com\/da\/\",\"name\":\"Transtoyou - DA\",\"description\":\"\",\"publisher\":{\"@id\":\"https:\/\/www.transtoyou.com\/da\/#organization\"},\"potentialAction\":[{\"@type\":\"SearchAction\",\"target\":{\"@type\":\"EntryPoint\",\"urlTemplate\":\"https:\/\/www.transtoyou.com\/da\/?s={search_term_string}\"},\"query-input\":{\"@type\":\"PropertyValueSpecification\",\"valueRequired\":true,\"valueName\":\"search_term_string\"}}],\"inLanguage\":\"da-DK\"},{\"@type\":\"Organization\",\"@id\":\"https:\/\/www.transtoyou.com\/da\/#organization\",\"name\":\"Transtoyou - DA\",\"url\":\"https:\/\/www.transtoyou.com\/da\/\",\"logo\":{\"@type\":\"ImageObject\",\"inLanguage\":\"da-DK\",\"@id\":\"https:\/\/www.transtoyou.com\/da\/#\/schema\/logo\/image\/\",\"url\":\"https:\/\/www.transtoyou.com\/da\/wp-content\/uploads\/sites\/6\/2026\/01\/logo-tty-menu-bar-300x87-1.webp\",\"contentUrl\":\"https:\/\/www.transtoyou.com\/da\/wp-content\/uploads\/sites\/6\/2026\/01\/logo-tty-menu-bar-300x87-1.webp\",\"width\":300,\"height\":87,\"caption\":\"Transtoyou - DA\"},\"image\":{\"@id\":\"https:\/\/www.transtoyou.com\/da\/#\/schema\/logo\/image\/\"}}]}<\/script>\n<!-- \/ Yoast SEO plugin. -->","yoast_head_json":{"title":"Aciclovir | Effektiv antiviral lindring - Transtoyou","description":"Aciclovir tilg\u00e6ngelig hos Transtoyou, din p\u00e5lidelige kilde til effektiv behandling af virus. Shop nu for hurtig adgang til kvalitets sundhedsprodukter.","robots":{"index":"noindex","follow":"follow","max-snippet":"max-snippet:-1","max-image-preview":"max-image-preview:large","max-video-preview":"max-video-preview:-1"},"og_locale":"da_DK","og_type":"article","og_title":"Aciclovir | Effektiv antiviral lindring - Transtoyou","og_description":"Aciclovir tilg\u00e6ngelig hos Transtoyou, din p\u00e5lidelige kilde til effektiv behandling af virus. Shop nu for hurtig adgang til kvalitets sundhedsprodukter.","og_url":"https:\/\/www.transtoyou.com\/da\/product\/aciclovir\/","og_site_name":"Transtoyou - DA","article_modified_time":"2026-02-01T14:29:03+00:00","twitter_card":"summary_large_image","twitter_misc":{"Estimeret l\u00e6setid":"1 minut"},"schema":{"@context":"https:\/\/schema.org","@graph":[{"@type":"WebPage","@id":"https:\/\/www.transtoyou.com\/da\/product\/aciclovir\/","url":"https:\/\/www.transtoyou.com\/da\/product\/aciclovir\/","name":"Aciclovir | Effektiv antiviral lindring - Transtoyou","isPartOf":{"@id":"https:\/\/www.transtoyou.com\/da\/#website"},"primaryImageOfPage":{"@id":"https:\/\/www.transtoyou.com\/da\/product\/aciclovir\/#primaryimage"},"image":{"@id":"https:\/\/www.transtoyou.com\/da\/product\/aciclovir\/#primaryimage"},"thumbnailUrl":"https:\/\/www.transtoyou.com\/da\/wp-content\/uploads\/sites\/6\/2026\/02\/Aciclovir-mean-image.png","datePublished":"2026-01-22T17:10:00+00:00","dateModified":"2026-02-01T14:29:03+00:00","description":"Aciclovir tilg\u00e6ngelig hos Transtoyou, din p\u00e5lidelige kilde til effektiv behandling af virus. Shop nu for hurtig adgang til kvalitets sundhedsprodukter.","breadcrumb":{"@id":"https:\/\/www.transtoyou.com\/da\/product\/aciclovir\/#breadcrumb"},"inLanguage":"da-DK","potentialAction":[{"@type":"ReadAction","target":["https:\/\/www.transtoyou.com\/da\/product\/aciclovir\/"]}]},{"@type":"ImageObject","inLanguage":"da-DK","@id":"https:\/\/www.transtoyou.com\/da\/product\/aciclovir\/#primaryimage","url":"https:\/\/www.transtoyou.com\/da\/wp-content\/uploads\/sites\/6\/2026\/02\/Aciclovir-mean-image.png","contentUrl":"https:\/\/www.transtoyou.com\/da\/wp-content\/uploads\/sites\/6\/2026\/02\/Aciclovir-mean-image.png","width":1080,"height":1080,"caption":"Aciclovir bestil online - Transtoyou"},{"@type":"WebSite","@id":"https:\/\/www.transtoyou.com\/da\/#website","url":"https:\/\/www.transtoyou.com\/da\/","name":"Transtoyou - DA","description":"","publisher":{"@id":"https:\/\/www.transtoyou.com\/da\/#organization"},"potentialAction":[{"@type":"SearchAction","target":{"@type":"EntryPoint","urlTemplate":"https:\/\/www.transtoyou.com\/da\/?s={search_term_string}"},"query-input":{"@type":"PropertyValueSpecification","valueRequired":true,"valueName":"search_term_string"}}],"inLanguage":"da-DK"},{"@type":"Organization","@id":"https:\/\/www.transtoyou.com\/da\/#organization","name":"Transtoyou - DA","url":"https:\/\/www.transtoyou.com\/da\/","logo":{"@type":"ImageObject","inLanguage":"da-DK","@id":"https:\/\/www.transtoyou.com\/da\/#\/schema\/logo\/image\/","url":"https:\/\/www.transtoyou.com\/da\/wp-content\/uploads\/sites\/6\/2026\/01\/logo-tty-menu-bar-300x87-1.webp","contentUrl":"https:\/\/www.transtoyou.com\/da\/wp-content\/uploads\/sites\/6\/2026\/01\/logo-tty-menu-bar-300x87-1.webp","width":300,"height":87,"caption":"Transtoyou - DA"},"image":{"@id":"https:\/\/www.transtoyou.com\/da\/#\/schema\/logo\/image\/"}}]}},"_links":{"self":[{"href":"https:\/\/www.transtoyou.com\/da\/wp-json\/wp\/v2\/product\/821","targetHints":{"allow":["GET"]}}],"collection":[{"href":"https:\/\/www.transtoyou.com\/da\/wp-json\/wp\/v2\/product"}],"about":[{"href":"https:\/\/www.transtoyou.com\/da\/wp-json\/wp\/v2\/types\/product"}],"replies":[{"embeddable":true,"href":"https:\/\/www.transtoyou.com\/da\/wp-json\/wp\/v2\/comments?post=821"}],"wp:featuredmedia":[{"embeddable":true,"href":"https:\/\/www.transtoyou.com\/da\/wp-json\/wp\/v2\/media\/1407"}],"wp:attachment":[{"href":"https:\/\/www.transtoyou.com\/da\/wp-json\/wp\/v2\/media?parent=821"}],"wp:term":[{"taxonomy":"product_brand","embeddable":true,"href":"https:\/\/www.transtoyou.com\/da\/wp-json\/wp\/v2\/product_brand?post=821"},{"taxonomy":"product_cat","embeddable":true,"href":"https:\/\/www.transtoyou.com\/da\/wp-json\/wp\/v2\/product_cat?post=821"},{"taxonomy":"product_tag","embeddable":true,"href":"https:\/\/www.transtoyou.com\/da\/wp-json\/wp\/v2\/product_tag?post=821"},{"taxonomy":"expert","embeddable":true,"href":"https:\/\/www.transtoyou.com\/da\/wp-json\/wp\/v2\/expert?post=821"}],"curies":[{"name":"wp","href":"https:\/\/api.w.org\/{rel}","templated":true}]}}