{"id":824,"date":"2026-01-22T19:26:18","date_gmt":"2026-01-22T17:26:18","guid":{"rendered":"https:\/\/www.transtoyou.com\/da\/product\/aldara\/"},"modified":"2026-02-12T09:35:26","modified_gmt":"2026-02-12T07:35:26","slug":"aldara","status":"publish","type":"product","link":"https:\/\/www.transtoyou.com\/da\/product\/aldara\/","title":{"rendered":"Aldara"},"content":{"rendered":"<p>Aldara er en topisk creme, der indeholder imiquimod, en immunresponsmodifikator, der bruges til at behandle eksterne genital- og analvorter samt andre typer hudtilstande som almindelige vorter og visse forstadier til kr\u00e6ft eller kr\u00e6ftsygdomme som aktinisk keratosis og overfladisk basocellul\u00e6rt karcinom. Denne creme virker ved at stimulere kroppens immunsystem til at bek\u00e6mpe unormale hudv\u00e6kster for\u00e5rsaget af vira som humant papillomavirus (HPV) eller af solskader.<\/p>\n<p>Den vigtigste ingrediens, imiquimod, opmuntrer huden til at producere naturlige kemikalier som interferon, der hj\u00e6lper med at \u00f8del\u00e6gge de virusinficerede celler. I mods\u00e6tning til behandlinger, der fysisk fjerner vorter, aktiverer Aldara immunsystemet til at genkende og eliminere \u00e5rsagen fra huden indefra. Denne tilgang kan reducere chancen for tilbagefald og bek\u00e6mpe virussen fra selve huden. Denne tilgang reducerer chancen for tilbagefald og er is\u00e6r v\u00e6rdifuld til behandling af sarte omr\u00e5der som genital- eller analregionen.<\/p>\n<p>Aldara p\u00e5f\u00f8res typisk direkte p\u00e5 det ber\u00f8rte omr\u00e5de tre gange om ugen, normalt ved sengetid. Den efterlades p\u00e5 huden i seks til ti timer og vaskes derefter af. Behandlingsvarigheden kan variere, men synlig forbedring kan forventes inden for et par uger. Den fulde behandlingsforl\u00f8b kan vare op til 16 uger, afh\u00e6ngigt af responsen.<\/p>\n<p>Brugere b\u00f8r vaske h\u00e6nderne f\u00f8r og efter p\u00e5f\u00f8ring, og cremen b\u00f8r ikke anvendes p\u00e5 slimhinder eller \u00e5bne s\u00e5r. Almindelige bivirkninger inkluderer mild r\u00f8dme, kl\u00f8e, br\u00e6nden og afskalning p\u00e5 p\u00e5f\u00f8ringsstedet. Disse er normalt midlertidige og kan indikere, at immunresponsen aktiveres. Hvis reaktionen bliver sv\u00e6r, kan behandlingen pauses i et par dage.<\/p>\n","protected":false},"excerpt":{"rendered":"<ul>\n<li>Stimulerer immunrespons<\/li>\n<li>Aktinisk keratosis og overfladisk basocellul\u00e6rt karcinom<\/li>\n<li>Topisk, selvadministreret behandling<\/li>\n<\/ul>\n","protected":false},"featured_media":1531,"comment_status":"open","ping_status":"closed","template":"","meta":[],"product_brand":[],"product_cat":[124,176],"product_tag":[],"expert":[21],"class_list":{"0":"post-824","1":"product","2":"type-product","3":"status-publish","4":"has-post-thumbnail","6":"product_cat-konsvorter","7":"product_cat-vorter","8":"expert-dr-m-sharoyko","10":"first","11":"instock","12":"shipping-taxable","13":"purchasable","14":"product-type-variable"},"yoast_head":"<!-- This site is optimized with the Yoast SEO plugin v27.0 - https:\/\/yoast.com\/product\/yoast-seo-wordpress\/ -->\n<title>Aldara | Ekspertise i Hudpleje - Transtoyou<\/title>\n<meta name=\"description\" content=\"Aldara creme tilg\u00e6ngelig hos Transtoyou, effektiv til specifikke hudtilstande. K\u00f8b nu for en nem l\u00f8sning p\u00e5 dine hudplejebehov.\" \/>\n<meta name=\"robots\" content=\"noindex, follow, max-snippet:-1, max-image-preview:large, max-video-preview:-1\" \/>\n<meta property=\"og:locale\" content=\"da_DK\" \/>\n<meta property=\"og:type\" content=\"article\" \/>\n<meta property=\"og:title\" content=\"Aldara | Ekspertise i Hudpleje - Transtoyou\" \/>\n<meta property=\"og:description\" content=\"Aldara creme tilg\u00e6ngelig hos Transtoyou, effektiv til specifikke hudtilstande. K\u00f8b nu for en nem l\u00f8sning p\u00e5 dine hudplejebehov.\" \/>\n<meta property=\"og:url\" content=\"https:\/\/www.transtoyou.com\/da\/product\/aldara\/\" \/>\n<meta property=\"og:site_name\" content=\"Transtoyou - DA\" \/>\n<meta property=\"article:modified_time\" content=\"2026-02-12T07:35:26+00:00\" \/>\n<meta name=\"twitter:card\" content=\"summary_large_image\" \/>\n<meta name=\"twitter:label1\" content=\"Estimeret l\u00e6setid\" \/>\n\t<meta name=\"twitter:data1\" content=\"1 minut\" \/>\n<script type=\"application\/ld+json\" class=\"yoast-schema-graph\">{\"@context\":\"https:\/\/schema.org\",\"@graph\":[{\"@type\":\"WebPage\",\"@id\":\"https:\/\/www.transtoyou.com\/da\/product\/aldara\/\",\"url\":\"https:\/\/www.transtoyou.com\/da\/product\/aldara\/\",\"name\":\"Aldara | Ekspertise i Hudpleje - Transtoyou\",\"isPartOf\":{\"@id\":\"https:\/\/www.transtoyou.com\/da\/#website\"},\"primaryImageOfPage\":{\"@id\":\"https:\/\/www.transtoyou.com\/da\/product\/aldara\/#primaryimage\"},\"image\":{\"@id\":\"https:\/\/www.transtoyou.com\/da\/product\/aldara\/#primaryimage\"},\"thumbnailUrl\":\"https:\/\/www.transtoyou.com\/da\/wp-content\/uploads\/sites\/6\/2026\/02\/Aldara-5-2.png\",\"datePublished\":\"2026-01-22T17:26:18+00:00\",\"dateModified\":\"2026-02-12T07:35:26+00:00\",\"description\":\"Aldara creme tilg\u00e6ngelig hos Transtoyou, effektiv til specifikke hudtilstande. K\u00f8b nu for en nem l\u00f8sning p\u00e5 dine hudplejebehov.\",\"breadcrumb\":{\"@id\":\"https:\/\/www.transtoyou.com\/da\/product\/aldara\/#breadcrumb\"},\"inLanguage\":\"da-DK\",\"potentialAction\":[{\"@type\":\"ReadAction\",\"target\":[\"https:\/\/www.transtoyou.com\/da\/product\/aldara\/\"]}]},{\"@type\":\"ImageObject\",\"inLanguage\":\"da-DK\",\"@id\":\"https:\/\/www.transtoyou.com\/da\/product\/aldara\/#primaryimage\",\"url\":\"https:\/\/www.transtoyou.com\/da\/wp-content\/uploads\/sites\/6\/2026\/02\/Aldara-5-2.png\",\"contentUrl\":\"https:\/\/www.transtoyou.com\/da\/wp-content\/uploads\/sites\/6\/2026\/02\/Aldara-5-2.png\",\"width\":1080,\"height\":1080,\"caption\":\"Aldara 5% boks 12 stk. creme - Transtoyou\"},{\"@type\":\"WebSite\",\"@id\":\"https:\/\/www.transtoyou.com\/da\/#website\",\"url\":\"https:\/\/www.transtoyou.com\/da\/\",\"name\":\"Transtoyou - DA\",\"description\":\"\",\"publisher\":{\"@id\":\"https:\/\/www.transtoyou.com\/da\/#organization\"},\"potentialAction\":[{\"@type\":\"SearchAction\",\"target\":{\"@type\":\"EntryPoint\",\"urlTemplate\":\"https:\/\/www.transtoyou.com\/da\/?s={search_term_string}\"},\"query-input\":{\"@type\":\"PropertyValueSpecification\",\"valueRequired\":true,\"valueName\":\"search_term_string\"}}],\"inLanguage\":\"da-DK\"},{\"@type\":\"Organization\",\"@id\":\"https:\/\/www.transtoyou.com\/da\/#organization\",\"name\":\"Transtoyou - DA\",\"url\":\"https:\/\/www.transtoyou.com\/da\/\",\"logo\":{\"@type\":\"ImageObject\",\"inLanguage\":\"da-DK\",\"@id\":\"https:\/\/www.transtoyou.com\/da\/#\/schema\/logo\/image\/\",\"url\":\"https:\/\/www.transtoyou.com\/da\/wp-content\/uploads\/sites\/6\/2026\/01\/logo-tty-menu-bar-300x87-1.webp\",\"contentUrl\":\"https:\/\/www.transtoyou.com\/da\/wp-content\/uploads\/sites\/6\/2026\/01\/logo-tty-menu-bar-300x87-1.webp\",\"width\":300,\"height\":87,\"caption\":\"Transtoyou - DA\"},\"image\":{\"@id\":\"https:\/\/www.transtoyou.com\/da\/#\/schema\/logo\/image\/\"}}]}<\/script>\n<!-- \/ Yoast SEO plugin. -->","yoast_head_json":{"title":"Aldara | Ekspertise i Hudpleje - Transtoyou","description":"Aldara creme tilg\u00e6ngelig hos Transtoyou, effektiv til specifikke hudtilstande. K\u00f8b nu for en nem l\u00f8sning p\u00e5 dine hudplejebehov.","robots":{"index":"noindex","follow":"follow","max-snippet":"max-snippet:-1","max-image-preview":"max-image-preview:large","max-video-preview":"max-video-preview:-1"},"og_locale":"da_DK","og_type":"article","og_title":"Aldara | Ekspertise i Hudpleje - Transtoyou","og_description":"Aldara creme tilg\u00e6ngelig hos Transtoyou, effektiv til specifikke hudtilstande. K\u00f8b nu for en nem l\u00f8sning p\u00e5 dine hudplejebehov.","og_url":"https:\/\/www.transtoyou.com\/da\/product\/aldara\/","og_site_name":"Transtoyou - DA","article_modified_time":"2026-02-12T07:35:26+00:00","twitter_card":"summary_large_image","twitter_misc":{"Estimeret l\u00e6setid":"1 minut"},"schema":{"@context":"https:\/\/schema.org","@graph":[{"@type":"WebPage","@id":"https:\/\/www.transtoyou.com\/da\/product\/aldara\/","url":"https:\/\/www.transtoyou.com\/da\/product\/aldara\/","name":"Aldara | Ekspertise i Hudpleje - Transtoyou","isPartOf":{"@id":"https:\/\/www.transtoyou.com\/da\/#website"},"primaryImageOfPage":{"@id":"https:\/\/www.transtoyou.com\/da\/product\/aldara\/#primaryimage"},"image":{"@id":"https:\/\/www.transtoyou.com\/da\/product\/aldara\/#primaryimage"},"thumbnailUrl":"https:\/\/www.transtoyou.com\/da\/wp-content\/uploads\/sites\/6\/2026\/02\/Aldara-5-2.png","datePublished":"2026-01-22T17:26:18+00:00","dateModified":"2026-02-12T07:35:26+00:00","description":"Aldara creme tilg\u00e6ngelig hos Transtoyou, effektiv til specifikke hudtilstande. K\u00f8b nu for en nem l\u00f8sning p\u00e5 dine hudplejebehov.","breadcrumb":{"@id":"https:\/\/www.transtoyou.com\/da\/product\/aldara\/#breadcrumb"},"inLanguage":"da-DK","potentialAction":[{"@type":"ReadAction","target":["https:\/\/www.transtoyou.com\/da\/product\/aldara\/"]}]},{"@type":"ImageObject","inLanguage":"da-DK","@id":"https:\/\/www.transtoyou.com\/da\/product\/aldara\/#primaryimage","url":"https:\/\/www.transtoyou.com\/da\/wp-content\/uploads\/sites\/6\/2026\/02\/Aldara-5-2.png","contentUrl":"https:\/\/www.transtoyou.com\/da\/wp-content\/uploads\/sites\/6\/2026\/02\/Aldara-5-2.png","width":1080,"height":1080,"caption":"Aldara 5% boks 12 stk. creme - Transtoyou"},{"@type":"WebSite","@id":"https:\/\/www.transtoyou.com\/da\/#website","url":"https:\/\/www.transtoyou.com\/da\/","name":"Transtoyou - DA","description":"","publisher":{"@id":"https:\/\/www.transtoyou.com\/da\/#organization"},"potentialAction":[{"@type":"SearchAction","target":{"@type":"EntryPoint","urlTemplate":"https:\/\/www.transtoyou.com\/da\/?s={search_term_string}"},"query-input":{"@type":"PropertyValueSpecification","valueRequired":true,"valueName":"search_term_string"}}],"inLanguage":"da-DK"},{"@type":"Organization","@id":"https:\/\/www.transtoyou.com\/da\/#organization","name":"Transtoyou - DA","url":"https:\/\/www.transtoyou.com\/da\/","logo":{"@type":"ImageObject","inLanguage":"da-DK","@id":"https:\/\/www.transtoyou.com\/da\/#\/schema\/logo\/image\/","url":"https:\/\/www.transtoyou.com\/da\/wp-content\/uploads\/sites\/6\/2026\/01\/logo-tty-menu-bar-300x87-1.webp","contentUrl":"https:\/\/www.transtoyou.com\/da\/wp-content\/uploads\/sites\/6\/2026\/01\/logo-tty-menu-bar-300x87-1.webp","width":300,"height":87,"caption":"Transtoyou - DA"},"image":{"@id":"https:\/\/www.transtoyou.com\/da\/#\/schema\/logo\/image\/"}}]}},"_links":{"self":[{"href":"https:\/\/www.transtoyou.com\/da\/wp-json\/wp\/v2\/product\/824","targetHints":{"allow":["GET"]}}],"collection":[{"href":"https:\/\/www.transtoyou.com\/da\/wp-json\/wp\/v2\/product"}],"about":[{"href":"https:\/\/www.transtoyou.com\/da\/wp-json\/wp\/v2\/types\/product"}],"replies":[{"embeddable":true,"href":"https:\/\/www.transtoyou.com\/da\/wp-json\/wp\/v2\/comments?post=824"}],"wp:featuredmedia":[{"embeddable":true,"href":"https:\/\/www.transtoyou.com\/da\/wp-json\/wp\/v2\/media\/1531"}],"wp:attachment":[{"href":"https:\/\/www.transtoyou.com\/da\/wp-json\/wp\/v2\/media?parent=824"}],"wp:term":[{"taxonomy":"product_brand","embeddable":true,"href":"https:\/\/www.transtoyou.com\/da\/wp-json\/wp\/v2\/product_brand?post=824"},{"taxonomy":"product_cat","embeddable":true,"href":"https:\/\/www.transtoyou.com\/da\/wp-json\/wp\/v2\/product_cat?post=824"},{"taxonomy":"product_tag","embeddable":true,"href":"https:\/\/www.transtoyou.com\/da\/wp-json\/wp\/v2\/product_tag?post=824"},{"taxonomy":"expert","embeddable":true,"href":"https:\/\/www.transtoyou.com\/da\/wp-json\/wp\/v2\/expert?post=824"}],"curies":[{"name":"wp","href":"https:\/\/api.w.org\/{rel}","templated":true}]}}