{"id":827,"date":"2026-01-22T19:42:25","date_gmt":"2026-01-22T17:42:25","guid":{"rendered":"https:\/\/www.transtoyou.com\/da\/product\/metronidazole-flagyl\/"},"modified":"2026-02-25T14:38:48","modified_gmt":"2026-02-25T12:38:48","slug":"metronidazol-flagyl","status":"publish","type":"product","link":"https:\/\/www.transtoyou.com\/da\/product\/metronidazol-flagyl\/","title":{"rendered":"Metronidazol (Flagyl)"},"content":{"rendered":"<p>Metronidazol, ofte kendt under m\u00e6rkenavnet Flagyl, er et meget anvendt antibiotikum og antiprotozoalt l\u00e6gemiddel. Det ordineres ofte til infektioner for\u00e5rsaget af anaerobe bakterier og visse parasitter. En af de prim\u00e6re anvendelser er behandling af trichomoniasis, en almindelig seksuelt overf\u00f8rt infektion for\u00e5rsaget af en protozoan parasit. Derudover er det effektivt til behandling af bakteriel vaginose, b\u00e6kkenbet\u00e6ndelse (som en del af kombinationsbehandling) og infektioner i mave-tarmkanalen og urinvejene.<\/p>\n<p>Metronidazol virker ved at tr\u00e6nge ind i de mikrobielle celler og forstyrre deres DNA. Denne handling forhindrer bakterierne eller protozoerne i at reproducere sig og f\u00f8rer i sidste ende til deres eliminering fra kroppen. L\u00e6gemidlet f\u00e5s i forskellige former, herunder tabletter, topiske geler og vaginale cremer, afh\u00e6ngigt af placeringen og typen af infektion, der behandles.<\/p>\n<p>Typisk tages oral metronidazol en til tre gange dagligt over en periode p\u00e5 5 til 7 dage, selvom kortere eller l\u00e6ngere behandlingsforl\u00f8b kan ordineres. Mange brugere bem\u00e6rker en forbedring af symptomerne inden for f\u00e5 dage, men det er vigtigt at gennemf\u00f8re hele behandlingsforl\u00f8bet, selvom symptomerne forsvinder tidligt.<\/p>\n<p>Almindelige bivirkninger inkluderer kvalme, en metallisk smag og mavebesv\u00e6r. Kombination med alkohol kan f\u00f8re til disulfiram-lignende reaktioner, herunder r\u00f8dme, kvalme, opkastning, hovedpine og hjertebanken. Derfor anbefales det at undg\u00e5 alkohol under behandlingen og i mindst 48 timer efter.<\/p>\n","protected":false},"excerpt":{"rendered":"<ul>\n<li>Retter sig mod anaerobe bakterier og protozoer<\/li>\n<li>Effektiv mod bakterielle, parasit\u00e6re og seksuelt overf\u00f8rte infektioner<\/li>\n<li>Tilg\u00e6ngelig i orale, topiske og vaginale former<\/li>\n<\/ul>\n","protected":false},"featured_media":829,"comment_status":"open","ping_status":"closed","template":"","meta":[],"product_brand":[],"product_cat":[79,172],"product_tag":[],"expert":[21],"class_list":{"0":"post-827","1":"product","2":"type-product","3":"status-publish","4":"has-post-thumbnail","6":"product_cat-antibiotika-infektion","7":"product_cat-trichomoniasis","8":"expert-dr-m-sharoyko","10":"first","11":"instock","12":"shipping-taxable","13":"product-type-variable"},"yoast_head":"<!-- This site is optimized with the Yoast SEO plugin v27.0 - https:\/\/yoast.com\/product\/yoast-seo-wordpress\/ -->\n<title>Metronidazol (Flagyl) | P\u00e5lidelig Antibiotika Behandling - Transtoyou<\/title>\n<meta name=\"description\" content=\"Opdag Metronidazol (Flagyl) hos Transtoyou, effektiv mod infektioner som trichomoniasis. Shop nu for p\u00e5lidelige antibiotiske l\u00f8sninger.\" \/>\n<meta name=\"robots\" content=\"noindex, follow, max-snippet:-1, max-image-preview:large, max-video-preview:-1\" \/>\n<meta property=\"og:locale\" content=\"da_DK\" \/>\n<meta property=\"og:type\" content=\"article\" \/>\n<meta property=\"og:title\" content=\"Metronidazol (Flagyl) | P\u00e5lidelig Antibiotika Behandling - Transtoyou\" \/>\n<meta property=\"og:description\" content=\"Opdag Metronidazol (Flagyl) hos Transtoyou, effektiv mod infektioner som trichomoniasis. Shop nu for p\u00e5lidelige antibiotiske l\u00f8sninger.\" \/>\n<meta property=\"og:url\" content=\"https:\/\/www.transtoyou.com\/da\/product\/metronidazole-flagyl\/\" \/>\n<meta property=\"og:site_name\" content=\"Transtoyou - DA\" \/>\n<meta property=\"article:modified_time\" content=\"2026-02-25T12:38:48+00:00\" \/>\n<meta name=\"twitter:card\" content=\"summary_large_image\" \/>\n<meta name=\"twitter:label1\" content=\"Estimeret l\u00e6setid\" \/>\n\t<meta name=\"twitter:data1\" content=\"1 minut\" \/>\n<script type=\"application\/ld+json\" class=\"yoast-schema-graph\">{\"@context\":\"https:\/\/schema.org\",\"@graph\":[{\"@type\":\"WebPage\",\"@id\":\"https:\/\/www.transtoyou.com\/da\/product\/metronidazole-flagyl\/\",\"url\":\"https:\/\/www.transtoyou.com\/da\/product\/metronidazole-flagyl\/\",\"name\":\"Metronidazol (Flagyl) | P\u00e5lidelig Antibiotika Behandling - Transtoyou\",\"isPartOf\":{\"@id\":\"https:\/\/www.transtoyou.com\/da\/#website\"},\"primaryImageOfPage\":{\"@id\":\"https:\/\/www.transtoyou.com\/da\/product\/metronidazole-flagyl\/#primaryimage\"},\"image\":{\"@id\":\"https:\/\/www.transtoyou.com\/da\/product\/metronidazole-flagyl\/#primaryimage\"},\"thumbnailUrl\":\"https:\/\/www.transtoyou.com\/da\/wp-content\/uploads\/sites\/6\/2026\/01\/tty-no-product-image-19.webp\",\"datePublished\":\"2026-01-22T17:42:25+00:00\",\"dateModified\":\"2026-02-25T12:38:48+00:00\",\"description\":\"Opdag Metronidazol (Flagyl) hos Transtoyou, effektiv mod infektioner som trichomoniasis. Shop nu for p\u00e5lidelige antibiotiske l\u00f8sninger.\",\"breadcrumb\":{\"@id\":\"https:\/\/www.transtoyou.com\/da\/product\/metronidazole-flagyl\/#breadcrumb\"},\"inLanguage\":\"da-DK\",\"potentialAction\":[{\"@type\":\"ReadAction\",\"target\":[\"https:\/\/www.transtoyou.com\/da\/product\/metronidazole-flagyl\/\"]}]},{\"@type\":\"ImageObject\",\"inLanguage\":\"da-DK\",\"@id\":\"https:\/\/www.transtoyou.com\/da\/product\/metronidazole-flagyl\/#primaryimage\",\"url\":\"https:\/\/www.transtoyou.com\/da\/wp-content\/uploads\/sites\/6\/2026\/01\/tty-no-product-image-19.webp\",\"contentUrl\":\"https:\/\/www.transtoyou.com\/da\/wp-content\/uploads\/sites\/6\/2026\/01\/tty-no-product-image-19.webp\",\"width\":1000,\"height\":1000,\"caption\":\"Standard produktbillede\"},{\"@type\":\"WebSite\",\"@id\":\"https:\/\/www.transtoyou.com\/da\/#website\",\"url\":\"https:\/\/www.transtoyou.com\/da\/\",\"name\":\"Transtoyou - DA\",\"description\":\"\",\"publisher\":{\"@id\":\"https:\/\/www.transtoyou.com\/da\/#organization\"},\"potentialAction\":[{\"@type\":\"SearchAction\",\"target\":{\"@type\":\"EntryPoint\",\"urlTemplate\":\"https:\/\/www.transtoyou.com\/da\/?s={search_term_string}\"},\"query-input\":{\"@type\":\"PropertyValueSpecification\",\"valueRequired\":true,\"valueName\":\"search_term_string\"}}],\"inLanguage\":\"da-DK\"},{\"@type\":\"Organization\",\"@id\":\"https:\/\/www.transtoyou.com\/da\/#organization\",\"name\":\"Transtoyou - DA\",\"url\":\"https:\/\/www.transtoyou.com\/da\/\",\"logo\":{\"@type\":\"ImageObject\",\"inLanguage\":\"da-DK\",\"@id\":\"https:\/\/www.transtoyou.com\/da\/#\/schema\/logo\/image\/\",\"url\":\"https:\/\/www.transtoyou.com\/da\/wp-content\/uploads\/sites\/6\/2026\/01\/logo-tty-menu-bar-300x87-1.webp\",\"contentUrl\":\"https:\/\/www.transtoyou.com\/da\/wp-content\/uploads\/sites\/6\/2026\/01\/logo-tty-menu-bar-300x87-1.webp\",\"width\":300,\"height\":87,\"caption\":\"Transtoyou - DA\"},\"image\":{\"@id\":\"https:\/\/www.transtoyou.com\/da\/#\/schema\/logo\/image\/\"}}]}<\/script>\n<!-- \/ Yoast SEO plugin. -->","yoast_head_json":{"title":"Metronidazol (Flagyl) | P\u00e5lidelig Antibiotika Behandling - Transtoyou","description":"Opdag Metronidazol (Flagyl) hos Transtoyou, effektiv mod infektioner som trichomoniasis. Shop nu for p\u00e5lidelige antibiotiske l\u00f8sninger.","robots":{"index":"noindex","follow":"follow","max-snippet":"max-snippet:-1","max-image-preview":"max-image-preview:large","max-video-preview":"max-video-preview:-1"},"og_locale":"da_DK","og_type":"article","og_title":"Metronidazol (Flagyl) | P\u00e5lidelig Antibiotika Behandling - Transtoyou","og_description":"Opdag Metronidazol (Flagyl) hos Transtoyou, effektiv mod infektioner som trichomoniasis. Shop nu for p\u00e5lidelige antibiotiske l\u00f8sninger.","og_url":"https:\/\/www.transtoyou.com\/da\/product\/metronidazole-flagyl\/","og_site_name":"Transtoyou - DA","article_modified_time":"2026-02-25T12:38:48+00:00","twitter_card":"summary_large_image","twitter_misc":{"Estimeret l\u00e6setid":"1 minut"},"schema":{"@context":"https:\/\/schema.org","@graph":[{"@type":"WebPage","@id":"https:\/\/www.transtoyou.com\/da\/product\/metronidazole-flagyl\/","url":"https:\/\/www.transtoyou.com\/da\/product\/metronidazole-flagyl\/","name":"Metronidazol (Flagyl) | P\u00e5lidelig Antibiotika Behandling - Transtoyou","isPartOf":{"@id":"https:\/\/www.transtoyou.com\/da\/#website"},"primaryImageOfPage":{"@id":"https:\/\/www.transtoyou.com\/da\/product\/metronidazole-flagyl\/#primaryimage"},"image":{"@id":"https:\/\/www.transtoyou.com\/da\/product\/metronidazole-flagyl\/#primaryimage"},"thumbnailUrl":"https:\/\/www.transtoyou.com\/da\/wp-content\/uploads\/sites\/6\/2026\/01\/tty-no-product-image-19.webp","datePublished":"2026-01-22T17:42:25+00:00","dateModified":"2026-02-25T12:38:48+00:00","description":"Opdag Metronidazol (Flagyl) hos Transtoyou, effektiv mod infektioner som trichomoniasis. Shop nu for p\u00e5lidelige antibiotiske l\u00f8sninger.","breadcrumb":{"@id":"https:\/\/www.transtoyou.com\/da\/product\/metronidazole-flagyl\/#breadcrumb"},"inLanguage":"da-DK","potentialAction":[{"@type":"ReadAction","target":["https:\/\/www.transtoyou.com\/da\/product\/metronidazole-flagyl\/"]}]},{"@type":"ImageObject","inLanguage":"da-DK","@id":"https:\/\/www.transtoyou.com\/da\/product\/metronidazole-flagyl\/#primaryimage","url":"https:\/\/www.transtoyou.com\/da\/wp-content\/uploads\/sites\/6\/2026\/01\/tty-no-product-image-19.webp","contentUrl":"https:\/\/www.transtoyou.com\/da\/wp-content\/uploads\/sites\/6\/2026\/01\/tty-no-product-image-19.webp","width":1000,"height":1000,"caption":"Standard produktbillede"},{"@type":"WebSite","@id":"https:\/\/www.transtoyou.com\/da\/#website","url":"https:\/\/www.transtoyou.com\/da\/","name":"Transtoyou - DA","description":"","publisher":{"@id":"https:\/\/www.transtoyou.com\/da\/#organization"},"potentialAction":[{"@type":"SearchAction","target":{"@type":"EntryPoint","urlTemplate":"https:\/\/www.transtoyou.com\/da\/?s={search_term_string}"},"query-input":{"@type":"PropertyValueSpecification","valueRequired":true,"valueName":"search_term_string"}}],"inLanguage":"da-DK"},{"@type":"Organization","@id":"https:\/\/www.transtoyou.com\/da\/#organization","name":"Transtoyou - DA","url":"https:\/\/www.transtoyou.com\/da\/","logo":{"@type":"ImageObject","inLanguage":"da-DK","@id":"https:\/\/www.transtoyou.com\/da\/#\/schema\/logo\/image\/","url":"https:\/\/www.transtoyou.com\/da\/wp-content\/uploads\/sites\/6\/2026\/01\/logo-tty-menu-bar-300x87-1.webp","contentUrl":"https:\/\/www.transtoyou.com\/da\/wp-content\/uploads\/sites\/6\/2026\/01\/logo-tty-menu-bar-300x87-1.webp","width":300,"height":87,"caption":"Transtoyou - DA"},"image":{"@id":"https:\/\/www.transtoyou.com\/da\/#\/schema\/logo\/image\/"}}]}},"_links":{"self":[{"href":"https:\/\/www.transtoyou.com\/da\/wp-json\/wp\/v2\/product\/827","targetHints":{"allow":["GET"]}}],"collection":[{"href":"https:\/\/www.transtoyou.com\/da\/wp-json\/wp\/v2\/product"}],"about":[{"href":"https:\/\/www.transtoyou.com\/da\/wp-json\/wp\/v2\/types\/product"}],"replies":[{"embeddable":true,"href":"https:\/\/www.transtoyou.com\/da\/wp-json\/wp\/v2\/comments?post=827"}],"wp:featuredmedia":[{"embeddable":true,"href":"https:\/\/www.transtoyou.com\/da\/wp-json\/wp\/v2\/media\/829"}],"wp:attachment":[{"href":"https:\/\/www.transtoyou.com\/da\/wp-json\/wp\/v2\/media?parent=827"}],"wp:term":[{"taxonomy":"product_brand","embeddable":true,"href":"https:\/\/www.transtoyou.com\/da\/wp-json\/wp\/v2\/product_brand?post=827"},{"taxonomy":"product_cat","embeddable":true,"href":"https:\/\/www.transtoyou.com\/da\/wp-json\/wp\/v2\/product_cat?post=827"},{"taxonomy":"product_tag","embeddable":true,"href":"https:\/\/www.transtoyou.com\/da\/wp-json\/wp\/v2\/product_tag?post=827"},{"taxonomy":"expert","embeddable":true,"href":"https:\/\/www.transtoyou.com\/da\/wp-json\/wp\/v2\/expert?post=827"}],"curies":[{"name":"wp","href":"https:\/\/api.w.org\/{rel}","templated":true}]}}