{"id":833,"date":"2026-01-22T20:14:51","date_gmt":"2026-01-22T18:14:51","guid":{"rendered":"https:\/\/www.transtoyou.com\/da\/product\/zyban\/"},"modified":"2026-03-08T13:50:11","modified_gmt":"2026-03-08T11:50:11","slug":"zyban","status":"publish","type":"product","link":"https:\/\/www.transtoyou.com\/da\/product\/zyban\/","title":{"rendered":"Zyban"},"content":{"rendered":"<p>Zyban er en receptpligtig medicin, der bruges til at hj\u00e6lpe folk med at stoppe med at ryge. Den indeholder bupropion, en forbindelse der oprindeligt blev udviklet som antidepressiv, men som senere blev fundet at reducere nikotinsug og abstinenssymptomer betydeligt. I mods\u00e6tning til nikotinerstatningsterapier indeholder Zyban ikke nikotin. I stedet virker det ved at \u00e6ndre niveauerne af visse neurotransmittere i hjernen, is\u00e6r dopamin og noradrenalin, som er involveret i afh\u00e6ngighed og hum\u00f8rregulering.<\/p>\n<p>Zyban tages som en tablet, typisk startet en til to uger f\u00f8r den planlagte rygestopdato. Dette giver medicinen mulighed for at opbygge sig i systemet og begynde at reducere suget, n\u00e5r rygningen stopper. Behandlingen forts\u00e6tter normalt i 7 til 12 uger, afh\u00e6ngigt af individuel fremgang og l\u00e6gens anbefalinger.<\/p>\n<p>Zyban er is\u00e6r nyttig for personer, der har pr\u00f8vet andre hj\u00e6lpemidler til at stoppe med at ryge uden succes, eller for dem der foretr\u00e6kker en ikke-nikotinbaseret tilgang. N\u00e5r det bruges sammen med adf\u00e6rdsm\u00e6ssig st\u00f8tte, har Zyban vist sig at \u00f8ge chancerne for at stoppe med at ryge betydeligt.<\/p>\n<p>Bivirkninger kan inkludere t\u00f8r mund, s\u00f8vnl\u00f8shed, hovedpine eller \u00e6ndringer i appetit. Det er vigtigt ikke at overskride den ordinerede dosis, da h\u00f8jere doser kan \u00f8ge risikoen for anfald. Zyban b\u00f8r ikke bruges i kombination med andre medicin, der ogs\u00e5 p\u00e5virker serotonin, eller hos personer med en historie med anfald eller spiseforstyrrelser.<\/p>\n","protected":false},"excerpt":{"rendered":"<ul>\n<li>Ikke-nikotin stop-rygning hj\u00e6lpemiddel<\/li>\n<li>Reducerer trang og abstinenser<\/li>\n<li>Begynd 1 uge f\u00f8r stopdato<\/li>\n<\/ul>\n","protected":false},"featured_media":835,"comment_status":"open","ping_status":"closed","template":"","meta":[],"product_brand":[],"product_cat":[166],"product_tag":[],"expert":[16],"class_list":{"0":"post-833","1":"product","2":"type-product","3":"status-publish","4":"has-post-thumbnail","6":"product_cat-rygstop-hjaelpemidler","7":"expert-dr-c-alexandru","9":"first","10":"instock","11":"shipping-taxable","12":"product-type-variable"},"yoast_head":"<!-- This site is optimized with the Yoast SEO plugin v27.0 - https:\/\/yoast.com\/product\/yoast-seo-wordpress\/ -->\n<title>Zyban | Hj\u00e6lp til Rygning Stop - Transtoyou<\/title>\n<meta name=\"description\" content=\"Opdag Zyban hos Transtoyou, din p\u00e5lidelige kilde til sundhedsl\u00f8sninger. Shop nu for effektiv hj\u00e6lp til at stoppe med at ryge. F\u00e5 din i dag!\" \/>\n<meta name=\"robots\" content=\"noindex, follow, max-snippet:-1, max-image-preview:large, max-video-preview:-1\" \/>\n<meta property=\"og:locale\" content=\"da_DK\" \/>\n<meta property=\"og:type\" content=\"article\" \/>\n<meta property=\"og:title\" content=\"Zyban | Hj\u00e6lp til Rygning Stop - Transtoyou\" \/>\n<meta property=\"og:description\" content=\"Opdag Zyban hos Transtoyou, din p\u00e5lidelige kilde til sundhedsl\u00f8sninger. Shop nu for effektiv hj\u00e6lp til at stoppe med at ryge. F\u00e5 din i dag!\" \/>\n<meta property=\"og:url\" content=\"https:\/\/www.transtoyou.com\/da\/product\/zyban\/\" \/>\n<meta property=\"og:site_name\" content=\"Transtoyou - DA\" \/>\n<meta property=\"article:modified_time\" content=\"2026-03-08T11:50:11+00:00\" \/>\n<meta name=\"twitter:card\" content=\"summary_large_image\" \/>\n<meta name=\"twitter:label1\" content=\"Estimeret l\u00e6setid\" \/>\n\t<meta name=\"twitter:data1\" content=\"1 minut\" \/>\n<script type=\"application\/ld+json\" class=\"yoast-schema-graph\">{\"@context\":\"https:\/\/schema.org\",\"@graph\":[{\"@type\":\"WebPage\",\"@id\":\"https:\/\/www.transtoyou.com\/da\/product\/zyban\/\",\"url\":\"https:\/\/www.transtoyou.com\/da\/product\/zyban\/\",\"name\":\"Zyban | Hj\u00e6lp til Rygning Stop - Transtoyou\",\"isPartOf\":{\"@id\":\"https:\/\/www.transtoyou.com\/da\/#website\"},\"primaryImageOfPage\":{\"@id\":\"https:\/\/www.transtoyou.com\/da\/product\/zyban\/#primaryimage\"},\"image\":{\"@id\":\"https:\/\/www.transtoyou.com\/da\/product\/zyban\/#primaryimage\"},\"thumbnailUrl\":\"https:\/\/www.transtoyou.com\/da\/wp-content\/uploads\/sites\/6\/2026\/01\/tty-no-product-image-21.webp\",\"datePublished\":\"2026-01-22T18:14:51+00:00\",\"dateModified\":\"2026-03-08T11:50:11+00:00\",\"description\":\"Opdag Zyban hos Transtoyou, din p\u00e5lidelige kilde til sundhedsl\u00f8sninger. Shop nu for effektiv hj\u00e6lp til at stoppe med at ryge. F\u00e5 din i dag!\",\"breadcrumb\":{\"@id\":\"https:\/\/www.transtoyou.com\/da\/product\/zyban\/#breadcrumb\"},\"inLanguage\":\"da-DK\",\"potentialAction\":[{\"@type\":\"ReadAction\",\"target\":[\"https:\/\/www.transtoyou.com\/da\/product\/zyban\/\"]}]},{\"@type\":\"ImageObject\",\"inLanguage\":\"da-DK\",\"@id\":\"https:\/\/www.transtoyou.com\/da\/product\/zyban\/#primaryimage\",\"url\":\"https:\/\/www.transtoyou.com\/da\/wp-content\/uploads\/sites\/6\/2026\/01\/tty-no-product-image-21.webp\",\"contentUrl\":\"https:\/\/www.transtoyou.com\/da\/wp-content\/uploads\/sites\/6\/2026\/01\/tty-no-product-image-21.webp\",\"width\":1000,\"height\":1000,\"caption\":\"Standard produktbillede\"},{\"@type\":\"WebSite\",\"@id\":\"https:\/\/www.transtoyou.com\/da\/#website\",\"url\":\"https:\/\/www.transtoyou.com\/da\/\",\"name\":\"Transtoyou - DA\",\"description\":\"\",\"publisher\":{\"@id\":\"https:\/\/www.transtoyou.com\/da\/#organization\"},\"potentialAction\":[{\"@type\":\"SearchAction\",\"target\":{\"@type\":\"EntryPoint\",\"urlTemplate\":\"https:\/\/www.transtoyou.com\/da\/?s={search_term_string}\"},\"query-input\":{\"@type\":\"PropertyValueSpecification\",\"valueRequired\":true,\"valueName\":\"search_term_string\"}}],\"inLanguage\":\"da-DK\"},{\"@type\":\"Organization\",\"@id\":\"https:\/\/www.transtoyou.com\/da\/#organization\",\"name\":\"Transtoyou - DA\",\"url\":\"https:\/\/www.transtoyou.com\/da\/\",\"logo\":{\"@type\":\"ImageObject\",\"inLanguage\":\"da-DK\",\"@id\":\"https:\/\/www.transtoyou.com\/da\/#\/schema\/logo\/image\/\",\"url\":\"https:\/\/www.transtoyou.com\/da\/wp-content\/uploads\/sites\/6\/2026\/01\/logo-tty-menu-bar-300x87-1.webp\",\"contentUrl\":\"https:\/\/www.transtoyou.com\/da\/wp-content\/uploads\/sites\/6\/2026\/01\/logo-tty-menu-bar-300x87-1.webp\",\"width\":300,\"height\":87,\"caption\":\"Transtoyou - DA\"},\"image\":{\"@id\":\"https:\/\/www.transtoyou.com\/da\/#\/schema\/logo\/image\/\"}}]}<\/script>\n<!-- \/ Yoast SEO plugin. -->","yoast_head_json":{"title":"Zyban | Hj\u00e6lp til Rygning Stop - Transtoyou","description":"Opdag Zyban hos Transtoyou, din p\u00e5lidelige kilde til sundhedsl\u00f8sninger. Shop nu for effektiv hj\u00e6lp til at stoppe med at ryge. F\u00e5 din i dag!","robots":{"index":"noindex","follow":"follow","max-snippet":"max-snippet:-1","max-image-preview":"max-image-preview:large","max-video-preview":"max-video-preview:-1"},"og_locale":"da_DK","og_type":"article","og_title":"Zyban | Hj\u00e6lp til Rygning Stop - Transtoyou","og_description":"Opdag Zyban hos Transtoyou, din p\u00e5lidelige kilde til sundhedsl\u00f8sninger. Shop nu for effektiv hj\u00e6lp til at stoppe med at ryge. F\u00e5 din i dag!","og_url":"https:\/\/www.transtoyou.com\/da\/product\/zyban\/","og_site_name":"Transtoyou - DA","article_modified_time":"2026-03-08T11:50:11+00:00","twitter_card":"summary_large_image","twitter_misc":{"Estimeret l\u00e6setid":"1 minut"},"schema":{"@context":"https:\/\/schema.org","@graph":[{"@type":"WebPage","@id":"https:\/\/www.transtoyou.com\/da\/product\/zyban\/","url":"https:\/\/www.transtoyou.com\/da\/product\/zyban\/","name":"Zyban | Hj\u00e6lp til Rygning Stop - Transtoyou","isPartOf":{"@id":"https:\/\/www.transtoyou.com\/da\/#website"},"primaryImageOfPage":{"@id":"https:\/\/www.transtoyou.com\/da\/product\/zyban\/#primaryimage"},"image":{"@id":"https:\/\/www.transtoyou.com\/da\/product\/zyban\/#primaryimage"},"thumbnailUrl":"https:\/\/www.transtoyou.com\/da\/wp-content\/uploads\/sites\/6\/2026\/01\/tty-no-product-image-21.webp","datePublished":"2026-01-22T18:14:51+00:00","dateModified":"2026-03-08T11:50:11+00:00","description":"Opdag Zyban hos Transtoyou, din p\u00e5lidelige kilde til sundhedsl\u00f8sninger. Shop nu for effektiv hj\u00e6lp til at stoppe med at ryge. F\u00e5 din i dag!","breadcrumb":{"@id":"https:\/\/www.transtoyou.com\/da\/product\/zyban\/#breadcrumb"},"inLanguage":"da-DK","potentialAction":[{"@type":"ReadAction","target":["https:\/\/www.transtoyou.com\/da\/product\/zyban\/"]}]},{"@type":"ImageObject","inLanguage":"da-DK","@id":"https:\/\/www.transtoyou.com\/da\/product\/zyban\/#primaryimage","url":"https:\/\/www.transtoyou.com\/da\/wp-content\/uploads\/sites\/6\/2026\/01\/tty-no-product-image-21.webp","contentUrl":"https:\/\/www.transtoyou.com\/da\/wp-content\/uploads\/sites\/6\/2026\/01\/tty-no-product-image-21.webp","width":1000,"height":1000,"caption":"Standard produktbillede"},{"@type":"WebSite","@id":"https:\/\/www.transtoyou.com\/da\/#website","url":"https:\/\/www.transtoyou.com\/da\/","name":"Transtoyou - DA","description":"","publisher":{"@id":"https:\/\/www.transtoyou.com\/da\/#organization"},"potentialAction":[{"@type":"SearchAction","target":{"@type":"EntryPoint","urlTemplate":"https:\/\/www.transtoyou.com\/da\/?s={search_term_string}"},"query-input":{"@type":"PropertyValueSpecification","valueRequired":true,"valueName":"search_term_string"}}],"inLanguage":"da-DK"},{"@type":"Organization","@id":"https:\/\/www.transtoyou.com\/da\/#organization","name":"Transtoyou - DA","url":"https:\/\/www.transtoyou.com\/da\/","logo":{"@type":"ImageObject","inLanguage":"da-DK","@id":"https:\/\/www.transtoyou.com\/da\/#\/schema\/logo\/image\/","url":"https:\/\/www.transtoyou.com\/da\/wp-content\/uploads\/sites\/6\/2026\/01\/logo-tty-menu-bar-300x87-1.webp","contentUrl":"https:\/\/www.transtoyou.com\/da\/wp-content\/uploads\/sites\/6\/2026\/01\/logo-tty-menu-bar-300x87-1.webp","width":300,"height":87,"caption":"Transtoyou - DA"},"image":{"@id":"https:\/\/www.transtoyou.com\/da\/#\/schema\/logo\/image\/"}}]}},"_links":{"self":[{"href":"https:\/\/www.transtoyou.com\/da\/wp-json\/wp\/v2\/product\/833","targetHints":{"allow":["GET"]}}],"collection":[{"href":"https:\/\/www.transtoyou.com\/da\/wp-json\/wp\/v2\/product"}],"about":[{"href":"https:\/\/www.transtoyou.com\/da\/wp-json\/wp\/v2\/types\/product"}],"replies":[{"embeddable":true,"href":"https:\/\/www.transtoyou.com\/da\/wp-json\/wp\/v2\/comments?post=833"}],"wp:featuredmedia":[{"embeddable":true,"href":"https:\/\/www.transtoyou.com\/da\/wp-json\/wp\/v2\/media\/835"}],"wp:attachment":[{"href":"https:\/\/www.transtoyou.com\/da\/wp-json\/wp\/v2\/media?parent=833"}],"wp:term":[{"taxonomy":"product_brand","embeddable":true,"href":"https:\/\/www.transtoyou.com\/da\/wp-json\/wp\/v2\/product_brand?post=833"},{"taxonomy":"product_cat","embeddable":true,"href":"https:\/\/www.transtoyou.com\/da\/wp-json\/wp\/v2\/product_cat?post=833"},{"taxonomy":"product_tag","embeddable":true,"href":"https:\/\/www.transtoyou.com\/da\/wp-json\/wp\/v2\/product_tag?post=833"},{"taxonomy":"expert","embeddable":true,"href":"https:\/\/www.transtoyou.com\/da\/wp-json\/wp\/v2\/expert?post=833"}],"curies":[{"name":"wp","href":"https:\/\/api.w.org\/{rel}","templated":true}]}}