{"id":836,"date":"2026-01-22T20:31:13","date_gmt":"2026-01-22T18:31:13","guid":{"rendered":"https:\/\/www.transtoyou.com\/da\/product\/nicorette\/"},"modified":"2026-02-17T14:30:21","modified_gmt":"2026-02-17T12:30:21","slug":"nicorette","status":"publish","type":"product","link":"https:\/\/www.transtoyou.com\/da\/product\/nicorette\/","title":{"rendered":"Nicorette"},"content":{"rendered":"<p>Nicorette er et velkendt m\u00e6rke inden for nikotinerstatningsterapi (NRT), der er designet til at st\u00f8tte personer, der fors\u00f8ger at stoppe med at ryge. Det f\u00e5s i forskellige former. Nicorette leverer kontrollerede m\u00e6ngder nikotin til kroppen uden de skadelige stoffer, der findes i cigaretter. Dette hj\u00e6lper med at reducere abstinenssymptomer og trang, hvilket g\u00f8r overgangen v\u00e6k fra rygning mere h\u00e5ndterbar.<\/p>\n<p>Ved gradvist at s\u00e6nke kroppens afh\u00e6ngighed af nikotin giver Nicorette rygere mulighed for at fokusere p\u00e5 at bryde den adf\u00e6rdsm\u00e6ssige vane med rygning uden at opleve intense fysiske abstinenser. Hvert Nicorette-produkt tilbyder en fleksibel m\u00e5de at tilpasse stopplanen til individuelle pr\u00e6ferencer og livsstile. For eksempel giver plaster en j\u00e6vn nikotintilf\u00f8rsel hele dagen, mens tyggegummi eller pastiller tilbyder mere \u00f8jeblikkelig lindring under trang.<\/p>\n<p>Nicorette-produkter bruges typisk i en periode p\u00e5 8 til 12 uger, med doseringen, der gradvist reduceres over tid. De kan bruges alene eller i kombination, for eksempel ved at kombinere et plaster med tyggegummi.<\/p>\n<p>Bivirkninger kan omfatte mild irritation i halsen eller munden, hikke, hudf\u00f8lsomhed (fra plaster) eller mavebesv\u00e6r. Disse effekter er normalt midlertidige. Nicorette anbefales ikke under graviditet eller amning, medmindre det er godkendt af en l\u00e6ge.<\/p>\n","protected":false},"excerpt":{"rendered":"<ul>\n<li>Reducerer nikotinafh\u00e6ngighed<\/li>\n<li>Flere formater tilg\u00e6ngelige<\/li>\n<li>Hj\u00e6lper med at stoppe med at ryge gradvist<\/li>\n<\/ul>\n","protected":false},"featured_media":838,"comment_status":"open","ping_status":"closed","template":"","meta":[],"product_brand":[],"product_cat":[166],"product_tag":[],"expert":[16],"class_list":{"0":"post-836","1":"product","2":"type-product","3":"status-publish","4":"has-post-thumbnail","6":"product_cat-rygstop-hjaelpemidler","7":"expert-dr-c-alexandru","9":"first","10":"instock","11":"shipping-taxable","12":"purchasable","13":"product-type-variable"},"yoast_head":"<!-- This site is optimized with the Yoast SEO plugin v27.0 - https:\/\/yoast.com\/product\/yoast-seo-wordpress\/ -->\n<title>Nicorette | Hj\u00e6lp til at Stoppe med at Ryge &amp; Lindre Trang - Transtoyou<\/title>\n<meta name=\"description\" content=\"Nicorette, tilg\u00e6ngelig hos Transtoyou, hj\u00e6lper med at lindre rygeabstinenser ved at levere kontrolleret nikotin. Shop nu for fleksible stopplaner skr\u00e6ddersyet til dig.\" \/>\n<meta name=\"robots\" content=\"noindex, follow, max-snippet:-1, max-image-preview:large, max-video-preview:-1\" \/>\n<meta property=\"og:locale\" content=\"da_DK\" \/>\n<meta property=\"og:type\" content=\"article\" \/>\n<meta property=\"og:title\" content=\"Nicorette | Hj\u00e6lp til at Stoppe med at Ryge &amp; Lindre Trang - Transtoyou\" \/>\n<meta property=\"og:description\" content=\"Nicorette, tilg\u00e6ngelig hos Transtoyou, hj\u00e6lper med at lindre rygeabstinenser ved at levere kontrolleret nikotin. Shop nu for fleksible stopplaner skr\u00e6ddersyet til dig.\" \/>\n<meta property=\"og:url\" content=\"https:\/\/www.transtoyou.com\/da\/product\/nicorette\/\" \/>\n<meta property=\"og:site_name\" content=\"Transtoyou - DA\" \/>\n<meta property=\"article:modified_time\" content=\"2026-02-17T12:30:21+00:00\" \/>\n<meta name=\"twitter:card\" content=\"summary_large_image\" \/>\n<meta name=\"twitter:label1\" content=\"Estimeret l\u00e6setid\" \/>\n\t<meta name=\"twitter:data1\" content=\"1 minut\" \/>\n<script type=\"application\/ld+json\" class=\"yoast-schema-graph\">{\"@context\":\"https:\/\/schema.org\",\"@graph\":[{\"@type\":\"WebPage\",\"@id\":\"https:\/\/www.transtoyou.com\/da\/product\/nicorette\/\",\"url\":\"https:\/\/www.transtoyou.com\/da\/product\/nicorette\/\",\"name\":\"Nicorette | Hj\u00e6lp til at Stoppe med at Ryge & Lindre Trang - Transtoyou\",\"isPartOf\":{\"@id\":\"https:\/\/www.transtoyou.com\/da\/#website\"},\"primaryImageOfPage\":{\"@id\":\"https:\/\/www.transtoyou.com\/da\/product\/nicorette\/#primaryimage\"},\"image\":{\"@id\":\"https:\/\/www.transtoyou.com\/da\/product\/nicorette\/#primaryimage\"},\"thumbnailUrl\":\"https:\/\/www.transtoyou.com\/da\/wp-content\/uploads\/sites\/6\/2026\/01\/tty-no-product-image-22.webp\",\"datePublished\":\"2026-01-22T18:31:13+00:00\",\"dateModified\":\"2026-02-17T12:30:21+00:00\",\"description\":\"Nicorette, tilg\u00e6ngelig hos Transtoyou, hj\u00e6lper med at lindre rygeabstinenser ved at levere kontrolleret nikotin. Shop nu for fleksible stopplaner skr\u00e6ddersyet til dig.\",\"breadcrumb\":{\"@id\":\"https:\/\/www.transtoyou.com\/da\/product\/nicorette\/#breadcrumb\"},\"inLanguage\":\"da-DK\",\"potentialAction\":[{\"@type\":\"ReadAction\",\"target\":[\"https:\/\/www.transtoyou.com\/da\/product\/nicorette\/\"]}]},{\"@type\":\"ImageObject\",\"inLanguage\":\"da-DK\",\"@id\":\"https:\/\/www.transtoyou.com\/da\/product\/nicorette\/#primaryimage\",\"url\":\"https:\/\/www.transtoyou.com\/da\/wp-content\/uploads\/sites\/6\/2026\/01\/tty-no-product-image-22.webp\",\"contentUrl\":\"https:\/\/www.transtoyou.com\/da\/wp-content\/uploads\/sites\/6\/2026\/01\/tty-no-product-image-22.webp\",\"width\":1000,\"height\":1000,\"caption\":\"Standard produktbillede\"},{\"@type\":\"WebSite\",\"@id\":\"https:\/\/www.transtoyou.com\/da\/#website\",\"url\":\"https:\/\/www.transtoyou.com\/da\/\",\"name\":\"Transtoyou - DA\",\"description\":\"\",\"publisher\":{\"@id\":\"https:\/\/www.transtoyou.com\/da\/#organization\"},\"potentialAction\":[{\"@type\":\"SearchAction\",\"target\":{\"@type\":\"EntryPoint\",\"urlTemplate\":\"https:\/\/www.transtoyou.com\/da\/?s={search_term_string}\"},\"query-input\":{\"@type\":\"PropertyValueSpecification\",\"valueRequired\":true,\"valueName\":\"search_term_string\"}}],\"inLanguage\":\"da-DK\"},{\"@type\":\"Organization\",\"@id\":\"https:\/\/www.transtoyou.com\/da\/#organization\",\"name\":\"Transtoyou - DA\",\"url\":\"https:\/\/www.transtoyou.com\/da\/\",\"logo\":{\"@type\":\"ImageObject\",\"inLanguage\":\"da-DK\",\"@id\":\"https:\/\/www.transtoyou.com\/da\/#\/schema\/logo\/image\/\",\"url\":\"https:\/\/www.transtoyou.com\/da\/wp-content\/uploads\/sites\/6\/2026\/01\/logo-tty-menu-bar-300x87-1.webp\",\"contentUrl\":\"https:\/\/www.transtoyou.com\/da\/wp-content\/uploads\/sites\/6\/2026\/01\/logo-tty-menu-bar-300x87-1.webp\",\"width\":300,\"height\":87,\"caption\":\"Transtoyou - DA\"},\"image\":{\"@id\":\"https:\/\/www.transtoyou.com\/da\/#\/schema\/logo\/image\/\"}}]}<\/script>\n<!-- \/ Yoast SEO plugin. -->","yoast_head_json":{"title":"Nicorette | Hj\u00e6lp til at Stoppe med at Ryge & Lindre Trang - Transtoyou","description":"Nicorette, tilg\u00e6ngelig hos Transtoyou, hj\u00e6lper med at lindre rygeabstinenser ved at levere kontrolleret nikotin. Shop nu for fleksible stopplaner skr\u00e6ddersyet til dig.","robots":{"index":"noindex","follow":"follow","max-snippet":"max-snippet:-1","max-image-preview":"max-image-preview:large","max-video-preview":"max-video-preview:-1"},"og_locale":"da_DK","og_type":"article","og_title":"Nicorette | Hj\u00e6lp til at Stoppe med at Ryge & Lindre Trang - Transtoyou","og_description":"Nicorette, tilg\u00e6ngelig hos Transtoyou, hj\u00e6lper med at lindre rygeabstinenser ved at levere kontrolleret nikotin. Shop nu for fleksible stopplaner skr\u00e6ddersyet til dig.","og_url":"https:\/\/www.transtoyou.com\/da\/product\/nicorette\/","og_site_name":"Transtoyou - DA","article_modified_time":"2026-02-17T12:30:21+00:00","twitter_card":"summary_large_image","twitter_misc":{"Estimeret l\u00e6setid":"1 minut"},"schema":{"@context":"https:\/\/schema.org","@graph":[{"@type":"WebPage","@id":"https:\/\/www.transtoyou.com\/da\/product\/nicorette\/","url":"https:\/\/www.transtoyou.com\/da\/product\/nicorette\/","name":"Nicorette | Hj\u00e6lp til at Stoppe med at Ryge & Lindre Trang - Transtoyou","isPartOf":{"@id":"https:\/\/www.transtoyou.com\/da\/#website"},"primaryImageOfPage":{"@id":"https:\/\/www.transtoyou.com\/da\/product\/nicorette\/#primaryimage"},"image":{"@id":"https:\/\/www.transtoyou.com\/da\/product\/nicorette\/#primaryimage"},"thumbnailUrl":"https:\/\/www.transtoyou.com\/da\/wp-content\/uploads\/sites\/6\/2026\/01\/tty-no-product-image-22.webp","datePublished":"2026-01-22T18:31:13+00:00","dateModified":"2026-02-17T12:30:21+00:00","description":"Nicorette, tilg\u00e6ngelig hos Transtoyou, hj\u00e6lper med at lindre rygeabstinenser ved at levere kontrolleret nikotin. Shop nu for fleksible stopplaner skr\u00e6ddersyet til dig.","breadcrumb":{"@id":"https:\/\/www.transtoyou.com\/da\/product\/nicorette\/#breadcrumb"},"inLanguage":"da-DK","potentialAction":[{"@type":"ReadAction","target":["https:\/\/www.transtoyou.com\/da\/product\/nicorette\/"]}]},{"@type":"ImageObject","inLanguage":"da-DK","@id":"https:\/\/www.transtoyou.com\/da\/product\/nicorette\/#primaryimage","url":"https:\/\/www.transtoyou.com\/da\/wp-content\/uploads\/sites\/6\/2026\/01\/tty-no-product-image-22.webp","contentUrl":"https:\/\/www.transtoyou.com\/da\/wp-content\/uploads\/sites\/6\/2026\/01\/tty-no-product-image-22.webp","width":1000,"height":1000,"caption":"Standard produktbillede"},{"@type":"WebSite","@id":"https:\/\/www.transtoyou.com\/da\/#website","url":"https:\/\/www.transtoyou.com\/da\/","name":"Transtoyou - DA","description":"","publisher":{"@id":"https:\/\/www.transtoyou.com\/da\/#organization"},"potentialAction":[{"@type":"SearchAction","target":{"@type":"EntryPoint","urlTemplate":"https:\/\/www.transtoyou.com\/da\/?s={search_term_string}"},"query-input":{"@type":"PropertyValueSpecification","valueRequired":true,"valueName":"search_term_string"}}],"inLanguage":"da-DK"},{"@type":"Organization","@id":"https:\/\/www.transtoyou.com\/da\/#organization","name":"Transtoyou - DA","url":"https:\/\/www.transtoyou.com\/da\/","logo":{"@type":"ImageObject","inLanguage":"da-DK","@id":"https:\/\/www.transtoyou.com\/da\/#\/schema\/logo\/image\/","url":"https:\/\/www.transtoyou.com\/da\/wp-content\/uploads\/sites\/6\/2026\/01\/logo-tty-menu-bar-300x87-1.webp","contentUrl":"https:\/\/www.transtoyou.com\/da\/wp-content\/uploads\/sites\/6\/2026\/01\/logo-tty-menu-bar-300x87-1.webp","width":300,"height":87,"caption":"Transtoyou - DA"},"image":{"@id":"https:\/\/www.transtoyou.com\/da\/#\/schema\/logo\/image\/"}}]}},"_links":{"self":[{"href":"https:\/\/www.transtoyou.com\/da\/wp-json\/wp\/v2\/product\/836","targetHints":{"allow":["GET"]}}],"collection":[{"href":"https:\/\/www.transtoyou.com\/da\/wp-json\/wp\/v2\/product"}],"about":[{"href":"https:\/\/www.transtoyou.com\/da\/wp-json\/wp\/v2\/types\/product"}],"replies":[{"embeddable":true,"href":"https:\/\/www.transtoyou.com\/da\/wp-json\/wp\/v2\/comments?post=836"}],"wp:featuredmedia":[{"embeddable":true,"href":"https:\/\/www.transtoyou.com\/da\/wp-json\/wp\/v2\/media\/838"}],"wp:attachment":[{"href":"https:\/\/www.transtoyou.com\/da\/wp-json\/wp\/v2\/media?parent=836"}],"wp:term":[{"taxonomy":"product_brand","embeddable":true,"href":"https:\/\/www.transtoyou.com\/da\/wp-json\/wp\/v2\/product_brand?post=836"},{"taxonomy":"product_cat","embeddable":true,"href":"https:\/\/www.transtoyou.com\/da\/wp-json\/wp\/v2\/product_cat?post=836"},{"taxonomy":"product_tag","embeddable":true,"href":"https:\/\/www.transtoyou.com\/da\/wp-json\/wp\/v2\/product_tag?post=836"},{"taxonomy":"expert","embeddable":true,"href":"https:\/\/www.transtoyou.com\/da\/wp-json\/wp\/v2\/expert?post=836"}],"curies":[{"name":"wp","href":"https:\/\/api.w.org\/{rel}","templated":true}]}}