{"id":839,"date":"2026-01-22T20:47:30","date_gmt":"2026-01-22T18:47:30","guid":{"rendered":"https:\/\/www.transtoyou.com\/da\/product\/decigatan\/"},"modified":"2026-02-14T10:48:46","modified_gmt":"2026-02-14T08:48:46","slug":"decigatan","status":"publish","type":"product","link":"https:\/\/www.transtoyou.com\/da\/product\/decigatan\/","title":{"rendered":"Decigatan"},"content":{"rendered":"<p>Decigatan er en receptpligtig medicin designet til at st\u00f8tte personer, der \u00f8nsker at stoppe med at ryge. Den indeholder cytisin, en plantebaseret forbindelse, der hj\u00e6lper med at reducere trang og abstinenssymptomer ved delvist at stimulere nikotinreceptorerne i hjernen. Denne handling letter overgangen v\u00e6k fra nikotinafh\u00e6ngighed og reducerer de bel\u00f8nnende effekter af rygning.<\/p>\n<p>I mods\u00e6tning til nikotinerstatningsterapier, der leverer nikotin til kroppen, virker Decigatan ved at efterligne nogle af nikotins effekter, mens den blokerer for dens st\u00e6rkere afh\u00e6ngighedsskabende egenskaber. Denne dobbelte mekanisme hj\u00e6lper rygere med gradvist at reducere deres afh\u00e6ngighed af cigaretter, mens de oplever f\u00e6rre trang og mindre ubehag under afv\u00e6nningsprocessen.<\/p>\n<p>Decigatan tages typisk over en 25-dages behandlingsforl\u00f8b med en gradvist faldende dosis. I l\u00f8bet af denne tid opfordres brugerne til helt at stoppe med at ryge inden for de f\u00f8rste fem dage. Den strukturerede behandlingsplan underst\u00f8tter b\u00e5de fysisk og psykisk abstinens, hvilket g\u00f8r det lettere at bryde ryggevane.<\/p>\n<p>De fleste brugere t\u00e5ler Decigatan godt, selvom nogle kan opleve milde bivirkninger som kvalme, t\u00f8r mund eller s\u00f8vnforstyrrelser. Som med enhver medicin er det vigtigt n\u00f8je at f\u00f8lge doseringsplanen og undg\u00e5 at ryge, mens man tager behandlingen, da kombinationen af begge kan f\u00f8re til bivirkninger eller nedsat effektivitet.<\/p>\n<p>Decigatan anbefales ikke under graviditet eller amning og b\u00f8r ikke anvendes af personer med visse medicinske tilstande uden l\u00e6gelig vejledning.<\/p>\n","protected":false},"excerpt":{"rendered":"<ul>\n<li>Reducerer nikotinafh\u00e6ngighed<\/li>\n<li>25-dages behandlingsforl\u00f8b<\/li>\n<li>Plantebaseret aktiv ingrediens<\/li>\n<\/ul>\n","protected":false},"featured_media":841,"comment_status":"open","ping_status":"closed","template":"","meta":[],"product_brand":[],"product_cat":[166],"product_tag":[],"expert":[16],"class_list":{"0":"post-839","1":"product","2":"type-product","3":"status-publish","4":"has-post-thumbnail","6":"product_cat-rygstop-hjaelpemidler","7":"expert-dr-c-alexandru","9":"first","10":"instock","11":"shipping-taxable","12":"purchasable","13":"product-type-variable"},"yoast_head":"<!-- This site is optimized with the Yoast SEO plugin v27.0 - https:\/\/yoast.com\/product\/yoast-seo-wordpress\/ -->\n<title>Decigatan | St\u00f8tte til at Stoppe med at Ryge - Transtoyou<\/title>\n<meta name=\"description\" content=\"Decigatan, et receptmiddel til at stoppe med at ryge, reducerer trang og abstinenser. Konsulter vores l\u00e6ger for en skr\u00e6ddersyet behandlingsplan.\" \/>\n<meta name=\"robots\" content=\"noindex, follow, max-snippet:-1, max-image-preview:large, max-video-preview:-1\" \/>\n<meta property=\"og:locale\" content=\"da_DK\" \/>\n<meta property=\"og:type\" content=\"article\" \/>\n<meta property=\"og:title\" content=\"Decigatan | St\u00f8tte til at Stoppe med at Ryge - Transtoyou\" \/>\n<meta property=\"og:description\" content=\"Decigatan, et receptmiddel til at stoppe med at ryge, reducerer trang og abstinenser. Konsulter vores l\u00e6ger for en skr\u00e6ddersyet behandlingsplan.\" \/>\n<meta property=\"og:url\" content=\"https:\/\/www.transtoyou.com\/da\/product\/decigatan\/\" \/>\n<meta property=\"og:site_name\" content=\"Transtoyou - DA\" \/>\n<meta property=\"article:modified_time\" content=\"2026-02-14T08:48:46+00:00\" \/>\n<meta name=\"twitter:card\" content=\"summary_large_image\" \/>\n<meta name=\"twitter:label1\" content=\"Estimeret l\u00e6setid\" \/>\n\t<meta name=\"twitter:data1\" content=\"1 minut\" \/>\n<script type=\"application\/ld+json\" class=\"yoast-schema-graph\">{\"@context\":\"https:\/\/schema.org\",\"@graph\":[{\"@type\":\"WebPage\",\"@id\":\"https:\/\/www.transtoyou.com\/da\/product\/decigatan\/\",\"url\":\"https:\/\/www.transtoyou.com\/da\/product\/decigatan\/\",\"name\":\"Decigatan | St\u00f8tte til at Stoppe med at Ryge - Transtoyou\",\"isPartOf\":{\"@id\":\"https:\/\/www.transtoyou.com\/da\/#website\"},\"primaryImageOfPage\":{\"@id\":\"https:\/\/www.transtoyou.com\/da\/product\/decigatan\/#primaryimage\"},\"image\":{\"@id\":\"https:\/\/www.transtoyou.com\/da\/product\/decigatan\/#primaryimage\"},\"thumbnailUrl\":\"https:\/\/www.transtoyou.com\/da\/wp-content\/uploads\/sites\/6\/2026\/01\/tty-no-product-image-23.webp\",\"datePublished\":\"2026-01-22T18:47:30+00:00\",\"dateModified\":\"2026-02-14T08:48:46+00:00\",\"description\":\"Decigatan, et receptmiddel til at stoppe med at ryge, reducerer trang og abstinenser. Konsulter vores l\u00e6ger for en skr\u00e6ddersyet behandlingsplan.\",\"breadcrumb\":{\"@id\":\"https:\/\/www.transtoyou.com\/da\/product\/decigatan\/#breadcrumb\"},\"inLanguage\":\"da-DK\",\"potentialAction\":[{\"@type\":\"ReadAction\",\"target\":[\"https:\/\/www.transtoyou.com\/da\/product\/decigatan\/\"]}]},{\"@type\":\"ImageObject\",\"inLanguage\":\"da-DK\",\"@id\":\"https:\/\/www.transtoyou.com\/da\/product\/decigatan\/#primaryimage\",\"url\":\"https:\/\/www.transtoyou.com\/da\/wp-content\/uploads\/sites\/6\/2026\/01\/tty-no-product-image-23.webp\",\"contentUrl\":\"https:\/\/www.transtoyou.com\/da\/wp-content\/uploads\/sites\/6\/2026\/01\/tty-no-product-image-23.webp\",\"width\":1000,\"height\":1000,\"caption\":\"Standard produktbillede\"},{\"@type\":\"WebSite\",\"@id\":\"https:\/\/www.transtoyou.com\/da\/#website\",\"url\":\"https:\/\/www.transtoyou.com\/da\/\",\"name\":\"Transtoyou - DA\",\"description\":\"\",\"publisher\":{\"@id\":\"https:\/\/www.transtoyou.com\/da\/#organization\"},\"potentialAction\":[{\"@type\":\"SearchAction\",\"target\":{\"@type\":\"EntryPoint\",\"urlTemplate\":\"https:\/\/www.transtoyou.com\/da\/?s={search_term_string}\"},\"query-input\":{\"@type\":\"PropertyValueSpecification\",\"valueRequired\":true,\"valueName\":\"search_term_string\"}}],\"inLanguage\":\"da-DK\"},{\"@type\":\"Organization\",\"@id\":\"https:\/\/www.transtoyou.com\/da\/#organization\",\"name\":\"Transtoyou - DA\",\"url\":\"https:\/\/www.transtoyou.com\/da\/\",\"logo\":{\"@type\":\"ImageObject\",\"inLanguage\":\"da-DK\",\"@id\":\"https:\/\/www.transtoyou.com\/da\/#\/schema\/logo\/image\/\",\"url\":\"https:\/\/www.transtoyou.com\/da\/wp-content\/uploads\/sites\/6\/2026\/01\/logo-tty-menu-bar-300x87-1.webp\",\"contentUrl\":\"https:\/\/www.transtoyou.com\/da\/wp-content\/uploads\/sites\/6\/2026\/01\/logo-tty-menu-bar-300x87-1.webp\",\"width\":300,\"height\":87,\"caption\":\"Transtoyou - DA\"},\"image\":{\"@id\":\"https:\/\/www.transtoyou.com\/da\/#\/schema\/logo\/image\/\"}}]}<\/script>\n<!-- \/ Yoast SEO plugin. -->","yoast_head_json":{"title":"Decigatan | St\u00f8tte til at Stoppe med at Ryge - Transtoyou","description":"Decigatan, et receptmiddel til at stoppe med at ryge, reducerer trang og abstinenser. Konsulter vores l\u00e6ger for en skr\u00e6ddersyet behandlingsplan.","robots":{"index":"noindex","follow":"follow","max-snippet":"max-snippet:-1","max-image-preview":"max-image-preview:large","max-video-preview":"max-video-preview:-1"},"og_locale":"da_DK","og_type":"article","og_title":"Decigatan | St\u00f8tte til at Stoppe med at Ryge - Transtoyou","og_description":"Decigatan, et receptmiddel til at stoppe med at ryge, reducerer trang og abstinenser. Konsulter vores l\u00e6ger for en skr\u00e6ddersyet behandlingsplan.","og_url":"https:\/\/www.transtoyou.com\/da\/product\/decigatan\/","og_site_name":"Transtoyou - DA","article_modified_time":"2026-02-14T08:48:46+00:00","twitter_card":"summary_large_image","twitter_misc":{"Estimeret l\u00e6setid":"1 minut"},"schema":{"@context":"https:\/\/schema.org","@graph":[{"@type":"WebPage","@id":"https:\/\/www.transtoyou.com\/da\/product\/decigatan\/","url":"https:\/\/www.transtoyou.com\/da\/product\/decigatan\/","name":"Decigatan | St\u00f8tte til at Stoppe med at Ryge - Transtoyou","isPartOf":{"@id":"https:\/\/www.transtoyou.com\/da\/#website"},"primaryImageOfPage":{"@id":"https:\/\/www.transtoyou.com\/da\/product\/decigatan\/#primaryimage"},"image":{"@id":"https:\/\/www.transtoyou.com\/da\/product\/decigatan\/#primaryimage"},"thumbnailUrl":"https:\/\/www.transtoyou.com\/da\/wp-content\/uploads\/sites\/6\/2026\/01\/tty-no-product-image-23.webp","datePublished":"2026-01-22T18:47:30+00:00","dateModified":"2026-02-14T08:48:46+00:00","description":"Decigatan, et receptmiddel til at stoppe med at ryge, reducerer trang og abstinenser. Konsulter vores l\u00e6ger for en skr\u00e6ddersyet behandlingsplan.","breadcrumb":{"@id":"https:\/\/www.transtoyou.com\/da\/product\/decigatan\/#breadcrumb"},"inLanguage":"da-DK","potentialAction":[{"@type":"ReadAction","target":["https:\/\/www.transtoyou.com\/da\/product\/decigatan\/"]}]},{"@type":"ImageObject","inLanguage":"da-DK","@id":"https:\/\/www.transtoyou.com\/da\/product\/decigatan\/#primaryimage","url":"https:\/\/www.transtoyou.com\/da\/wp-content\/uploads\/sites\/6\/2026\/01\/tty-no-product-image-23.webp","contentUrl":"https:\/\/www.transtoyou.com\/da\/wp-content\/uploads\/sites\/6\/2026\/01\/tty-no-product-image-23.webp","width":1000,"height":1000,"caption":"Standard produktbillede"},{"@type":"WebSite","@id":"https:\/\/www.transtoyou.com\/da\/#website","url":"https:\/\/www.transtoyou.com\/da\/","name":"Transtoyou - DA","description":"","publisher":{"@id":"https:\/\/www.transtoyou.com\/da\/#organization"},"potentialAction":[{"@type":"SearchAction","target":{"@type":"EntryPoint","urlTemplate":"https:\/\/www.transtoyou.com\/da\/?s={search_term_string}"},"query-input":{"@type":"PropertyValueSpecification","valueRequired":true,"valueName":"search_term_string"}}],"inLanguage":"da-DK"},{"@type":"Organization","@id":"https:\/\/www.transtoyou.com\/da\/#organization","name":"Transtoyou - DA","url":"https:\/\/www.transtoyou.com\/da\/","logo":{"@type":"ImageObject","inLanguage":"da-DK","@id":"https:\/\/www.transtoyou.com\/da\/#\/schema\/logo\/image\/","url":"https:\/\/www.transtoyou.com\/da\/wp-content\/uploads\/sites\/6\/2026\/01\/logo-tty-menu-bar-300x87-1.webp","contentUrl":"https:\/\/www.transtoyou.com\/da\/wp-content\/uploads\/sites\/6\/2026\/01\/logo-tty-menu-bar-300x87-1.webp","width":300,"height":87,"caption":"Transtoyou - DA"},"image":{"@id":"https:\/\/www.transtoyou.com\/da\/#\/schema\/logo\/image\/"}}]}},"_links":{"self":[{"href":"https:\/\/www.transtoyou.com\/da\/wp-json\/wp\/v2\/product\/839","targetHints":{"allow":["GET"]}}],"collection":[{"href":"https:\/\/www.transtoyou.com\/da\/wp-json\/wp\/v2\/product"}],"about":[{"href":"https:\/\/www.transtoyou.com\/da\/wp-json\/wp\/v2\/types\/product"}],"replies":[{"embeddable":true,"href":"https:\/\/www.transtoyou.com\/da\/wp-json\/wp\/v2\/comments?post=839"}],"wp:featuredmedia":[{"embeddable":true,"href":"https:\/\/www.transtoyou.com\/da\/wp-json\/wp\/v2\/media\/841"}],"wp:attachment":[{"href":"https:\/\/www.transtoyou.com\/da\/wp-json\/wp\/v2\/media?parent=839"}],"wp:term":[{"taxonomy":"product_brand","embeddable":true,"href":"https:\/\/www.transtoyou.com\/da\/wp-json\/wp\/v2\/product_brand?post=839"},{"taxonomy":"product_cat","embeddable":true,"href":"https:\/\/www.transtoyou.com\/da\/wp-json\/wp\/v2\/product_cat?post=839"},{"taxonomy":"product_tag","embeddable":true,"href":"https:\/\/www.transtoyou.com\/da\/wp-json\/wp\/v2\/product_tag?post=839"},{"taxonomy":"expert","embeddable":true,"href":"https:\/\/www.transtoyou.com\/da\/wp-json\/wp\/v2\/expert?post=839"}],"curies":[{"name":"wp","href":"https:\/\/api.w.org\/{rel}","templated":true}]}}