{"id":845,"date":"2026-01-22T21:17:38","date_gmt":"2026-01-22T19:17:38","guid":{"rendered":"https:\/\/www.transtoyou.com\/da\/product\/valtrex\/"},"modified":"2026-02-13T16:27:12","modified_gmt":"2026-02-13T14:27:12","slug":"valtrex","status":"publish","type":"product","link":"https:\/\/www.transtoyou.com\/da\/product\/valtrex\/","title":{"rendered":"Valtrex"},"content":{"rendered":"<p>Valtrex er en antiviral medicin (virusbek\u00e6mpende medicin), der bruges til at behandle infektioner for\u00e5rsaget af herpesvirus. Det er et prodrug af aciclovir, hvilket betyder, at din krop omdanner det til sin aktive form (aciclovir) efter indtagelse. Aciclovir virker ved at stoppe virusset fra at replicere sit DNA (genetisk materiale), hvilket forhindrer det i at formere sig og sprede sig (blokerer viral replikation).<\/p>\n<p>Valtrex ordineres hovedsageligt til infektioner for\u00e5rsaget af herpesvirus, herunder fork\u00f8lelsess\u00e5r (oral herpes), genital herpes, helvedesild (herpes zoster), \u00f8jeninfektioner p\u00e5 grund af herpes, og til at forebygge cytomegalovirus (CMV) infektioner hos personer, der har f\u00e5et en organtransplantation. Det bruges ogs\u00e5 p\u00e5 lang sigt til at reducere hyppigheden af udbrud.<\/p>\n<p>Valtrex p\u00e5virker kroppen ved at kontrollere virusset under aktive udbrud og ved at reducere risikoen for fremtidige tilbagefald. Det virker godt, n\u00e5r det startes tidligt i forl\u00f8bet af symptomerne, ofte inden for de f\u00f8rste 1\u20131,5 timer. Fordi det kun retter sig mod virusinficerede celler, bliver sunde celler som regel sk\u00e5net, hvilket resulterer i f\u00e6rre bivirkninger.<\/p>\n<p>De vigtigste fordele ved Valtrex er dets hurtige virkning, brugervenlighed (oral tablet), f\u00e6rre daglige doser sammenlignet med \u00e6ldre antiviraler og st\u00e6rke beviser for effektivitet. Det reducerer smerte og helingstid under udbrud og kan ogs\u00e5 mindske chancerne for at overf\u00f8re virusset til andre, n\u00e5r det bruges dagligt.<\/p>\n<p>Valtrex helbreder ikke herpes, men hj\u00e6lper med at h\u00e5ndtere det effektivt og g\u00f8r det lettere at leve med tilstanden.<\/p>\n","protected":false},"excerpt":{"rendered":"<ul>\n<li>Antiviral mod herpesvirus<\/li>\n<li>Hj\u00e6lper med at reducere udbrud og symptomer<\/li>\n<li>Engangs-daglig mulighed for forebyggelse<\/li>\n<\/ul>\n","protected":false},"featured_media":847,"comment_status":"open","ping_status":"closed","template":"","meta":[],"product_brand":[],"product_cat":[93,135,163],"product_tag":[],"expert":[17],"class_list":{"0":"post-845","1":"product","2":"type-product","3":"status-publish","4":"has-post-thumbnail","6":"product_cat-forkolelsessar","7":"product_cat-herpes","8":"product_cat-tagplader","9":"expert-dr-c-munoz-parada","11":"first","12":"instock","13":"shipping-taxable","14":"purchasable","15":"product-type-variable"},"yoast_head":"<!-- This site is optimized with the Yoast SEO plugin v27.0 - https:\/\/yoast.com\/product\/yoast-seo-wordpress\/ -->\n<title>Valtrex | Effektiv Antiviral St\u00f8tte - Transtoyou<\/title>\n<meta name=\"description\" content=\"Valtrex tilg\u00e6ngelig hos Transtoyou, som tilbyder p\u00e5lidelig antiviral st\u00f8tte. Udforsk fordelene ved at h\u00e5ndtere herpes symptomer. K\u00f8b nu for effektiv pleje.\" \/>\n<meta name=\"robots\" content=\"noindex, follow, max-snippet:-1, max-image-preview:large, max-video-preview:-1\" \/>\n<meta property=\"og:locale\" content=\"da_DK\" \/>\n<meta property=\"og:type\" content=\"article\" \/>\n<meta property=\"og:title\" content=\"Valtrex | Effektiv Antiviral St\u00f8tte - Transtoyou\" \/>\n<meta property=\"og:description\" content=\"Valtrex tilg\u00e6ngelig hos Transtoyou, som tilbyder p\u00e5lidelig antiviral st\u00f8tte. Udforsk fordelene ved at h\u00e5ndtere herpes symptomer. K\u00f8b nu for effektiv pleje.\" \/>\n<meta property=\"og:url\" content=\"https:\/\/www.transtoyou.com\/da\/product\/valtrex\/\" \/>\n<meta property=\"og:site_name\" content=\"Transtoyou - DA\" \/>\n<meta property=\"article:modified_time\" content=\"2026-02-13T14:27:12+00:00\" \/>\n<meta name=\"twitter:card\" content=\"summary_large_image\" \/>\n<meta name=\"twitter:label1\" content=\"Estimeret l\u00e6setid\" \/>\n\t<meta name=\"twitter:data1\" content=\"1 minut\" \/>\n<script type=\"application\/ld+json\" class=\"yoast-schema-graph\">{\"@context\":\"https:\/\/schema.org\",\"@graph\":[{\"@type\":\"WebPage\",\"@id\":\"https:\/\/www.transtoyou.com\/da\/product\/valtrex\/\",\"url\":\"https:\/\/www.transtoyou.com\/da\/product\/valtrex\/\",\"name\":\"Valtrex | Effektiv Antiviral St\u00f8tte - Transtoyou\",\"isPartOf\":{\"@id\":\"https:\/\/www.transtoyou.com\/da\/#website\"},\"primaryImageOfPage\":{\"@id\":\"https:\/\/www.transtoyou.com\/da\/product\/valtrex\/#primaryimage\"},\"image\":{\"@id\":\"https:\/\/www.transtoyou.com\/da\/product\/valtrex\/#primaryimage\"},\"thumbnailUrl\":\"https:\/\/www.transtoyou.com\/da\/wp-content\/uploads\/sites\/6\/2026\/01\/tty-no-product-image-25.webp\",\"datePublished\":\"2026-01-22T19:17:38+00:00\",\"dateModified\":\"2026-02-13T14:27:12+00:00\",\"description\":\"Valtrex tilg\u00e6ngelig hos Transtoyou, som tilbyder p\u00e5lidelig antiviral st\u00f8tte. Udforsk fordelene ved at h\u00e5ndtere herpes symptomer. K\u00f8b nu for effektiv pleje.\",\"breadcrumb\":{\"@id\":\"https:\/\/www.transtoyou.com\/da\/product\/valtrex\/#breadcrumb\"},\"inLanguage\":\"da-DK\",\"potentialAction\":[{\"@type\":\"ReadAction\",\"target\":[\"https:\/\/www.transtoyou.com\/da\/product\/valtrex\/\"]}]},{\"@type\":\"ImageObject\",\"inLanguage\":\"da-DK\",\"@id\":\"https:\/\/www.transtoyou.com\/da\/product\/valtrex\/#primaryimage\",\"url\":\"https:\/\/www.transtoyou.com\/da\/wp-content\/uploads\/sites\/6\/2026\/01\/tty-no-product-image-25.webp\",\"contentUrl\":\"https:\/\/www.transtoyou.com\/da\/wp-content\/uploads\/sites\/6\/2026\/01\/tty-no-product-image-25.webp\",\"width\":1000,\"height\":1000,\"caption\":\"Standard produktbillede\"},{\"@type\":\"WebSite\",\"@id\":\"https:\/\/www.transtoyou.com\/da\/#website\",\"url\":\"https:\/\/www.transtoyou.com\/da\/\",\"name\":\"Transtoyou - DA\",\"description\":\"\",\"publisher\":{\"@id\":\"https:\/\/www.transtoyou.com\/da\/#organization\"},\"potentialAction\":[{\"@type\":\"SearchAction\",\"target\":{\"@type\":\"EntryPoint\",\"urlTemplate\":\"https:\/\/www.transtoyou.com\/da\/?s={search_term_string}\"},\"query-input\":{\"@type\":\"PropertyValueSpecification\",\"valueRequired\":true,\"valueName\":\"search_term_string\"}}],\"inLanguage\":\"da-DK\"},{\"@type\":\"Organization\",\"@id\":\"https:\/\/www.transtoyou.com\/da\/#organization\",\"name\":\"Transtoyou - DA\",\"url\":\"https:\/\/www.transtoyou.com\/da\/\",\"logo\":{\"@type\":\"ImageObject\",\"inLanguage\":\"da-DK\",\"@id\":\"https:\/\/www.transtoyou.com\/da\/#\/schema\/logo\/image\/\",\"url\":\"https:\/\/www.transtoyou.com\/da\/wp-content\/uploads\/sites\/6\/2026\/01\/logo-tty-menu-bar-300x87-1.webp\",\"contentUrl\":\"https:\/\/www.transtoyou.com\/da\/wp-content\/uploads\/sites\/6\/2026\/01\/logo-tty-menu-bar-300x87-1.webp\",\"width\":300,\"height\":87,\"caption\":\"Transtoyou - DA\"},\"image\":{\"@id\":\"https:\/\/www.transtoyou.com\/da\/#\/schema\/logo\/image\/\"}}]}<\/script>\n<!-- \/ Yoast SEO plugin. -->","yoast_head_json":{"title":"Valtrex | Effektiv Antiviral St\u00f8tte - Transtoyou","description":"Valtrex tilg\u00e6ngelig hos Transtoyou, som tilbyder p\u00e5lidelig antiviral st\u00f8tte. Udforsk fordelene ved at h\u00e5ndtere herpes symptomer. K\u00f8b nu for effektiv pleje.","robots":{"index":"noindex","follow":"follow","max-snippet":"max-snippet:-1","max-image-preview":"max-image-preview:large","max-video-preview":"max-video-preview:-1"},"og_locale":"da_DK","og_type":"article","og_title":"Valtrex | Effektiv Antiviral St\u00f8tte - Transtoyou","og_description":"Valtrex tilg\u00e6ngelig hos Transtoyou, som tilbyder p\u00e5lidelig antiviral st\u00f8tte. Udforsk fordelene ved at h\u00e5ndtere herpes symptomer. K\u00f8b nu for effektiv pleje.","og_url":"https:\/\/www.transtoyou.com\/da\/product\/valtrex\/","og_site_name":"Transtoyou - DA","article_modified_time":"2026-02-13T14:27:12+00:00","twitter_card":"summary_large_image","twitter_misc":{"Estimeret l\u00e6setid":"1 minut"},"schema":{"@context":"https:\/\/schema.org","@graph":[{"@type":"WebPage","@id":"https:\/\/www.transtoyou.com\/da\/product\/valtrex\/","url":"https:\/\/www.transtoyou.com\/da\/product\/valtrex\/","name":"Valtrex | Effektiv Antiviral St\u00f8tte - Transtoyou","isPartOf":{"@id":"https:\/\/www.transtoyou.com\/da\/#website"},"primaryImageOfPage":{"@id":"https:\/\/www.transtoyou.com\/da\/product\/valtrex\/#primaryimage"},"image":{"@id":"https:\/\/www.transtoyou.com\/da\/product\/valtrex\/#primaryimage"},"thumbnailUrl":"https:\/\/www.transtoyou.com\/da\/wp-content\/uploads\/sites\/6\/2026\/01\/tty-no-product-image-25.webp","datePublished":"2026-01-22T19:17:38+00:00","dateModified":"2026-02-13T14:27:12+00:00","description":"Valtrex tilg\u00e6ngelig hos Transtoyou, som tilbyder p\u00e5lidelig antiviral st\u00f8tte. Udforsk fordelene ved at h\u00e5ndtere herpes symptomer. K\u00f8b nu for effektiv pleje.","breadcrumb":{"@id":"https:\/\/www.transtoyou.com\/da\/product\/valtrex\/#breadcrumb"},"inLanguage":"da-DK","potentialAction":[{"@type":"ReadAction","target":["https:\/\/www.transtoyou.com\/da\/product\/valtrex\/"]}]},{"@type":"ImageObject","inLanguage":"da-DK","@id":"https:\/\/www.transtoyou.com\/da\/product\/valtrex\/#primaryimage","url":"https:\/\/www.transtoyou.com\/da\/wp-content\/uploads\/sites\/6\/2026\/01\/tty-no-product-image-25.webp","contentUrl":"https:\/\/www.transtoyou.com\/da\/wp-content\/uploads\/sites\/6\/2026\/01\/tty-no-product-image-25.webp","width":1000,"height":1000,"caption":"Standard produktbillede"},{"@type":"WebSite","@id":"https:\/\/www.transtoyou.com\/da\/#website","url":"https:\/\/www.transtoyou.com\/da\/","name":"Transtoyou - DA","description":"","publisher":{"@id":"https:\/\/www.transtoyou.com\/da\/#organization"},"potentialAction":[{"@type":"SearchAction","target":{"@type":"EntryPoint","urlTemplate":"https:\/\/www.transtoyou.com\/da\/?s={search_term_string}"},"query-input":{"@type":"PropertyValueSpecification","valueRequired":true,"valueName":"search_term_string"}}],"inLanguage":"da-DK"},{"@type":"Organization","@id":"https:\/\/www.transtoyou.com\/da\/#organization","name":"Transtoyou - DA","url":"https:\/\/www.transtoyou.com\/da\/","logo":{"@type":"ImageObject","inLanguage":"da-DK","@id":"https:\/\/www.transtoyou.com\/da\/#\/schema\/logo\/image\/","url":"https:\/\/www.transtoyou.com\/da\/wp-content\/uploads\/sites\/6\/2026\/01\/logo-tty-menu-bar-300x87-1.webp","contentUrl":"https:\/\/www.transtoyou.com\/da\/wp-content\/uploads\/sites\/6\/2026\/01\/logo-tty-menu-bar-300x87-1.webp","width":300,"height":87,"caption":"Transtoyou - DA"},"image":{"@id":"https:\/\/www.transtoyou.com\/da\/#\/schema\/logo\/image\/"}}]}},"_links":{"self":[{"href":"https:\/\/www.transtoyou.com\/da\/wp-json\/wp\/v2\/product\/845","targetHints":{"allow":["GET"]}}],"collection":[{"href":"https:\/\/www.transtoyou.com\/da\/wp-json\/wp\/v2\/product"}],"about":[{"href":"https:\/\/www.transtoyou.com\/da\/wp-json\/wp\/v2\/types\/product"}],"replies":[{"embeddable":true,"href":"https:\/\/www.transtoyou.com\/da\/wp-json\/wp\/v2\/comments?post=845"}],"wp:featuredmedia":[{"embeddable":true,"href":"https:\/\/www.transtoyou.com\/da\/wp-json\/wp\/v2\/media\/847"}],"wp:attachment":[{"href":"https:\/\/www.transtoyou.com\/da\/wp-json\/wp\/v2\/media?parent=845"}],"wp:term":[{"taxonomy":"product_brand","embeddable":true,"href":"https:\/\/www.transtoyou.com\/da\/wp-json\/wp\/v2\/product_brand?post=845"},{"taxonomy":"product_cat","embeddable":true,"href":"https:\/\/www.transtoyou.com\/da\/wp-json\/wp\/v2\/product_cat?post=845"},{"taxonomy":"product_tag","embeddable":true,"href":"https:\/\/www.transtoyou.com\/da\/wp-json\/wp\/v2\/product_tag?post=845"},{"taxonomy":"expert","embeddable":true,"href":"https:\/\/www.transtoyou.com\/da\/wp-json\/wp\/v2\/expert?post=845"}],"curies":[{"name":"wp","href":"https:\/\/api.w.org\/{rel}","templated":true}]}}