{"id":848,"date":"2026-01-22T21:32:13","date_gmt":"2026-01-22T19:32:13","guid":{"rendered":"https:\/\/www.transtoyou.com\/da\/product\/valaciclovir\/"},"modified":"2026-03-06T16:52:03","modified_gmt":"2026-03-06T14:52:03","slug":"valaciclovir","status":"publish","type":"product","link":"https:\/\/www.transtoyou.com\/da\/product\/valaciclovir\/","title":{"rendered":"Valaciclovir"},"content":{"rendered":"<p>Valaciclovir er en antiviral medicin (virusbek\u00e6mpende medicin), der bruges til at behandle infektioner for\u00e5rsaget af herpesvirus. Det er et prodrug af aciclovir, hvilket betyder, at din krop omdanner det til sin aktive form (aciclovir) efter indtagelse. Aciclovir virker ved at forstyrre virussets evne til at kopiere sit DNA (blokerer viral replikation), hvilket effektivt stopper det fra at formere sig og sprede sig.<\/p>\n<p>Valaciclovir bruges prim\u00e6rt til at behandle og forebygge herpes simplex-infektioner, herunder fork\u00f8lelsess\u00e5r og genital herpes, helvedesild (herpes zoster) eller \u00f8jeninfektioner for\u00e5rsaget af herpes. Det er is\u00e6r nyttigt til at reducere smerte, varighed og tilbagefald af symptomer.<\/p>\n<p>Denne medicin hj\u00e6lper med at reducere sv\u00e6rhedsgraden af udbrud og kan forkorte helingstiden. N\u00e5r det bruges som en forebyggende behandling, s\u00e6nker det antallet af tilbagefald og kan g\u00f8re udbrud mindre alvorlige. Det begynder at virke hurtigt (inden for 1\u20131,5 timer efter indtagelse), og da det tages oralt, er det praktisk og nemt at bruge. Mange mennesker drager fordel af dens langvarige virkning med relativt f\u00e5 bivirkninger.<\/p>\n<p>Valaciclovir helbreder ikke herpes, men det g\u00f8r det lettere at leve med virusset ved at begr\u00e6nse dets indvirkning p\u00e5 det daglige liv.<\/p>\n","protected":false},"excerpt":{"rendered":"<ul>\n<li>Antiviral mod herpesvirus<\/li>\n<li>Hj\u00e6lper med at reducere udbrud og symptomer<\/li>\n<li>Engangs-daglig mulighed for forebyggelse<\/li>\n<\/ul>\n","protected":false},"featured_media":850,"comment_status":"open","ping_status":"closed","template":"","meta":[],"product_brand":[],"product_cat":[93,135,163],"product_tag":[],"expert":[17],"class_list":{"0":"post-848","1":"product","2":"type-product","3":"status-publish","4":"has-post-thumbnail","6":"product_cat-forkolelsessar","7":"product_cat-herpes","8":"product_cat-tagplader","9":"expert-dr-c-munoz-parada","11":"first","12":"instock","13":"shipping-taxable","14":"product-type-variable"},"yoast_head":"<!-- This site is optimized with the Yoast SEO plugin v27.0 - https:\/\/yoast.com\/product\/yoast-seo-wordpress\/ -->\n<title>Valaciclovir | Bek\u00e6mp Herpes &amp; Helvedesild Hurtigt - Transtoyou<\/title>\n<meta name=\"description\" content=\"Valaciclovir, en effektiv antiviral til behandling af herpes, reducerer symptomer og tilbagefald. Pr\u00f8v det nemt hos Transtoyou i dag.\" \/>\n<meta name=\"robots\" content=\"noindex, follow, max-snippet:-1, max-image-preview:large, max-video-preview:-1\" \/>\n<meta property=\"og:locale\" content=\"da_DK\" \/>\n<meta property=\"og:type\" content=\"article\" \/>\n<meta property=\"og:title\" content=\"Valaciclovir | Bek\u00e6mp Herpes &amp; Helvedesild Hurtigt - Transtoyou\" \/>\n<meta property=\"og:description\" content=\"Valaciclovir, en effektiv antiviral til behandling af herpes, reducerer symptomer og tilbagefald. Pr\u00f8v det nemt hos Transtoyou i dag.\" \/>\n<meta property=\"og:url\" content=\"https:\/\/www.transtoyou.com\/da\/product\/valaciclovir\/\" \/>\n<meta property=\"og:site_name\" content=\"Transtoyou - DA\" \/>\n<meta property=\"article:modified_time\" content=\"2026-03-06T14:52:03+00:00\" \/>\n<meta name=\"twitter:card\" content=\"summary_large_image\" \/>\n<meta name=\"twitter:label1\" content=\"Estimeret l\u00e6setid\" \/>\n\t<meta name=\"twitter:data1\" content=\"1 minut\" \/>\n<script type=\"application\/ld+json\" class=\"yoast-schema-graph\">{\"@context\":\"https:\/\/schema.org\",\"@graph\":[{\"@type\":\"WebPage\",\"@id\":\"https:\/\/www.transtoyou.com\/da\/product\/valaciclovir\/\",\"url\":\"https:\/\/www.transtoyou.com\/da\/product\/valaciclovir\/\",\"name\":\"Valaciclovir | Bek\u00e6mp Herpes & Helvedesild Hurtigt - Transtoyou\",\"isPartOf\":{\"@id\":\"https:\/\/www.transtoyou.com\/da\/#website\"},\"primaryImageOfPage\":{\"@id\":\"https:\/\/www.transtoyou.com\/da\/product\/valaciclovir\/#primaryimage\"},\"image\":{\"@id\":\"https:\/\/www.transtoyou.com\/da\/product\/valaciclovir\/#primaryimage\"},\"thumbnailUrl\":\"https:\/\/www.transtoyou.com\/da\/wp-content\/uploads\/sites\/6\/2026\/01\/tty-no-product-image-26.webp\",\"datePublished\":\"2026-01-22T19:32:13+00:00\",\"dateModified\":\"2026-03-06T14:52:03+00:00\",\"description\":\"Valaciclovir, en effektiv antiviral til behandling af herpes, reducerer symptomer og tilbagefald. Pr\u00f8v det nemt hos Transtoyou i dag.\",\"breadcrumb\":{\"@id\":\"https:\/\/www.transtoyou.com\/da\/product\/valaciclovir\/#breadcrumb\"},\"inLanguage\":\"da-DK\",\"potentialAction\":[{\"@type\":\"ReadAction\",\"target\":[\"https:\/\/www.transtoyou.com\/da\/product\/valaciclovir\/\"]}]},{\"@type\":\"ImageObject\",\"inLanguage\":\"da-DK\",\"@id\":\"https:\/\/www.transtoyou.com\/da\/product\/valaciclovir\/#primaryimage\",\"url\":\"https:\/\/www.transtoyou.com\/da\/wp-content\/uploads\/sites\/6\/2026\/01\/tty-no-product-image-26.webp\",\"contentUrl\":\"https:\/\/www.transtoyou.com\/da\/wp-content\/uploads\/sites\/6\/2026\/01\/tty-no-product-image-26.webp\",\"width\":1000,\"height\":1000,\"caption\":\"Standard produktbillede\"},{\"@type\":\"WebSite\",\"@id\":\"https:\/\/www.transtoyou.com\/da\/#website\",\"url\":\"https:\/\/www.transtoyou.com\/da\/\",\"name\":\"Transtoyou - DA\",\"description\":\"\",\"publisher\":{\"@id\":\"https:\/\/www.transtoyou.com\/da\/#organization\"},\"potentialAction\":[{\"@type\":\"SearchAction\",\"target\":{\"@type\":\"EntryPoint\",\"urlTemplate\":\"https:\/\/www.transtoyou.com\/da\/?s={search_term_string}\"},\"query-input\":{\"@type\":\"PropertyValueSpecification\",\"valueRequired\":true,\"valueName\":\"search_term_string\"}}],\"inLanguage\":\"da-DK\"},{\"@type\":\"Organization\",\"@id\":\"https:\/\/www.transtoyou.com\/da\/#organization\",\"name\":\"Transtoyou - DA\",\"url\":\"https:\/\/www.transtoyou.com\/da\/\",\"logo\":{\"@type\":\"ImageObject\",\"inLanguage\":\"da-DK\",\"@id\":\"https:\/\/www.transtoyou.com\/da\/#\/schema\/logo\/image\/\",\"url\":\"https:\/\/www.transtoyou.com\/da\/wp-content\/uploads\/sites\/6\/2026\/01\/logo-tty-menu-bar-300x87-1.webp\",\"contentUrl\":\"https:\/\/www.transtoyou.com\/da\/wp-content\/uploads\/sites\/6\/2026\/01\/logo-tty-menu-bar-300x87-1.webp\",\"width\":300,\"height\":87,\"caption\":\"Transtoyou - DA\"},\"image\":{\"@id\":\"https:\/\/www.transtoyou.com\/da\/#\/schema\/logo\/image\/\"}}]}<\/script>\n<!-- \/ Yoast SEO plugin. -->","yoast_head_json":{"title":"Valaciclovir | Bek\u00e6mp Herpes & Helvedesild Hurtigt - Transtoyou","description":"Valaciclovir, en effektiv antiviral til behandling af herpes, reducerer symptomer og tilbagefald. Pr\u00f8v det nemt hos Transtoyou i dag.","robots":{"index":"noindex","follow":"follow","max-snippet":"max-snippet:-1","max-image-preview":"max-image-preview:large","max-video-preview":"max-video-preview:-1"},"og_locale":"da_DK","og_type":"article","og_title":"Valaciclovir | Bek\u00e6mp Herpes & Helvedesild Hurtigt - Transtoyou","og_description":"Valaciclovir, en effektiv antiviral til behandling af herpes, reducerer symptomer og tilbagefald. Pr\u00f8v det nemt hos Transtoyou i dag.","og_url":"https:\/\/www.transtoyou.com\/da\/product\/valaciclovir\/","og_site_name":"Transtoyou - DA","article_modified_time":"2026-03-06T14:52:03+00:00","twitter_card":"summary_large_image","twitter_misc":{"Estimeret l\u00e6setid":"1 minut"},"schema":{"@context":"https:\/\/schema.org","@graph":[{"@type":"WebPage","@id":"https:\/\/www.transtoyou.com\/da\/product\/valaciclovir\/","url":"https:\/\/www.transtoyou.com\/da\/product\/valaciclovir\/","name":"Valaciclovir | Bek\u00e6mp Herpes & Helvedesild Hurtigt - Transtoyou","isPartOf":{"@id":"https:\/\/www.transtoyou.com\/da\/#website"},"primaryImageOfPage":{"@id":"https:\/\/www.transtoyou.com\/da\/product\/valaciclovir\/#primaryimage"},"image":{"@id":"https:\/\/www.transtoyou.com\/da\/product\/valaciclovir\/#primaryimage"},"thumbnailUrl":"https:\/\/www.transtoyou.com\/da\/wp-content\/uploads\/sites\/6\/2026\/01\/tty-no-product-image-26.webp","datePublished":"2026-01-22T19:32:13+00:00","dateModified":"2026-03-06T14:52:03+00:00","description":"Valaciclovir, en effektiv antiviral til behandling af herpes, reducerer symptomer og tilbagefald. Pr\u00f8v det nemt hos Transtoyou i dag.","breadcrumb":{"@id":"https:\/\/www.transtoyou.com\/da\/product\/valaciclovir\/#breadcrumb"},"inLanguage":"da-DK","potentialAction":[{"@type":"ReadAction","target":["https:\/\/www.transtoyou.com\/da\/product\/valaciclovir\/"]}]},{"@type":"ImageObject","inLanguage":"da-DK","@id":"https:\/\/www.transtoyou.com\/da\/product\/valaciclovir\/#primaryimage","url":"https:\/\/www.transtoyou.com\/da\/wp-content\/uploads\/sites\/6\/2026\/01\/tty-no-product-image-26.webp","contentUrl":"https:\/\/www.transtoyou.com\/da\/wp-content\/uploads\/sites\/6\/2026\/01\/tty-no-product-image-26.webp","width":1000,"height":1000,"caption":"Standard produktbillede"},{"@type":"WebSite","@id":"https:\/\/www.transtoyou.com\/da\/#website","url":"https:\/\/www.transtoyou.com\/da\/","name":"Transtoyou - DA","description":"","publisher":{"@id":"https:\/\/www.transtoyou.com\/da\/#organization"},"potentialAction":[{"@type":"SearchAction","target":{"@type":"EntryPoint","urlTemplate":"https:\/\/www.transtoyou.com\/da\/?s={search_term_string}"},"query-input":{"@type":"PropertyValueSpecification","valueRequired":true,"valueName":"search_term_string"}}],"inLanguage":"da-DK"},{"@type":"Organization","@id":"https:\/\/www.transtoyou.com\/da\/#organization","name":"Transtoyou - DA","url":"https:\/\/www.transtoyou.com\/da\/","logo":{"@type":"ImageObject","inLanguage":"da-DK","@id":"https:\/\/www.transtoyou.com\/da\/#\/schema\/logo\/image\/","url":"https:\/\/www.transtoyou.com\/da\/wp-content\/uploads\/sites\/6\/2026\/01\/logo-tty-menu-bar-300x87-1.webp","contentUrl":"https:\/\/www.transtoyou.com\/da\/wp-content\/uploads\/sites\/6\/2026\/01\/logo-tty-menu-bar-300x87-1.webp","width":300,"height":87,"caption":"Transtoyou - DA"},"image":{"@id":"https:\/\/www.transtoyou.com\/da\/#\/schema\/logo\/image\/"}}]}},"_links":{"self":[{"href":"https:\/\/www.transtoyou.com\/da\/wp-json\/wp\/v2\/product\/848","targetHints":{"allow":["GET"]}}],"collection":[{"href":"https:\/\/www.transtoyou.com\/da\/wp-json\/wp\/v2\/product"}],"about":[{"href":"https:\/\/www.transtoyou.com\/da\/wp-json\/wp\/v2\/types\/product"}],"replies":[{"embeddable":true,"href":"https:\/\/www.transtoyou.com\/da\/wp-json\/wp\/v2\/comments?post=848"}],"wp:featuredmedia":[{"embeddable":true,"href":"https:\/\/www.transtoyou.com\/da\/wp-json\/wp\/v2\/media\/850"}],"wp:attachment":[{"href":"https:\/\/www.transtoyou.com\/da\/wp-json\/wp\/v2\/media?parent=848"}],"wp:term":[{"taxonomy":"product_brand","embeddable":true,"href":"https:\/\/www.transtoyou.com\/da\/wp-json\/wp\/v2\/product_brand?post=848"},{"taxonomy":"product_cat","embeddable":true,"href":"https:\/\/www.transtoyou.com\/da\/wp-json\/wp\/v2\/product_cat?post=848"},{"taxonomy":"product_tag","embeddable":true,"href":"https:\/\/www.transtoyou.com\/da\/wp-json\/wp\/v2\/product_tag?post=848"},{"taxonomy":"expert","embeddable":true,"href":"https:\/\/www.transtoyou.com\/da\/wp-json\/wp\/v2\/expert?post=848"}],"curies":[{"name":"wp","href":"https:\/\/api.w.org\/{rel}","templated":true}]}}