{"id":857,"date":"2026-01-22T22:14:14","date_gmt":"2026-01-22T20:14:14","guid":{"rendered":"https:\/\/www.transtoyou.com\/da\/product\/sildenafil\/"},"modified":"2026-03-05T12:08:15","modified_gmt":"2026-03-05T10:08:15","slug":"sildenafil","status":"publish","type":"product","link":"https:\/\/www.transtoyou.com\/da\/product\/sildenafil\/","title":{"rendered":"Sildenafil"},"content":{"rendered":"<p>Sildenafil er en behandling for erektil dysfunktion, en tilstand hvor en mand har sv\u00e6rt ved at opn\u00e5 eller opretholde en erektion. Den aktive substans, ogs\u00e5 kaldet sildenafil, virker ved at forbedre blodgennemstr\u00f8mningen til penis, n\u00e5r en mand er seksuelt ophidset. Det \u00f8ger ikke libido, men det underst\u00f8tter den fysiske reaktion p\u00e5 seksuel stimulation.<\/p>\n<p>Oprindeligt udviklet til hjerte-relateret brystsmerter, blev Sildenafil senere fundet effektiv til behandling af erektil vanskeligheder. Det bruges ofte under m\u00e6rkenavnet Viagra, selvom generiske versioner er lige s\u00e5 effektive. Sildenafil begynder typisk at virke inden for 30 til 60 minutter og kan forblive effektiv i cirka fire timer, hvilket muligg\u00f8r en mere afslappet oplevelse.<\/p>\n<p>Den standard anbefalede dosis er 50 mg, taget efter behov f\u00f8r seksuel aktivitet. Nogle mennesker kan dog have gavn af lavere eller h\u00f8jere doser afh\u00e6ngigt af individuel tolerance og respons. Det b\u00f8r ikke tages mere end \u00e9n gang om dagen og skal synkes med vand. Et tungt m\u00e5ltid kan forsinke dets virkninger.<\/p>\n<p>Almindelige bivirkninger kan omfatte hovedpine, ansigtsspyling, n\u00e6seoverbelastning og svimmelhed. Mere alvorlige virkninger som syns\u00e6ndringer eller langvarige erektioner er sj\u00e6ldne, men kr\u00e6ver l\u00e6gehj\u00e6lp. Sildenafil b\u00f8r ikke bruges sammen med medicin, der indeholder nitrater, eller visse blodtryksmediciner p\u00e5 grund af risikoen for alvorlige blodtryksfald.<\/p>\n","protected":false},"excerpt":{"rendered":"<ul>\n<li>Begynder at virke inden for 30 til 60 minutter<\/li>\n<li>Effekterne varer op til 4 timer<\/li>\n<li>Hj\u00e6lper med at st\u00f8tte naturlige erektioner<\/li>\n<\/ul>\n","protected":false},"featured_media":859,"comment_status":"open","ping_status":"closed","template":"","meta":[],"product_brand":[],"product_cat":[115],"product_tag":[],"expert":[16],"class_list":{"0":"post-857","1":"product","2":"type-product","3":"status-publish","4":"has-post-thumbnail","6":"product_cat-behandlinger-for-erektil-dysfunktion","7":"expert-dr-c-alexandru","9":"first","10":"instock","11":"shipping-taxable","12":"product-type-variable"},"yoast_head":"<!-- This site is optimized with the Yoast SEO plugin v27.0 - https:\/\/yoast.com\/product\/yoast-seo-wordpress\/ -->\n<title>Sildenafil | Forbedr Ydeevne Diskret - Transtoyou<\/title>\n<meta name=\"description\" content=\"Udforsk Sildenafil hos Transtoyou, din p\u00e5lidelige kilde til kvalitets sundhedsprodukter. Oplev fordelene og shop nemt. Tilg\u00e6ngelig nu.\" \/>\n<meta name=\"robots\" content=\"noindex, follow, max-snippet:-1, max-image-preview:large, max-video-preview:-1\" \/>\n<meta property=\"og:locale\" content=\"da_DK\" \/>\n<meta property=\"og:type\" content=\"article\" \/>\n<meta property=\"og:title\" content=\"Sildenafil | Forbedr Ydeevne Diskret - Transtoyou\" \/>\n<meta property=\"og:description\" content=\"Udforsk Sildenafil hos Transtoyou, din p\u00e5lidelige kilde til kvalitets sundhedsprodukter. Oplev fordelene og shop nemt. Tilg\u00e6ngelig nu.\" \/>\n<meta property=\"og:url\" content=\"https:\/\/www.transtoyou.com\/da\/product\/sildenafil\/\" \/>\n<meta property=\"og:site_name\" content=\"Transtoyou - DA\" \/>\n<meta property=\"article:modified_time\" content=\"2026-03-05T10:08:15+00:00\" \/>\n<meta name=\"twitter:card\" content=\"summary_large_image\" \/>\n<meta name=\"twitter:label1\" content=\"Estimeret l\u00e6setid\" \/>\n\t<meta name=\"twitter:data1\" content=\"1 minut\" \/>\n<script type=\"application\/ld+json\" class=\"yoast-schema-graph\">{\"@context\":\"https:\/\/schema.org\",\"@graph\":[{\"@type\":\"WebPage\",\"@id\":\"https:\/\/www.transtoyou.com\/da\/product\/sildenafil\/\",\"url\":\"https:\/\/www.transtoyou.com\/da\/product\/sildenafil\/\",\"name\":\"Sildenafil | Forbedr Ydeevne Diskret - Transtoyou\",\"isPartOf\":{\"@id\":\"https:\/\/www.transtoyou.com\/da\/#website\"},\"primaryImageOfPage\":{\"@id\":\"https:\/\/www.transtoyou.com\/da\/product\/sildenafil\/#primaryimage\"},\"image\":{\"@id\":\"https:\/\/www.transtoyou.com\/da\/product\/sildenafil\/#primaryimage\"},\"thumbnailUrl\":\"https:\/\/www.transtoyou.com\/da\/wp-content\/uploads\/sites\/6\/2026\/01\/tty-no-product-image-29.webp\",\"datePublished\":\"2026-01-22T20:14:14+00:00\",\"dateModified\":\"2026-03-05T10:08:15+00:00\",\"description\":\"Udforsk Sildenafil hos Transtoyou, din p\u00e5lidelige kilde til kvalitets sundhedsprodukter. Oplev fordelene og shop nemt. Tilg\u00e6ngelig nu.\",\"breadcrumb\":{\"@id\":\"https:\/\/www.transtoyou.com\/da\/product\/sildenafil\/#breadcrumb\"},\"inLanguage\":\"da-DK\",\"potentialAction\":[{\"@type\":\"ReadAction\",\"target\":[\"https:\/\/www.transtoyou.com\/da\/product\/sildenafil\/\"]}]},{\"@type\":\"ImageObject\",\"inLanguage\":\"da-DK\",\"@id\":\"https:\/\/www.transtoyou.com\/da\/product\/sildenafil\/#primaryimage\",\"url\":\"https:\/\/www.transtoyou.com\/da\/wp-content\/uploads\/sites\/6\/2026\/01\/tty-no-product-image-29.webp\",\"contentUrl\":\"https:\/\/www.transtoyou.com\/da\/wp-content\/uploads\/sites\/6\/2026\/01\/tty-no-product-image-29.webp\",\"width\":1000,\"height\":1000,\"caption\":\"Standard produktbillede\"},{\"@type\":\"WebSite\",\"@id\":\"https:\/\/www.transtoyou.com\/da\/#website\",\"url\":\"https:\/\/www.transtoyou.com\/da\/\",\"name\":\"Transtoyou - DA\",\"description\":\"\",\"publisher\":{\"@id\":\"https:\/\/www.transtoyou.com\/da\/#organization\"},\"potentialAction\":[{\"@type\":\"SearchAction\",\"target\":{\"@type\":\"EntryPoint\",\"urlTemplate\":\"https:\/\/www.transtoyou.com\/da\/?s={search_term_string}\"},\"query-input\":{\"@type\":\"PropertyValueSpecification\",\"valueRequired\":true,\"valueName\":\"search_term_string\"}}],\"inLanguage\":\"da-DK\"},{\"@type\":\"Organization\",\"@id\":\"https:\/\/www.transtoyou.com\/da\/#organization\",\"name\":\"Transtoyou - DA\",\"url\":\"https:\/\/www.transtoyou.com\/da\/\",\"logo\":{\"@type\":\"ImageObject\",\"inLanguage\":\"da-DK\",\"@id\":\"https:\/\/www.transtoyou.com\/da\/#\/schema\/logo\/image\/\",\"url\":\"https:\/\/www.transtoyou.com\/da\/wp-content\/uploads\/sites\/6\/2026\/01\/logo-tty-menu-bar-300x87-1.webp\",\"contentUrl\":\"https:\/\/www.transtoyou.com\/da\/wp-content\/uploads\/sites\/6\/2026\/01\/logo-tty-menu-bar-300x87-1.webp\",\"width\":300,\"height\":87,\"caption\":\"Transtoyou - DA\"},\"image\":{\"@id\":\"https:\/\/www.transtoyou.com\/da\/#\/schema\/logo\/image\/\"}}]}<\/script>\n<!-- \/ Yoast SEO plugin. -->","yoast_head_json":{"title":"Sildenafil | Forbedr Ydeevne Diskret - Transtoyou","description":"Udforsk Sildenafil hos Transtoyou, din p\u00e5lidelige kilde til kvalitets sundhedsprodukter. Oplev fordelene og shop nemt. Tilg\u00e6ngelig nu.","robots":{"index":"noindex","follow":"follow","max-snippet":"max-snippet:-1","max-image-preview":"max-image-preview:large","max-video-preview":"max-video-preview:-1"},"og_locale":"da_DK","og_type":"article","og_title":"Sildenafil | Forbedr Ydeevne Diskret - Transtoyou","og_description":"Udforsk Sildenafil hos Transtoyou, din p\u00e5lidelige kilde til kvalitets sundhedsprodukter. Oplev fordelene og shop nemt. Tilg\u00e6ngelig nu.","og_url":"https:\/\/www.transtoyou.com\/da\/product\/sildenafil\/","og_site_name":"Transtoyou - DA","article_modified_time":"2026-03-05T10:08:15+00:00","twitter_card":"summary_large_image","twitter_misc":{"Estimeret l\u00e6setid":"1 minut"},"schema":{"@context":"https:\/\/schema.org","@graph":[{"@type":"WebPage","@id":"https:\/\/www.transtoyou.com\/da\/product\/sildenafil\/","url":"https:\/\/www.transtoyou.com\/da\/product\/sildenafil\/","name":"Sildenafil | Forbedr Ydeevne Diskret - Transtoyou","isPartOf":{"@id":"https:\/\/www.transtoyou.com\/da\/#website"},"primaryImageOfPage":{"@id":"https:\/\/www.transtoyou.com\/da\/product\/sildenafil\/#primaryimage"},"image":{"@id":"https:\/\/www.transtoyou.com\/da\/product\/sildenafil\/#primaryimage"},"thumbnailUrl":"https:\/\/www.transtoyou.com\/da\/wp-content\/uploads\/sites\/6\/2026\/01\/tty-no-product-image-29.webp","datePublished":"2026-01-22T20:14:14+00:00","dateModified":"2026-03-05T10:08:15+00:00","description":"Udforsk Sildenafil hos Transtoyou, din p\u00e5lidelige kilde til kvalitets sundhedsprodukter. Oplev fordelene og shop nemt. Tilg\u00e6ngelig nu.","breadcrumb":{"@id":"https:\/\/www.transtoyou.com\/da\/product\/sildenafil\/#breadcrumb"},"inLanguage":"da-DK","potentialAction":[{"@type":"ReadAction","target":["https:\/\/www.transtoyou.com\/da\/product\/sildenafil\/"]}]},{"@type":"ImageObject","inLanguage":"da-DK","@id":"https:\/\/www.transtoyou.com\/da\/product\/sildenafil\/#primaryimage","url":"https:\/\/www.transtoyou.com\/da\/wp-content\/uploads\/sites\/6\/2026\/01\/tty-no-product-image-29.webp","contentUrl":"https:\/\/www.transtoyou.com\/da\/wp-content\/uploads\/sites\/6\/2026\/01\/tty-no-product-image-29.webp","width":1000,"height":1000,"caption":"Standard produktbillede"},{"@type":"WebSite","@id":"https:\/\/www.transtoyou.com\/da\/#website","url":"https:\/\/www.transtoyou.com\/da\/","name":"Transtoyou - DA","description":"","publisher":{"@id":"https:\/\/www.transtoyou.com\/da\/#organization"},"potentialAction":[{"@type":"SearchAction","target":{"@type":"EntryPoint","urlTemplate":"https:\/\/www.transtoyou.com\/da\/?s={search_term_string}"},"query-input":{"@type":"PropertyValueSpecification","valueRequired":true,"valueName":"search_term_string"}}],"inLanguage":"da-DK"},{"@type":"Organization","@id":"https:\/\/www.transtoyou.com\/da\/#organization","name":"Transtoyou - DA","url":"https:\/\/www.transtoyou.com\/da\/","logo":{"@type":"ImageObject","inLanguage":"da-DK","@id":"https:\/\/www.transtoyou.com\/da\/#\/schema\/logo\/image\/","url":"https:\/\/www.transtoyou.com\/da\/wp-content\/uploads\/sites\/6\/2026\/01\/logo-tty-menu-bar-300x87-1.webp","contentUrl":"https:\/\/www.transtoyou.com\/da\/wp-content\/uploads\/sites\/6\/2026\/01\/logo-tty-menu-bar-300x87-1.webp","width":300,"height":87,"caption":"Transtoyou - DA"},"image":{"@id":"https:\/\/www.transtoyou.com\/da\/#\/schema\/logo\/image\/"}}]}},"_links":{"self":[{"href":"https:\/\/www.transtoyou.com\/da\/wp-json\/wp\/v2\/product\/857","targetHints":{"allow":["GET"]}}],"collection":[{"href":"https:\/\/www.transtoyou.com\/da\/wp-json\/wp\/v2\/product"}],"about":[{"href":"https:\/\/www.transtoyou.com\/da\/wp-json\/wp\/v2\/types\/product"}],"replies":[{"embeddable":true,"href":"https:\/\/www.transtoyou.com\/da\/wp-json\/wp\/v2\/comments?post=857"}],"wp:featuredmedia":[{"embeddable":true,"href":"https:\/\/www.transtoyou.com\/da\/wp-json\/wp\/v2\/media\/859"}],"wp:attachment":[{"href":"https:\/\/www.transtoyou.com\/da\/wp-json\/wp\/v2\/media?parent=857"}],"wp:term":[{"taxonomy":"product_brand","embeddable":true,"href":"https:\/\/www.transtoyou.com\/da\/wp-json\/wp\/v2\/product_brand?post=857"},{"taxonomy":"product_cat","embeddable":true,"href":"https:\/\/www.transtoyou.com\/da\/wp-json\/wp\/v2\/product_cat?post=857"},{"taxonomy":"product_tag","embeddable":true,"href":"https:\/\/www.transtoyou.com\/da\/wp-json\/wp\/v2\/product_tag?post=857"},{"taxonomy":"expert","embeddable":true,"href":"https:\/\/www.transtoyou.com\/da\/wp-json\/wp\/v2\/expert?post=857"}],"curies":[{"name":"wp","href":"https:\/\/api.w.org\/{rel}","templated":true}]}}