{"id":860,"date":"2026-01-23T17:47:04","date_gmt":"2026-01-23T15:47:04","guid":{"rendered":"https:\/\/www.transtoyou.com\/da\/product\/levitra\/"},"modified":"2026-02-15T13:26:29","modified_gmt":"2026-02-15T11:26:29","slug":"levitra","status":"publish","type":"product","link":"https:\/\/www.transtoyou.com\/da\/product\/levitra\/","title":{"rendered":"Levitra"},"content":{"rendered":"<p>Levitra er en medicin til m\u00e6nd, der oplever erektil dysfunktion, en tilstand hvor det bliver sv\u00e6rt at opn\u00e5 eller opretholde en erektion. Den indeholder det aktive stof vardenafil, som tilh\u00f8rer en gruppe af l\u00e6gemidler kendt som phosphodiesterase type 5 (PDE5) h\u00e6mmere. Disse mediciner virker ved at \u00f8ge blodgennemstr\u00f8mningen til penis under seksuel stimulation, hvilket hj\u00e6lper med at opn\u00e5 en fastere og mere vedholdende erektion.<\/p>\n<p>Erektil dysfunktion kan have b\u00e5de fysiske og f\u00f8lelsesm\u00e6ssige \u00e5rsager. Levitra \u00f8ger ikke seksuel lyst, men forbedrer den fysiske reaktion p\u00e5 stimulation. N\u00e5r den tages, begynder den at virke inden for 30 til 60 minutter og forbliver effektiv i op til fem timer. Dette muligg\u00f8r en mere naturlig og mindre tidspresset oplevelse.<\/p>\n<p>Levitra tages typisk efter behov og skal synkes hele med vand. Den kan tages med eller uden mad, selvom et meget tungt eller fedtrigt m\u00e5ltid kan forsinke dens virkning. Den anbefalede startdosis er normalt 10 mg, men dette kan justeres afh\u00e6ngigt af, hvor effektiv den er, og om der opst\u00e5r bivirkninger.<\/p>\n<p>Almindelige bivirkninger inkluderer hovedpine, r\u00f8dmen, n\u00e6seoverbelastning og svimmelhed. Disse er generelt milde og kortvarige. Levitra b\u00f8r ikke bruges sammen med nitratmedicin eller visse hjertemediciner, da kombinationen kan for\u00e5rsage et betydeligt fald i blodtrykket.<\/p>\n","protected":false},"excerpt":{"rendered":"<ul>\n<li>Effektiv inden for 30\u201360 minutter<\/li>\n<li>Varer op til 5 timer<\/li>\n<li>Underst\u00f8tter naturlig erektil respons<\/li>\n<\/ul>\n","protected":false},"featured_media":862,"comment_status":"open","ping_status":"closed","template":"","meta":[],"product_brand":[],"product_cat":[115],"product_tag":[],"expert":[16],"class_list":{"0":"post-860","1":"product","2":"type-product","3":"status-publish","4":"has-post-thumbnail","6":"product_cat-behandlinger-for-erektil-dysfunktion","7":"expert-dr-c-alexandru","9":"first","10":"instock","11":"shipping-taxable","12":"purchasable","13":"product-type-variable"},"yoast_head":"<!-- This site is optimized with the Yoast SEO plugin v27.0 - https:\/\/yoast.com\/product\/yoast-seo-wordpress\/ -->\n<title>Levitra | Forbedrer Intimitet &amp; Selvtillid - Transtoyou<\/title>\n<meta name=\"description\" content=\"Opdag Levitra p\u00e5 Transtoyou, en p\u00e5lidelig digital sundhedsplatform. Forbedr din wellnessrejse med klinisk gennemg\u00e5ede sundhedsprodukter i dag.\" \/>\n<meta name=\"robots\" content=\"noindex, follow, max-snippet:-1, max-image-preview:large, max-video-preview:-1\" \/>\n<meta property=\"og:locale\" content=\"da_DK\" \/>\n<meta property=\"og:type\" content=\"article\" \/>\n<meta property=\"og:title\" content=\"Levitra | Forbedrer Intimitet &amp; Selvtillid - Transtoyou\" \/>\n<meta property=\"og:description\" content=\"Opdag Levitra p\u00e5 Transtoyou, en p\u00e5lidelig digital sundhedsplatform. Forbedr din wellnessrejse med klinisk gennemg\u00e5ede sundhedsprodukter i dag.\" \/>\n<meta property=\"og:url\" content=\"https:\/\/www.transtoyou.com\/da\/product\/levitra\/\" \/>\n<meta property=\"og:site_name\" content=\"Transtoyou - DA\" \/>\n<meta property=\"article:modified_time\" content=\"2026-02-15T11:26:29+00:00\" \/>\n<meta name=\"twitter:card\" content=\"summary_large_image\" \/>\n<meta name=\"twitter:label1\" content=\"Estimeret l\u00e6setid\" \/>\n\t<meta name=\"twitter:data1\" content=\"1 minut\" \/>\n<script type=\"application\/ld+json\" class=\"yoast-schema-graph\">{\"@context\":\"https:\/\/schema.org\",\"@graph\":[{\"@type\":\"WebPage\",\"@id\":\"https:\/\/www.transtoyou.com\/da\/product\/levitra\/\",\"url\":\"https:\/\/www.transtoyou.com\/da\/product\/levitra\/\",\"name\":\"Levitra | Forbedrer Intimitet & Selvtillid - Transtoyou\",\"isPartOf\":{\"@id\":\"https:\/\/www.transtoyou.com\/da\/#website\"},\"primaryImageOfPage\":{\"@id\":\"https:\/\/www.transtoyou.com\/da\/product\/levitra\/#primaryimage\"},\"image\":{\"@id\":\"https:\/\/www.transtoyou.com\/da\/product\/levitra\/#primaryimage\"},\"thumbnailUrl\":\"https:\/\/www.transtoyou.com\/da\/wp-content\/uploads\/sites\/6\/2026\/01\/tty-no-product-image-30.webp\",\"datePublished\":\"2026-01-23T15:47:04+00:00\",\"dateModified\":\"2026-02-15T11:26:29+00:00\",\"description\":\"Opdag Levitra p\u00e5 Transtoyou, en p\u00e5lidelig digital sundhedsplatform. Forbedr din wellnessrejse med klinisk gennemg\u00e5ede sundhedsprodukter i dag.\",\"breadcrumb\":{\"@id\":\"https:\/\/www.transtoyou.com\/da\/product\/levitra\/#breadcrumb\"},\"inLanguage\":\"da-DK\",\"potentialAction\":[{\"@type\":\"ReadAction\",\"target\":[\"https:\/\/www.transtoyou.com\/da\/product\/levitra\/\"]}]},{\"@type\":\"ImageObject\",\"inLanguage\":\"da-DK\",\"@id\":\"https:\/\/www.transtoyou.com\/da\/product\/levitra\/#primaryimage\",\"url\":\"https:\/\/www.transtoyou.com\/da\/wp-content\/uploads\/sites\/6\/2026\/01\/tty-no-product-image-30.webp\",\"contentUrl\":\"https:\/\/www.transtoyou.com\/da\/wp-content\/uploads\/sites\/6\/2026\/01\/tty-no-product-image-30.webp\",\"width\":1000,\"height\":1000,\"caption\":\"Standard produktbillede\"},{\"@type\":\"WebSite\",\"@id\":\"https:\/\/www.transtoyou.com\/da\/#website\",\"url\":\"https:\/\/www.transtoyou.com\/da\/\",\"name\":\"Transtoyou - DA\",\"description\":\"\",\"publisher\":{\"@id\":\"https:\/\/www.transtoyou.com\/da\/#organization\"},\"potentialAction\":[{\"@type\":\"SearchAction\",\"target\":{\"@type\":\"EntryPoint\",\"urlTemplate\":\"https:\/\/www.transtoyou.com\/da\/?s={search_term_string}\"},\"query-input\":{\"@type\":\"PropertyValueSpecification\",\"valueRequired\":true,\"valueName\":\"search_term_string\"}}],\"inLanguage\":\"da-DK\"},{\"@type\":\"Organization\",\"@id\":\"https:\/\/www.transtoyou.com\/da\/#organization\",\"name\":\"Transtoyou - DA\",\"url\":\"https:\/\/www.transtoyou.com\/da\/\",\"logo\":{\"@type\":\"ImageObject\",\"inLanguage\":\"da-DK\",\"@id\":\"https:\/\/www.transtoyou.com\/da\/#\/schema\/logo\/image\/\",\"url\":\"https:\/\/www.transtoyou.com\/da\/wp-content\/uploads\/sites\/6\/2026\/01\/logo-tty-menu-bar-300x87-1.webp\",\"contentUrl\":\"https:\/\/www.transtoyou.com\/da\/wp-content\/uploads\/sites\/6\/2026\/01\/logo-tty-menu-bar-300x87-1.webp\",\"width\":300,\"height\":87,\"caption\":\"Transtoyou - DA\"},\"image\":{\"@id\":\"https:\/\/www.transtoyou.com\/da\/#\/schema\/logo\/image\/\"}}]}<\/script>\n<!-- \/ Yoast SEO plugin. -->","yoast_head_json":{"title":"Levitra | Forbedrer Intimitet & Selvtillid - Transtoyou","description":"Opdag Levitra p\u00e5 Transtoyou, en p\u00e5lidelig digital sundhedsplatform. Forbedr din wellnessrejse med klinisk gennemg\u00e5ede sundhedsprodukter i dag.","robots":{"index":"noindex","follow":"follow","max-snippet":"max-snippet:-1","max-image-preview":"max-image-preview:large","max-video-preview":"max-video-preview:-1"},"og_locale":"da_DK","og_type":"article","og_title":"Levitra | Forbedrer Intimitet & Selvtillid - Transtoyou","og_description":"Opdag Levitra p\u00e5 Transtoyou, en p\u00e5lidelig digital sundhedsplatform. Forbedr din wellnessrejse med klinisk gennemg\u00e5ede sundhedsprodukter i dag.","og_url":"https:\/\/www.transtoyou.com\/da\/product\/levitra\/","og_site_name":"Transtoyou - DA","article_modified_time":"2026-02-15T11:26:29+00:00","twitter_card":"summary_large_image","twitter_misc":{"Estimeret l\u00e6setid":"1 minut"},"schema":{"@context":"https:\/\/schema.org","@graph":[{"@type":"WebPage","@id":"https:\/\/www.transtoyou.com\/da\/product\/levitra\/","url":"https:\/\/www.transtoyou.com\/da\/product\/levitra\/","name":"Levitra | Forbedrer Intimitet & Selvtillid - Transtoyou","isPartOf":{"@id":"https:\/\/www.transtoyou.com\/da\/#website"},"primaryImageOfPage":{"@id":"https:\/\/www.transtoyou.com\/da\/product\/levitra\/#primaryimage"},"image":{"@id":"https:\/\/www.transtoyou.com\/da\/product\/levitra\/#primaryimage"},"thumbnailUrl":"https:\/\/www.transtoyou.com\/da\/wp-content\/uploads\/sites\/6\/2026\/01\/tty-no-product-image-30.webp","datePublished":"2026-01-23T15:47:04+00:00","dateModified":"2026-02-15T11:26:29+00:00","description":"Opdag Levitra p\u00e5 Transtoyou, en p\u00e5lidelig digital sundhedsplatform. Forbedr din wellnessrejse med klinisk gennemg\u00e5ede sundhedsprodukter i dag.","breadcrumb":{"@id":"https:\/\/www.transtoyou.com\/da\/product\/levitra\/#breadcrumb"},"inLanguage":"da-DK","potentialAction":[{"@type":"ReadAction","target":["https:\/\/www.transtoyou.com\/da\/product\/levitra\/"]}]},{"@type":"ImageObject","inLanguage":"da-DK","@id":"https:\/\/www.transtoyou.com\/da\/product\/levitra\/#primaryimage","url":"https:\/\/www.transtoyou.com\/da\/wp-content\/uploads\/sites\/6\/2026\/01\/tty-no-product-image-30.webp","contentUrl":"https:\/\/www.transtoyou.com\/da\/wp-content\/uploads\/sites\/6\/2026\/01\/tty-no-product-image-30.webp","width":1000,"height":1000,"caption":"Standard produktbillede"},{"@type":"WebSite","@id":"https:\/\/www.transtoyou.com\/da\/#website","url":"https:\/\/www.transtoyou.com\/da\/","name":"Transtoyou - DA","description":"","publisher":{"@id":"https:\/\/www.transtoyou.com\/da\/#organization"},"potentialAction":[{"@type":"SearchAction","target":{"@type":"EntryPoint","urlTemplate":"https:\/\/www.transtoyou.com\/da\/?s={search_term_string}"},"query-input":{"@type":"PropertyValueSpecification","valueRequired":true,"valueName":"search_term_string"}}],"inLanguage":"da-DK"},{"@type":"Organization","@id":"https:\/\/www.transtoyou.com\/da\/#organization","name":"Transtoyou - DA","url":"https:\/\/www.transtoyou.com\/da\/","logo":{"@type":"ImageObject","inLanguage":"da-DK","@id":"https:\/\/www.transtoyou.com\/da\/#\/schema\/logo\/image\/","url":"https:\/\/www.transtoyou.com\/da\/wp-content\/uploads\/sites\/6\/2026\/01\/logo-tty-menu-bar-300x87-1.webp","contentUrl":"https:\/\/www.transtoyou.com\/da\/wp-content\/uploads\/sites\/6\/2026\/01\/logo-tty-menu-bar-300x87-1.webp","width":300,"height":87,"caption":"Transtoyou - DA"},"image":{"@id":"https:\/\/www.transtoyou.com\/da\/#\/schema\/logo\/image\/"}}]}},"_links":{"self":[{"href":"https:\/\/www.transtoyou.com\/da\/wp-json\/wp\/v2\/product\/860","targetHints":{"allow":["GET"]}}],"collection":[{"href":"https:\/\/www.transtoyou.com\/da\/wp-json\/wp\/v2\/product"}],"about":[{"href":"https:\/\/www.transtoyou.com\/da\/wp-json\/wp\/v2\/types\/product"}],"replies":[{"embeddable":true,"href":"https:\/\/www.transtoyou.com\/da\/wp-json\/wp\/v2\/comments?post=860"}],"wp:featuredmedia":[{"embeddable":true,"href":"https:\/\/www.transtoyou.com\/da\/wp-json\/wp\/v2\/media\/862"}],"wp:attachment":[{"href":"https:\/\/www.transtoyou.com\/da\/wp-json\/wp\/v2\/media?parent=860"}],"wp:term":[{"taxonomy":"product_brand","embeddable":true,"href":"https:\/\/www.transtoyou.com\/da\/wp-json\/wp\/v2\/product_brand?post=860"},{"taxonomy":"product_cat","embeddable":true,"href":"https:\/\/www.transtoyou.com\/da\/wp-json\/wp\/v2\/product_cat?post=860"},{"taxonomy":"product_tag","embeddable":true,"href":"https:\/\/www.transtoyou.com\/da\/wp-json\/wp\/v2\/product_tag?post=860"},{"taxonomy":"expert","embeddable":true,"href":"https:\/\/www.transtoyou.com\/da\/wp-json\/wp\/v2\/expert?post=860"}],"curies":[{"name":"wp","href":"https:\/\/api.w.org\/{rel}","templated":true}]}}