{"id":863,"date":"2026-01-23T17:56:27","date_gmt":"2026-01-23T15:56:27","guid":{"rendered":"https:\/\/www.transtoyou.com\/da\/product\/sandrena\/"},"modified":"2026-02-16T10:59:59","modified_gmt":"2026-02-16T08:59:59","slug":"sandrena","status":"publish","type":"product","link":"https:\/\/www.transtoyou.com\/da\/product\/sandrena\/","title":{"rendered":"Sandrena"},"content":{"rendered":"<p>Sandrena er en transdermal gel, der indeholder estradiol hemihydrat, en form for \u00f8strogen. Den behandler symptomer forbundet med \u00f8strogenmangel under naturlig eller kirurgisk overgangsalder, s\u00e5som hedeture, nattesved og vaginal t\u00f8rhed. Sandrena kan ogs\u00e5 bruges til tidlig forebyggelse af postmenopausal osteoporose.<\/p>\n<p>Medikamentet virker ved at levere estradiol direkte gennem huden ind i blodbanen, hvilket omg\u00e5r leveren og reducerer hormonfluktuationer sammenlignet med orale \u00f8strogener. Estradiol binder sig til \u00f8strogenreceptorer og ud\u00f8ver anti-osteoporotiske, lipidregulerende og vasomotorisk stabiliserende effekter. Det opretholder ogs\u00e5 sundheden i huden, urinvejene og knoglerne.<\/p>\n<p>I kroppen h\u00e6ver Sandrena effektivt estradiolniveauerne for at genoprette hormonbalancen, forbedre symptomerne p\u00e5 overgangsalderen, mens det opretholder et gunstigt forhold mellem estradiol og estron. Det tilbyder stabile blodniveauer med minimale daglige fluktuationer og kan nemt justeres baseret p\u00e5 individuelle terapeutiske behov.<\/p>\n<p>Sandrena tolereres generelt godt, men det kr\u00e6ver kombination med et gestagen hos kvinder med en intakt livmoder for at forhindre endometrial hyperplasi.<\/p>\n","protected":false},"excerpt":{"rendered":"<ul>\n<li>Lindring af menopausale symptomer<\/li>\n<li>Transdermalt \u00f8strogen gelbehandling<\/li>\n<li>Hj\u00e6lper med at forhindre tidlig osteoporose<\/li>\n<\/ul>\n","protected":false},"featured_media":865,"comment_status":"open","ping_status":"closed","template":"","meta":[],"product_brand":[],"product_cat":[139,116],"product_tag":[],"expert":[17],"class_list":{"0":"post-863","1":"product","2":"type-product","3":"status-publish","4":"has-post-thumbnail","6":"product_cat-hormonbehandling-hrt","7":"product_cat-ostrogen-feminiserende-terapi","8":"expert-dr-c-munoz-parada","10":"first","11":"instock","12":"shipping-taxable","13":"purchasable","14":"product-type-variable"},"yoast_head":"<!-- This site is optimized with the Yoast SEO plugin v27.0 - https:\/\/yoast.com\/product\/yoast-seo-wordpress\/ -->\n<title>Sandrena | P\u00e5lidelig St\u00f8tte til Hormonbalance - Transtoyou<\/title>\n<meta name=\"description\" content=\"Sandrena er nu tilg\u00e6ngelig hos Transtoyou, som tilbyder hormonst\u00f8tte med klinisk gennemg\u00e5ede fordele. Shop i dag for p\u00e5lidelige sundhedsl\u00f8sninger.\" \/>\n<meta name=\"robots\" content=\"noindex, follow, max-snippet:-1, max-image-preview:large, max-video-preview:-1\" \/>\n<meta property=\"og:locale\" content=\"da_DK\" \/>\n<meta property=\"og:type\" content=\"article\" \/>\n<meta property=\"og:title\" content=\"Sandrena | P\u00e5lidelig St\u00f8tte til Hormonbalance - Transtoyou\" \/>\n<meta property=\"og:description\" content=\"Sandrena er nu tilg\u00e6ngelig hos Transtoyou, som tilbyder hormonst\u00f8tte med klinisk gennemg\u00e5ede fordele. Shop i dag for p\u00e5lidelige sundhedsl\u00f8sninger.\" \/>\n<meta property=\"og:url\" content=\"https:\/\/www.transtoyou.com\/da\/product\/sandrena\/\" \/>\n<meta property=\"og:site_name\" content=\"Transtoyou - DA\" \/>\n<meta property=\"article:modified_time\" content=\"2026-02-16T08:59:59+00:00\" \/>\n<meta name=\"twitter:card\" content=\"summary_large_image\" \/>\n<meta name=\"twitter:label1\" content=\"Estimeret l\u00e6setid\" \/>\n\t<meta name=\"twitter:data1\" content=\"1 minut\" \/>\n<script type=\"application\/ld+json\" class=\"yoast-schema-graph\">{\"@context\":\"https:\/\/schema.org\",\"@graph\":[{\"@type\":\"WebPage\",\"@id\":\"https:\/\/www.transtoyou.com\/da\/product\/sandrena\/\",\"url\":\"https:\/\/www.transtoyou.com\/da\/product\/sandrena\/\",\"name\":\"Sandrena | P\u00e5lidelig St\u00f8tte til Hormonbalance - Transtoyou\",\"isPartOf\":{\"@id\":\"https:\/\/www.transtoyou.com\/da\/#website\"},\"primaryImageOfPage\":{\"@id\":\"https:\/\/www.transtoyou.com\/da\/product\/sandrena\/#primaryimage\"},\"image\":{\"@id\":\"https:\/\/www.transtoyou.com\/da\/product\/sandrena\/#primaryimage\"},\"thumbnailUrl\":\"https:\/\/www.transtoyou.com\/da\/wp-content\/uploads\/sites\/6\/2026\/01\/tty-no-product-image-31.webp\",\"datePublished\":\"2026-01-23T15:56:27+00:00\",\"dateModified\":\"2026-02-16T08:59:59+00:00\",\"description\":\"Sandrena er nu tilg\u00e6ngelig hos Transtoyou, som tilbyder hormonst\u00f8tte med klinisk gennemg\u00e5ede fordele. Shop i dag for p\u00e5lidelige sundhedsl\u00f8sninger.\",\"breadcrumb\":{\"@id\":\"https:\/\/www.transtoyou.com\/da\/product\/sandrena\/#breadcrumb\"},\"inLanguage\":\"da-DK\",\"potentialAction\":[{\"@type\":\"ReadAction\",\"target\":[\"https:\/\/www.transtoyou.com\/da\/product\/sandrena\/\"]}]},{\"@type\":\"ImageObject\",\"inLanguage\":\"da-DK\",\"@id\":\"https:\/\/www.transtoyou.com\/da\/product\/sandrena\/#primaryimage\",\"url\":\"https:\/\/www.transtoyou.com\/da\/wp-content\/uploads\/sites\/6\/2026\/01\/tty-no-product-image-31.webp\",\"contentUrl\":\"https:\/\/www.transtoyou.com\/da\/wp-content\/uploads\/sites\/6\/2026\/01\/tty-no-product-image-31.webp\",\"width\":1000,\"height\":1000,\"caption\":\"Standard produktbillede\"},{\"@type\":\"WebSite\",\"@id\":\"https:\/\/www.transtoyou.com\/da\/#website\",\"url\":\"https:\/\/www.transtoyou.com\/da\/\",\"name\":\"Transtoyou - DA\",\"description\":\"\",\"publisher\":{\"@id\":\"https:\/\/www.transtoyou.com\/da\/#organization\"},\"potentialAction\":[{\"@type\":\"SearchAction\",\"target\":{\"@type\":\"EntryPoint\",\"urlTemplate\":\"https:\/\/www.transtoyou.com\/da\/?s={search_term_string}\"},\"query-input\":{\"@type\":\"PropertyValueSpecification\",\"valueRequired\":true,\"valueName\":\"search_term_string\"}}],\"inLanguage\":\"da-DK\"},{\"@type\":\"Organization\",\"@id\":\"https:\/\/www.transtoyou.com\/da\/#organization\",\"name\":\"Transtoyou - DA\",\"url\":\"https:\/\/www.transtoyou.com\/da\/\",\"logo\":{\"@type\":\"ImageObject\",\"inLanguage\":\"da-DK\",\"@id\":\"https:\/\/www.transtoyou.com\/da\/#\/schema\/logo\/image\/\",\"url\":\"https:\/\/www.transtoyou.com\/da\/wp-content\/uploads\/sites\/6\/2026\/01\/logo-tty-menu-bar-300x87-1.webp\",\"contentUrl\":\"https:\/\/www.transtoyou.com\/da\/wp-content\/uploads\/sites\/6\/2026\/01\/logo-tty-menu-bar-300x87-1.webp\",\"width\":300,\"height\":87,\"caption\":\"Transtoyou - DA\"},\"image\":{\"@id\":\"https:\/\/www.transtoyou.com\/da\/#\/schema\/logo\/image\/\"}}]}<\/script>\n<!-- \/ Yoast SEO plugin. -->","yoast_head_json":{"title":"Sandrena | P\u00e5lidelig St\u00f8tte til Hormonbalance - Transtoyou","description":"Sandrena er nu tilg\u00e6ngelig hos Transtoyou, som tilbyder hormonst\u00f8tte med klinisk gennemg\u00e5ede fordele. Shop i dag for p\u00e5lidelige sundhedsl\u00f8sninger.","robots":{"index":"noindex","follow":"follow","max-snippet":"max-snippet:-1","max-image-preview":"max-image-preview:large","max-video-preview":"max-video-preview:-1"},"og_locale":"da_DK","og_type":"article","og_title":"Sandrena | P\u00e5lidelig St\u00f8tte til Hormonbalance - Transtoyou","og_description":"Sandrena er nu tilg\u00e6ngelig hos Transtoyou, som tilbyder hormonst\u00f8tte med klinisk gennemg\u00e5ede fordele. Shop i dag for p\u00e5lidelige sundhedsl\u00f8sninger.","og_url":"https:\/\/www.transtoyou.com\/da\/product\/sandrena\/","og_site_name":"Transtoyou - DA","article_modified_time":"2026-02-16T08:59:59+00:00","twitter_card":"summary_large_image","twitter_misc":{"Estimeret l\u00e6setid":"1 minut"},"schema":{"@context":"https:\/\/schema.org","@graph":[{"@type":"WebPage","@id":"https:\/\/www.transtoyou.com\/da\/product\/sandrena\/","url":"https:\/\/www.transtoyou.com\/da\/product\/sandrena\/","name":"Sandrena | P\u00e5lidelig St\u00f8tte til Hormonbalance - Transtoyou","isPartOf":{"@id":"https:\/\/www.transtoyou.com\/da\/#website"},"primaryImageOfPage":{"@id":"https:\/\/www.transtoyou.com\/da\/product\/sandrena\/#primaryimage"},"image":{"@id":"https:\/\/www.transtoyou.com\/da\/product\/sandrena\/#primaryimage"},"thumbnailUrl":"https:\/\/www.transtoyou.com\/da\/wp-content\/uploads\/sites\/6\/2026\/01\/tty-no-product-image-31.webp","datePublished":"2026-01-23T15:56:27+00:00","dateModified":"2026-02-16T08:59:59+00:00","description":"Sandrena er nu tilg\u00e6ngelig hos Transtoyou, som tilbyder hormonst\u00f8tte med klinisk gennemg\u00e5ede fordele. Shop i dag for p\u00e5lidelige sundhedsl\u00f8sninger.","breadcrumb":{"@id":"https:\/\/www.transtoyou.com\/da\/product\/sandrena\/#breadcrumb"},"inLanguage":"da-DK","potentialAction":[{"@type":"ReadAction","target":["https:\/\/www.transtoyou.com\/da\/product\/sandrena\/"]}]},{"@type":"ImageObject","inLanguage":"da-DK","@id":"https:\/\/www.transtoyou.com\/da\/product\/sandrena\/#primaryimage","url":"https:\/\/www.transtoyou.com\/da\/wp-content\/uploads\/sites\/6\/2026\/01\/tty-no-product-image-31.webp","contentUrl":"https:\/\/www.transtoyou.com\/da\/wp-content\/uploads\/sites\/6\/2026\/01\/tty-no-product-image-31.webp","width":1000,"height":1000,"caption":"Standard produktbillede"},{"@type":"WebSite","@id":"https:\/\/www.transtoyou.com\/da\/#website","url":"https:\/\/www.transtoyou.com\/da\/","name":"Transtoyou - DA","description":"","publisher":{"@id":"https:\/\/www.transtoyou.com\/da\/#organization"},"potentialAction":[{"@type":"SearchAction","target":{"@type":"EntryPoint","urlTemplate":"https:\/\/www.transtoyou.com\/da\/?s={search_term_string}"},"query-input":{"@type":"PropertyValueSpecification","valueRequired":true,"valueName":"search_term_string"}}],"inLanguage":"da-DK"},{"@type":"Organization","@id":"https:\/\/www.transtoyou.com\/da\/#organization","name":"Transtoyou - DA","url":"https:\/\/www.transtoyou.com\/da\/","logo":{"@type":"ImageObject","inLanguage":"da-DK","@id":"https:\/\/www.transtoyou.com\/da\/#\/schema\/logo\/image\/","url":"https:\/\/www.transtoyou.com\/da\/wp-content\/uploads\/sites\/6\/2026\/01\/logo-tty-menu-bar-300x87-1.webp","contentUrl":"https:\/\/www.transtoyou.com\/da\/wp-content\/uploads\/sites\/6\/2026\/01\/logo-tty-menu-bar-300x87-1.webp","width":300,"height":87,"caption":"Transtoyou - DA"},"image":{"@id":"https:\/\/www.transtoyou.com\/da\/#\/schema\/logo\/image\/"}}]}},"_links":{"self":[{"href":"https:\/\/www.transtoyou.com\/da\/wp-json\/wp\/v2\/product\/863","targetHints":{"allow":["GET"]}}],"collection":[{"href":"https:\/\/www.transtoyou.com\/da\/wp-json\/wp\/v2\/product"}],"about":[{"href":"https:\/\/www.transtoyou.com\/da\/wp-json\/wp\/v2\/types\/product"}],"replies":[{"embeddable":true,"href":"https:\/\/www.transtoyou.com\/da\/wp-json\/wp\/v2\/comments?post=863"}],"wp:featuredmedia":[{"embeddable":true,"href":"https:\/\/www.transtoyou.com\/da\/wp-json\/wp\/v2\/media\/865"}],"wp:attachment":[{"href":"https:\/\/www.transtoyou.com\/da\/wp-json\/wp\/v2\/media?parent=863"}],"wp:term":[{"taxonomy":"product_brand","embeddable":true,"href":"https:\/\/www.transtoyou.com\/da\/wp-json\/wp\/v2\/product_brand?post=863"},{"taxonomy":"product_cat","embeddable":true,"href":"https:\/\/www.transtoyou.com\/da\/wp-json\/wp\/v2\/product_cat?post=863"},{"taxonomy":"product_tag","embeddable":true,"href":"https:\/\/www.transtoyou.com\/da\/wp-json\/wp\/v2\/product_tag?post=863"},{"taxonomy":"expert","embeddable":true,"href":"https:\/\/www.transtoyou.com\/da\/wp-json\/wp\/v2\/expert?post=863"}],"curies":[{"name":"wp","href":"https:\/\/api.w.org\/{rel}","templated":true}]}}