{"id":866,"date":"2026-01-23T18:10:52","date_gmt":"2026-01-23T16:10:52","guid":{"rendered":"https:\/\/www.transtoyou.com\/da\/product\/spedra\/"},"modified":"2026-03-05T13:16:29","modified_gmt":"2026-03-05T11:16:29","slug":"spedra","status":"publish","type":"product","link":"https:\/\/www.transtoyou.com\/da\/product\/spedra\/","title":{"rendered":"Spedra"},"content":{"rendered":"<p>Spedra er en hurtigtvirkende medicin, der bruges til at behandle erektil dysfunktion (ED). Den indeholder avanafil, en selektiv phosphodiesterase type 5 (PDE5) h\u00e6mmer. N\u00e5r en mand bliver seksuelt stimuleret, \u00f8ges blodgennemstr\u00f8mningen, hvilket producerer en erektion. Avanafil blokerer PDE5-enzymet for at forl\u00e6nge erektionsprocessen.<\/p>\n<p>Spedra er indiceret til ED, herunder dem med milde til sv\u00e6re symptomer, s\u00e5 l\u00e6nge der er seksuel stimulation til stede. Den er ikke effektiv uden det. Virkningen indtr\u00e6der p\u00e5 s\u00e5 lidt som 15\u201330 minutter, og effekten kan vare op til 2 timer, afh\u00e6ngigt af den enkelte.<\/p>\n<p>Denne medicin tolereres godt og har en gunstig sikkerhedsprofil, n\u00e5r den bruges som foreskrevet. Den kan anvendes af alle aldre, herunder \u00e6ldre voksne, og har den fordel, at den hurtigt optages. I mods\u00e6tning til nogle PDE5-h\u00e6mmere er Spedras madinteraktioner minimale, selvom et fedtrigt m\u00e5ltid kan forsinke optagelsen en smule.<\/p>\n","protected":false},"excerpt":{"rendered":"<ul>\n<li>Hurtig virkning inden for 15\u201330 minutter<\/li>\n<li>Effektiv i op til 2 timer<\/li>\n<li>Kan tages med eller uden mad<\/li>\n<\/ul>\n","protected":false},"featured_media":868,"comment_status":"open","ping_status":"closed","template":"","meta":[],"product_brand":[],"product_cat":[115],"product_tag":[],"expert":[17],"class_list":{"0":"post-866","1":"product","2":"type-product","3":"status-publish","4":"has-post-thumbnail","6":"product_cat-behandlinger-for-erektil-dysfunktion","7":"expert-dr-c-munoz-parada","9":"first","10":"instock","11":"shipping-taxable","12":"product-type-variable"},"yoast_head":"<!-- This site is optimized with the Yoast SEO plugin v27.0 - https:\/\/yoast.com\/product\/yoast-seo-wordpress\/ -->\n<title>Spedra | Hurtigvirkende ED-l\u00f8sning - Transtoyou<\/title>\n<meta name=\"description\" content=\"Spedra, tilg\u00e6ngelig nu hos Transtoyou. Forbedr dit velv\u00e6re med dette unikke sundhedsprodukt. Opdag fordelene og k\u00f8b i dag!\" \/>\n<meta name=\"robots\" content=\"noindex, follow, max-snippet:-1, max-image-preview:large, max-video-preview:-1\" \/>\n<meta property=\"og:locale\" content=\"da_DK\" \/>\n<meta property=\"og:type\" content=\"article\" \/>\n<meta property=\"og:title\" content=\"Spedra | Hurtigvirkende ED-l\u00f8sning - Transtoyou\" \/>\n<meta property=\"og:description\" content=\"Spedra, tilg\u00e6ngelig nu hos Transtoyou. Forbedr dit velv\u00e6re med dette unikke sundhedsprodukt. Opdag fordelene og k\u00f8b i dag!\" \/>\n<meta property=\"og:url\" content=\"https:\/\/www.transtoyou.com\/da\/product\/spedra\/\" \/>\n<meta property=\"og:site_name\" content=\"Transtoyou - DA\" \/>\n<meta property=\"article:modified_time\" content=\"2026-03-05T11:16:29+00:00\" \/>\n<meta name=\"twitter:card\" content=\"summary_large_image\" \/>\n<meta name=\"twitter:label1\" content=\"Estimeret l\u00e6setid\" \/>\n\t<meta name=\"twitter:data1\" content=\"1 minut\" \/>\n<script type=\"application\/ld+json\" class=\"yoast-schema-graph\">{\"@context\":\"https:\/\/schema.org\",\"@graph\":[{\"@type\":\"WebPage\",\"@id\":\"https:\/\/www.transtoyou.com\/da\/product\/spedra\/\",\"url\":\"https:\/\/www.transtoyou.com\/da\/product\/spedra\/\",\"name\":\"Spedra | Hurtigvirkende ED-l\u00f8sning - Transtoyou\",\"isPartOf\":{\"@id\":\"https:\/\/www.transtoyou.com\/da\/#website\"},\"primaryImageOfPage\":{\"@id\":\"https:\/\/www.transtoyou.com\/da\/product\/spedra\/#primaryimage\"},\"image\":{\"@id\":\"https:\/\/www.transtoyou.com\/da\/product\/spedra\/#primaryimage\"},\"thumbnailUrl\":\"https:\/\/www.transtoyou.com\/da\/wp-content\/uploads\/sites\/6\/2026\/01\/tty-no-product-image-32.webp\",\"datePublished\":\"2026-01-23T16:10:52+00:00\",\"dateModified\":\"2026-03-05T11:16:29+00:00\",\"description\":\"Spedra, tilg\u00e6ngelig nu hos Transtoyou. Forbedr dit velv\u00e6re med dette unikke sundhedsprodukt. Opdag fordelene og k\u00f8b i dag!\",\"breadcrumb\":{\"@id\":\"https:\/\/www.transtoyou.com\/da\/product\/spedra\/#breadcrumb\"},\"inLanguage\":\"da-DK\",\"potentialAction\":[{\"@type\":\"ReadAction\",\"target\":[\"https:\/\/www.transtoyou.com\/da\/product\/spedra\/\"]}]},{\"@type\":\"ImageObject\",\"inLanguage\":\"da-DK\",\"@id\":\"https:\/\/www.transtoyou.com\/da\/product\/spedra\/#primaryimage\",\"url\":\"https:\/\/www.transtoyou.com\/da\/wp-content\/uploads\/sites\/6\/2026\/01\/tty-no-product-image-32.webp\",\"contentUrl\":\"https:\/\/www.transtoyou.com\/da\/wp-content\/uploads\/sites\/6\/2026\/01\/tty-no-product-image-32.webp\",\"width\":1000,\"height\":1000,\"caption\":\"Standard produktbillede\"},{\"@type\":\"WebSite\",\"@id\":\"https:\/\/www.transtoyou.com\/da\/#website\",\"url\":\"https:\/\/www.transtoyou.com\/da\/\",\"name\":\"Transtoyou - DA\",\"description\":\"\",\"publisher\":{\"@id\":\"https:\/\/www.transtoyou.com\/da\/#organization\"},\"potentialAction\":[{\"@type\":\"SearchAction\",\"target\":{\"@type\":\"EntryPoint\",\"urlTemplate\":\"https:\/\/www.transtoyou.com\/da\/?s={search_term_string}\"},\"query-input\":{\"@type\":\"PropertyValueSpecification\",\"valueRequired\":true,\"valueName\":\"search_term_string\"}}],\"inLanguage\":\"da-DK\"},{\"@type\":\"Organization\",\"@id\":\"https:\/\/www.transtoyou.com\/da\/#organization\",\"name\":\"Transtoyou - DA\",\"url\":\"https:\/\/www.transtoyou.com\/da\/\",\"logo\":{\"@type\":\"ImageObject\",\"inLanguage\":\"da-DK\",\"@id\":\"https:\/\/www.transtoyou.com\/da\/#\/schema\/logo\/image\/\",\"url\":\"https:\/\/www.transtoyou.com\/da\/wp-content\/uploads\/sites\/6\/2026\/01\/logo-tty-menu-bar-300x87-1.webp\",\"contentUrl\":\"https:\/\/www.transtoyou.com\/da\/wp-content\/uploads\/sites\/6\/2026\/01\/logo-tty-menu-bar-300x87-1.webp\",\"width\":300,\"height\":87,\"caption\":\"Transtoyou - DA\"},\"image\":{\"@id\":\"https:\/\/www.transtoyou.com\/da\/#\/schema\/logo\/image\/\"}}]}<\/script>\n<!-- \/ Yoast SEO plugin. -->","yoast_head_json":{"title":"Spedra | Hurtigvirkende ED-l\u00f8sning - Transtoyou","description":"Spedra, tilg\u00e6ngelig nu hos Transtoyou. Forbedr dit velv\u00e6re med dette unikke sundhedsprodukt. Opdag fordelene og k\u00f8b i dag!","robots":{"index":"noindex","follow":"follow","max-snippet":"max-snippet:-1","max-image-preview":"max-image-preview:large","max-video-preview":"max-video-preview:-1"},"og_locale":"da_DK","og_type":"article","og_title":"Spedra | Hurtigvirkende ED-l\u00f8sning - Transtoyou","og_description":"Spedra, tilg\u00e6ngelig nu hos Transtoyou. Forbedr dit velv\u00e6re med dette unikke sundhedsprodukt. Opdag fordelene og k\u00f8b i dag!","og_url":"https:\/\/www.transtoyou.com\/da\/product\/spedra\/","og_site_name":"Transtoyou - DA","article_modified_time":"2026-03-05T11:16:29+00:00","twitter_card":"summary_large_image","twitter_misc":{"Estimeret l\u00e6setid":"1 minut"},"schema":{"@context":"https:\/\/schema.org","@graph":[{"@type":"WebPage","@id":"https:\/\/www.transtoyou.com\/da\/product\/spedra\/","url":"https:\/\/www.transtoyou.com\/da\/product\/spedra\/","name":"Spedra | Hurtigvirkende ED-l\u00f8sning - Transtoyou","isPartOf":{"@id":"https:\/\/www.transtoyou.com\/da\/#website"},"primaryImageOfPage":{"@id":"https:\/\/www.transtoyou.com\/da\/product\/spedra\/#primaryimage"},"image":{"@id":"https:\/\/www.transtoyou.com\/da\/product\/spedra\/#primaryimage"},"thumbnailUrl":"https:\/\/www.transtoyou.com\/da\/wp-content\/uploads\/sites\/6\/2026\/01\/tty-no-product-image-32.webp","datePublished":"2026-01-23T16:10:52+00:00","dateModified":"2026-03-05T11:16:29+00:00","description":"Spedra, tilg\u00e6ngelig nu hos Transtoyou. Forbedr dit velv\u00e6re med dette unikke sundhedsprodukt. Opdag fordelene og k\u00f8b i dag!","breadcrumb":{"@id":"https:\/\/www.transtoyou.com\/da\/product\/spedra\/#breadcrumb"},"inLanguage":"da-DK","potentialAction":[{"@type":"ReadAction","target":["https:\/\/www.transtoyou.com\/da\/product\/spedra\/"]}]},{"@type":"ImageObject","inLanguage":"da-DK","@id":"https:\/\/www.transtoyou.com\/da\/product\/spedra\/#primaryimage","url":"https:\/\/www.transtoyou.com\/da\/wp-content\/uploads\/sites\/6\/2026\/01\/tty-no-product-image-32.webp","contentUrl":"https:\/\/www.transtoyou.com\/da\/wp-content\/uploads\/sites\/6\/2026\/01\/tty-no-product-image-32.webp","width":1000,"height":1000,"caption":"Standard produktbillede"},{"@type":"WebSite","@id":"https:\/\/www.transtoyou.com\/da\/#website","url":"https:\/\/www.transtoyou.com\/da\/","name":"Transtoyou - DA","description":"","publisher":{"@id":"https:\/\/www.transtoyou.com\/da\/#organization"},"potentialAction":[{"@type":"SearchAction","target":{"@type":"EntryPoint","urlTemplate":"https:\/\/www.transtoyou.com\/da\/?s={search_term_string}"},"query-input":{"@type":"PropertyValueSpecification","valueRequired":true,"valueName":"search_term_string"}}],"inLanguage":"da-DK"},{"@type":"Organization","@id":"https:\/\/www.transtoyou.com\/da\/#organization","name":"Transtoyou - DA","url":"https:\/\/www.transtoyou.com\/da\/","logo":{"@type":"ImageObject","inLanguage":"da-DK","@id":"https:\/\/www.transtoyou.com\/da\/#\/schema\/logo\/image\/","url":"https:\/\/www.transtoyou.com\/da\/wp-content\/uploads\/sites\/6\/2026\/01\/logo-tty-menu-bar-300x87-1.webp","contentUrl":"https:\/\/www.transtoyou.com\/da\/wp-content\/uploads\/sites\/6\/2026\/01\/logo-tty-menu-bar-300x87-1.webp","width":300,"height":87,"caption":"Transtoyou - DA"},"image":{"@id":"https:\/\/www.transtoyou.com\/da\/#\/schema\/logo\/image\/"}}]}},"_links":{"self":[{"href":"https:\/\/www.transtoyou.com\/da\/wp-json\/wp\/v2\/product\/866","targetHints":{"allow":["GET"]}}],"collection":[{"href":"https:\/\/www.transtoyou.com\/da\/wp-json\/wp\/v2\/product"}],"about":[{"href":"https:\/\/www.transtoyou.com\/da\/wp-json\/wp\/v2\/types\/product"}],"replies":[{"embeddable":true,"href":"https:\/\/www.transtoyou.com\/da\/wp-json\/wp\/v2\/comments?post=866"}],"wp:featuredmedia":[{"embeddable":true,"href":"https:\/\/www.transtoyou.com\/da\/wp-json\/wp\/v2\/media\/868"}],"wp:attachment":[{"href":"https:\/\/www.transtoyou.com\/da\/wp-json\/wp\/v2\/media?parent=866"}],"wp:term":[{"taxonomy":"product_brand","embeddable":true,"href":"https:\/\/www.transtoyou.com\/da\/wp-json\/wp\/v2\/product_brand?post=866"},{"taxonomy":"product_cat","embeddable":true,"href":"https:\/\/www.transtoyou.com\/da\/wp-json\/wp\/v2\/product_cat?post=866"},{"taxonomy":"product_tag","embeddable":true,"href":"https:\/\/www.transtoyou.com\/da\/wp-json\/wp\/v2\/product_tag?post=866"},{"taxonomy":"expert","embeddable":true,"href":"https:\/\/www.transtoyou.com\/da\/wp-json\/wp\/v2\/expert?post=866"}],"curies":[{"name":"wp","href":"https:\/\/api.w.org\/{rel}","templated":true}]}}