{"id":869,"date":"2026-01-23T18:25:49","date_gmt":"2026-01-23T16:25:49","guid":{"rendered":"https:\/\/www.transtoyou.com\/da\/product\/fucidin\/"},"modified":"2026-02-17T15:29:18","modified_gmt":"2026-02-17T13:29:18","slug":"fucidin","status":"publish","type":"product","link":"https:\/\/www.transtoyou.com\/da\/product\/fucidin\/","title":{"rendered":"Fucidin"},"content":{"rendered":"<p>Fucidin er et topisk antibiotikum, der bruges til at behandle hudinfektioner for\u00e5rsaget af visse bakterier. Det indeholder fusidinsyre, et steroidlignende antibiotikum, der virker ved at h\u00e6mme den bakterielle proteinsyntese, hvilket effektivt stopper v\u00e6ksten og spredningen af bakterier.<\/p>\n<p>Fucidin ordineres ofte til lokaliserede hudinfektioner som impetigo, inficeret eksem, follikulitis, bylder, inficerede s\u00e5r og inficerede insektbid.<\/p>\n<p>Det hj\u00e6lper med at reducere r\u00f8dme, bet\u00e6ndelse, h\u00e6velse og udfl\u00e5d for\u00e5rsaget af infektionen. Det har ikke svampedr\u00e6bende eller antivirale egenskaber, s\u00e5 det er ikke effektivt mod infektioner for\u00e5rsaget af svampe eller vira.<\/p>\n<p>De vigtigste fordele ved Fucidin inkluderer dets h\u00f8je effektivitet mod bakterier, hurtig lindring af symptomer og god hudtolerance. Det er velegnet til kortvarig brug og kan anvendes med eller uden forbindinger afh\u00e6ngigt af sv\u00e6rhedsgraden og placeringen af l\u00e6sionen. Det er is\u00e6r nyttigt, n\u00e5r systemiske antibiotika ikke er n\u00f8dvendige, eller for at undg\u00e5 brug af orale antibiotika.<\/p>\n","protected":false},"excerpt":{"rendered":"<ul>\n<li>Retter sig mod bakterielle hudinfektioner<\/li>\n<li>Velegnet til inficeret eksem<\/li>\n<li>Hurtigvirkende topisk antibiotisk creme<\/li>\n<\/ul>\n","protected":false},"featured_media":871,"comment_status":"open","ping_status":"closed","template":"","meta":[],"product_brand":[],"product_cat":[109],"product_tag":[],"expert":[17],"class_list":{"0":"post-869","1":"product","2":"type-product","3":"status-publish","4":"has-post-thumbnail","6":"product_cat-eksem","7":"expert-dr-c-munoz-parada","9":"first","10":"instock","11":"shipping-taxable","12":"product-type-variable"},"yoast_head":"<!-- This site is optimized with the Yoast SEO plugin v27.0 - https:\/\/yoast.com\/product\/yoast-seo-wordpress\/ -->\n<title>Fucidin | Effektiv Behandling af Hudinfektioner - Transtoyou<\/title>\n<meta name=\"description\" content=\"Fucidin, et topisk antibiotikum, behandler effektivt hudinfektioner. K\u00f8b nu for hurtig lindring og god hudtolerance hos Transtoyou.\" \/>\n<meta name=\"robots\" content=\"noindex, follow, max-snippet:-1, max-image-preview:large, max-video-preview:-1\" \/>\n<meta property=\"og:locale\" content=\"da_DK\" \/>\n<meta property=\"og:type\" content=\"article\" \/>\n<meta property=\"og:title\" content=\"Fucidin | Effektiv Behandling af Hudinfektioner - Transtoyou\" \/>\n<meta property=\"og:description\" content=\"Fucidin, et topisk antibiotikum, behandler effektivt hudinfektioner. K\u00f8b nu for hurtig lindring og god hudtolerance hos Transtoyou.\" \/>\n<meta property=\"og:url\" content=\"https:\/\/www.transtoyou.com\/da\/product\/fucidin\/\" \/>\n<meta property=\"og:site_name\" content=\"Transtoyou - DA\" \/>\n<meta property=\"article:modified_time\" content=\"2026-02-17T13:29:18+00:00\" \/>\n<meta name=\"twitter:card\" content=\"summary_large_image\" \/>\n<meta name=\"twitter:label1\" content=\"Estimeret l\u00e6setid\" \/>\n\t<meta name=\"twitter:data1\" content=\"1 minut\" \/>\n<script type=\"application\/ld+json\" class=\"yoast-schema-graph\">{\"@context\":\"https:\/\/schema.org\",\"@graph\":[{\"@type\":\"WebPage\",\"@id\":\"https:\/\/www.transtoyou.com\/da\/product\/fucidin\/\",\"url\":\"https:\/\/www.transtoyou.com\/da\/product\/fucidin\/\",\"name\":\"Fucidin | Effektiv Behandling af Hudinfektioner - Transtoyou\",\"isPartOf\":{\"@id\":\"https:\/\/www.transtoyou.com\/da\/#website\"},\"primaryImageOfPage\":{\"@id\":\"https:\/\/www.transtoyou.com\/da\/product\/fucidin\/#primaryimage\"},\"image\":{\"@id\":\"https:\/\/www.transtoyou.com\/da\/product\/fucidin\/#primaryimage\"},\"thumbnailUrl\":\"https:\/\/www.transtoyou.com\/da\/wp-content\/uploads\/sites\/6\/2026\/01\/tty-no-product-image-33.webp\",\"datePublished\":\"2026-01-23T16:25:49+00:00\",\"dateModified\":\"2026-02-17T13:29:18+00:00\",\"description\":\"Fucidin, et topisk antibiotikum, behandler effektivt hudinfektioner. K\u00f8b nu for hurtig lindring og god hudtolerance hos Transtoyou.\",\"breadcrumb\":{\"@id\":\"https:\/\/www.transtoyou.com\/da\/product\/fucidin\/#breadcrumb\"},\"inLanguage\":\"da-DK\",\"potentialAction\":[{\"@type\":\"ReadAction\",\"target\":[\"https:\/\/www.transtoyou.com\/da\/product\/fucidin\/\"]}]},{\"@type\":\"ImageObject\",\"inLanguage\":\"da-DK\",\"@id\":\"https:\/\/www.transtoyou.com\/da\/product\/fucidin\/#primaryimage\",\"url\":\"https:\/\/www.transtoyou.com\/da\/wp-content\/uploads\/sites\/6\/2026\/01\/tty-no-product-image-33.webp\",\"contentUrl\":\"https:\/\/www.transtoyou.com\/da\/wp-content\/uploads\/sites\/6\/2026\/01\/tty-no-product-image-33.webp\",\"width\":1000,\"height\":1000,\"caption\":\"Standard produktbillede\"},{\"@type\":\"WebSite\",\"@id\":\"https:\/\/www.transtoyou.com\/da\/#website\",\"url\":\"https:\/\/www.transtoyou.com\/da\/\",\"name\":\"Transtoyou - DA\",\"description\":\"\",\"publisher\":{\"@id\":\"https:\/\/www.transtoyou.com\/da\/#organization\"},\"potentialAction\":[{\"@type\":\"SearchAction\",\"target\":{\"@type\":\"EntryPoint\",\"urlTemplate\":\"https:\/\/www.transtoyou.com\/da\/?s={search_term_string}\"},\"query-input\":{\"@type\":\"PropertyValueSpecification\",\"valueRequired\":true,\"valueName\":\"search_term_string\"}}],\"inLanguage\":\"da-DK\"},{\"@type\":\"Organization\",\"@id\":\"https:\/\/www.transtoyou.com\/da\/#organization\",\"name\":\"Transtoyou - DA\",\"url\":\"https:\/\/www.transtoyou.com\/da\/\",\"logo\":{\"@type\":\"ImageObject\",\"inLanguage\":\"da-DK\",\"@id\":\"https:\/\/www.transtoyou.com\/da\/#\/schema\/logo\/image\/\",\"url\":\"https:\/\/www.transtoyou.com\/da\/wp-content\/uploads\/sites\/6\/2026\/01\/logo-tty-menu-bar-300x87-1.webp\",\"contentUrl\":\"https:\/\/www.transtoyou.com\/da\/wp-content\/uploads\/sites\/6\/2026\/01\/logo-tty-menu-bar-300x87-1.webp\",\"width\":300,\"height\":87,\"caption\":\"Transtoyou - DA\"},\"image\":{\"@id\":\"https:\/\/www.transtoyou.com\/da\/#\/schema\/logo\/image\/\"}}]}<\/script>\n<!-- \/ Yoast SEO plugin. -->","yoast_head_json":{"title":"Fucidin | Effektiv Behandling af Hudinfektioner - Transtoyou","description":"Fucidin, et topisk antibiotikum, behandler effektivt hudinfektioner. K\u00f8b nu for hurtig lindring og god hudtolerance hos Transtoyou.","robots":{"index":"noindex","follow":"follow","max-snippet":"max-snippet:-1","max-image-preview":"max-image-preview:large","max-video-preview":"max-video-preview:-1"},"og_locale":"da_DK","og_type":"article","og_title":"Fucidin | Effektiv Behandling af Hudinfektioner - Transtoyou","og_description":"Fucidin, et topisk antibiotikum, behandler effektivt hudinfektioner. K\u00f8b nu for hurtig lindring og god hudtolerance hos Transtoyou.","og_url":"https:\/\/www.transtoyou.com\/da\/product\/fucidin\/","og_site_name":"Transtoyou - DA","article_modified_time":"2026-02-17T13:29:18+00:00","twitter_card":"summary_large_image","twitter_misc":{"Estimeret l\u00e6setid":"1 minut"},"schema":{"@context":"https:\/\/schema.org","@graph":[{"@type":"WebPage","@id":"https:\/\/www.transtoyou.com\/da\/product\/fucidin\/","url":"https:\/\/www.transtoyou.com\/da\/product\/fucidin\/","name":"Fucidin | Effektiv Behandling af Hudinfektioner - Transtoyou","isPartOf":{"@id":"https:\/\/www.transtoyou.com\/da\/#website"},"primaryImageOfPage":{"@id":"https:\/\/www.transtoyou.com\/da\/product\/fucidin\/#primaryimage"},"image":{"@id":"https:\/\/www.transtoyou.com\/da\/product\/fucidin\/#primaryimage"},"thumbnailUrl":"https:\/\/www.transtoyou.com\/da\/wp-content\/uploads\/sites\/6\/2026\/01\/tty-no-product-image-33.webp","datePublished":"2026-01-23T16:25:49+00:00","dateModified":"2026-02-17T13:29:18+00:00","description":"Fucidin, et topisk antibiotikum, behandler effektivt hudinfektioner. K\u00f8b nu for hurtig lindring og god hudtolerance hos Transtoyou.","breadcrumb":{"@id":"https:\/\/www.transtoyou.com\/da\/product\/fucidin\/#breadcrumb"},"inLanguage":"da-DK","potentialAction":[{"@type":"ReadAction","target":["https:\/\/www.transtoyou.com\/da\/product\/fucidin\/"]}]},{"@type":"ImageObject","inLanguage":"da-DK","@id":"https:\/\/www.transtoyou.com\/da\/product\/fucidin\/#primaryimage","url":"https:\/\/www.transtoyou.com\/da\/wp-content\/uploads\/sites\/6\/2026\/01\/tty-no-product-image-33.webp","contentUrl":"https:\/\/www.transtoyou.com\/da\/wp-content\/uploads\/sites\/6\/2026\/01\/tty-no-product-image-33.webp","width":1000,"height":1000,"caption":"Standard produktbillede"},{"@type":"WebSite","@id":"https:\/\/www.transtoyou.com\/da\/#website","url":"https:\/\/www.transtoyou.com\/da\/","name":"Transtoyou - DA","description":"","publisher":{"@id":"https:\/\/www.transtoyou.com\/da\/#organization"},"potentialAction":[{"@type":"SearchAction","target":{"@type":"EntryPoint","urlTemplate":"https:\/\/www.transtoyou.com\/da\/?s={search_term_string}"},"query-input":{"@type":"PropertyValueSpecification","valueRequired":true,"valueName":"search_term_string"}}],"inLanguage":"da-DK"},{"@type":"Organization","@id":"https:\/\/www.transtoyou.com\/da\/#organization","name":"Transtoyou - DA","url":"https:\/\/www.transtoyou.com\/da\/","logo":{"@type":"ImageObject","inLanguage":"da-DK","@id":"https:\/\/www.transtoyou.com\/da\/#\/schema\/logo\/image\/","url":"https:\/\/www.transtoyou.com\/da\/wp-content\/uploads\/sites\/6\/2026\/01\/logo-tty-menu-bar-300x87-1.webp","contentUrl":"https:\/\/www.transtoyou.com\/da\/wp-content\/uploads\/sites\/6\/2026\/01\/logo-tty-menu-bar-300x87-1.webp","width":300,"height":87,"caption":"Transtoyou - DA"},"image":{"@id":"https:\/\/www.transtoyou.com\/da\/#\/schema\/logo\/image\/"}}]}},"_links":{"self":[{"href":"https:\/\/www.transtoyou.com\/da\/wp-json\/wp\/v2\/product\/869","targetHints":{"allow":["GET"]}}],"collection":[{"href":"https:\/\/www.transtoyou.com\/da\/wp-json\/wp\/v2\/product"}],"about":[{"href":"https:\/\/www.transtoyou.com\/da\/wp-json\/wp\/v2\/types\/product"}],"replies":[{"embeddable":true,"href":"https:\/\/www.transtoyou.com\/da\/wp-json\/wp\/v2\/comments?post=869"}],"wp:featuredmedia":[{"embeddable":true,"href":"https:\/\/www.transtoyou.com\/da\/wp-json\/wp\/v2\/media\/871"}],"wp:attachment":[{"href":"https:\/\/www.transtoyou.com\/da\/wp-json\/wp\/v2\/media?parent=869"}],"wp:term":[{"taxonomy":"product_brand","embeddable":true,"href":"https:\/\/www.transtoyou.com\/da\/wp-json\/wp\/v2\/product_brand?post=869"},{"taxonomy":"product_cat","embeddable":true,"href":"https:\/\/www.transtoyou.com\/da\/wp-json\/wp\/v2\/product_cat?post=869"},{"taxonomy":"product_tag","embeddable":true,"href":"https:\/\/www.transtoyou.com\/da\/wp-json\/wp\/v2\/product_tag?post=869"},{"taxonomy":"expert","embeddable":true,"href":"https:\/\/www.transtoyou.com\/da\/wp-json\/wp\/v2\/expert?post=869"}],"curies":[{"name":"wp","href":"https:\/\/api.w.org\/{rel}","templated":true}]}}