{"id":872,"date":"2026-01-23T18:39:54","date_gmt":"2026-01-23T16:39:54","guid":{"rendered":"https:\/\/www.transtoyou.com\/da\/product\/diprosone\/"},"modified":"2026-02-14T10:48:46","modified_gmt":"2026-02-14T08:48:46","slug":"diprosone","status":"publish","type":"product","link":"https:\/\/www.transtoyou.com\/da\/product\/diprosone\/","title":{"rendered":"Diprosone"},"content":{"rendered":"<p>Diprosone er et potent topisk kortikosteroid, der indeholder betamethason. Det virker ved at reducere inflammation, h\u00e6velse, r\u00f8dme og kl\u00f8e i hudtilstande, der reagerer p\u00e5 kortikosteroider. Dets antiinflammatoriske virkning skyldes dets evne til at undertrykke aktiviteten af stoffer i kroppen, der for\u00e5rsager inflammation, s\u00e5som prostaglandiner, histaminer og kinin. Det fungerer ogs\u00e5 som et immunosuppressiv og antiproliferativt middel, der hj\u00e6lper med at berolige hududbrud og reducere overv\u00e6kst af hudceller.<\/p>\n<p>Denne medicin er prim\u00e6rt indiceret til inflammatoriske og kl\u00f8ende hudtilstande s\u00e5som eksem, psoriasis, kontaktdermatitis, seborrhoisk dermatitis, insektbid og andre hudtilstande.<\/p>\n<p>N\u00e5r det p\u00e5f\u00f8res direkte p\u00e5 huden, lindrer Diprosone symptomerne ved at indsn\u00e6vre blodkar i det ber\u00f8rte omr\u00e5de, hvilket reducerer r\u00f8dme og h\u00e6velse. Det beroliger ogs\u00e5 overaktive immunresponser og bremser overdreven produktion af hudceller, som ofte ses ved kroniske tilstande som psoriasis.<\/p>\n<p>De vigtigste fordele ved Diprosone inkluderer hurtig lindring af r\u00f8dme, kl\u00f8e og inflammation, selv i resistente hudtilstande. Det ordineres ofte til kortvarig brug og f\u00e5s i forskellige formuleringer (creme, salve, lotion) afh\u00e6ngigt af placeringen og sv\u00e6rhedsgraden af hudproblemet. Selvom det er effektivt og godt tolereret, b\u00f8r dets brug begr\u00e6nses til sm\u00e5 omr\u00e5der og korte perioder for at reducere risikoen for hudtynding eller systemisk absorption.<\/p>\n","protected":false},"excerpt":{"rendered":"<ul>\n<li>Hurtig lindring af bet\u00e6ndt hud<\/li>\n<li>Hj\u00e6lper med at reducere kl\u00f8e og r\u00f8dme<\/li>\n<li>Velegnet til eksem og psoriasis<\/li>\n<\/ul>\n","protected":false},"featured_media":874,"comment_status":"open","ping_status":"closed","template":"","meta":[],"product_brand":[],"product_cat":[109,159],"product_tag":[],"expert":[17],"class_list":{"0":"post-872","1":"product","2":"type-product","3":"status-publish","4":"has-post-thumbnail","6":"product_cat-eksem","7":"product_cat-psoriasis","8":"expert-dr-c-munoz-parada","10":"first","11":"instock","12":"shipping-taxable","13":"product-type-variable"},"yoast_head":"<!-- This site is optimized with the Yoast SEO plugin v27.0 - https:\/\/yoast.com\/product\/yoast-seo-wordpress\/ -->\n<title>Diprosone | Avanceret Hudpleje Lindring - Transtoyou<\/title>\n<meta name=\"description\" content=\"Diprosone, tilg\u00e6ngelig her hos Transtoyou, giver effektiv lindring af hudbet\u00e6ndelse. Shop nu for p\u00e5lidelig behandling og ekspertgodkendte wellnessl\u00f8sninger.\" \/>\n<meta name=\"robots\" content=\"noindex, follow, max-snippet:-1, max-image-preview:large, max-video-preview:-1\" \/>\n<meta property=\"og:locale\" content=\"da_DK\" \/>\n<meta property=\"og:type\" content=\"article\" \/>\n<meta property=\"og:title\" content=\"Diprosone | Avanceret Hudpleje Lindring - Transtoyou\" \/>\n<meta property=\"og:description\" content=\"Diprosone, tilg\u00e6ngelig her hos Transtoyou, giver effektiv lindring af hudbet\u00e6ndelse. Shop nu for p\u00e5lidelig behandling og ekspertgodkendte wellnessl\u00f8sninger.\" \/>\n<meta property=\"og:url\" content=\"https:\/\/www.transtoyou.com\/da\/product\/diprosone\/\" \/>\n<meta property=\"og:site_name\" content=\"Transtoyou - DA\" \/>\n<meta property=\"article:modified_time\" content=\"2026-02-14T08:48:46+00:00\" \/>\n<meta name=\"twitter:card\" content=\"summary_large_image\" \/>\n<meta name=\"twitter:label1\" content=\"Estimeret l\u00e6setid\" \/>\n\t<meta name=\"twitter:data1\" content=\"1 minut\" \/>\n<script type=\"application\/ld+json\" class=\"yoast-schema-graph\">{\"@context\":\"https:\/\/schema.org\",\"@graph\":[{\"@type\":\"WebPage\",\"@id\":\"https:\/\/www.transtoyou.com\/da\/product\/diprosone\/\",\"url\":\"https:\/\/www.transtoyou.com\/da\/product\/diprosone\/\",\"name\":\"Diprosone | Avanceret Hudpleje Lindring - Transtoyou\",\"isPartOf\":{\"@id\":\"https:\/\/www.transtoyou.com\/da\/#website\"},\"primaryImageOfPage\":{\"@id\":\"https:\/\/www.transtoyou.com\/da\/product\/diprosone\/#primaryimage\"},\"image\":{\"@id\":\"https:\/\/www.transtoyou.com\/da\/product\/diprosone\/#primaryimage\"},\"thumbnailUrl\":\"https:\/\/www.transtoyou.com\/da\/wp-content\/uploads\/sites\/6\/2026\/01\/tty-no-product-image-34.webp\",\"datePublished\":\"2026-01-23T16:39:54+00:00\",\"dateModified\":\"2026-02-14T08:48:46+00:00\",\"description\":\"Diprosone, tilg\u00e6ngelig her hos Transtoyou, giver effektiv lindring af hudbet\u00e6ndelse. Shop nu for p\u00e5lidelig behandling og ekspertgodkendte wellnessl\u00f8sninger.\",\"breadcrumb\":{\"@id\":\"https:\/\/www.transtoyou.com\/da\/product\/diprosone\/#breadcrumb\"},\"inLanguage\":\"da-DK\",\"potentialAction\":[{\"@type\":\"ReadAction\",\"target\":[\"https:\/\/www.transtoyou.com\/da\/product\/diprosone\/\"]}]},{\"@type\":\"ImageObject\",\"inLanguage\":\"da-DK\",\"@id\":\"https:\/\/www.transtoyou.com\/da\/product\/diprosone\/#primaryimage\",\"url\":\"https:\/\/www.transtoyou.com\/da\/wp-content\/uploads\/sites\/6\/2026\/01\/tty-no-product-image-34.webp\",\"contentUrl\":\"https:\/\/www.transtoyou.com\/da\/wp-content\/uploads\/sites\/6\/2026\/01\/tty-no-product-image-34.webp\",\"width\":1000,\"height\":1000,\"caption\":\"Standard produktbillede\"},{\"@type\":\"WebSite\",\"@id\":\"https:\/\/www.transtoyou.com\/da\/#website\",\"url\":\"https:\/\/www.transtoyou.com\/da\/\",\"name\":\"Transtoyou - DA\",\"description\":\"\",\"publisher\":{\"@id\":\"https:\/\/www.transtoyou.com\/da\/#organization\"},\"potentialAction\":[{\"@type\":\"SearchAction\",\"target\":{\"@type\":\"EntryPoint\",\"urlTemplate\":\"https:\/\/www.transtoyou.com\/da\/?s={search_term_string}\"},\"query-input\":{\"@type\":\"PropertyValueSpecification\",\"valueRequired\":true,\"valueName\":\"search_term_string\"}}],\"inLanguage\":\"da-DK\"},{\"@type\":\"Organization\",\"@id\":\"https:\/\/www.transtoyou.com\/da\/#organization\",\"name\":\"Transtoyou - DA\",\"url\":\"https:\/\/www.transtoyou.com\/da\/\",\"logo\":{\"@type\":\"ImageObject\",\"inLanguage\":\"da-DK\",\"@id\":\"https:\/\/www.transtoyou.com\/da\/#\/schema\/logo\/image\/\",\"url\":\"https:\/\/www.transtoyou.com\/da\/wp-content\/uploads\/sites\/6\/2026\/01\/logo-tty-menu-bar-300x87-1.webp\",\"contentUrl\":\"https:\/\/www.transtoyou.com\/da\/wp-content\/uploads\/sites\/6\/2026\/01\/logo-tty-menu-bar-300x87-1.webp\",\"width\":300,\"height\":87,\"caption\":\"Transtoyou - DA\"},\"image\":{\"@id\":\"https:\/\/www.transtoyou.com\/da\/#\/schema\/logo\/image\/\"}}]}<\/script>\n<!-- \/ Yoast SEO plugin. -->","yoast_head_json":{"title":"Diprosone | Avanceret Hudpleje Lindring - Transtoyou","description":"Diprosone, tilg\u00e6ngelig her hos Transtoyou, giver effektiv lindring af hudbet\u00e6ndelse. Shop nu for p\u00e5lidelig behandling og ekspertgodkendte wellnessl\u00f8sninger.","robots":{"index":"noindex","follow":"follow","max-snippet":"max-snippet:-1","max-image-preview":"max-image-preview:large","max-video-preview":"max-video-preview:-1"},"og_locale":"da_DK","og_type":"article","og_title":"Diprosone | Avanceret Hudpleje Lindring - Transtoyou","og_description":"Diprosone, tilg\u00e6ngelig her hos Transtoyou, giver effektiv lindring af hudbet\u00e6ndelse. Shop nu for p\u00e5lidelig behandling og ekspertgodkendte wellnessl\u00f8sninger.","og_url":"https:\/\/www.transtoyou.com\/da\/product\/diprosone\/","og_site_name":"Transtoyou - DA","article_modified_time":"2026-02-14T08:48:46+00:00","twitter_card":"summary_large_image","twitter_misc":{"Estimeret l\u00e6setid":"1 minut"},"schema":{"@context":"https:\/\/schema.org","@graph":[{"@type":"WebPage","@id":"https:\/\/www.transtoyou.com\/da\/product\/diprosone\/","url":"https:\/\/www.transtoyou.com\/da\/product\/diprosone\/","name":"Diprosone | Avanceret Hudpleje Lindring - Transtoyou","isPartOf":{"@id":"https:\/\/www.transtoyou.com\/da\/#website"},"primaryImageOfPage":{"@id":"https:\/\/www.transtoyou.com\/da\/product\/diprosone\/#primaryimage"},"image":{"@id":"https:\/\/www.transtoyou.com\/da\/product\/diprosone\/#primaryimage"},"thumbnailUrl":"https:\/\/www.transtoyou.com\/da\/wp-content\/uploads\/sites\/6\/2026\/01\/tty-no-product-image-34.webp","datePublished":"2026-01-23T16:39:54+00:00","dateModified":"2026-02-14T08:48:46+00:00","description":"Diprosone, tilg\u00e6ngelig her hos Transtoyou, giver effektiv lindring af hudbet\u00e6ndelse. Shop nu for p\u00e5lidelig behandling og ekspertgodkendte wellnessl\u00f8sninger.","breadcrumb":{"@id":"https:\/\/www.transtoyou.com\/da\/product\/diprosone\/#breadcrumb"},"inLanguage":"da-DK","potentialAction":[{"@type":"ReadAction","target":["https:\/\/www.transtoyou.com\/da\/product\/diprosone\/"]}]},{"@type":"ImageObject","inLanguage":"da-DK","@id":"https:\/\/www.transtoyou.com\/da\/product\/diprosone\/#primaryimage","url":"https:\/\/www.transtoyou.com\/da\/wp-content\/uploads\/sites\/6\/2026\/01\/tty-no-product-image-34.webp","contentUrl":"https:\/\/www.transtoyou.com\/da\/wp-content\/uploads\/sites\/6\/2026\/01\/tty-no-product-image-34.webp","width":1000,"height":1000,"caption":"Standard produktbillede"},{"@type":"WebSite","@id":"https:\/\/www.transtoyou.com\/da\/#website","url":"https:\/\/www.transtoyou.com\/da\/","name":"Transtoyou - DA","description":"","publisher":{"@id":"https:\/\/www.transtoyou.com\/da\/#organization"},"potentialAction":[{"@type":"SearchAction","target":{"@type":"EntryPoint","urlTemplate":"https:\/\/www.transtoyou.com\/da\/?s={search_term_string}"},"query-input":{"@type":"PropertyValueSpecification","valueRequired":true,"valueName":"search_term_string"}}],"inLanguage":"da-DK"},{"@type":"Organization","@id":"https:\/\/www.transtoyou.com\/da\/#organization","name":"Transtoyou - DA","url":"https:\/\/www.transtoyou.com\/da\/","logo":{"@type":"ImageObject","inLanguage":"da-DK","@id":"https:\/\/www.transtoyou.com\/da\/#\/schema\/logo\/image\/","url":"https:\/\/www.transtoyou.com\/da\/wp-content\/uploads\/sites\/6\/2026\/01\/logo-tty-menu-bar-300x87-1.webp","contentUrl":"https:\/\/www.transtoyou.com\/da\/wp-content\/uploads\/sites\/6\/2026\/01\/logo-tty-menu-bar-300x87-1.webp","width":300,"height":87,"caption":"Transtoyou - DA"},"image":{"@id":"https:\/\/www.transtoyou.com\/da\/#\/schema\/logo\/image\/"}}]}},"_links":{"self":[{"href":"https:\/\/www.transtoyou.com\/da\/wp-json\/wp\/v2\/product\/872","targetHints":{"allow":["GET"]}}],"collection":[{"href":"https:\/\/www.transtoyou.com\/da\/wp-json\/wp\/v2\/product"}],"about":[{"href":"https:\/\/www.transtoyou.com\/da\/wp-json\/wp\/v2\/types\/product"}],"replies":[{"embeddable":true,"href":"https:\/\/www.transtoyou.com\/da\/wp-json\/wp\/v2\/comments?post=872"}],"wp:featuredmedia":[{"embeddable":true,"href":"https:\/\/www.transtoyou.com\/da\/wp-json\/wp\/v2\/media\/874"}],"wp:attachment":[{"href":"https:\/\/www.transtoyou.com\/da\/wp-json\/wp\/v2\/media?parent=872"}],"wp:term":[{"taxonomy":"product_brand","embeddable":true,"href":"https:\/\/www.transtoyou.com\/da\/wp-json\/wp\/v2\/product_brand?post=872"},{"taxonomy":"product_cat","embeddable":true,"href":"https:\/\/www.transtoyou.com\/da\/wp-json\/wp\/v2\/product_cat?post=872"},{"taxonomy":"product_tag","embeddable":true,"href":"https:\/\/www.transtoyou.com\/da\/wp-json\/wp\/v2\/product_tag?post=872"},{"taxonomy":"expert","embeddable":true,"href":"https:\/\/www.transtoyou.com\/da\/wp-json\/wp\/v2\/expert?post=872"}],"curies":[{"name":"wp","href":"https:\/\/api.w.org\/{rel}","templated":true}]}}