{"id":875,"date":"2026-01-23T18:54:34","date_gmt":"2026-01-23T16:54:34","guid":{"rendered":"https:\/\/www.transtoyou.com\/da\/product\/elidel\/"},"modified":"2026-01-23T18:55:35","modified_gmt":"2026-01-23T16:55:35","slug":"elidel","status":"publish","type":"product","link":"https:\/\/www.transtoyou.com\/da\/product\/elidel\/","title":{"rendered":"Elidel"},"content":{"rendered":"<p>Elidel er en creme, der bruges til at behandle mild til moderat atopisk dermatitis (eksem). Den tilh\u00f8rer en gruppe af l\u00e6gemidler kaldet topiske calcineurinh\u00e6mmere. I mods\u00e6tning til kortikosteroider tynder den ikke huden og er is\u00e6r nyttig til f\u00f8lsomme omr\u00e5der som ansigtet, nakken og hudfolder.<\/p>\n<p>Pimecrolimus, den aktive ingrediens i Elidel, virker ved at m\u00e5lrette immunsystemet i huden. Den blokerer et specifikt enzym kaldet calcineurin, som er ansvarligt for at aktivere inflammatoriske celler. Ved at h\u00e6mme denne proces reducerer Elidel frigivelsen af proinflammatoriske stoffer som interleukiner og histamin, hvilket hj\u00e6lper med at lindre r\u00f8dme, kl\u00f8e og h\u00e6velse. Den forhindrer ogs\u00e5 aktiveringen af mastceller, som er involveret i allergiske reaktioner.<\/p>\n<p>Elidel er indiceret til personer, der ikke kan bruge kortikosteroider, eller til omr\u00e5der hvor steroider ikke er egnede, s\u00e5som ansigtet eller nakken.<\/p>\n<p>Elidel virker direkte, hvor den p\u00e5f\u00f8res, og kun sm\u00e5 m\u00e6ngder kommer ind i blodbanen. Den hj\u00e6lper med at forhindre forv\u00e6rring af anfald og kan bruges p\u00e5 lang sigt til at h\u00e5ndtere tilbagevendende udbrud. De vigtigste fordele ved Elidel inkluderer dens effektivitet i at reducere inflammation og kl\u00f8e samt dens egnethed til sarte omr\u00e5der af huden.<\/p>\n<p>De fleste brugere oplever forbedring inden for de f\u00f8rste par uger. Den kan sikkert bruges p\u00e5 en langvarig intermitterende basis for at h\u00e5ndtere symptomer og opretholde kontrol over eksem.<\/p>\n","protected":false},"excerpt":{"rendered":"<ul>\n<li>Steroidfri eksembehandling<\/li>\n<li>Velegnet til f\u00f8lsomme hudomr\u00e5der<\/li>\n<li>Til langvarig intermitterende brug<\/li>\n<\/ul>\n","protected":false},"featured_media":877,"comment_status":"open","ping_status":"closed","template":"","meta":[],"product_brand":[],"product_cat":[109],"product_tag":[],"expert":[17],"class_list":{"0":"post-875","1":"product","2":"type-product","3":"status-publish","4":"has-post-thumbnail","6":"product_cat-eksem","7":"expert-dr-c-munoz-parada","9":"first","10":"instock","11":"shipping-taxable","12":"product-type-variable"},"yoast_head":"<!-- This site is optimized with the Yoast SEO plugin v27.0 - https:\/\/yoast.com\/product\/yoast-seo-wordpress\/ -->\n<title>Elidel | Lindre Eksem, Sk\u00e5nsom mod Huden - Transtoyou<\/title>\n<meta name=\"description\" content=\"Elidel creme behandler effektivt eksem, m\u00e5lretter bet\u00e6ndelse uden at tynde huden. Ideel til f\u00f8lsomme omr\u00e5der. Tilg\u00e6ngelig her for nem k\u00f8b.\" \/>\n<meta name=\"robots\" content=\"noindex, follow, max-snippet:-1, max-image-preview:large, max-video-preview:-1\" \/>\n<meta property=\"og:locale\" content=\"da_DK\" \/>\n<meta property=\"og:type\" content=\"article\" \/>\n<meta property=\"og:title\" content=\"Elidel | Lindre Eksem, Sk\u00e5nsom mod Huden - Transtoyou\" \/>\n<meta property=\"og:description\" content=\"Elidel creme behandler effektivt eksem, m\u00e5lretter bet\u00e6ndelse uden at tynde huden. Ideel til f\u00f8lsomme omr\u00e5der. Tilg\u00e6ngelig her for nem k\u00f8b.\" \/>\n<meta property=\"og:url\" content=\"https:\/\/www.transtoyou.com\/da\/product\/elidel\/\" \/>\n<meta property=\"og:site_name\" content=\"Transtoyou - DA\" \/>\n<meta property=\"article:modified_time\" content=\"2026-01-23T16:55:35+00:00\" \/>\n<meta name=\"twitter:card\" content=\"summary_large_image\" \/>\n<meta name=\"twitter:label1\" content=\"Estimeret l\u00e6setid\" \/>\n\t<meta name=\"twitter:data1\" content=\"1 minut\" \/>\n<script type=\"application\/ld+json\" class=\"yoast-schema-graph\">{\"@context\":\"https:\/\/schema.org\",\"@graph\":[{\"@type\":\"WebPage\",\"@id\":\"https:\/\/www.transtoyou.com\/da\/product\/elidel\/\",\"url\":\"https:\/\/www.transtoyou.com\/da\/product\/elidel\/\",\"name\":\"Elidel | Lindre Eksem, Sk\u00e5nsom mod Huden - Transtoyou\",\"isPartOf\":{\"@id\":\"https:\/\/www.transtoyou.com\/da\/#website\"},\"primaryImageOfPage\":{\"@id\":\"https:\/\/www.transtoyou.com\/da\/product\/elidel\/#primaryimage\"},\"image\":{\"@id\":\"https:\/\/www.transtoyou.com\/da\/product\/elidel\/#primaryimage\"},\"thumbnailUrl\":\"https:\/\/www.transtoyou.com\/da\/wp-content\/uploads\/sites\/6\/2026\/01\/tty-no-product-image-35.webp\",\"datePublished\":\"2026-01-23T16:54:34+00:00\",\"dateModified\":\"2026-01-23T16:55:35+00:00\",\"description\":\"Elidel creme behandler effektivt eksem, m\u00e5lretter bet\u00e6ndelse uden at tynde huden. Ideel til f\u00f8lsomme omr\u00e5der. Tilg\u00e6ngelig her for nem k\u00f8b.\",\"breadcrumb\":{\"@id\":\"https:\/\/www.transtoyou.com\/da\/product\/elidel\/#breadcrumb\"},\"inLanguage\":\"da-DK\",\"potentialAction\":[{\"@type\":\"ReadAction\",\"target\":[\"https:\/\/www.transtoyou.com\/da\/product\/elidel\/\"]}]},{\"@type\":\"ImageObject\",\"inLanguage\":\"da-DK\",\"@id\":\"https:\/\/www.transtoyou.com\/da\/product\/elidel\/#primaryimage\",\"url\":\"https:\/\/www.transtoyou.com\/da\/wp-content\/uploads\/sites\/6\/2026\/01\/tty-no-product-image-35.webp\",\"contentUrl\":\"https:\/\/www.transtoyou.com\/da\/wp-content\/uploads\/sites\/6\/2026\/01\/tty-no-product-image-35.webp\",\"width\":1000,\"height\":1000,\"caption\":\"Standard produktbillede\"},{\"@type\":\"WebSite\",\"@id\":\"https:\/\/www.transtoyou.com\/da\/#website\",\"url\":\"https:\/\/www.transtoyou.com\/da\/\",\"name\":\"Transtoyou - DA\",\"description\":\"\",\"publisher\":{\"@id\":\"https:\/\/www.transtoyou.com\/da\/#organization\"},\"potentialAction\":[{\"@type\":\"SearchAction\",\"target\":{\"@type\":\"EntryPoint\",\"urlTemplate\":\"https:\/\/www.transtoyou.com\/da\/?s={search_term_string}\"},\"query-input\":{\"@type\":\"PropertyValueSpecification\",\"valueRequired\":true,\"valueName\":\"search_term_string\"}}],\"inLanguage\":\"da-DK\"},{\"@type\":\"Organization\",\"@id\":\"https:\/\/www.transtoyou.com\/da\/#organization\",\"name\":\"Transtoyou - DA\",\"url\":\"https:\/\/www.transtoyou.com\/da\/\",\"logo\":{\"@type\":\"ImageObject\",\"inLanguage\":\"da-DK\",\"@id\":\"https:\/\/www.transtoyou.com\/da\/#\/schema\/logo\/image\/\",\"url\":\"https:\/\/www.transtoyou.com\/da\/wp-content\/uploads\/sites\/6\/2026\/01\/logo-tty-menu-bar-300x87-1.webp\",\"contentUrl\":\"https:\/\/www.transtoyou.com\/da\/wp-content\/uploads\/sites\/6\/2026\/01\/logo-tty-menu-bar-300x87-1.webp\",\"width\":300,\"height\":87,\"caption\":\"Transtoyou - DA\"},\"image\":{\"@id\":\"https:\/\/www.transtoyou.com\/da\/#\/schema\/logo\/image\/\"}}]}<\/script>\n<!-- \/ Yoast SEO plugin. -->","yoast_head_json":{"title":"Elidel | Lindre Eksem, Sk\u00e5nsom mod Huden - Transtoyou","description":"Elidel creme behandler effektivt eksem, m\u00e5lretter bet\u00e6ndelse uden at tynde huden. Ideel til f\u00f8lsomme omr\u00e5der. Tilg\u00e6ngelig her for nem k\u00f8b.","robots":{"index":"noindex","follow":"follow","max-snippet":"max-snippet:-1","max-image-preview":"max-image-preview:large","max-video-preview":"max-video-preview:-1"},"og_locale":"da_DK","og_type":"article","og_title":"Elidel | Lindre Eksem, Sk\u00e5nsom mod Huden - Transtoyou","og_description":"Elidel creme behandler effektivt eksem, m\u00e5lretter bet\u00e6ndelse uden at tynde huden. Ideel til f\u00f8lsomme omr\u00e5der. Tilg\u00e6ngelig her for nem k\u00f8b.","og_url":"https:\/\/www.transtoyou.com\/da\/product\/elidel\/","og_site_name":"Transtoyou - DA","article_modified_time":"2026-01-23T16:55:35+00:00","twitter_card":"summary_large_image","twitter_misc":{"Estimeret l\u00e6setid":"1 minut"},"schema":{"@context":"https:\/\/schema.org","@graph":[{"@type":"WebPage","@id":"https:\/\/www.transtoyou.com\/da\/product\/elidel\/","url":"https:\/\/www.transtoyou.com\/da\/product\/elidel\/","name":"Elidel | Lindre Eksem, Sk\u00e5nsom mod Huden - Transtoyou","isPartOf":{"@id":"https:\/\/www.transtoyou.com\/da\/#website"},"primaryImageOfPage":{"@id":"https:\/\/www.transtoyou.com\/da\/product\/elidel\/#primaryimage"},"image":{"@id":"https:\/\/www.transtoyou.com\/da\/product\/elidel\/#primaryimage"},"thumbnailUrl":"https:\/\/www.transtoyou.com\/da\/wp-content\/uploads\/sites\/6\/2026\/01\/tty-no-product-image-35.webp","datePublished":"2026-01-23T16:54:34+00:00","dateModified":"2026-01-23T16:55:35+00:00","description":"Elidel creme behandler effektivt eksem, m\u00e5lretter bet\u00e6ndelse uden at tynde huden. Ideel til f\u00f8lsomme omr\u00e5der. Tilg\u00e6ngelig her for nem k\u00f8b.","breadcrumb":{"@id":"https:\/\/www.transtoyou.com\/da\/product\/elidel\/#breadcrumb"},"inLanguage":"da-DK","potentialAction":[{"@type":"ReadAction","target":["https:\/\/www.transtoyou.com\/da\/product\/elidel\/"]}]},{"@type":"ImageObject","inLanguage":"da-DK","@id":"https:\/\/www.transtoyou.com\/da\/product\/elidel\/#primaryimage","url":"https:\/\/www.transtoyou.com\/da\/wp-content\/uploads\/sites\/6\/2026\/01\/tty-no-product-image-35.webp","contentUrl":"https:\/\/www.transtoyou.com\/da\/wp-content\/uploads\/sites\/6\/2026\/01\/tty-no-product-image-35.webp","width":1000,"height":1000,"caption":"Standard produktbillede"},{"@type":"WebSite","@id":"https:\/\/www.transtoyou.com\/da\/#website","url":"https:\/\/www.transtoyou.com\/da\/","name":"Transtoyou - DA","description":"","publisher":{"@id":"https:\/\/www.transtoyou.com\/da\/#organization"},"potentialAction":[{"@type":"SearchAction","target":{"@type":"EntryPoint","urlTemplate":"https:\/\/www.transtoyou.com\/da\/?s={search_term_string}"},"query-input":{"@type":"PropertyValueSpecification","valueRequired":true,"valueName":"search_term_string"}}],"inLanguage":"da-DK"},{"@type":"Organization","@id":"https:\/\/www.transtoyou.com\/da\/#organization","name":"Transtoyou - DA","url":"https:\/\/www.transtoyou.com\/da\/","logo":{"@type":"ImageObject","inLanguage":"da-DK","@id":"https:\/\/www.transtoyou.com\/da\/#\/schema\/logo\/image\/","url":"https:\/\/www.transtoyou.com\/da\/wp-content\/uploads\/sites\/6\/2026\/01\/logo-tty-menu-bar-300x87-1.webp","contentUrl":"https:\/\/www.transtoyou.com\/da\/wp-content\/uploads\/sites\/6\/2026\/01\/logo-tty-menu-bar-300x87-1.webp","width":300,"height":87,"caption":"Transtoyou - DA"},"image":{"@id":"https:\/\/www.transtoyou.com\/da\/#\/schema\/logo\/image\/"}}]}},"_links":{"self":[{"href":"https:\/\/www.transtoyou.com\/da\/wp-json\/wp\/v2\/product\/875","targetHints":{"allow":["GET"]}}],"collection":[{"href":"https:\/\/www.transtoyou.com\/da\/wp-json\/wp\/v2\/product"}],"about":[{"href":"https:\/\/www.transtoyou.com\/da\/wp-json\/wp\/v2\/types\/product"}],"replies":[{"embeddable":true,"href":"https:\/\/www.transtoyou.com\/da\/wp-json\/wp\/v2\/comments?post=875"}],"wp:featuredmedia":[{"embeddable":true,"href":"https:\/\/www.transtoyou.com\/da\/wp-json\/wp\/v2\/media\/877"}],"wp:attachment":[{"href":"https:\/\/www.transtoyou.com\/da\/wp-json\/wp\/v2\/media?parent=875"}],"wp:term":[{"taxonomy":"product_brand","embeddable":true,"href":"https:\/\/www.transtoyou.com\/da\/wp-json\/wp\/v2\/product_brand?post=875"},{"taxonomy":"product_cat","embeddable":true,"href":"https:\/\/www.transtoyou.com\/da\/wp-json\/wp\/v2\/product_cat?post=875"},{"taxonomy":"product_tag","embeddable":true,"href":"https:\/\/www.transtoyou.com\/da\/wp-json\/wp\/v2\/product_tag?post=875"},{"taxonomy":"expert","embeddable":true,"href":"https:\/\/www.transtoyou.com\/da\/wp-json\/wp\/v2\/expert?post=875"}],"curies":[{"name":"wp","href":"https:\/\/api.w.org\/{rel}","templated":true}]}}