{"id":884,"date":"2026-01-23T19:38:58","date_gmt":"2026-01-23T17:38:58","guid":{"rendered":"https:\/\/www.transtoyou.com\/da\/product\/movicol\/"},"modified":"2026-01-23T19:39:59","modified_gmt":"2026-01-23T17:39:59","slug":"movicol","status":"publish","type":"product","link":"https:\/\/www.transtoyou.com\/da\/product\/movicol\/","title":{"rendered":"Movicol"},"content":{"rendered":"<p>Movicol er et osmotisk aff\u00f8ringsmiddel, der bruges til at behandle kronisk forstoppelse og aff\u00f8ringsblokering. Dets aktive ingrediens, macrogol 3350, er et stort polymer, der ikke optages i blodbanen. N\u00e5r det tages oralt, forbliver det i tarmene og tr\u00e6kker vand ind i tarmen. Denne stigning i vandindholdet bl\u00f8dg\u00f8r aff\u00f8ringen, \u00f8ger dens volumen og udl\u00f8ser den naturlige refleks til at def\u00e6kere. Formuleringen inkluderer ogs\u00e5 essentielle elektrolytter (natrium, kalium og bicarbonat) for at forhindre dehydrering og opretholde elektrolytbalancen under behandlingen.<\/p>\n<p>Movicol er prim\u00e6rt indiceret til to tilstande: behandlingen af kronisk forstoppelse og opl\u00f8sningen af aff\u00f8ringsblokering, som er en mere alvorlig form for forstoppelse, hvor h\u00e6rdet aff\u00f8ring ophobes i endetarmen eller tyktarmen og bliver sv\u00e6r at passere.<\/p>\n<p>Dets virkninger p\u00e5 kroppen er hovedsageligt lokale og gastrointestinal. Ved at hydrere og bl\u00f8dg\u00f8re aff\u00f8ringen stimulerer det regelm\u00e6ssige aff\u00f8ringsbev\u00e6gelser uden at irritere tarmens slimhinde. I mods\u00e6tning til stimulerende aff\u00f8ringsmidler virker det ikke p\u00e5 nerverne eller musklerne i tarmen, hvilket g\u00f8r det velegnet til mere f\u00f8lsomme patienter eller dem, der kr\u00e6ver langvarig behandling under opsyn.<\/p>\n<p>Blandt de vigtigste fordele ved Movicol er dets forudsigelige og milde aff\u00f8rende virkning, med minimal systemisk absorption og generelt milde bivirkninger. Det kan v\u00e6re s\u00e6rligt nyttigt for \u00e6ldre patienter og dem med kroniske neurologiske tilstande som Parkinsons sygdom eller multipel sklerose, der er tilb\u00f8jelige til refrakt\u00e6r forstoppelse. Det er ogs\u00e5 velegnet under graviditet eller amning, hvis det er n\u00f8dvendigt, da dets systemiske eksponering er minimal.<\/p>\n<p>Movicol kan tages med eller uden mad og opl\u00f8ses i vand f\u00f8r brug. Det tolereres generelt godt, og dets bivirkninger, som oppustethed eller kvalme, er typisk milde og dosisrelaterede.<\/p>\n","protected":false},"excerpt":{"rendered":"<ul>\n<li>Lindrer kronisk forstoppelse og aff\u00f8ringstop<\/li>\n<li>Sk\u00e5nsom og effektiv osmotisk virkning<\/li>\n<li>Indeholder elektrolytter for at forhindre ubalance<\/li>\n<\/ul>\n","protected":false},"featured_media":886,"comment_status":"open","ping_status":"closed","template":"","meta":[],"product_brand":[],"product_cat":[95],"product_tag":[],"expert":[17],"class_list":{"0":"post-884","1":"product","2":"type-product","3":"status-publish","4":"has-post-thumbnail","6":"product_cat-forstoppelse","7":"expert-dr-c-munoz-parada","9":"first","10":"instock","11":"shipping-taxable","12":"product-type-variable"},"yoast_head":"<!-- This site is optimized with the Yoast SEO plugin v27.0 - https:\/\/yoast.com\/product\/yoast-seo-wordpress\/ -->\n<title>Movicol | Effektiv lindring af forstoppelse - Transtoyou<\/title>\n<meta name=\"description\" content=\"Movicol, et osmotisk aff\u00f8ringsmiddel, behandler kronisk forstoppelse og aff\u00f8ringsblokering effektivt. F\u00e5 det her og hold tarmene sunde med lethed.\" \/>\n<meta name=\"robots\" content=\"noindex, follow, max-snippet:-1, max-image-preview:large, max-video-preview:-1\" \/>\n<meta property=\"og:locale\" content=\"da_DK\" \/>\n<meta property=\"og:type\" content=\"article\" \/>\n<meta property=\"og:title\" content=\"Movicol | Effektiv lindring af forstoppelse - Transtoyou\" \/>\n<meta property=\"og:description\" content=\"Movicol, et osmotisk aff\u00f8ringsmiddel, behandler kronisk forstoppelse og aff\u00f8ringsblokering effektivt. F\u00e5 det her og hold tarmene sunde med lethed.\" \/>\n<meta property=\"og:url\" content=\"https:\/\/www.transtoyou.com\/da\/product\/movicol\/\" \/>\n<meta property=\"og:site_name\" content=\"Transtoyou - DA\" \/>\n<meta property=\"article:modified_time\" content=\"2026-01-23T17:39:59+00:00\" \/>\n<meta name=\"twitter:card\" content=\"summary_large_image\" \/>\n<meta name=\"twitter:label1\" content=\"Estimeret l\u00e6setid\" \/>\n\t<meta name=\"twitter:data1\" content=\"1 minut\" \/>\n<script type=\"application\/ld+json\" class=\"yoast-schema-graph\">{\"@context\":\"https:\/\/schema.org\",\"@graph\":[{\"@type\":\"WebPage\",\"@id\":\"https:\/\/www.transtoyou.com\/da\/product\/movicol\/\",\"url\":\"https:\/\/www.transtoyou.com\/da\/product\/movicol\/\",\"name\":\"Movicol | Effektiv lindring af forstoppelse - Transtoyou\",\"isPartOf\":{\"@id\":\"https:\/\/www.transtoyou.com\/da\/#website\"},\"primaryImageOfPage\":{\"@id\":\"https:\/\/www.transtoyou.com\/da\/product\/movicol\/#primaryimage\"},\"image\":{\"@id\":\"https:\/\/www.transtoyou.com\/da\/product\/movicol\/#primaryimage\"},\"thumbnailUrl\":\"https:\/\/www.transtoyou.com\/da\/wp-content\/uploads\/sites\/6\/2026\/01\/tty-no-product-image-38.webp\",\"datePublished\":\"2026-01-23T17:38:58+00:00\",\"dateModified\":\"2026-01-23T17:39:59+00:00\",\"description\":\"Movicol, et osmotisk aff\u00f8ringsmiddel, behandler kronisk forstoppelse og aff\u00f8ringsblokering effektivt. F\u00e5 det her og hold tarmene sunde med lethed.\",\"breadcrumb\":{\"@id\":\"https:\/\/www.transtoyou.com\/da\/product\/movicol\/#breadcrumb\"},\"inLanguage\":\"da-DK\",\"potentialAction\":[{\"@type\":\"ReadAction\",\"target\":[\"https:\/\/www.transtoyou.com\/da\/product\/movicol\/\"]}]},{\"@type\":\"ImageObject\",\"inLanguage\":\"da-DK\",\"@id\":\"https:\/\/www.transtoyou.com\/da\/product\/movicol\/#primaryimage\",\"url\":\"https:\/\/www.transtoyou.com\/da\/wp-content\/uploads\/sites\/6\/2026\/01\/tty-no-product-image-38.webp\",\"contentUrl\":\"https:\/\/www.transtoyou.com\/da\/wp-content\/uploads\/sites\/6\/2026\/01\/tty-no-product-image-38.webp\",\"width\":1000,\"height\":1000,\"caption\":\"Standard produktbillede\"},{\"@type\":\"WebSite\",\"@id\":\"https:\/\/www.transtoyou.com\/da\/#website\",\"url\":\"https:\/\/www.transtoyou.com\/da\/\",\"name\":\"Transtoyou - DA\",\"description\":\"\",\"publisher\":{\"@id\":\"https:\/\/www.transtoyou.com\/da\/#organization\"},\"potentialAction\":[{\"@type\":\"SearchAction\",\"target\":{\"@type\":\"EntryPoint\",\"urlTemplate\":\"https:\/\/www.transtoyou.com\/da\/?s={search_term_string}\"},\"query-input\":{\"@type\":\"PropertyValueSpecification\",\"valueRequired\":true,\"valueName\":\"search_term_string\"}}],\"inLanguage\":\"da-DK\"},{\"@type\":\"Organization\",\"@id\":\"https:\/\/www.transtoyou.com\/da\/#organization\",\"name\":\"Transtoyou - DA\",\"url\":\"https:\/\/www.transtoyou.com\/da\/\",\"logo\":{\"@type\":\"ImageObject\",\"inLanguage\":\"da-DK\",\"@id\":\"https:\/\/www.transtoyou.com\/da\/#\/schema\/logo\/image\/\",\"url\":\"https:\/\/www.transtoyou.com\/da\/wp-content\/uploads\/sites\/6\/2026\/01\/logo-tty-menu-bar-300x87-1.webp\",\"contentUrl\":\"https:\/\/www.transtoyou.com\/da\/wp-content\/uploads\/sites\/6\/2026\/01\/logo-tty-menu-bar-300x87-1.webp\",\"width\":300,\"height\":87,\"caption\":\"Transtoyou - DA\"},\"image\":{\"@id\":\"https:\/\/www.transtoyou.com\/da\/#\/schema\/logo\/image\/\"}}]}<\/script>\n<!-- \/ Yoast SEO plugin. -->","yoast_head_json":{"title":"Movicol | Effektiv lindring af forstoppelse - Transtoyou","description":"Movicol, et osmotisk aff\u00f8ringsmiddel, behandler kronisk forstoppelse og aff\u00f8ringsblokering effektivt. F\u00e5 det her og hold tarmene sunde med lethed.","robots":{"index":"noindex","follow":"follow","max-snippet":"max-snippet:-1","max-image-preview":"max-image-preview:large","max-video-preview":"max-video-preview:-1"},"og_locale":"da_DK","og_type":"article","og_title":"Movicol | Effektiv lindring af forstoppelse - Transtoyou","og_description":"Movicol, et osmotisk aff\u00f8ringsmiddel, behandler kronisk forstoppelse og aff\u00f8ringsblokering effektivt. F\u00e5 det her og hold tarmene sunde med lethed.","og_url":"https:\/\/www.transtoyou.com\/da\/product\/movicol\/","og_site_name":"Transtoyou - DA","article_modified_time":"2026-01-23T17:39:59+00:00","twitter_card":"summary_large_image","twitter_misc":{"Estimeret l\u00e6setid":"1 minut"},"schema":{"@context":"https:\/\/schema.org","@graph":[{"@type":"WebPage","@id":"https:\/\/www.transtoyou.com\/da\/product\/movicol\/","url":"https:\/\/www.transtoyou.com\/da\/product\/movicol\/","name":"Movicol | Effektiv lindring af forstoppelse - Transtoyou","isPartOf":{"@id":"https:\/\/www.transtoyou.com\/da\/#website"},"primaryImageOfPage":{"@id":"https:\/\/www.transtoyou.com\/da\/product\/movicol\/#primaryimage"},"image":{"@id":"https:\/\/www.transtoyou.com\/da\/product\/movicol\/#primaryimage"},"thumbnailUrl":"https:\/\/www.transtoyou.com\/da\/wp-content\/uploads\/sites\/6\/2026\/01\/tty-no-product-image-38.webp","datePublished":"2026-01-23T17:38:58+00:00","dateModified":"2026-01-23T17:39:59+00:00","description":"Movicol, et osmotisk aff\u00f8ringsmiddel, behandler kronisk forstoppelse og aff\u00f8ringsblokering effektivt. F\u00e5 det her og hold tarmene sunde med lethed.","breadcrumb":{"@id":"https:\/\/www.transtoyou.com\/da\/product\/movicol\/#breadcrumb"},"inLanguage":"da-DK","potentialAction":[{"@type":"ReadAction","target":["https:\/\/www.transtoyou.com\/da\/product\/movicol\/"]}]},{"@type":"ImageObject","inLanguage":"da-DK","@id":"https:\/\/www.transtoyou.com\/da\/product\/movicol\/#primaryimage","url":"https:\/\/www.transtoyou.com\/da\/wp-content\/uploads\/sites\/6\/2026\/01\/tty-no-product-image-38.webp","contentUrl":"https:\/\/www.transtoyou.com\/da\/wp-content\/uploads\/sites\/6\/2026\/01\/tty-no-product-image-38.webp","width":1000,"height":1000,"caption":"Standard produktbillede"},{"@type":"WebSite","@id":"https:\/\/www.transtoyou.com\/da\/#website","url":"https:\/\/www.transtoyou.com\/da\/","name":"Transtoyou - DA","description":"","publisher":{"@id":"https:\/\/www.transtoyou.com\/da\/#organization"},"potentialAction":[{"@type":"SearchAction","target":{"@type":"EntryPoint","urlTemplate":"https:\/\/www.transtoyou.com\/da\/?s={search_term_string}"},"query-input":{"@type":"PropertyValueSpecification","valueRequired":true,"valueName":"search_term_string"}}],"inLanguage":"da-DK"},{"@type":"Organization","@id":"https:\/\/www.transtoyou.com\/da\/#organization","name":"Transtoyou - DA","url":"https:\/\/www.transtoyou.com\/da\/","logo":{"@type":"ImageObject","inLanguage":"da-DK","@id":"https:\/\/www.transtoyou.com\/da\/#\/schema\/logo\/image\/","url":"https:\/\/www.transtoyou.com\/da\/wp-content\/uploads\/sites\/6\/2026\/01\/logo-tty-menu-bar-300x87-1.webp","contentUrl":"https:\/\/www.transtoyou.com\/da\/wp-content\/uploads\/sites\/6\/2026\/01\/logo-tty-menu-bar-300x87-1.webp","width":300,"height":87,"caption":"Transtoyou - DA"},"image":{"@id":"https:\/\/www.transtoyou.com\/da\/#\/schema\/logo\/image\/"}}]}},"_links":{"self":[{"href":"https:\/\/www.transtoyou.com\/da\/wp-json\/wp\/v2\/product\/884","targetHints":{"allow":["GET"]}}],"collection":[{"href":"https:\/\/www.transtoyou.com\/da\/wp-json\/wp\/v2\/product"}],"about":[{"href":"https:\/\/www.transtoyou.com\/da\/wp-json\/wp\/v2\/types\/product"}],"replies":[{"embeddable":true,"href":"https:\/\/www.transtoyou.com\/da\/wp-json\/wp\/v2\/comments?post=884"}],"wp:featuredmedia":[{"embeddable":true,"href":"https:\/\/www.transtoyou.com\/da\/wp-json\/wp\/v2\/media\/886"}],"wp:attachment":[{"href":"https:\/\/www.transtoyou.com\/da\/wp-json\/wp\/v2\/media?parent=884"}],"wp:term":[{"taxonomy":"product_brand","embeddable":true,"href":"https:\/\/www.transtoyou.com\/da\/wp-json\/wp\/v2\/product_brand?post=884"},{"taxonomy":"product_cat","embeddable":true,"href":"https:\/\/www.transtoyou.com\/da\/wp-json\/wp\/v2\/product_cat?post=884"},{"taxonomy":"product_tag","embeddable":true,"href":"https:\/\/www.transtoyou.com\/da\/wp-json\/wp\/v2\/product_tag?post=884"},{"taxonomy":"expert","embeddable":true,"href":"https:\/\/www.transtoyou.com\/da\/wp-json\/wp\/v2\/expert?post=884"}],"curies":[{"name":"wp","href":"https:\/\/api.w.org\/{rel}","templated":true}]}}