{"id":890,"date":"2026-01-23T20:09:07","date_gmt":"2026-01-23T18:09:07","guid":{"rendered":"https:\/\/www.transtoyou.com\/da\/product\/yasmin\/"},"modified":"2026-03-08T13:02:39","modified_gmt":"2026-03-08T11:02:39","slug":"yasmin","status":"publish","type":"product","link":"https:\/\/www.transtoyou.com\/da\/product\/yasmin\/","title":{"rendered":"Yasmin"},"content":{"rendered":"<p>Yasmin er en kombineret p-pille, der indeholder to aktive ingredienser: ethinylestradiol (et \u00f8strogen) og drospirenon (et gestagen). Den bruges til at forhindre graviditet og tages dagligt i 21 dage, efterfulgt af en 7-dages pause. Yasmin virker prim\u00e6rt ved at forhindre \u00e6gl\u00f8sning (frigivelsen af et \u00e6g fra \u00e6ggestokkene). Den fortykkes ogs\u00e5 livmoderhalsslimet, hvilket g\u00f8r det sv\u00e6rere for s\u00e6dceller at n\u00e5 \u00e6gget, og \u00e6ndrer livmoderslimhinden for at forhindre implantation.<\/p>\n<p>Yasmin er indiceret til pr\u00e6vention hos voksne kvinder. Selvom dens prim\u00e6re form\u00e5l er at forhindre graviditet, oplever mange ogs\u00e5 yderligere fordele, s\u00e5som mere regelm\u00e6ssige menstruationscykler, lettere menstruationer og mindre menstruationssmerter. Nogle bem\u00e6rker ogs\u00e5 forbedringer i akne og fedtet hud p\u00e5 grund af den anti-androgene effekt af drospirenon.<\/p>\n<p>I kroppen efterligner hormonerne i Yasmin naturlige kvindelige k\u00f8nshormoner, hvilket hj\u00e6lper med at regulere menstruationscyklussen og reducere hormonelle udsving. I mods\u00e6tning til nogle andre gestagener har drospirenon anti-androgene egenskaber, hvilket betyder, at det kan modvirke virkningerne af mandlige hormoner som testosteron. Dette kan hj\u00e6lpe med at reducere akne, v\u00e6skeretention og oppustethed. Hos trans m\u00e6nd, der tager testosteron og stadig har brug for pr\u00e6vention, kan denne anti-androgene effekt let reducere nogle maskuliniserende \u00e6ndringer.<\/p>\n<p>Yasmin tages \u00e9n gang dagligt, ideelt set p\u00e5 samme tidspunkt hver dag. Dens pr\u00e6ventive effekt er p\u00e5lidelig, n\u00e5r den tages korrekt og konsekvent. En af fordelene ved Yasmin er, at den kombinerer h\u00f8j pr\u00e6ventionssikkerhed med en gunstig bivirkningsprofil hos de fleste brugere. Den er ogs\u00e5 forbundet med en lavere risiko for v\u00e6skeretention og v\u00e6gt\u00f8gning sammenlignet med andre piller.<\/p>\n","protected":false},"excerpt":{"rendered":"<ul>\n<li>Effektiv daglig hormonel pr\u00e6vention<\/li>\n<li>Hj\u00e6lper med at reducere akne og oppustethed<\/li>\n<li>Regulerer menstruationscykler konsekvent<\/li>\n<\/ul>\n","protected":false},"featured_media":892,"comment_status":"open","ping_status":"closed","template":"","meta":[],"product_brand":[],"product_cat":[94],"product_tag":[],"expert":[17],"class_list":{"0":"post-890","1":"product","2":"type-product","3":"status-publish","4":"has-post-thumbnail","6":"product_cat-kombinationspille","7":"expert-dr-c-munoz-parada","9":"first","10":"instock","11":"shipping-taxable","12":"product-type-variable"},"yoast_head":"<!-- This site is optimized with the Yoast SEO plugin v27.0 - https:\/\/yoast.com\/product\/yoast-seo-wordpress\/ -->\n<title>Yasmin | P\u00e5lidelig pr\u00e6ventionsl\u00f8sning - Transtoyou<\/title>\n<meta name=\"description\" content=\"Opdag Yasmin hos Transtoyou. F\u00e5 p\u00e5lidelig pr\u00e6ventionsst\u00f8tte. Shop nu for bekvemmelighed og kvalitets sundhedsl\u00f8sninger.\" \/>\n<meta name=\"robots\" content=\"noindex, follow, max-snippet:-1, max-image-preview:large, max-video-preview:-1\" \/>\n<meta property=\"og:locale\" content=\"da_DK\" \/>\n<meta property=\"og:type\" content=\"article\" \/>\n<meta property=\"og:title\" content=\"Yasmin | P\u00e5lidelig pr\u00e6ventionsl\u00f8sning - Transtoyou\" \/>\n<meta property=\"og:description\" content=\"Opdag Yasmin hos Transtoyou. F\u00e5 p\u00e5lidelig pr\u00e6ventionsst\u00f8tte. Shop nu for bekvemmelighed og kvalitets sundhedsl\u00f8sninger.\" \/>\n<meta property=\"og:url\" content=\"https:\/\/www.transtoyou.com\/da\/product\/yasmin\/\" \/>\n<meta property=\"og:site_name\" content=\"Transtoyou - DA\" \/>\n<meta property=\"article:modified_time\" content=\"2026-03-08T11:02:39+00:00\" \/>\n<meta name=\"twitter:card\" content=\"summary_large_image\" \/>\n<meta name=\"twitter:label1\" content=\"Estimeret l\u00e6setid\" \/>\n\t<meta name=\"twitter:data1\" content=\"1 minut\" \/>\n<script type=\"application\/ld+json\" class=\"yoast-schema-graph\">{\"@context\":\"https:\/\/schema.org\",\"@graph\":[{\"@type\":\"WebPage\",\"@id\":\"https:\/\/www.transtoyou.com\/da\/product\/yasmin\/\",\"url\":\"https:\/\/www.transtoyou.com\/da\/product\/yasmin\/\",\"name\":\"Yasmin | P\u00e5lidelig pr\u00e6ventionsl\u00f8sning - Transtoyou\",\"isPartOf\":{\"@id\":\"https:\/\/www.transtoyou.com\/da\/#website\"},\"primaryImageOfPage\":{\"@id\":\"https:\/\/www.transtoyou.com\/da\/product\/yasmin\/#primaryimage\"},\"image\":{\"@id\":\"https:\/\/www.transtoyou.com\/da\/product\/yasmin\/#primaryimage\"},\"thumbnailUrl\":\"https:\/\/www.transtoyou.com\/da\/wp-content\/uploads\/sites\/6\/2026\/01\/tty-no-product-image-40.webp\",\"datePublished\":\"2026-01-23T18:09:07+00:00\",\"dateModified\":\"2026-03-08T11:02:39+00:00\",\"description\":\"Opdag Yasmin hos Transtoyou. F\u00e5 p\u00e5lidelig pr\u00e6ventionsst\u00f8tte. Shop nu for bekvemmelighed og kvalitets sundhedsl\u00f8sninger.\",\"breadcrumb\":{\"@id\":\"https:\/\/www.transtoyou.com\/da\/product\/yasmin\/#breadcrumb\"},\"inLanguage\":\"da-DK\",\"potentialAction\":[{\"@type\":\"ReadAction\",\"target\":[\"https:\/\/www.transtoyou.com\/da\/product\/yasmin\/\"]}]},{\"@type\":\"ImageObject\",\"inLanguage\":\"da-DK\",\"@id\":\"https:\/\/www.transtoyou.com\/da\/product\/yasmin\/#primaryimage\",\"url\":\"https:\/\/www.transtoyou.com\/da\/wp-content\/uploads\/sites\/6\/2026\/01\/tty-no-product-image-40.webp\",\"contentUrl\":\"https:\/\/www.transtoyou.com\/da\/wp-content\/uploads\/sites\/6\/2026\/01\/tty-no-product-image-40.webp\",\"width\":1000,\"height\":1000,\"caption\":\"Standard produktbillede\"},{\"@type\":\"WebSite\",\"@id\":\"https:\/\/www.transtoyou.com\/da\/#website\",\"url\":\"https:\/\/www.transtoyou.com\/da\/\",\"name\":\"Transtoyou - DA\",\"description\":\"\",\"publisher\":{\"@id\":\"https:\/\/www.transtoyou.com\/da\/#organization\"},\"potentialAction\":[{\"@type\":\"SearchAction\",\"target\":{\"@type\":\"EntryPoint\",\"urlTemplate\":\"https:\/\/www.transtoyou.com\/da\/?s={search_term_string}\"},\"query-input\":{\"@type\":\"PropertyValueSpecification\",\"valueRequired\":true,\"valueName\":\"search_term_string\"}}],\"inLanguage\":\"da-DK\"},{\"@type\":\"Organization\",\"@id\":\"https:\/\/www.transtoyou.com\/da\/#organization\",\"name\":\"Transtoyou - DA\",\"url\":\"https:\/\/www.transtoyou.com\/da\/\",\"logo\":{\"@type\":\"ImageObject\",\"inLanguage\":\"da-DK\",\"@id\":\"https:\/\/www.transtoyou.com\/da\/#\/schema\/logo\/image\/\",\"url\":\"https:\/\/www.transtoyou.com\/da\/wp-content\/uploads\/sites\/6\/2026\/01\/logo-tty-menu-bar-300x87-1.webp\",\"contentUrl\":\"https:\/\/www.transtoyou.com\/da\/wp-content\/uploads\/sites\/6\/2026\/01\/logo-tty-menu-bar-300x87-1.webp\",\"width\":300,\"height\":87,\"caption\":\"Transtoyou - DA\"},\"image\":{\"@id\":\"https:\/\/www.transtoyou.com\/da\/#\/schema\/logo\/image\/\"}}]}<\/script>\n<!-- \/ Yoast SEO plugin. -->","yoast_head_json":{"title":"Yasmin | P\u00e5lidelig pr\u00e6ventionsl\u00f8sning - Transtoyou","description":"Opdag Yasmin hos Transtoyou. F\u00e5 p\u00e5lidelig pr\u00e6ventionsst\u00f8tte. Shop nu for bekvemmelighed og kvalitets sundhedsl\u00f8sninger.","robots":{"index":"noindex","follow":"follow","max-snippet":"max-snippet:-1","max-image-preview":"max-image-preview:large","max-video-preview":"max-video-preview:-1"},"og_locale":"da_DK","og_type":"article","og_title":"Yasmin | P\u00e5lidelig pr\u00e6ventionsl\u00f8sning - Transtoyou","og_description":"Opdag Yasmin hos Transtoyou. F\u00e5 p\u00e5lidelig pr\u00e6ventionsst\u00f8tte. Shop nu for bekvemmelighed og kvalitets sundhedsl\u00f8sninger.","og_url":"https:\/\/www.transtoyou.com\/da\/product\/yasmin\/","og_site_name":"Transtoyou - DA","article_modified_time":"2026-03-08T11:02:39+00:00","twitter_card":"summary_large_image","twitter_misc":{"Estimeret l\u00e6setid":"1 minut"},"schema":{"@context":"https:\/\/schema.org","@graph":[{"@type":"WebPage","@id":"https:\/\/www.transtoyou.com\/da\/product\/yasmin\/","url":"https:\/\/www.transtoyou.com\/da\/product\/yasmin\/","name":"Yasmin | P\u00e5lidelig pr\u00e6ventionsl\u00f8sning - Transtoyou","isPartOf":{"@id":"https:\/\/www.transtoyou.com\/da\/#website"},"primaryImageOfPage":{"@id":"https:\/\/www.transtoyou.com\/da\/product\/yasmin\/#primaryimage"},"image":{"@id":"https:\/\/www.transtoyou.com\/da\/product\/yasmin\/#primaryimage"},"thumbnailUrl":"https:\/\/www.transtoyou.com\/da\/wp-content\/uploads\/sites\/6\/2026\/01\/tty-no-product-image-40.webp","datePublished":"2026-01-23T18:09:07+00:00","dateModified":"2026-03-08T11:02:39+00:00","description":"Opdag Yasmin hos Transtoyou. F\u00e5 p\u00e5lidelig pr\u00e6ventionsst\u00f8tte. Shop nu for bekvemmelighed og kvalitets sundhedsl\u00f8sninger.","breadcrumb":{"@id":"https:\/\/www.transtoyou.com\/da\/product\/yasmin\/#breadcrumb"},"inLanguage":"da-DK","potentialAction":[{"@type":"ReadAction","target":["https:\/\/www.transtoyou.com\/da\/product\/yasmin\/"]}]},{"@type":"ImageObject","inLanguage":"da-DK","@id":"https:\/\/www.transtoyou.com\/da\/product\/yasmin\/#primaryimage","url":"https:\/\/www.transtoyou.com\/da\/wp-content\/uploads\/sites\/6\/2026\/01\/tty-no-product-image-40.webp","contentUrl":"https:\/\/www.transtoyou.com\/da\/wp-content\/uploads\/sites\/6\/2026\/01\/tty-no-product-image-40.webp","width":1000,"height":1000,"caption":"Standard produktbillede"},{"@type":"WebSite","@id":"https:\/\/www.transtoyou.com\/da\/#website","url":"https:\/\/www.transtoyou.com\/da\/","name":"Transtoyou - DA","description":"","publisher":{"@id":"https:\/\/www.transtoyou.com\/da\/#organization"},"potentialAction":[{"@type":"SearchAction","target":{"@type":"EntryPoint","urlTemplate":"https:\/\/www.transtoyou.com\/da\/?s={search_term_string}"},"query-input":{"@type":"PropertyValueSpecification","valueRequired":true,"valueName":"search_term_string"}}],"inLanguage":"da-DK"},{"@type":"Organization","@id":"https:\/\/www.transtoyou.com\/da\/#organization","name":"Transtoyou - DA","url":"https:\/\/www.transtoyou.com\/da\/","logo":{"@type":"ImageObject","inLanguage":"da-DK","@id":"https:\/\/www.transtoyou.com\/da\/#\/schema\/logo\/image\/","url":"https:\/\/www.transtoyou.com\/da\/wp-content\/uploads\/sites\/6\/2026\/01\/logo-tty-menu-bar-300x87-1.webp","contentUrl":"https:\/\/www.transtoyou.com\/da\/wp-content\/uploads\/sites\/6\/2026\/01\/logo-tty-menu-bar-300x87-1.webp","width":300,"height":87,"caption":"Transtoyou - DA"},"image":{"@id":"https:\/\/www.transtoyou.com\/da\/#\/schema\/logo\/image\/"}}]}},"_links":{"self":[{"href":"https:\/\/www.transtoyou.com\/da\/wp-json\/wp\/v2\/product\/890","targetHints":{"allow":["GET"]}}],"collection":[{"href":"https:\/\/www.transtoyou.com\/da\/wp-json\/wp\/v2\/product"}],"about":[{"href":"https:\/\/www.transtoyou.com\/da\/wp-json\/wp\/v2\/types\/product"}],"replies":[{"embeddable":true,"href":"https:\/\/www.transtoyou.com\/da\/wp-json\/wp\/v2\/comments?post=890"}],"wp:featuredmedia":[{"embeddable":true,"href":"https:\/\/www.transtoyou.com\/da\/wp-json\/wp\/v2\/media\/892"}],"wp:attachment":[{"href":"https:\/\/www.transtoyou.com\/da\/wp-json\/wp\/v2\/media?parent=890"}],"wp:term":[{"taxonomy":"product_brand","embeddable":true,"href":"https:\/\/www.transtoyou.com\/da\/wp-json\/wp\/v2\/product_brand?post=890"},{"taxonomy":"product_cat","embeddable":true,"href":"https:\/\/www.transtoyou.com\/da\/wp-json\/wp\/v2\/product_cat?post=890"},{"taxonomy":"product_tag","embeddable":true,"href":"https:\/\/www.transtoyou.com\/da\/wp-json\/wp\/v2\/product_tag?post=890"},{"taxonomy":"expert","embeddable":true,"href":"https:\/\/www.transtoyou.com\/da\/wp-json\/wp\/v2\/expert?post=890"}],"curies":[{"name":"wp","href":"https:\/\/api.w.org\/{rel}","templated":true}]}}